{"id":4992,"date":"2016-10-12T13:47:58","date_gmt":"2016-10-12T13:47:58","guid":{"rendered":"https:\/\/www.enjo.com\/impressum\/"},"modified":"2022-01-03T11:10:59","modified_gmt":"2022-01-03T11:10:59","slug":"disclaimer","status":"publish","type":"page","link":"https:\/\/www.enjo.com\/se\/disclaimer\/","title":{"rendered":"Ansvarsfriskrivning"},"content":{"rendered":"<p><strong>Inneh\u00e5ll<\/strong><br \/>\nSkadest\u00e5ndsanspr\u00e5k mot ENJO, som h\u00e4nvisar till material eller skador som orsakats av anv\u00e4ndning av eller inte med hj\u00e4lp av informationen eller av felaktig och ofullst\u00e4ndig information, acceptera inte.<\/p>\n<p>ENJO f\u00f6rbeh\u00e5ller sig uttryckligen r\u00e4tten att \u00e4ndra delar eller hela sidor, radera eller avbryta hela online-n\u00e4rvaro utan f\u00f6reg\u00e5ende meddelande.<\/p>\n<p><strong>L\u00e4nkar<\/strong><br \/>\nF\u00f6rutsatt att ENJO h\u00e4nvisar direkt eller indirekt till tredje part hemsidor (&#8221;L\u00e4nkar&#8221;), \u00e4r ENJO ansvarig endast om de har exakt kunskap och om det \u00e4r tekniskt m\u00f6jligt och rimligt f\u00f6r dem att hindra all anv\u00e4ndning i fall av olagligt inneh\u00e5ll.<\/p>\n<p>ENJO f\u00f6rklarar h\u00e4rmed uttryckligen att vid tidpunkten f\u00f6r fastst\u00e4llande av l\u00e4nkar de l\u00e4nkade sidorna inte inneh\u00f6ll n\u00e5gon olaglig information. ENJO har inte n\u00e5got inflytande p\u00e5 den faktiska och framtida inneh\u00e5llet i de l\u00e4nkade sidorna. ENJO tar d\u00e4rf\u00f6r uttryckligen avst\u00e5nd fr\u00e5n felaktigheter i de \u00e4ndringar som gjorts i de l\u00e4nkade sidorna efter inst\u00e4llning av l\u00e4nkarna. Detta g\u00e4ller \u00e4ven tredje person-poster i g\u00e4stb\u00f6cker och diskussionsforum.<\/p>\n<p>ENJO \u00e4r inte ansvarig f\u00f6r inneh\u00e5llet, tillg\u00e4nglighet, noggrannhet och precision i de l\u00e4nkade sidorna, varken deras erbjudanden, l\u00e4nkar eller banners reklam. ENJO ansvarar inte f\u00f6r olagliga, felaktiga eller ofullst\u00e4ndiga inneh\u00e5ll och framf\u00f6r allt inte f\u00f6r skador som orsakats av anv\u00e4ndning av eller inte med hj\u00e4lp av informationen p\u00e5 de l\u00e4nkade sidorna.<\/p>\n<p><strong>Notice<\/strong><br \/>\nThis website uses Google Analytics, a web analytics service provided by Google, Inc. (&#8221;Google&#8221;). Google Analytics uses cookies which are text files stored on your computer to help analyse your use of the website. The information generated by the cookie about your use of this website (including your IP address) will be transmitted to a Google server in the USA and stored there. Google will use this information for the purpose of evaluating your use of the website, compiling reports on website activities for website operators and providing other services relating to website activity and internet usage. Google may also transfer this information to third parties where this is required by law or insofar as third parties process this data on behalf of Google. Google will never associate your IP address with any other data held by Google. You may refuse the installation of cookies by selecting the appropriate settings on your browser; however please note that if you do so you may not be able to use the full functionality of this website. By using this website you consent to the processing by Google of data relating to you in the manner and for the purposes mentioned above.<br \/>\nAs a user of this website you hereby acknowledge that the operator of this website, their vicarious agents, their representatives, associated companies, chief executives, managerial staff, employees and their shareholders accept no liability in connection with the obtaining, transmission, processing and analysis of the above-mentioned data for which reason no claims for compensation can be asserted against these natural persons and legal entities.<\/p>\n<p><strong>Upphovsr\u00e4tt<\/strong><br \/>\nENJO syftar till att unders\u00f6ka r\u00e5dande upphovsr\u00e4tt i alla publikationer. Om det skulle komma till ett upphovsr\u00e4ttsintr\u00e5ng \u00e4nd\u00e5 kommer ENJO, efter anm\u00e4lan, ta bort eller markera respektive verk med adekvat information om upphovsr\u00e4tt. Alla inom ENJO n\u00e4mnda hemsida varum\u00e4rken och varum\u00e4rken \u00e4r varum\u00e4rken eller registrerade varum\u00e4rken som tillh\u00f6r respektive \u00e4gare.<\/p>\n<p>Upphovsr\u00e4tt f\u00f6r ENJO inneh\u00e5ll eller dom\u00e4nen www.enjo.se enbart r\u00e4tt till ENJO. Dubblering av grafik, ljud eller texter i andra elektroniska eller tryckta publikationer utan formellt godk\u00e4nnande av ENJO International \u00e4r ej till\u00e5tet.<\/p>\n<p><strong>R\u00e4ttsverkningar<\/strong><br \/>\nDenna ansvarsfriskrivning \u00e4r att betrakta som en del av internet som \u00e4r kopplad till den h\u00e4r sidan.<\/p>\n<p>ENJO Sverige AB<br \/>\nF\u00e4rjev\u00e4gen 4<br \/>\n82668 Bergvik<br \/>\nSverige<\/p>\n<p>Sverige: <span class=\"a2\">Kundservicenummer (p\u00e5 svenska):<\/span><span class=\"apple-converted-space\">\u00a0<\/span><span class=\"a2\">+46 270 168 50<\/span><br \/>\nFinland: <span class=\"a1\">Maksuton puhelinpalvelu (suomeksi):<\/span><span class=\"apple-converted-space\">\u00a0<\/span><span class=\"a1\">0800 144655<\/span><br \/>\n<span class=\"a2\">E-post:<\/span><span class=\"apple-converted-space\">\u00a0<\/span><a href=\"mailto:office@enjo.se\">office@enjo.se<\/a><\/p>\n<p><script src=\"https:\/\/www.schalk-and-friends.de\/snippets\/impressum\/schalk-and-friends-impressum.php?lang=en\" type=\"text\/javascript\" charset=\"utf-8\" id=\"schalk-and-friends-script\"><\/script><\/p>\n","protected":false},"excerpt":{"rendered":"<p>Inneh\u00e5ll Skadest\u00e5ndsanspr\u00e5k mot ENJO, som h\u00e4nvisar till material eller skador som orsakats av anv\u00e4ndning av eller inte med hj\u00e4lp av informationen eller av felaktig och ofullst\u00e4ndig information, acceptera inte. ENJO f\u00f6rbeh\u00e5ller sig uttryckligen r\u00e4tten att \u00e4ndra delar eller hela sidor, radera eller avbryta hela online-n\u00e4rvaro utan f\u00f6reg\u00e5ende meddelande. L\u00e4nkar F\u00f6rutsatt att ENJO h\u00e4nvisar direkt eller indirekt till tredje part hemsidor &#8230; <\/p>\n<div><a href=\"https:\/\/www.enjo.com\/se\/disclaimer\/\" class=\"more-link\">Read More<\/a><\/div>\n","protected":false},"author":14,"featured_media":0,"parent":0,"menu_order":0,"comment_status":"closed","ping_status":"closed","template":"","meta":{"_acf_changed":false,"footnotes":""},"class_list":["post-4992","page","type-page","status-publish","hentry","no-post-thumbnail"],"acf":[],"yoast_head":"<!-- This site is optimized with the Yoast SEO plugin v24.0 - https:\/\/yoast.com\/wordpress\/plugins\/seo\/ -->\n<title>Ansvarsfriskrivning - ENJO<\/title>\n<meta name=\"description\" content=\"Allt inneh\u00e5ll p\u00e5 dessa sidor har grundligt redigerats och kontrollerats.\" \/>\n<meta name=\"robots\" content=\"index, follow, max-snippet:-1, max-image-preview:large, max-video-preview:-1\" \/>\n<link rel=\"canonical\" href=\"https:\/\/www.enjo.com\/se\/disclaimer\/\" \/>\n<meta property=\"og:locale\" content=\"sv_SE\" \/>\n<meta property=\"og:type\" content=\"article\" \/>\n<meta property=\"og:title\" content=\"Ansvarsfriskrivning - ENJO\" \/>\n<meta property=\"og:description\" content=\"Allt inneh\u00e5ll p\u00e5 dessa sidor har grundligt redigerats och kontrollerats.\" \/>\n<meta property=\"og:url\" content=\"https:\/\/www.enjo.com\/se\/disclaimer\/\" \/>\n<meta property=\"og:site_name\" content=\"ENJO\" \/>\n<meta property=\"article:modified_time\" content=\"2022-01-03T11:10:59+00:00\" \/>\n<meta property=\"og:image\" content=\"https:\/\/www.enjo.com\/wp-content\/uploads\/2023\/10\/social_image.jpg\" \/>\n\t<meta property=\"og:image:width\" content=\"500\" \/>\n\t<meta property=\"og:image:height\" content=\"500\" \/>\n\t<meta property=\"og:image:type\" content=\"image\/jpeg\" \/>\n<meta name=\"twitter:card\" content=\"summary_large_image\" \/>\n<meta name=\"twitter:label1\" content=\"Ber\u00e4knad l\u00e4stid\" \/>\n\t<meta name=\"twitter:data1\" content=\"3 minuter\" \/>\n<script type=\"application\/ld+json\" class=\"yoast-schema-graph\">{\"@context\":\"https:\/\/schema.org\",\"@graph\":[{\"@type\":\"WebPage\",\"@id\":\"https:\/\/www.enjo.com\/se\/disclaimer\/\",\"url\":\"https:\/\/www.enjo.com\/se\/disclaimer\/\",\"name\":\"Ansvarsfriskrivning - ENJO\",\"isPartOf\":{\"@id\":\"https:\/\/www.enjo.com\/at-east\/#website\"},\"datePublished\":\"2016-10-12T13:47:58+00:00\",\"dateModified\":\"2022-01-03T11:10:59+00:00\",\"description\":\"Allt inneh\u00e5ll p\u00e5 dessa sidor har grundligt redigerats och kontrollerats.\",\"breadcrumb\":{\"@id\":\"https:\/\/www.enjo.com\/se\/disclaimer\/#breadcrumb\"},\"inLanguage\":\"sv-SE\",\"potentialAction\":[{\"@type\":\"ReadAction\",\"target\":[\"https:\/\/www.enjo.com\/se\/disclaimer\/\"]}]},{\"@type\":\"BreadcrumbList\",\"@id\":\"https:\/\/www.enjo.com\/se\/disclaimer\/#breadcrumb\",\"itemListElement\":[{\"@type\":\"ListItem\",\"position\":1,\"name\":\"Home\",\"item\":\"https:\/\/www.enjo.com\/se\/\"},{\"@type\":\"ListItem\",\"position\":2,\"name\":\"Ansvarsfriskrivning\"}]},{\"@type\":\"WebSite\",\"@id\":\"https:\/\/www.enjo.com\/at-east\/#website\",\"url\":\"https:\/\/www.enjo.com\/at-east\/\",\"name\":\"ENJO\",\"description\":\"Clean the World\",\"potentialAction\":[{\"@type\":\"SearchAction\",\"target\":{\"@type\":\"EntryPoint\",\"urlTemplate\":\"https:\/\/www.enjo.com\/at-east\/?s={search_term_string}\"},\"query-input\":{\"@type\":\"PropertyValueSpecification\",\"valueRequired\":true,\"valueName\":\"search_term_string\"}}],\"inLanguage\":\"sv-SE\"}]}<\/script>\n<!-- \/ Yoast SEO plugin. -->","yoast_head_json":{"title":"Ansvarsfriskrivning - ENJO","description":"Allt inneh\u00e5ll p\u00e5 dessa sidor har grundligt redigerats och kontrollerats.","robots":{"index":"index","follow":"follow","max-snippet":"max-snippet:-1","max-image-preview":"max-image-preview:large","max-video-preview":"max-video-preview:-1"},"canonical":"https:\/\/www.enjo.com\/se\/disclaimer\/","og_locale":"sv_SE","og_type":"article","og_title":"Ansvarsfriskrivning - ENJO","og_description":"Allt inneh\u00e5ll p\u00e5 dessa sidor har grundligt redigerats och kontrollerats.","og_url":"https:\/\/www.enjo.com\/se\/disclaimer\/","og_site_name":"ENJO","article_modified_time":"2022-01-03T11:10:59+00:00","og_image":[{"width":500,"height":500,"url":"https:\/\/www.enjo.com\/wp-content\/uploads\/2023\/10\/social_image.jpg","type":"image\/jpeg"}],"twitter_card":"summary_large_image","twitter_misc":{"Ber\u00e4knad l\u00e4stid":"3 minuter"},"schema":{"@context":"https:\/\/schema.org","@graph":[{"@type":"WebPage","@id":"https:\/\/www.enjo.com\/se\/disclaimer\/","url":"https:\/\/www.enjo.com\/se\/disclaimer\/","name":"Ansvarsfriskrivning - ENJO","isPartOf":{"@id":"https:\/\/www.enjo.com\/at-east\/#website"},"datePublished":"2016-10-12T13:47:58+00:00","dateModified":"2022-01-03T11:10:59+00:00","description":"Allt inneh\u00e5ll p\u00e5 dessa sidor har grundligt redigerats och kontrollerats.","breadcrumb":{"@id":"https:\/\/www.enjo.com\/se\/disclaimer\/#breadcrumb"},"inLanguage":"sv-SE","potentialAction":[{"@type":"ReadAction","target":["https:\/\/www.enjo.com\/se\/disclaimer\/"]}]},{"@type":"BreadcrumbList","@id":"https:\/\/www.enjo.com\/se\/disclaimer\/#breadcrumb","itemListElement":[{"@type":"ListItem","position":1,"name":"Home","item":"https:\/\/www.enjo.com\/se\/"},{"@type":"ListItem","position":2,"name":"Ansvarsfriskrivning"}]},{"@type":"WebSite","@id":"https:\/\/www.enjo.com\/at-east\/#website","url":"https:\/\/www.enjo.com\/at-east\/","name":"ENJO","description":"Clean the World","potentialAction":[{"@type":"SearchAction","target":{"@type":"EntryPoint","urlTemplate":"https:\/\/www.enjo.com\/at-east\/?s={search_term_string}"},"query-input":{"@type":"PropertyValueSpecification","valueRequired":true,"valueName":"search_term_string"}}],"inLanguage":"sv-SE"}]}},"_links":{"self":[{"href":"https:\/\/www.enjo.com\/se\/wp-json\/wp\/v2\/pages\/4992","targetHints":{"allow":["GET"]}}],"collection":[{"href":"https:\/\/www.enjo.com\/se\/wp-json\/wp\/v2\/pages"}],"about":[{"href":"https:\/\/www.enjo.com\/se\/wp-json\/wp\/v2\/types\/page"}],"author":[{"embeddable":true,"href":"https:\/\/www.enjo.com\/se\/wp-json\/wp\/v2\/users\/14"}],"replies":[{"embeddable":true,"href":"https:\/\/www.enjo.com\/se\/wp-json\/wp\/v2\/comments?post=4992"}],"version-history":[{"count":7,"href":"https:\/\/www.enjo.com\/se\/wp-json\/wp\/v2\/pages\/4992\/revisions"}],"predecessor-version":[{"id":94854,"href":"https:\/\/www.enjo.com\/se\/wp-json\/wp\/v2\/pages\/4992\/revisions\/94854"}],"wp:attachment":[{"href":"https:\/\/www.enjo.com\/se\/wp-json\/wp\/v2\/media?parent=4992"}],"curies":[{"name":"wp","href":"https:\/\/api.w.org\/{rel}","templated":true}]}}