{"id":4931,"date":"2017-02-24T14:04:00","date_gmt":"2017-02-24T14:04:00","guid":{"rendered":"https:\/\/www.enjo.com\/newsletter-anmelden\/"},"modified":"2017-11-22T08:28:12","modified_gmt":"2017-11-22T08:28:12","slug":"subscribe-to-newsletter","status":"publish","type":"page","link":"https:\/\/www.enjo.com\/se\/subscribe-to-newsletter\/","title":{"rendered":"Subscribe to newsletter"},"content":{"rendered":"<noscript class=\"ninja-forms-noscript-message\">\n\tObservera: JavaScript kr\u00e4vs f\u00f6r detta inneh\u00e5ll.<\/noscript>\n<div id=\"nf-form-44-cont\" class=\"nf-form-cont\" aria-live=\"polite\" aria-labelledby=\"nf-form-title-44\" aria-describedby=\"nf-form-errors-44\" role=\"form\">\n\n    <div class=\"nf-loading-spinner\"><\/div>\n\n<\/div>\n        <!-- That data is being printed as a workaround to page builders reordering the order of the scripts loaded-->\n        <script>var formDisplay=1;var nfForms=nfForms||[];var form=[];form.id='44';form.settings={\"objectType\":\"Form Setting\",\"editActive\":true,\"title\":\"Newsletter Form - Sweden\",\"key\":\"\",\"created_at\":\"2017-06-14 10:10:28\",\"show_title\":\"1\",\"clear_complete\":\"1\",\"hide_complete\":\"1\",\"default_label_pos\":\"above\",\"wrapper_class\":\"\",\"element_class\":\"\",\"add_submit\":\"1\",\"currency\":\"\",\"logged_in\":\"\",\"not_logged_in_msg\":\"\",\"sub_limit_number\":\"\",\"sub_limit_msg\":\"\",\"calculations\":[],\"conditions\":[],\"formContentData\":[{\"formContentData\":[\"salutation_1490363015148\",\"title_1490363036211\",\"firstname_1490362998778\",\"lastname_1490362999311\",\"email_1490363005834\",\"submit_1490363067333\"],\"order\":0,\"type\":\"part\",\"clean\":true,\"title\":\"Part Title\",\"key\":\"qolpfrem\"}],\"lock\":\"0\",\"drawerDisabled\":false,\"changeEmailErrorMsg\":\"V\\u00e4nligen fyll i giltig e-postadress.\",\"confirmFieldErrorMsg\":\"Dessa f\\u00e4lt m\\u00e5ste matcha!\",\"fieldNumberNumMinError\":\"Minnummer-fel\",\"fieldNumberNumMaxError\":\"Maxnummer-fel\",\"fieldNumberIncrementBy\":\"\\u00d6ka med \",\"formErrorsCorrectErrors\":\"Var v\\u00e4nlig och fyll i alla obligatoriska f\\u00e4lt.\",\"validateRequiredField\":\"V\\u00e4nligen fyll i giltig e-postadress.\",\"honeypotHoneypotError\":\"Honeypot-fel\",\"fieldsMarkedRequired\":\"F\\u00e4lt markerade med * m\\u00e5ste fyllas i\",\"unique_field_error\":\"A form with this value has already been submitted.\",\"allow_public_link\":0,\"embed_form\":\"\",\"form_title_heading_level\":\"3\",\"save_progress_allow_multiple\":false,\"save_progress_table_legend\":\"Load saved progress\",\"save_progress_table_columns\":[{\"errors\":[],\"max_options\":0,\"label\":\"Column Title\",\"field\":\"{field}\",\"order\":0,\"settingModel\":{\"settings\":false,\"hide_merge_tags\":false,\"error\":false,\"name\":\"save_progress_table_columns\",\"type\":\"option-repeater\",\"label\":\"Save Table Columns <a href=\\\"#\\\" class=\\\"nf-add-new\\\">Add New<\\\/a>\",\"width\":\"full\",\"group\":\"primary\",\"columns\":{\"field\":{\"header\":\"Field Key\",\"default\":\"\"}},\"value\":[{\"label\":\"Column Title\",\"field\":\"{field}\",\"order\":0}],\"tmpl_row\":\"tmpl-nf-save-progress-table-columns-repeater-row\"}}],\"mp_breadcrumb\":1,\"mp_progress_bar\":1,\"mp_display_titles\":0,\"ninjaForms\":\"Ninja Forms\",\"changeDateErrorMsg\":\"Ange ett giltigt datum!\",\"fieldTextareaRTEInsertLink\":\"Infoga l\\u00e4nk\",\"fieldTextareaRTEInsertMedia\":\"Infoga media\",\"fieldTextareaRTESelectAFile\":\"V\\u00e4lj en fil\",\"formHoneypot\":\"Om du \\u00e4r en m\\u00e4nniska som ser detta f\\u00e4lt, l\\u00e4mna det tomt.\",\"fileUploadOldCodeFileUploadInProgress\":\"Filuppladdning p\\u00e5g\\u00e5r.\",\"fileUploadOldCodeFileUpload\":\"FILUPPLADDNING\",\"currencySymbol\":\"&#36;\",\"thousands_sep\":\"&nbsp;\",\"decimal_point\":\",\",\"siteLocale\":\"sv_SE\",\"dateFormat\":\"m\\\/d\\\/Y\",\"startOfWeek\":\"1\",\"of\":\"av\",\"previousMonth\":\"F\\u00f6reg\\u00e5ende m\\u00e5nad\",\"nextMonth\":\"N\\u00e4sta m\\u00e5nad\",\"months\":[\"Januari\",\"Februari\",\"Mars\",\"April\",\"Maj\",\"Juni\",\"Juli\",\"Augusti\",\"September\",\"Oktober\",\"November\",\"December\"],\"monthsShort\":[\"Jan\",\"Feb\",\"Mar\",\"Apr\",\"Maj\",\"Jun\",\"Jul\",\"Aug\",\"Sep\",\"Okt\",\"Nov\",\"Dec\"],\"weekdays\":[\"S\\u00f6ndag\",\"M\\u00e5ndag\",\"Tisdag\",\"Onsdag\",\"Torsdag\",\"Fredag\",\"L\\u00f6rdag\"],\"weekdaysShort\":[\"S\\u00f6n\",\"M\\u00e5n\",\"Tis\",\"Ons\",\"Tor\",\"Fre\",\"L\\u00f6r\"],\"weekdaysMin\":[\"S\\u00f6\",\"M\\u00e5\",\"Ti\",\"On\",\"To\",\"Fr\",\"L\\u00f6\"],\"recaptchaConsentMissing\":\"reCaptcha validation couldn&#039;t load.\",\"recaptchaMissingCookie\":\"reCaptcha v3 validation couldn&#039;t load the cookie needed to submit the form.\",\"recaptchaConsentEvent\":\"Accept reCaptcha cookies before sending the form.\",\"save_progress_actions\":{\"212\":{\"active\":null},\"213\":{\"active\":null},\"214\":{\"active\":null},\"215\":{\"active\":null},\"890\":{\"active\":null}},\"currency_symbol\":\"\",\"beforeForm\":\"<fieldset class=\\\"nf-saves-cont\\\">\\n\\n    <legend>Load saved progress<\\\/legend>\\n\\n    <div class=\\\"form-save-loading\\\">\\n        <!-- Loading message container. Will be removed during rendering. -->\\n    <\\\/div>\\n\\n    <table><\\\/table>\\n\\n<\\\/fieldset>\\n\",\"beforeFields\":\"\",\"afterFields\":\"\",\"afterForm\":\"\"};form.fields=[{\"objectType\":\"Field\",\"objectDomain\":\"fields\",\"editActive\":false,\"order\":999,\"idAttribute\":\"id\",\"label_pos\":\"above\",\"required\":\"\",\"options\":[{\"errors\":[],\"max_options\":0,\"label\":\"Mr\",\"value\":\"mr\",\"calc\":\"\",\"selected\":\"0\",\"order\":\"0\",\"settingModel\":{\"settings\":false,\"hide_merge_tags\":false,\"error\":false,\"name\":\"options\",\"type\":\"option-repeater\",\"label\":\"Options <a href=\\\"#\\\" class=\\\"nf-add-new\\\">Add New<\\\/a> <a href=\\\"#\\\" class=\\\"extra nf-open-import-tooltip\\\"><i class=\\\"fa fa-sign-in\\\" aria-hidden=\\\"true\\\"><\\\/i> Import<\\\/a>\",\"width\":\"full\",\"group\":\"\",\"value\":[{\"label\":\"One\",\"value\":\"one\",\"calc\":\"\",\"selected\":0,\"order\":0},{\"label\":\"Two\",\"value\":\"two\",\"calc\":\"\",\"selected\":0,\"order\":1},{\"label\":\"Three\",\"value\":\"three\",\"calc\":\"\",\"selected\":0,\"order\":2}],\"columns\":{\"label\":{\"header\":\"Label\",\"default\":\"\"},\"value\":{\"header\":\"Value\",\"default\":\"\"},\"calc\":{\"header\":\"Calc Value\",\"default\":\"\"},\"selected\":{\"header\":\"<span class=\\\"dashicons dashicons-yes\\\"><\\\/span>\",\"default\":0}}}},{\"errors\":[],\"max_options\":0,\"label\":\"Ms\",\"value\":\"ms\",\"calc\":\"\",\"selected\":\"0\",\"order\":\"1\",\"settingModel\":{\"settings\":false,\"hide_merge_tags\":false,\"error\":false,\"name\":\"options\",\"type\":\"option-repeater\",\"label\":\"Options <a href=\\\"#\\\" class=\\\"nf-add-new\\\">Add New<\\\/a> <a href=\\\"#\\\" class=\\\"extra nf-open-import-tooltip\\\"><i class=\\\"fa fa-sign-in\\\" aria-hidden=\\\"true\\\"><\\\/i> Import<\\\/a>\",\"width\":\"full\",\"group\":\"\",\"value\":[{\"label\":\"One\",\"value\":\"one\",\"calc\":\"\",\"selected\":0,\"order\":0},{\"label\":\"Two\",\"value\":\"two\",\"calc\":\"\",\"selected\":0,\"order\":1},{\"label\":\"Three\",\"value\":\"three\",\"calc\":\"\",\"selected\":0,\"order\":2}],\"columns\":{\"label\":{\"header\":\"Label\",\"default\":\"\"},\"value\":{\"header\":\"Value\",\"default\":\"\"},\"calc\":{\"header\":\"Calc Value\",\"default\":\"\"},\"selected\":{\"header\":\"<span class=\\\"dashicons dashicons-yes\\\"><\\\/span>\",\"default\":0}}}}],\"container_class\":\"salutation\",\"element_class\":\"\",\"admin_label\":\"\",\"help_text\":\"\",\"desc_text\":\"\",\"label\":\"Salutation\",\"key\":\"salutation_1490363015148\",\"type\":\"listradio\",\"id\":674,\"beforeField\":\"\",\"afterField\":\"\",\"value\":\"\",\"parentType\":\"list\",\"element_templates\":[\"listradio\",\"input\"],\"old_classname\":\"list-radio\",\"wrap_template\":\"wrap\"},{\"objectType\":\"Field\",\"objectDomain\":\"fields\",\"editActive\":false,\"order\":999,\"idAttribute\":\"id\",\"label_pos\":\"above\",\"required\":\"\",\"placeholder\":\"\",\"default\":\"\",\"container_class\":\"\",\"element_class\":\"\",\"input_limit\":\"\",\"input_limit_type\":\"characters\",\"input_limit_msg\":\"Character(s) left\",\"manual_key\":\"\",\"disable_input\":\"\",\"admin_label\":\"\",\"help_text\":\"\",\"desc_text\":\"\",\"disable_browser_autocomplete\":\"\",\"mask\":\"\",\"custom_mask\":\"\",\"label\":\"Title\",\"key\":\"title_1490363036211\",\"type\":\"textbox\",\"custom_name_attribute\":\"\",\"personally_identifiable\":\"\",\"value\":\"\",\"id\":675,\"beforeField\":\"\",\"afterField\":\"\",\"parentType\":\"textbox\",\"element_templates\":[\"textbox\",\"input\"],\"old_classname\":\"\",\"wrap_template\":\"wrap\"},{\"objectType\":\"Field\",\"objectDomain\":\"fields\",\"editActive\":false,\"order\":999,\"idAttribute\":\"id\",\"label_pos\":\"above\",\"required\":1,\"default\":\"\",\"placeholder\":\"\",\"container_class\":\"\",\"element_class\":\"\",\"admin_label\":\"\",\"help_text\":\"\",\"desc_text\":\"\",\"label\":\"First Name\",\"key\":\"firstname_1490362998778\",\"type\":\"firstname\",\"custom_name_attribute\":\"fname\",\"personally_identifiable\":1,\"value\":\"\",\"id\":676,\"beforeField\":\"\",\"afterField\":\"\",\"parentType\":\"firstname\",\"element_templates\":[\"firstname\",\"input\"],\"old_classname\":\"\",\"wrap_template\":\"wrap\"},{\"objectType\":\"Field\",\"objectDomain\":\"fields\",\"editActive\":false,\"order\":999,\"idAttribute\":\"id\",\"label_pos\":\"above\",\"required\":1,\"default\":\"\",\"placeholder\":\"\",\"container_class\":\"\",\"element_class\":\"\",\"admin_label\":\"\",\"help_text\":\"\",\"desc_text\":\"\",\"label\":\"Last Name\",\"key\":\"lastname_1490362999311\",\"type\":\"lastname\",\"custom_name_attribute\":\"lname\",\"personally_identifiable\":1,\"value\":\"\",\"id\":677,\"beforeField\":\"\",\"afterField\":\"\",\"parentType\":\"lastname\",\"element_templates\":[\"lastname\",\"input\"],\"old_classname\":\"\",\"wrap_template\":\"wrap\"},{\"objectType\":\"Field\",\"objectDomain\":\"fields\",\"editActive\":false,\"order\":999,\"idAttribute\":\"id\",\"label_pos\":\"above\",\"required\":1,\"default\":\"\",\"placeholder\":\"\",\"container_class\":\"\",\"element_class\":\"\",\"admin_label\":\"\",\"help_text\":\"\",\"desc_text\":\"\",\"label\":\"Email\",\"key\":\"email_1490363005834\",\"type\":\"email\",\"custom_name_attribute\":\"email\",\"personally_identifiable\":1,\"value\":\"\",\"id\":678,\"beforeField\":\"\",\"afterField\":\"\",\"parentType\":\"email\",\"element_templates\":[\"email\",\"input\"],\"old_classname\":\"\",\"wrap_template\":\"wrap\"},{\"objectType\":\"Field\",\"objectDomain\":\"fields\",\"editActive\":false,\"order\":9999,\"idAttribute\":\"id\",\"processing_label\":\"Processing\",\"container_class\":\"\",\"element_class\":\"\",\"label\":\"Submit\",\"key\":\"submit_1490363067333\",\"type\":\"submit\",\"id\":679,\"beforeField\":\"\",\"afterField\":\"\",\"value\":\"\",\"label_pos\":\"above\",\"parentType\":\"textbox\",\"element_templates\":[\"submit\",\"button\",\"input\"],\"old_classname\":\"\",\"wrap_template\":\"wrap-no-label\"},{\"objectType\":\"Field\",\"objectDomain\":\"fields\",\"editActive\":false,\"order\":\"7.0\",\"type\":\"recaptcha_v3\",\"label\":\"Hidden\",\"key\":\"recaptcha_v3\",\"default\":\"\",\"admin_label\":\"\",\"drawerDisabled\":false,\"id\":\"08042\",\"beforeField\":\"\",\"afterField\":\"\",\"value\":\"\",\"label_pos\":\"above\",\"parentType\":\"hidden\",\"element_templates\":[\"recaptcha-v3\",\"hidden\",\"input\"],\"old_classname\":\"\",\"wrap_template\":\"wrap-no-label\",\"site_key\":\"6LfNrEEmAAAAAOR6SEc4P9RawSBK-tJDZk5dHGrT\"}];nfForms.push(form);<\/script>\n        <script id=\"tmpl-nf-mp-form-content\" type=\"text\/template\">\n\t<div class=\"nf-mp-header\"><\/div>\n\t<div class=\"nf-mp-body\"><\/div>\n\t<div class=\"nf-mp-footer\"><\/div>\n<\/script>\n\n\n<script id=\"tmpl-nf-mp-header\" type=\"text\/template\">\n\t{{{ data.renderProgressBar() }}}\n\t{{{ data.renderBreadcrumbs() }}}\n\t{{{ data.renderPartTitle() }}}\n<\/script>\n<script id=\"tmpl-nf-mp-part-title\" type=\"text\/template\">\n\t<h3>\n\t\t{{{ data.title }}}\n\t<\/h3>\n<\/script>\n\n<script id=\"tmpl-nf-mp-footer\" type=\"text\/template\">\n\t{{{ data.renderNextPrevious() }}}\n<\/script>\n\n<script id=\"tmpl-nf-mp-next-previous\" type=\"text\/template\">\n\t<ul class=\"nf-next-previous\">\n\t\t<# if ( data.showPrevious ) { #>\n\t\t<li class=\"nf-previous-item\">\n\t\t\t<input type=\"button\" class=\"nf-previous\" value=\"{{{ data.prevLabel }}}\" \/>\n\t\t<\/li>\n\t\t<# } #>\n\n\t\t<# if ( data.showNext ) { #>\n\t\t<li class=\"nf-next-item\">\n\t\t\t<input type=\"button\" class=\"nf-next\" value=\"{{{ data.nextLabel }}}\" \/>\n\t\t<\/li>\n\t\t<# } #>\n\t<\/ul>\n<\/script>\n\n<script id=\"tmpl-nf-mp-breadcrumbs\" type=\"text\/template\">\n\t<ul class=\"nf-breadcrumbs\">\n\t\t<# _.each( data.parts, function( part, index ) { #>\n\t\t<li class=\"{{{ ( data.currentIndex == index ) ? 'active' : '' }}} {{{ ( part.errors ) ? 'errors' : '' }}}\">\n\t\t\t<a href=\"#\" class=\"nf-breadcrumb\" data-index=\"{{{ index }}}\">{{{ ( part.errors ) ? '' : '' }}} {{{ part.title }}}<\/a>\n\t\t<\/li>\n\t\t<# } ); #>\n\t<\/ul>\n<\/script>\n\n<script id=\"tmpl-nf-mp-progress-bar\" type=\"text\/template\">\n    <div class=\"nf-progress-container\">\n        <div class=\"nf-progress\" style=\"width: {{{ data.percent }}}%;\"><\/div>\n    <\/div>\n<\/script>\n","protected":false},"excerpt":{"rendered":"","protected":false},"author":1,"featured_media":0,"parent":0,"menu_order":0,"comment_status":"closed","ping_status":"closed","template":"","meta":{"_acf_changed":false,"footnotes":""},"class_list":["post-4931","page","type-page","status-publish","hentry","no-post-thumbnail"],"acf":[],"yoast_head":"<!-- This site is optimized with the Yoast SEO plugin v24.0 - https:\/\/yoast.com\/wordpress\/plugins\/seo\/ -->\n<title>Subscribe to newsletter - ENJO<\/title>\n<meta name=\"robots\" content=\"index, follow, max-snippet:-1, max-image-preview:large, max-video-preview:-1\" \/>\n<link rel=\"canonical\" href=\"https:\/\/www.enjo.com\/se\/subscribe-to-newsletter\/\" \/>\n<meta property=\"og:locale\" content=\"sv_SE\" \/>\n<meta property=\"og:type\" content=\"article\" \/>\n<meta property=\"og:title\" content=\"Subscribe to newsletter - ENJO\" \/>\n<meta property=\"og:url\" content=\"https:\/\/www.enjo.com\/se\/subscribe-to-newsletter\/\" \/>\n<meta property=\"og:site_name\" content=\"ENJO\" \/>\n<meta property=\"article:modified_time\" content=\"2017-11-22T08:28:12+00:00\" \/>\n<meta property=\"og:image\" content=\"https:\/\/www.enjo.com\/wp-content\/uploads\/2023\/10\/social_image.jpg\" \/>\n\t<meta property=\"og:image:width\" content=\"500\" \/>\n\t<meta property=\"og:image:height\" content=\"500\" \/>\n\t<meta property=\"og:image:type\" content=\"image\/jpeg\" \/>\n<meta name=\"twitter:card\" content=\"summary_large_image\" \/>\n<script type=\"application\/ld+json\" class=\"yoast-schema-graph\">{\"@context\":\"https:\/\/schema.org\",\"@graph\":[{\"@type\":\"WebPage\",\"@id\":\"https:\/\/www.enjo.com\/se\/subscribe-to-newsletter\/\",\"url\":\"https:\/\/www.enjo.com\/se\/subscribe-to-newsletter\/\",\"name\":\"Subscribe to newsletter - ENJO\",\"isPartOf\":{\"@id\":\"https:\/\/www.enjo.com\/at-east\/#website\"},\"datePublished\":\"2017-02-24T14:04:00+00:00\",\"dateModified\":\"2017-11-22T08:28:12+00:00\",\"breadcrumb\":{\"@id\":\"https:\/\/www.enjo.com\/se\/subscribe-to-newsletter\/#breadcrumb\"},\"inLanguage\":\"sv-SE\",\"potentialAction\":[{\"@type\":\"ReadAction\",\"target\":[\"https:\/\/www.enjo.com\/se\/subscribe-to-newsletter\/\"]}]},{\"@type\":\"BreadcrumbList\",\"@id\":\"https:\/\/www.enjo.com\/se\/subscribe-to-newsletter\/#breadcrumb\",\"itemListElement\":[{\"@type\":\"ListItem\",\"position\":1,\"name\":\"Home\",\"item\":\"https:\/\/www.enjo.com\/se\/\"},{\"@type\":\"ListItem\",\"position\":2,\"name\":\"Subscribe to newsletter\"}]},{\"@type\":\"WebSite\",\"@id\":\"https:\/\/www.enjo.com\/at-east\/#website\",\"url\":\"https:\/\/www.enjo.com\/at-east\/\",\"name\":\"ENJO\",\"description\":\"Clean the World\",\"potentialAction\":[{\"@type\":\"SearchAction\",\"target\":{\"@type\":\"EntryPoint\",\"urlTemplate\":\"https:\/\/www.enjo.com\/at-east\/?s={search_term_string}\"},\"query-input\":{\"@type\":\"PropertyValueSpecification\",\"valueRequired\":true,\"valueName\":\"search_term_string\"}}],\"inLanguage\":\"sv-SE\"}]}<\/script>\n<!-- \/ Yoast SEO plugin. -->","yoast_head_json":{"title":"Subscribe to newsletter - ENJO","robots":{"index":"index","follow":"follow","max-snippet":"max-snippet:-1","max-image-preview":"max-image-preview:large","max-video-preview":"max-video-preview:-1"},"canonical":"https:\/\/www.enjo.com\/se\/subscribe-to-newsletter\/","og_locale":"sv_SE","og_type":"article","og_title":"Subscribe to newsletter - ENJO","og_url":"https:\/\/www.enjo.com\/se\/subscribe-to-newsletter\/","og_site_name":"ENJO","article_modified_time":"2017-11-22T08:28:12+00:00","og_image":[{"width":500,"height":500,"url":"https:\/\/www.enjo.com\/wp-content\/uploads\/2023\/10\/social_image.jpg","type":"image\/jpeg"}],"twitter_card":"summary_large_image","schema":{"@context":"https:\/\/schema.org","@graph":[{"@type":"WebPage","@id":"https:\/\/www.enjo.com\/se\/subscribe-to-newsletter\/","url":"https:\/\/www.enjo.com\/se\/subscribe-to-newsletter\/","name":"Subscribe to newsletter - ENJO","isPartOf":{"@id":"https:\/\/www.enjo.com\/at-east\/#website"},"datePublished":"2017-02-24T14:04:00+00:00","dateModified":"2017-11-22T08:28:12+00:00","breadcrumb":{"@id":"https:\/\/www.enjo.com\/se\/subscribe-to-newsletter\/#breadcrumb"},"inLanguage":"sv-SE","potentialAction":[{"@type":"ReadAction","target":["https:\/\/www.enjo.com\/se\/subscribe-to-newsletter\/"]}]},{"@type":"BreadcrumbList","@id":"https:\/\/www.enjo.com\/se\/subscribe-to-newsletter\/#breadcrumb","itemListElement":[{"@type":"ListItem","position":1,"name":"Home","item":"https:\/\/www.enjo.com\/se\/"},{"@type":"ListItem","position":2,"name":"Subscribe to newsletter"}]},{"@type":"WebSite","@id":"https:\/\/www.enjo.com\/at-east\/#website","url":"https:\/\/www.enjo.com\/at-east\/","name":"ENJO","description":"Clean the World","potentialAction":[{"@type":"SearchAction","target":{"@type":"EntryPoint","urlTemplate":"https:\/\/www.enjo.com\/at-east\/?s={search_term_string}"},"query-input":{"@type":"PropertyValueSpecification","valueRequired":true,"valueName":"search_term_string"}}],"inLanguage":"sv-SE"}]}},"_links":{"self":[{"href":"https:\/\/www.enjo.com\/se\/wp-json\/wp\/v2\/pages\/4931","targetHints":{"allow":["GET"]}}],"collection":[{"href":"https:\/\/www.enjo.com\/se\/wp-json\/wp\/v2\/pages"}],"about":[{"href":"https:\/\/www.enjo.com\/se\/wp-json\/wp\/v2\/types\/page"}],"author":[{"embeddable":true,"href":"https:\/\/www.enjo.com\/se\/wp-json\/wp\/v2\/users\/1"}],"replies":[{"embeddable":true,"href":"https:\/\/www.enjo.com\/se\/wp-json\/wp\/v2\/comments?post=4931"}],"version-history":[{"count":1,"href":"https:\/\/www.enjo.com\/se\/wp-json\/wp\/v2\/pages\/4931\/revisions"}],"predecessor-version":[{"id":5264,"href":"https:\/\/www.enjo.com\/se\/wp-json\/wp\/v2\/pages\/4931\/revisions\/5264"}],"wp:attachment":[{"href":"https:\/\/www.enjo.com\/se\/wp-json\/wp\/v2\/media?parent=4931"}],"curies":[{"name":"wp","href":"https:\/\/api.w.org\/{rel}","templated":true}]}}