{"id":21490,"date":"2018-11-12T14:43:07","date_gmt":"2018-11-12T14:43:07","guid":{"rendered":"https:\/\/www.enjo.com\/?page_id=21490"},"modified":"2020-02-20T15:12:06","modified_gmt":"2020-02-20T15:12:06","slug":"villkor-for-deltagande","status":"publish","type":"page","link":"https:\/\/www.enjo.com\/se\/villkor-for-deltagande\/","title":{"rendered":"Villkor f\u00f6r deltagande"},"content":{"rendered":"<p>Denna t\u00e4vling arrangeras av ENJO International och \u00e4ger rum mellan 20.-26.2. T\u00e4vlingen \u00e4r inte sponsrad, organiserad eller administrerad av Facebook.<\/p>\n<p>Det kommer att lottas ut 3 ENJO handskar. Varje deltagare kan bara vinna 1 valfri ENJO handske. Priset skickas per post efter avslutad t\u00e4vling.<\/p>\n<p>Om en vinnare inte meddelar sin adress fram till en vecka efter tillk\u00e4nnagivande av vinst, f\u00f6rlorar hen priset. Alla personer som \u00e4r bosatta i Sverige eller Finland \u00e4r ber\u00e4ttigade att delta.<\/p>\n<p>V\u00e5r integritetspolicy finns h\u00e4r:<\/p>\n<h4><a href=\"http:\/\/db.enjo.com\/Xaotghe\" target=\"_blank\" rel=\"noopener noreferrer\">Integritetspolicy<\/a><\/h4>\n","protected":false},"excerpt":{"rendered":"<p>Denna t\u00e4vling arrangeras av ENJO International och \u00e4ger rum mellan 20.-26.2. T\u00e4vlingen \u00e4r inte sponsrad, organiserad eller administrerad av Facebook. Det kommer att lottas ut 3 ENJO handskar. Varje deltagare kan bara vinna 1 valfri ENJO handske. Priset skickas per post efter avslutad t\u00e4vling. Om en vinnare inte meddelar sin adress fram till en vecka efter tillk\u00e4nnagivande av vinst, f\u00f6rlorar &#8230; <\/p>\n<div><a href=\"https:\/\/www.enjo.com\/se\/villkor-for-deltagande\/\" class=\"more-link\">Read More<\/a><\/div>\n","protected":false},"author":293,"featured_media":0,"parent":0,"menu_order":0,"comment_status":"closed","ping_status":"closed","template":"","meta":{"_acf_changed":false,"footnotes":""},"class_list":["post-21490","page","type-page","status-publish","hentry","no-post-thumbnail"],"acf":[],"yoast_head":"<!-- This site is optimized with the Yoast SEO plugin v24.0 - https:\/\/yoast.com\/wordpress\/plugins\/seo\/ -->\n<title>Villkor f\u00f6r deltagande - ENJO<\/title>\n<meta name=\"robots\" content=\"index, follow, max-snippet:-1, max-image-preview:large, max-video-preview:-1\" \/>\n<link rel=\"canonical\" href=\"https:\/\/www.enjo.com\/se\/villkor-for-deltagande\/\" \/>\n<meta property=\"og:locale\" content=\"sv_SE\" \/>\n<meta property=\"og:type\" content=\"article\" \/>\n<meta property=\"og:title\" content=\"Villkor f\u00f6r deltagande - ENJO\" \/>\n<meta property=\"og:description\" content=\"Denna t\u00e4vling arrangeras av ENJO International och \u00e4ger rum mellan 20.-26.2. T\u00e4vlingen \u00e4r inte sponsrad, organiserad eller administrerad av Facebook. Det kommer att lottas ut 3 ENJO handskar. Varje deltagare kan bara vinna 1 valfri ENJO handske. Priset skickas per post efter avslutad t\u00e4vling. Om en vinnare inte meddelar sin adress fram till en vecka efter tillk\u00e4nnagivande av vinst, f\u00f6rlorar ... Read More\" \/>\n<meta property=\"og:url\" content=\"https:\/\/www.enjo.com\/se\/villkor-for-deltagande\/\" \/>\n<meta property=\"og:site_name\" content=\"ENJO\" \/>\n<meta property=\"article:modified_time\" content=\"2020-02-20T15:12:06+00:00\" \/>\n<meta property=\"og:image\" content=\"https:\/\/www.enjo.com\/wp-content\/uploads\/2023\/10\/social_image.jpg\" \/>\n\t<meta property=\"og:image:width\" content=\"500\" \/>\n\t<meta property=\"og:image:height\" content=\"500\" \/>\n\t<meta property=\"og:image:type\" content=\"image\/jpeg\" \/>\n<meta name=\"twitter:card\" content=\"summary_large_image\" \/>\n<script type=\"application\/ld+json\" class=\"yoast-schema-graph\">{\"@context\":\"https:\/\/schema.org\",\"@graph\":[{\"@type\":\"WebPage\",\"@id\":\"https:\/\/www.enjo.com\/se\/villkor-for-deltagande\/\",\"url\":\"https:\/\/www.enjo.com\/se\/villkor-for-deltagande\/\",\"name\":\"Villkor f\u00f6r deltagande - ENJO\",\"isPartOf\":{\"@id\":\"https:\/\/www.enjo.com\/at-east\/#website\"},\"datePublished\":\"2018-11-12T14:43:07+00:00\",\"dateModified\":\"2020-02-20T15:12:06+00:00\",\"breadcrumb\":{\"@id\":\"https:\/\/www.enjo.com\/se\/villkor-for-deltagande\/#breadcrumb\"},\"inLanguage\":\"sv-SE\",\"potentialAction\":[{\"@type\":\"ReadAction\",\"target\":[\"https:\/\/www.enjo.com\/se\/villkor-for-deltagande\/\"]}]},{\"@type\":\"BreadcrumbList\",\"@id\":\"https:\/\/www.enjo.com\/se\/villkor-for-deltagande\/#breadcrumb\",\"itemListElement\":[{\"@type\":\"ListItem\",\"position\":1,\"name\":\"Home\",\"item\":\"https:\/\/www.enjo.com\/se\/\"},{\"@type\":\"ListItem\",\"position\":2,\"name\":\"Villkor f\u00f6r deltagande\"}]},{\"@type\":\"WebSite\",\"@id\":\"https:\/\/www.enjo.com\/at-east\/#website\",\"url\":\"https:\/\/www.enjo.com\/at-east\/\",\"name\":\"ENJO\",\"description\":\"Clean the World\",\"potentialAction\":[{\"@type\":\"SearchAction\",\"target\":{\"@type\":\"EntryPoint\",\"urlTemplate\":\"https:\/\/www.enjo.com\/at-east\/?s={search_term_string}\"},\"query-input\":{\"@type\":\"PropertyValueSpecification\",\"valueRequired\":true,\"valueName\":\"search_term_string\"}}],\"inLanguage\":\"sv-SE\"}]}<\/script>\n<!-- \/ Yoast SEO plugin. -->","yoast_head_json":{"title":"Villkor f\u00f6r deltagande - ENJO","robots":{"index":"index","follow":"follow","max-snippet":"max-snippet:-1","max-image-preview":"max-image-preview:large","max-video-preview":"max-video-preview:-1"},"canonical":"https:\/\/www.enjo.com\/se\/villkor-for-deltagande\/","og_locale":"sv_SE","og_type":"article","og_title":"Villkor f\u00f6r deltagande - ENJO","og_description":"Denna t\u00e4vling arrangeras av ENJO International och \u00e4ger rum mellan 20.-26.2. T\u00e4vlingen \u00e4r inte sponsrad, organiserad eller administrerad av Facebook. Det kommer att lottas ut 3 ENJO handskar. Varje deltagare kan bara vinna 1 valfri ENJO handske. Priset skickas per post efter avslutad t\u00e4vling. Om en vinnare inte meddelar sin adress fram till en vecka efter tillk\u00e4nnagivande av vinst, f\u00f6rlorar ... Read More","og_url":"https:\/\/www.enjo.com\/se\/villkor-for-deltagande\/","og_site_name":"ENJO","article_modified_time":"2020-02-20T15:12:06+00:00","og_image":[{"width":500,"height":500,"url":"https:\/\/www.enjo.com\/wp-content\/uploads\/2023\/10\/social_image.jpg","type":"image\/jpeg"}],"twitter_card":"summary_large_image","schema":{"@context":"https:\/\/schema.org","@graph":[{"@type":"WebPage","@id":"https:\/\/www.enjo.com\/se\/villkor-for-deltagande\/","url":"https:\/\/www.enjo.com\/se\/villkor-for-deltagande\/","name":"Villkor f\u00f6r deltagande - ENJO","isPartOf":{"@id":"https:\/\/www.enjo.com\/at-east\/#website"},"datePublished":"2018-11-12T14:43:07+00:00","dateModified":"2020-02-20T15:12:06+00:00","breadcrumb":{"@id":"https:\/\/www.enjo.com\/se\/villkor-for-deltagande\/#breadcrumb"},"inLanguage":"sv-SE","potentialAction":[{"@type":"ReadAction","target":["https:\/\/www.enjo.com\/se\/villkor-for-deltagande\/"]}]},{"@type":"BreadcrumbList","@id":"https:\/\/www.enjo.com\/se\/villkor-for-deltagande\/#breadcrumb","itemListElement":[{"@type":"ListItem","position":1,"name":"Home","item":"https:\/\/www.enjo.com\/se\/"},{"@type":"ListItem","position":2,"name":"Villkor f\u00f6r deltagande"}]},{"@type":"WebSite","@id":"https:\/\/www.enjo.com\/at-east\/#website","url":"https:\/\/www.enjo.com\/at-east\/","name":"ENJO","description":"Clean the World","potentialAction":[{"@type":"SearchAction","target":{"@type":"EntryPoint","urlTemplate":"https:\/\/www.enjo.com\/at-east\/?s={search_term_string}"},"query-input":{"@type":"PropertyValueSpecification","valueRequired":true,"valueName":"search_term_string"}}],"inLanguage":"sv-SE"}]}},"_links":{"self":[{"href":"https:\/\/www.enjo.com\/se\/wp-json\/wp\/v2\/pages\/21490","targetHints":{"allow":["GET"]}}],"collection":[{"href":"https:\/\/www.enjo.com\/se\/wp-json\/wp\/v2\/pages"}],"about":[{"href":"https:\/\/www.enjo.com\/se\/wp-json\/wp\/v2\/types\/page"}],"author":[{"embeddable":true,"href":"https:\/\/www.enjo.com\/se\/wp-json\/wp\/v2\/users\/293"}],"replies":[{"embeddable":true,"href":"https:\/\/www.enjo.com\/se\/wp-json\/wp\/v2\/comments?post=21490"}],"version-history":[{"count":4,"href":"https:\/\/www.enjo.com\/se\/wp-json\/wp\/v2\/pages\/21490\/revisions"}],"predecessor-version":[{"id":65955,"href":"https:\/\/www.enjo.com\/se\/wp-json\/wp\/v2\/pages\/21490\/revisions\/65955"}],"wp:attachment":[{"href":"https:\/\/www.enjo.com\/se\/wp-json\/wp\/v2\/media?parent=21490"}],"curies":[{"name":"wp","href":"https:\/\/api.w.org\/{rel}","templated":true}]}}