{"id":18312,"date":"2018-07-27T07:21:51","date_gmt":"2018-07-27T07:21:51","guid":{"rendered":"https:\/\/www.enjo.com\/porentief-saubere-fenster\/"},"modified":"2018-07-27T09:09:42","modified_gmt":"2018-07-27T09:09:42","slug":"sa-far-du-riktigt-rena-fonster","status":"publish","type":"page","link":"https:\/\/www.enjo.com\/se\/sa-far-du-riktigt-rena-fonster\/","title":{"rendered":"S\u00e5 f\u00e5r du riktigt rena f\u00f6nster"},"content":{"rendered":"","protected":false},"excerpt":{"rendered":"","protected":false},"author":293,"featured_media":0,"parent":0,"menu_order":0,"comment_status":"closed","ping_status":"closed","template":"enjo-page-builder.php","meta":{"_acf_changed":false,"footnotes":""},"class_list":["post-18312","page","type-page","status-publish","hentry","no-post-thumbnail"],"acf":[],"yoast_head":"<!-- This site is optimized with the Yoast SEO plugin v24.0 - https:\/\/yoast.com\/wordpress\/plugins\/seo\/ -->\n<title>S\u00e5 f\u00e5r du riktigt rena f\u00f6nster - ENJO<\/title>\n<meta name=\"robots\" content=\"index, follow, max-snippet:-1, max-image-preview:large, max-video-preview:-1\" \/>\n<link rel=\"canonical\" href=\"https:\/\/www.enjo.com\/se\/sa-far-du-riktigt-rena-fonster\/\" \/>\n<meta property=\"og:locale\" content=\"sv_SE\" \/>\n<meta property=\"og:type\" content=\"article\" \/>\n<meta property=\"og:title\" content=\"S\u00e5 f\u00e5r du riktigt rena f\u00f6nster.\" \/>\n<meta property=\"og:url\" content=\"https:\/\/www.enjo.com\/se\/sa-far-du-riktigt-rena-fonster\/\" \/>\n<meta property=\"og:site_name\" content=\"ENJO\" \/>\n<meta property=\"article:modified_time\" content=\"2018-07-27T09:09:42+00:00\" \/>\n<meta property=\"og:image\" content=\"https:\/\/www.enjo.com\/wp-content\/uploads\/2018\/07\/Fenster-Bereich-Link.jpg\" \/>\n\t<meta property=\"og:image:width\" content=\"1200\" \/>\n\t<meta property=\"og:image:height\" content=\"630\" \/>\n\t<meta property=\"og:image:type\" content=\"image\/jpeg\" \/>\n<meta name=\"twitter:card\" content=\"summary_large_image\" \/>\n<script type=\"application\/ld+json\" class=\"yoast-schema-graph\">{\"@context\":\"https:\/\/schema.org\",\"@graph\":[{\"@type\":\"WebPage\",\"@id\":\"https:\/\/www.enjo.com\/se\/sa-far-du-riktigt-rena-fonster\/\",\"url\":\"https:\/\/www.enjo.com\/se\/sa-far-du-riktigt-rena-fonster\/\",\"name\":\"S\u00e5 f\u00e5r du riktigt rena f\u00f6nster - ENJO\",\"isPartOf\":{\"@id\":\"https:\/\/www.enjo.com\/at-east\/#website\"},\"datePublished\":\"2018-07-27T07:21:51+00:00\",\"dateModified\":\"2018-07-27T09:09:42+00:00\",\"breadcrumb\":{\"@id\":\"https:\/\/www.enjo.com\/se\/sa-far-du-riktigt-rena-fonster\/#breadcrumb\"},\"inLanguage\":\"sv-SE\",\"potentialAction\":[{\"@type\":\"ReadAction\",\"target\":[\"https:\/\/www.enjo.com\/se\/sa-far-du-riktigt-rena-fonster\/\"]}]},{\"@type\":\"BreadcrumbList\",\"@id\":\"https:\/\/www.enjo.com\/se\/sa-far-du-riktigt-rena-fonster\/#breadcrumb\",\"itemListElement\":[{\"@type\":\"ListItem\",\"position\":1,\"name\":\"Home\",\"item\":\"https:\/\/www.enjo.com\/se\/\"},{\"@type\":\"ListItem\",\"position\":2,\"name\":\"S\u00e5 f\u00e5r du riktigt rena f\u00f6nster\"}]},{\"@type\":\"WebSite\",\"@id\":\"https:\/\/www.enjo.com\/at-east\/#website\",\"url\":\"https:\/\/www.enjo.com\/at-east\/\",\"name\":\"ENJO\",\"description\":\"Clean the World\",\"potentialAction\":[{\"@type\":\"SearchAction\",\"target\":{\"@type\":\"EntryPoint\",\"urlTemplate\":\"https:\/\/www.enjo.com\/at-east\/?s={search_term_string}\"},\"query-input\":{\"@type\":\"PropertyValueSpecification\",\"valueRequired\":true,\"valueName\":\"search_term_string\"}}],\"inLanguage\":\"sv-SE\"}]}<\/script>\n<!-- \/ Yoast SEO plugin. -->","yoast_head_json":{"title":"S\u00e5 f\u00e5r du riktigt rena f\u00f6nster - ENJO","robots":{"index":"index","follow":"follow","max-snippet":"max-snippet:-1","max-image-preview":"max-image-preview:large","max-video-preview":"max-video-preview:-1"},"canonical":"https:\/\/www.enjo.com\/se\/sa-far-du-riktigt-rena-fonster\/","og_locale":"sv_SE","og_type":"article","og_title":"S\u00e5 f\u00e5r du riktigt rena f\u00f6nster.","og_url":"https:\/\/www.enjo.com\/se\/sa-far-du-riktigt-rena-fonster\/","og_site_name":"ENJO","article_modified_time":"2018-07-27T09:09:42+00:00","og_image":[{"width":1200,"height":630,"url":"https:\/\/www.enjo.com\/wp-content\/uploads\/2018\/07\/Fenster-Bereich-Link.jpg","type":"image\/jpeg"}],"twitter_card":"summary_large_image","schema":{"@context":"https:\/\/schema.org","@graph":[{"@type":"WebPage","@id":"https:\/\/www.enjo.com\/se\/sa-far-du-riktigt-rena-fonster\/","url":"https:\/\/www.enjo.com\/se\/sa-far-du-riktigt-rena-fonster\/","name":"S\u00e5 f\u00e5r du riktigt rena f\u00f6nster - ENJO","isPartOf":{"@id":"https:\/\/www.enjo.com\/at-east\/#website"},"datePublished":"2018-07-27T07:21:51+00:00","dateModified":"2018-07-27T09:09:42+00:00","breadcrumb":{"@id":"https:\/\/www.enjo.com\/se\/sa-far-du-riktigt-rena-fonster\/#breadcrumb"},"inLanguage":"sv-SE","potentialAction":[{"@type":"ReadAction","target":["https:\/\/www.enjo.com\/se\/sa-far-du-riktigt-rena-fonster\/"]}]},{"@type":"BreadcrumbList","@id":"https:\/\/www.enjo.com\/se\/sa-far-du-riktigt-rena-fonster\/#breadcrumb","itemListElement":[{"@type":"ListItem","position":1,"name":"Home","item":"https:\/\/www.enjo.com\/se\/"},{"@type":"ListItem","position":2,"name":"S\u00e5 f\u00e5r du riktigt rena f\u00f6nster"}]},{"@type":"WebSite","@id":"https:\/\/www.enjo.com\/at-east\/#website","url":"https:\/\/www.enjo.com\/at-east\/","name":"ENJO","description":"Clean the World","potentialAction":[{"@type":"SearchAction","target":{"@type":"EntryPoint","urlTemplate":"https:\/\/www.enjo.com\/at-east\/?s={search_term_string}"},"query-input":{"@type":"PropertyValueSpecification","valueRequired":true,"valueName":"search_term_string"}}],"inLanguage":"sv-SE"}]}},"_links":{"self":[{"href":"https:\/\/www.enjo.com\/se\/wp-json\/wp\/v2\/pages\/18312","targetHints":{"allow":["GET"]}}],"collection":[{"href":"https:\/\/www.enjo.com\/se\/wp-json\/wp\/v2\/pages"}],"about":[{"href":"https:\/\/www.enjo.com\/se\/wp-json\/wp\/v2\/types\/page"}],"author":[{"embeddable":true,"href":"https:\/\/www.enjo.com\/se\/wp-json\/wp\/v2\/users\/293"}],"replies":[{"embeddable":true,"href":"https:\/\/www.enjo.com\/se\/wp-json\/wp\/v2\/comments?post=18312"}],"version-history":[{"count":2,"href":"https:\/\/www.enjo.com\/se\/wp-json\/wp\/v2\/pages\/18312\/revisions"}],"predecessor-version":[{"id":18316,"href":"https:\/\/www.enjo.com\/se\/wp-json\/wp\/v2\/pages\/18312\/revisions\/18316"}],"wp:attachment":[{"href":"https:\/\/www.enjo.com\/se\/wp-json\/wp\/v2\/media?parent=18312"}],"curies":[{"name":"wp","href":"https:\/\/api.w.org\/{rel}","templated":true}]}}