{"id":109297,"date":"2023-09-18T07:30:33","date_gmt":"2023-09-18T07:30:33","guid":{"rendered":"https:\/\/www.enjo.com\/6x-sauberer\/"},"modified":"2023-10-20T08:52:04","modified_gmt":"2023-10-20T08:52:04","slug":"6x-renare","status":"publish","type":"page","link":"https:\/\/www.enjo.com\/se\/6x-renare\/","title":{"rendered":"ENJO \u00e4r 6x renare"},"content":{"rendered":"","protected":false},"excerpt":{"rendered":"","protected":false},"author":295,"featured_media":0,"parent":0,"menu_order":0,"comment_status":"closed","ping_status":"closed","template":"enjo-page-builder.php","meta":{"_acf_changed":false,"footnotes":""},"class_list":["post-109297","page","type-page","status-publish","hentry","no-post-thumbnail"],"acf":[],"yoast_head":"<!-- This site is optimized with the Yoast SEO plugin v24.0 - https:\/\/yoast.com\/wordpress\/plugins\/seo\/ -->\n<title>ENJO \u00e4r 6x renare - ENJO<\/title>\n<meta name=\"description\" content=\"I en studie j\u00e4mf\u00f6rdes den konventionella reng\u00f6ringen med ENJOs metod.\" \/>\n<meta name=\"robots\" content=\"index, follow, max-snippet:-1, max-image-preview:large, max-video-preview:-1\" \/>\n<link rel=\"canonical\" href=\"https:\/\/www.enjo.com\/se\/6x-renare\/\" \/>\n<meta property=\"og:locale\" content=\"sv_SE\" \/>\n<meta property=\"og:type\" content=\"article\" \/>\n<meta property=\"og:title\" content=\"ENJO \u00e4r 6x renare - ENJO\" \/>\n<meta property=\"og:description\" content=\"I en studie j\u00e4mf\u00f6rdes den konventionella reng\u00f6ringen med ENJOs metod.\" \/>\n<meta property=\"og:url\" content=\"https:\/\/www.enjo.com\/se\/6x-renare\/\" \/>\n<meta property=\"og:site_name\" content=\"ENJO\" \/>\n<meta property=\"article:modified_time\" content=\"2023-10-20T08:52:04+00:00\" \/>\n<meta property=\"og:image\" content=\"https:\/\/www.enjo.com\/wp-content\/uploads\/2023\/10\/social_image.jpg\" \/>\n\t<meta property=\"og:image:width\" content=\"500\" \/>\n\t<meta property=\"og:image:height\" content=\"500\" \/>\n\t<meta property=\"og:image:type\" content=\"image\/jpeg\" \/>\n<meta name=\"twitter:card\" content=\"summary_large_image\" \/>\n<script type=\"application\/ld+json\" class=\"yoast-schema-graph\">{\"@context\":\"https:\/\/schema.org\",\"@graph\":[{\"@type\":\"WebPage\",\"@id\":\"https:\/\/www.enjo.com\/se\/6x-renare\/\",\"url\":\"https:\/\/www.enjo.com\/se\/6x-renare\/\",\"name\":\"ENJO \u00e4r 6x renare - ENJO\",\"isPartOf\":{\"@id\":\"https:\/\/www.enjo.com\/at-east\/#website\"},\"datePublished\":\"2023-09-18T07:30:33+00:00\",\"dateModified\":\"2023-10-20T08:52:04+00:00\",\"description\":\"I en studie j\u00e4mf\u00f6rdes den konventionella reng\u00f6ringen med ENJOs metod.\",\"breadcrumb\":{\"@id\":\"https:\/\/www.enjo.com\/se\/6x-renare\/#breadcrumb\"},\"inLanguage\":\"sv-SE\",\"potentialAction\":[{\"@type\":\"ReadAction\",\"target\":[\"https:\/\/www.enjo.com\/se\/6x-renare\/\"]}]},{\"@type\":\"BreadcrumbList\",\"@id\":\"https:\/\/www.enjo.com\/se\/6x-renare\/#breadcrumb\",\"itemListElement\":[{\"@type\":\"ListItem\",\"position\":1,\"name\":\"Home\",\"item\":\"https:\/\/www.enjo.com\/se\/\"},{\"@type\":\"ListItem\",\"position\":2,\"name\":\"ENJO \u00e4r 6x renare\"}]},{\"@type\":\"WebSite\",\"@id\":\"https:\/\/www.enjo.com\/at-east\/#website\",\"url\":\"https:\/\/www.enjo.com\/at-east\/\",\"name\":\"ENJO\",\"description\":\"Clean the World\",\"potentialAction\":[{\"@type\":\"SearchAction\",\"target\":{\"@type\":\"EntryPoint\",\"urlTemplate\":\"https:\/\/www.enjo.com\/at-east\/?s={search_term_string}\"},\"query-input\":{\"@type\":\"PropertyValueSpecification\",\"valueRequired\":true,\"valueName\":\"search_term_string\"}}],\"inLanguage\":\"sv-SE\"}]}<\/script>\n<!-- \/ Yoast SEO plugin. -->","yoast_head_json":{"title":"ENJO \u00e4r 6x renare - ENJO","description":"I en studie j\u00e4mf\u00f6rdes den konventionella reng\u00f6ringen med ENJOs metod.","robots":{"index":"index","follow":"follow","max-snippet":"max-snippet:-1","max-image-preview":"max-image-preview:large","max-video-preview":"max-video-preview:-1"},"canonical":"https:\/\/www.enjo.com\/se\/6x-renare\/","og_locale":"sv_SE","og_type":"article","og_title":"ENJO \u00e4r 6x renare - ENJO","og_description":"I en studie j\u00e4mf\u00f6rdes den konventionella reng\u00f6ringen med ENJOs metod.","og_url":"https:\/\/www.enjo.com\/se\/6x-renare\/","og_site_name":"ENJO","article_modified_time":"2023-10-20T08:52:04+00:00","og_image":[{"width":500,"height":500,"url":"https:\/\/www.enjo.com\/wp-content\/uploads\/2023\/10\/social_image.jpg","type":"image\/jpeg"}],"twitter_card":"summary_large_image","schema":{"@context":"https:\/\/schema.org","@graph":[{"@type":"WebPage","@id":"https:\/\/www.enjo.com\/se\/6x-renare\/","url":"https:\/\/www.enjo.com\/se\/6x-renare\/","name":"ENJO \u00e4r 6x renare - ENJO","isPartOf":{"@id":"https:\/\/www.enjo.com\/at-east\/#website"},"datePublished":"2023-09-18T07:30:33+00:00","dateModified":"2023-10-20T08:52:04+00:00","description":"I en studie j\u00e4mf\u00f6rdes den konventionella reng\u00f6ringen med ENJOs metod.","breadcrumb":{"@id":"https:\/\/www.enjo.com\/se\/6x-renare\/#breadcrumb"},"inLanguage":"sv-SE","potentialAction":[{"@type":"ReadAction","target":["https:\/\/www.enjo.com\/se\/6x-renare\/"]}]},{"@type":"BreadcrumbList","@id":"https:\/\/www.enjo.com\/se\/6x-renare\/#breadcrumb","itemListElement":[{"@type":"ListItem","position":1,"name":"Home","item":"https:\/\/www.enjo.com\/se\/"},{"@type":"ListItem","position":2,"name":"ENJO \u00e4r 6x renare"}]},{"@type":"WebSite","@id":"https:\/\/www.enjo.com\/at-east\/#website","url":"https:\/\/www.enjo.com\/at-east\/","name":"ENJO","description":"Clean the World","potentialAction":[{"@type":"SearchAction","target":{"@type":"EntryPoint","urlTemplate":"https:\/\/www.enjo.com\/at-east\/?s={search_term_string}"},"query-input":{"@type":"PropertyValueSpecification","valueRequired":true,"valueName":"search_term_string"}}],"inLanguage":"sv-SE"}]}},"_links":{"self":[{"href":"https:\/\/www.enjo.com\/se\/wp-json\/wp\/v2\/pages\/109297","targetHints":{"allow":["GET"]}}],"collection":[{"href":"https:\/\/www.enjo.com\/se\/wp-json\/wp\/v2\/pages"}],"about":[{"href":"https:\/\/www.enjo.com\/se\/wp-json\/wp\/v2\/types\/page"}],"author":[{"embeddable":true,"href":"https:\/\/www.enjo.com\/se\/wp-json\/wp\/v2\/users\/295"}],"replies":[{"embeddable":true,"href":"https:\/\/www.enjo.com\/se\/wp-json\/wp\/v2\/comments?post=109297"}],"version-history":[{"count":5,"href":"https:\/\/www.enjo.com\/se\/wp-json\/wp\/v2\/pages\/109297\/revisions"}],"predecessor-version":[{"id":109605,"href":"https:\/\/www.enjo.com\/se\/wp-json\/wp\/v2\/pages\/109297\/revisions\/109605"}],"wp:attachment":[{"href":"https:\/\/www.enjo.com\/se\/wp-json\/wp\/v2\/media?parent=109297"}],"curies":[{"name":"wp","href":"https:\/\/api.w.org\/{rel}","templated":true}]}}