{"id":10772,"date":"2017-10-05T12:56:16","date_gmt":"2017-10-05T12:56:16","guid":{"rendered":"https:\/\/www.enjo.com\/news\/lifespan-enjo-products\/"},"modified":"2023-10-24T07:00:08","modified_gmt":"2023-10-24T07:00:08","slug":"hur-lange-rengor-min-produkt","status":"publish","type":"page","link":"https:\/\/www.enjo.com\/se\/om-enjo\/nyheter\/hur-lange-rengor-min-produkt\/","title":{"rendered":"ENJO-fiberns livsl\u00e4ngd"},"content":{"rendered":"","protected":false},"excerpt":{"rendered":"","protected":false},"author":12,"featured_media":0,"parent":4838,"menu_order":0,"comment_status":"closed","ping_status":"closed","template":"enjo-page-builder.php","meta":{"_acf_changed":false,"footnotes":""},"class_list":["post-10772","page","type-page","status-publish","hentry","no-post-thumbnail"],"acf":[],"yoast_head":"<!-- This site is optimized with the Yoast SEO plugin v24.0 - https:\/\/yoast.com\/wordpress\/plugins\/seo\/ -->\n<title>ENJO-fiberns livsl\u00e4ngd - ENJO<\/title>\n<meta name=\"description\" content=\"Nya reng\u00f6ringstest bekr\u00e4ftar att - beroende p\u00e5 anv\u00e4ndningsomr\u00e5de och frekvens - ENJOs fiber reng\u00f6r optimalt i tre \u00e5r.\" \/>\n<meta name=\"robots\" content=\"index, follow, max-snippet:-1, max-image-preview:large, max-video-preview:-1\" \/>\n<link rel=\"canonical\" href=\"https:\/\/www.enjo.com\/se\/om-enjo\/nyheter\/hur-lange-rengor-min-produkt\/\" \/>\n<meta property=\"og:locale\" content=\"sv_SE\" \/>\n<meta property=\"og:type\" content=\"article\" \/>\n<meta property=\"og:title\" content=\"ENJO-fiberns livsl\u00e4ngd - ENJO\" \/>\n<meta property=\"og:description\" content=\"Nya reng\u00f6ringstest bekr\u00e4ftar att - beroende p\u00e5 anv\u00e4ndningsomr\u00e5de och frekvens - ENJOs fiber reng\u00f6r optimalt i tre \u00e5r.\" \/>\n<meta property=\"og:url\" content=\"https:\/\/www.enjo.com\/se\/om-enjo\/nyheter\/hur-lange-rengor-min-produkt\/\" \/>\n<meta property=\"og:site_name\" content=\"ENJO\" \/>\n<meta property=\"article:modified_time\" content=\"2023-10-24T07:00:08+00:00\" \/>\n<meta property=\"og:image\" content=\"https:\/\/www.enjo.com\/wp-content\/uploads\/2023\/10\/social_image.jpg\" \/>\n\t<meta property=\"og:image:width\" content=\"500\" \/>\n\t<meta property=\"og:image:height\" content=\"500\" \/>\n\t<meta property=\"og:image:type\" content=\"image\/jpeg\" \/>\n<meta name=\"twitter:card\" content=\"summary_large_image\" \/>\n<script type=\"application\/ld+json\" class=\"yoast-schema-graph\">{\"@context\":\"https:\/\/schema.org\",\"@graph\":[{\"@type\":\"WebPage\",\"@id\":\"https:\/\/www.enjo.com\/se\/om-enjo\/nyheter\/hur-lange-rengor-min-produkt\/\",\"url\":\"https:\/\/www.enjo.com\/se\/om-enjo\/nyheter\/hur-lange-rengor-min-produkt\/\",\"name\":\"ENJO-fiberns livsl\u00e4ngd - ENJO\",\"isPartOf\":{\"@id\":\"https:\/\/www.enjo.com\/at-east\/#website\"},\"datePublished\":\"2017-10-05T12:56:16+00:00\",\"dateModified\":\"2023-10-24T07:00:08+00:00\",\"description\":\"Nya reng\u00f6ringstest bekr\u00e4ftar att - beroende p\u00e5 anv\u00e4ndningsomr\u00e5de och frekvens - ENJOs fiber reng\u00f6r optimalt i tre \u00e5r.\",\"breadcrumb\":{\"@id\":\"https:\/\/www.enjo.com\/se\/om-enjo\/nyheter\/hur-lange-rengor-min-produkt\/#breadcrumb\"},\"inLanguage\":\"sv-SE\",\"potentialAction\":[{\"@type\":\"ReadAction\",\"target\":[\"https:\/\/www.enjo.com\/se\/om-enjo\/nyheter\/hur-lange-rengor-min-produkt\/\"]}]},{\"@type\":\"BreadcrumbList\",\"@id\":\"https:\/\/www.enjo.com\/se\/om-enjo\/nyheter\/hur-lange-rengor-min-produkt\/#breadcrumb\",\"itemListElement\":[{\"@type\":\"ListItem\",\"position\":1,\"name\":\"Home\",\"item\":\"https:\/\/www.enjo.com\/se\/\"},{\"@type\":\"ListItem\",\"position\":2,\"name\":\"Ett rent hem kr\u00e4ver inga kemikalier\",\"item\":\"https:\/\/www.enjo.com\/se\/om-enjo\/\"},{\"@type\":\"ListItem\",\"position\":3,\"name\":\"Enjo nyheter\",\"item\":\"https:\/\/www.enjo.com\/se\/om-enjo\/nyheter\/\"},{\"@type\":\"ListItem\",\"position\":4,\"name\":\"ENJO-fiberns livsl\u00e4ngd\"}]},{\"@type\":\"WebSite\",\"@id\":\"https:\/\/www.enjo.com\/at-east\/#website\",\"url\":\"https:\/\/www.enjo.com\/at-east\/\",\"name\":\"ENJO\",\"description\":\"Clean the World\",\"potentialAction\":[{\"@type\":\"SearchAction\",\"target\":{\"@type\":\"EntryPoint\",\"urlTemplate\":\"https:\/\/www.enjo.com\/at-east\/?s={search_term_string}\"},\"query-input\":{\"@type\":\"PropertyValueSpecification\",\"valueRequired\":true,\"valueName\":\"search_term_string\"}}],\"inLanguage\":\"sv-SE\"}]}<\/script>\n<!-- \/ Yoast SEO plugin. -->","yoast_head_json":{"title":"ENJO-fiberns livsl\u00e4ngd - ENJO","description":"Nya reng\u00f6ringstest bekr\u00e4ftar att - beroende p\u00e5 anv\u00e4ndningsomr\u00e5de och frekvens - ENJOs fiber reng\u00f6r optimalt i tre \u00e5r.","robots":{"index":"index","follow":"follow","max-snippet":"max-snippet:-1","max-image-preview":"max-image-preview:large","max-video-preview":"max-video-preview:-1"},"canonical":"https:\/\/www.enjo.com\/se\/om-enjo\/nyheter\/hur-lange-rengor-min-produkt\/","og_locale":"sv_SE","og_type":"article","og_title":"ENJO-fiberns livsl\u00e4ngd - ENJO","og_description":"Nya reng\u00f6ringstest bekr\u00e4ftar att - beroende p\u00e5 anv\u00e4ndningsomr\u00e5de och frekvens - ENJOs fiber reng\u00f6r optimalt i tre \u00e5r.","og_url":"https:\/\/www.enjo.com\/se\/om-enjo\/nyheter\/hur-lange-rengor-min-produkt\/","og_site_name":"ENJO","article_modified_time":"2023-10-24T07:00:08+00:00","og_image":[{"width":500,"height":500,"url":"https:\/\/www.enjo.com\/wp-content\/uploads\/2023\/10\/social_image.jpg","type":"image\/jpeg"}],"twitter_card":"summary_large_image","schema":{"@context":"https:\/\/schema.org","@graph":[{"@type":"WebPage","@id":"https:\/\/www.enjo.com\/se\/om-enjo\/nyheter\/hur-lange-rengor-min-produkt\/","url":"https:\/\/www.enjo.com\/se\/om-enjo\/nyheter\/hur-lange-rengor-min-produkt\/","name":"ENJO-fiberns livsl\u00e4ngd - ENJO","isPartOf":{"@id":"https:\/\/www.enjo.com\/at-east\/#website"},"datePublished":"2017-10-05T12:56:16+00:00","dateModified":"2023-10-24T07:00:08+00:00","description":"Nya reng\u00f6ringstest bekr\u00e4ftar att - beroende p\u00e5 anv\u00e4ndningsomr\u00e5de och frekvens - ENJOs fiber reng\u00f6r optimalt i tre \u00e5r.","breadcrumb":{"@id":"https:\/\/www.enjo.com\/se\/om-enjo\/nyheter\/hur-lange-rengor-min-produkt\/#breadcrumb"},"inLanguage":"sv-SE","potentialAction":[{"@type":"ReadAction","target":["https:\/\/www.enjo.com\/se\/om-enjo\/nyheter\/hur-lange-rengor-min-produkt\/"]}]},{"@type":"BreadcrumbList","@id":"https:\/\/www.enjo.com\/se\/om-enjo\/nyheter\/hur-lange-rengor-min-produkt\/#breadcrumb","itemListElement":[{"@type":"ListItem","position":1,"name":"Home","item":"https:\/\/www.enjo.com\/se\/"},{"@type":"ListItem","position":2,"name":"Ett rent hem kr\u00e4ver inga kemikalier","item":"https:\/\/www.enjo.com\/se\/om-enjo\/"},{"@type":"ListItem","position":3,"name":"Enjo nyheter","item":"https:\/\/www.enjo.com\/se\/om-enjo\/nyheter\/"},{"@type":"ListItem","position":4,"name":"ENJO-fiberns livsl\u00e4ngd"}]},{"@type":"WebSite","@id":"https:\/\/www.enjo.com\/at-east\/#website","url":"https:\/\/www.enjo.com\/at-east\/","name":"ENJO","description":"Clean the World","potentialAction":[{"@type":"SearchAction","target":{"@type":"EntryPoint","urlTemplate":"https:\/\/www.enjo.com\/at-east\/?s={search_term_string}"},"query-input":{"@type":"PropertyValueSpecification","valueRequired":true,"valueName":"search_term_string"}}],"inLanguage":"sv-SE"}]}},"_links":{"self":[{"href":"https:\/\/www.enjo.com\/se\/wp-json\/wp\/v2\/pages\/10772","targetHints":{"allow":["GET"]}}],"collection":[{"href":"https:\/\/www.enjo.com\/se\/wp-json\/wp\/v2\/pages"}],"about":[{"href":"https:\/\/www.enjo.com\/se\/wp-json\/wp\/v2\/types\/page"}],"author":[{"embeddable":true,"href":"https:\/\/www.enjo.com\/se\/wp-json\/wp\/v2\/users\/12"}],"replies":[{"embeddable":true,"href":"https:\/\/www.enjo.com\/se\/wp-json\/wp\/v2\/comments?post=10772"}],"version-history":[{"count":11,"href":"https:\/\/www.enjo.com\/se\/wp-json\/wp\/v2\/pages\/10772\/revisions"}],"predecessor-version":[{"id":110761,"href":"https:\/\/www.enjo.com\/se\/wp-json\/wp\/v2\/pages\/10772\/revisions\/110761"}],"up":[{"embeddable":true,"href":"https:\/\/www.enjo.com\/se\/wp-json\/wp\/v2\/pages\/4838"}],"wp:attachment":[{"href":"https:\/\/www.enjo.com\/se\/wp-json\/wp\/v2\/media?parent=10772"}],"curies":[{"name":"wp","href":"https:\/\/api.w.org\/{rel}","templated":true}]}}