{"id":105483,"date":"2023-07-04T16:10:14","date_gmt":"2023-07-04T16:10:14","guid":{"rendered":"https:\/\/www.enjo.com\/disclaimer-2\/"},"modified":"2025-01-03T05:51:29","modified_gmt":"2025-01-03T05:51:29","slug":"se-disclaimer","status":"publish","type":"page","link":"https:\/\/www.enjo.com\/se\/se-disclaimer\/","title":{"rendered":"Disclaimer"},"content":{"rendered":"<h2 style=\"text-align: center;\"><strong>ANSVARSFRISKRIVNING<\/strong><\/h2>\n<p>&nbsp;<\/p>\n<p>&nbsp;<\/p>\n<p><strong>Inneh\u00e5ll<\/strong><br \/>\nAllt inneh\u00e5ll p\u00e5 dessa sidor har granskats noggrant. Care 4 Nordic Filial tar dock inget ansvar f\u00f6r riktigheten, aktualiteten, fullst\u00e4ndigheten eller kvaliteten p\u00e5 den information som tillhandah\u00e5lls.<\/p>\n<p>Ers\u00e4ttningsanspr\u00e5k riktade mot Care 4 Nordic Filial f\u00f6r materiella eller immateriella skador som uppst\u00e5r p\u00e5 grund av anv\u00e4ndning eller bristande anv\u00e4ndning av den tillhandah\u00e5llna informationen, eller p\u00e5 grund av felaktig eller ofullst\u00e4ndig information, \u00e4r uteslutna, s\u00e5vida det inte kan p\u00e5visas att Care 4 Nordic Filial har agerat med avsikt eller grov v\u00e5rdsl\u00f6shet.<\/p>\n<p>Care 4 Nordic Filial f\u00f6rbeh\u00e5ller sig r\u00e4tten att \u00e4ndra delar av eller hela webbplatsen, justera, l\u00e4gga till, ta bort eller avbryta onlinetj\u00e4nsten utan f\u00f6reg\u00e5ende meddelande.<\/p>\n<p><strong>Anv\u00e4ndning av webbplatsen<\/strong><br \/>\nCare 4 Nordic Filial ansvarar inte f\u00f6r n\u00e5gra skador som uppst\u00e5r vid anv\u00e4ndning av denna webbplats, inklusive direkta, indirekta, tillf\u00e4lliga, straffbara eller f\u00f6ljdskador.<\/p>\n<p>N\u00e4r du bes\u00f6ker Care 4 Nordic Filials webbplats f\u00e5r du inte publicera, ladda upp, distribuera eller p\u00e5 annat s\u00e4tt dela inneh\u00e5ll som:<br \/>\na) uppmanar till brott eller medf\u00f6r civilr\u00e4ttsligt ansvar,<br \/>\nb) \u00e4r skyddat av upphovsr\u00e4tt eller andra immateriella r\u00e4ttigheter utan r\u00e4ttighetshavarens tillst\u00e5nd,<br \/>\nc) bryter mot lagen, inklusive inneh\u00e5ll som inneh\u00e5ller skadlig programvara som virus, trojaner eller maskar.<\/p>\n<p><strong>L\u00e4nkar<\/strong><br \/>\nCare 4 Nordic Filial kan tillhandah\u00e5lla hyperl\u00e4nkar till tredjepartswebbplatser. Care 4 Nordic Filial kontrollerar, st\u00f6der eller garanterar inte dessa webbplatser. Du accepterar att Care 4 Nordic Filial inte ansvarar f\u00f6r inneh\u00e5llet, tj\u00e4nsterna eller produkterna som erbjuds av tredjepartswebbplatser, inte heller f\u00f6r deras integritetspraxis. Genom att anv\u00e4nda s\u00e5dana l\u00e4nkar g\u00f6r du det p\u00e5 egen risk, och Care 4 Nordic Filial ansvarar inte f\u00f6r skador som uppst\u00e5r p\u00e5 grund av transaktioner p\u00e5 tredjepartswebbplatser.<\/p>\n<p><strong>Meddelande<\/strong><br \/>\nDenna webbplats anv\u00e4nder Google Analytics, en webbanalystj\u00e4nst som tillhandah\u00e5lls av Google. Google Analytics anv\u00e4nder cookies som lagras p\u00e5 din dator f\u00f6r att analysera din anv\u00e4ndning av webbplatsen. Information kan \u00f6verf\u00f6ras till Googles servrar i USA. Du kan f\u00f6rhindra anv\u00e4ndningen av cookies i webbl\u00e4sarens inst\u00e4llningar, men detta kan begr\u00e4nsa webbplatsens funktionalitet. Genom att anv\u00e4nda denna webbplats godk\u00e4nner du behandlingen av dina uppgifter enligt ovan.<\/p>\n<p><strong>Upphovsr\u00e4tt<\/strong><br \/>\nCare 4 Nordic Filial str\u00e4var efter att respektera upphovsr\u00e4tten i alla publikationer. Om ett upphovsr\u00e4ttsintr\u00e5ng uppt\u00e4cks kommer Care 4 Nordic Filial att ta bort inneh\u00e5llet eller ge n\u00f6dv\u00e4ndiga krediter efter att ha blivit informerad.<\/p>\n<p>Allt inneh\u00e5ll p\u00e5 och dom\u00e4nen <a href=\"http:\/\/www.enjo.com\/se\/\">www.enjo.com\/se\/<\/a> tillh\u00f6r uteslutande Care 4 Nordic Filial. Kopiering av grafik, ljud eller texter till andra elektroniska eller tryckta publikationer utan tillst\u00e5nd fr\u00e5n Care 4 Nordic Filial \u00e4r str\u00e4ngt f\u00f6rbjudet.<\/p>\n<p><strong>Juridiska effekter<\/strong><br \/>\nDenna ansvarsfriskrivning \u00e4r en del av den webbplats som den \u00e4r kopplad till. Om delar av texten inte l\u00e4ngre \u00f6verensst\u00e4mmer med g\u00e4llande lagstiftning, f\u00f6rblir \u00f6vriga delar giltiga och op\u00e5verkade.<\/p>\n<p><strong>Ers\u00e4ttningskrav<\/strong><br \/>\nOm du \u00e4r missn\u00f6jd med Care 4 Nordic Filials webbplats eller dess policyer \u00e4r ditt enda tillg\u00e4ngliga medel att sluta anv\u00e4nda webbplatsen.<\/p>\n<p><strong>Till\u00e4mplig lag<\/strong><br \/>\nDetta avtal regleras av svensk lagstiftning och till\u00e4mpliga internationella lagar.<\/p>\n<p><strong>Kontaktuppgifter<\/strong><br \/>\nCare 4 Nordic Filial<br \/>\nFO-nummer: 516413-5161<br \/>\nAdress: c\/o Box 24103, 104 51 Stockholm<br \/>\nE-post: office@enjo.se<br \/>\nTelefon: +358 44 248 0336<\/p>\n<p>&nbsp;<\/p>\n<p style=\"text-align: center;\">\n","protected":false},"excerpt":{"rendered":"<p>ANSVARSFRISKRIVNING &nbsp; &nbsp; Inneh\u00e5ll Allt inneh\u00e5ll p\u00e5 dessa sidor har granskats noggrant. Care 4 Nordic Filial tar dock inget ansvar f\u00f6r riktigheten, aktualiteten, fullst\u00e4ndigheten eller kvaliteten p\u00e5 den information som tillhandah\u00e5lls. Ers\u00e4ttningsanspr\u00e5k riktade mot Care 4 Nordic Filial f\u00f6r materiella eller immateriella skador som uppst\u00e5r p\u00e5 grund av anv\u00e4ndning eller bristande anv\u00e4ndning av den tillhandah\u00e5llna informationen, eller p\u00e5 grund av &#8230; <\/p>\n<div><a href=\"https:\/\/www.enjo.com\/se\/se-disclaimer\/\" class=\"more-link\">Read More<\/a><\/div>\n","protected":false},"author":294,"featured_media":0,"parent":0,"menu_order":0,"comment_status":"closed","ping_status":"closed","template":"","meta":{"_acf_changed":false,"footnotes":""},"class_list":["post-105483","page","type-page","status-publish","hentry","no-post-thumbnail"],"acf":[],"yoast_head":"<!-- This site is optimized with the Yoast SEO plugin v24.0 - https:\/\/yoast.com\/wordpress\/plugins\/seo\/ -->\n<title>Disclaimer - ENJO<\/title>\n<meta name=\"description\" content=\"Det \u00e4r viktigt att du skyddar dina egna uppgifter. Vi behandlar dina uppgifter uteslutande p\u00e5 grundval av lagstadgade best\u00e4mmelser.\" \/>\n<meta name=\"robots\" content=\"index, follow, max-snippet:-1, max-image-preview:large, max-video-preview:-1\" \/>\n<link rel=\"canonical\" href=\"https:\/\/www.enjo.com\/se\/se-disclaimer\/\" \/>\n<meta property=\"og:locale\" content=\"sv_SE\" \/>\n<meta property=\"og:type\" content=\"article\" \/>\n<meta property=\"og:title\" content=\"Disclaimer - ENJO\" \/>\n<meta property=\"og:description\" content=\"Det \u00e4r viktigt att du skyddar dina egna uppgifter. Vi behandlar dina uppgifter uteslutande p\u00e5 grundval av lagstadgade best\u00e4mmelser.\" \/>\n<meta property=\"og:url\" content=\"https:\/\/www.enjo.com\/se\/se-disclaimer\/\" \/>\n<meta property=\"og:site_name\" content=\"ENJO\" \/>\n<meta property=\"article:modified_time\" content=\"2025-01-03T05:51:29+00:00\" \/>\n<meta property=\"og:image\" content=\"https:\/\/www.enjo.com\/wp-content\/uploads\/2023\/10\/social_image.jpg\" \/>\n\t<meta property=\"og:image:width\" content=\"500\" \/>\n\t<meta property=\"og:image:height\" content=\"500\" \/>\n\t<meta property=\"og:image:type\" content=\"image\/jpeg\" \/>\n<meta name=\"twitter:card\" content=\"summary_large_image\" \/>\n<meta name=\"twitter:label1\" content=\"Ber\u00e4knad l\u00e4stid\" \/>\n\t<meta name=\"twitter:data1\" content=\"3 minuter\" \/>\n<script type=\"application\/ld+json\" class=\"yoast-schema-graph\">{\"@context\":\"https:\/\/schema.org\",\"@graph\":[{\"@type\":\"WebPage\",\"@id\":\"https:\/\/www.enjo.com\/se\/se-disclaimer\/\",\"url\":\"https:\/\/www.enjo.com\/se\/se-disclaimer\/\",\"name\":\"Disclaimer - ENJO\",\"isPartOf\":{\"@id\":\"https:\/\/www.enjo.com\/at-east\/#website\"},\"datePublished\":\"2023-07-04T16:10:14+00:00\",\"dateModified\":\"2025-01-03T05:51:29+00:00\",\"description\":\"Det \u00e4r viktigt att du skyddar dina egna uppgifter. Vi behandlar dina uppgifter uteslutande p\u00e5 grundval av lagstadgade best\u00e4mmelser.\",\"breadcrumb\":{\"@id\":\"https:\/\/www.enjo.com\/se\/se-disclaimer\/#breadcrumb\"},\"inLanguage\":\"sv-SE\",\"potentialAction\":[{\"@type\":\"ReadAction\",\"target\":[\"https:\/\/www.enjo.com\/se\/se-disclaimer\/\"]}]},{\"@type\":\"BreadcrumbList\",\"@id\":\"https:\/\/www.enjo.com\/se\/se-disclaimer\/#breadcrumb\",\"itemListElement\":[{\"@type\":\"ListItem\",\"position\":1,\"name\":\"Home\",\"item\":\"https:\/\/www.enjo.com\/se\/\"},{\"@type\":\"ListItem\",\"position\":2,\"name\":\"Disclaimer\"}]},{\"@type\":\"WebSite\",\"@id\":\"https:\/\/www.enjo.com\/at-east\/#website\",\"url\":\"https:\/\/www.enjo.com\/at-east\/\",\"name\":\"ENJO\",\"description\":\"Clean the World\",\"potentialAction\":[{\"@type\":\"SearchAction\",\"target\":{\"@type\":\"EntryPoint\",\"urlTemplate\":\"https:\/\/www.enjo.com\/at-east\/?s={search_term_string}\"},\"query-input\":{\"@type\":\"PropertyValueSpecification\",\"valueRequired\":true,\"valueName\":\"search_term_string\"}}],\"inLanguage\":\"sv-SE\"}]}<\/script>\n<!-- \/ Yoast SEO plugin. -->","yoast_head_json":{"title":"Disclaimer - ENJO","description":"Det \u00e4r viktigt att du skyddar dina egna uppgifter. Vi behandlar dina uppgifter uteslutande p\u00e5 grundval av lagstadgade best\u00e4mmelser.","robots":{"index":"index","follow":"follow","max-snippet":"max-snippet:-1","max-image-preview":"max-image-preview:large","max-video-preview":"max-video-preview:-1"},"canonical":"https:\/\/www.enjo.com\/se\/se-disclaimer\/","og_locale":"sv_SE","og_type":"article","og_title":"Disclaimer - ENJO","og_description":"Det \u00e4r viktigt att du skyddar dina egna uppgifter. Vi behandlar dina uppgifter uteslutande p\u00e5 grundval av lagstadgade best\u00e4mmelser.","og_url":"https:\/\/www.enjo.com\/se\/se-disclaimer\/","og_site_name":"ENJO","article_modified_time":"2025-01-03T05:51:29+00:00","og_image":[{"width":500,"height":500,"url":"https:\/\/www.enjo.com\/wp-content\/uploads\/2023\/10\/social_image.jpg","type":"image\/jpeg"}],"twitter_card":"summary_large_image","twitter_misc":{"Ber\u00e4knad l\u00e4stid":"3 minuter"},"schema":{"@context":"https:\/\/schema.org","@graph":[{"@type":"WebPage","@id":"https:\/\/www.enjo.com\/se\/se-disclaimer\/","url":"https:\/\/www.enjo.com\/se\/se-disclaimer\/","name":"Disclaimer - ENJO","isPartOf":{"@id":"https:\/\/www.enjo.com\/at-east\/#website"},"datePublished":"2023-07-04T16:10:14+00:00","dateModified":"2025-01-03T05:51:29+00:00","description":"Det \u00e4r viktigt att du skyddar dina egna uppgifter. Vi behandlar dina uppgifter uteslutande p\u00e5 grundval av lagstadgade best\u00e4mmelser.","breadcrumb":{"@id":"https:\/\/www.enjo.com\/se\/se-disclaimer\/#breadcrumb"},"inLanguage":"sv-SE","potentialAction":[{"@type":"ReadAction","target":["https:\/\/www.enjo.com\/se\/se-disclaimer\/"]}]},{"@type":"BreadcrumbList","@id":"https:\/\/www.enjo.com\/se\/se-disclaimer\/#breadcrumb","itemListElement":[{"@type":"ListItem","position":1,"name":"Home","item":"https:\/\/www.enjo.com\/se\/"},{"@type":"ListItem","position":2,"name":"Disclaimer"}]},{"@type":"WebSite","@id":"https:\/\/www.enjo.com\/at-east\/#website","url":"https:\/\/www.enjo.com\/at-east\/","name":"ENJO","description":"Clean the World","potentialAction":[{"@type":"SearchAction","target":{"@type":"EntryPoint","urlTemplate":"https:\/\/www.enjo.com\/at-east\/?s={search_term_string}"},"query-input":{"@type":"PropertyValueSpecification","valueRequired":true,"valueName":"search_term_string"}}],"inLanguage":"sv-SE"}]}},"_links":{"self":[{"href":"https:\/\/www.enjo.com\/se\/wp-json\/wp\/v2\/pages\/105483","targetHints":{"allow":["GET"]}}],"collection":[{"href":"https:\/\/www.enjo.com\/se\/wp-json\/wp\/v2\/pages"}],"about":[{"href":"https:\/\/www.enjo.com\/se\/wp-json\/wp\/v2\/types\/page"}],"author":[{"embeddable":true,"href":"https:\/\/www.enjo.com\/se\/wp-json\/wp\/v2\/users\/294"}],"replies":[{"embeddable":true,"href":"https:\/\/www.enjo.com\/se\/wp-json\/wp\/v2\/comments?post=105483"}],"version-history":[{"count":6,"href":"https:\/\/www.enjo.com\/se\/wp-json\/wp\/v2\/pages\/105483\/revisions"}],"predecessor-version":[{"id":116914,"href":"https:\/\/www.enjo.com\/se\/wp-json\/wp\/v2\/pages\/105483\/revisions\/116914"}],"wp:attachment":[{"href":"https:\/\/www.enjo.com\/se\/wp-json\/wp\/v2\/media?parent=105483"}],"curies":[{"name":"wp","href":"https:\/\/api.w.org\/{rel}","templated":true}]}}