{"id":100390,"date":"2022-10-25T12:47:12","date_gmt":"2022-10-25T12:47:12","guid":{"rendered":"https:\/\/www.enjo.com\/lieferservice-agb\/"},"modified":"2024-01-22T18:36:41","modified_gmt":"2024-01-22T18:36:41","slug":"leveransservice-villkor","status":"publish","type":"page","link":"https:\/\/www.enjo.com\/se\/leveransservice-villkor\/","title":{"rendered":"Leveransservice villkor"},"content":{"rendered":"<h3><span style=\"color: #000000;\"><strong>Allm\u00e4nna f\u00f6rs\u00e4ljnings- och leveransvillkor<\/strong><\/span><\/h3>\n<p>&nbsp;<\/p>\n<p><span style=\"color: #000000;\"><strong>Allm\u00e4nt<br \/>\n<\/strong><\/span>Vi arbetar uteslutande enligt v\u00e5ra allm\u00e4nna villkor som g\u00e4ller f\u00f6r denna och alla fortsatta best\u00e4llningar, \u00e4ven om vi inte h\u00e4nvisar till dem uttryckligen. Du samtycker till v\u00e5ra villkor n\u00e4r du g\u00f6r en best\u00e4llning. Eventuella f\u00f6rs\u00e4ljningsvillkor f\u00f6r k\u00f6paren \u00e4r endast giltiga om de har avtalats skriftligt.<\/p>\n<p><strong>Priser<\/strong><br \/>\nPriserna i euro\/kr som anges i detta avtal och under demon inkluderar lagstadgad merv\u00e4rdesskatt och andra priskomponenter.<br \/>\nVi f\u00f6rbeh\u00e5ller oss r\u00e4tten att g\u00f6ra pris\u00e4ndringar. Vid pris\u00e4ndring meddelas du i f\u00f6rv\u00e4g och har r\u00e4tt att h\u00e4va avtalet.<\/p>\n<p><strong>Leverans<\/strong><br \/>\nLeverans sker p\u00e5 k\u00f6parens egen risk. Vi ansvarar inte f\u00f6r komplett leverans av varan i tid och har r\u00e4tt att avvisa en best\u00e4llning som har accepterats av en ENJOpreneur.<\/p>\n<p><strong>Betalning<\/strong><br \/>\nD\u00e5 best\u00e4llningen s\u00e4nds iv\u00e4g skickar vi dig en r\u00e4kning per e-post.<\/p>\n<p><strong>Kvalitet, tillfredsst\u00e4llande garanti och ers\u00e4ttning av skador<\/strong><br \/>\nEventuella mindre variationer i fr\u00e5ga om kvalitet, f\u00e4rg, bredd, vikt, utrustning eller design \u00e4r inte inkluderade i garantin. Eventuella krav, fordran eller skadest\u00e5nd ut\u00f6ver garantin \u00e4r utesluten. Alla krav fr\u00e5n k\u00f6paren \u00e4r begr\u00e4nsade till v\u00e4rdet av de levererade varorna.<\/p>\n<p><strong>\u00c4gander\u00e4tt<\/strong><br \/>\nAlla levererade varor f\u00f6rblir v\u00e5r egendom till alla krav i aff\u00e4rsavtalet \u00e4r avklarade. Vid utebliven eller ofullst\u00e4ndig betalning \u00e4r vi befogade att ta tillbaka varorna, utan att \u00e5terkalla kontraktet.<\/p>\n<p><strong>\u00c5ngerr\u00e4tt<\/strong><br \/>\nK\u00f6paren har r\u00e4tt att \u00e5ngra detta avtal inom 30 dagar fr\u00e5n och med det datum n\u00e4r vederb\u00f6rande mottog varorna, utan att uppge n\u00e5gra sk\u00e4l. F\u00f6r att ut\u00f6va sin \u00e5ngerr\u00e4tt m\u00e5ste k\u00f6paren informera oss <strong>Finland<\/strong>: Care 4 Nordic Oy (ENJO Nordic) Sein\u00e4joki\/<strong>Sverige<\/strong>: Care 4 Nordic Filial\/Stockholm. Finland &amp; Sverige telef. +358 44 248 0336, E-post: <a href=\"mailto:office@enjo.fi\">office@enjo.fi<\/a>\/<a href=\"mailto:office@enjo.se\">office@enjo.se<\/a>) om detta beslut genom ett tydligt meddelande (t.ex. via telefon, fax eller e-post etc.). K\u00f6paren kan anv\u00e4nda det \u00e5ngerk\u00f6psformul\u00e4r som vederb\u00f6rande f\u00e5r av sin ENJOpreneur, vilket \u00e4ven kan laddas ned under <a href=\"http:\/\/www.enjo.se\">www.enjo.se<\/a>. Namn och kontaktuppgifter f\u00f6r ENJOpreneuren finns p\u00e5 best\u00e4llningsformul\u00e4ret. De produkter som omfattas av \u00e5ngerr\u00e4tten ska returneras till ENJOpreneuren direkt p\u00e5 k\u00f6parens bekostnad, via post eller annat l\u00e4mpligt s\u00e4tt inom 14 dagar fr\u00e5n och med det datum n\u00e4r k\u00f6paren f\u00f6rklarade sitt beslut om att utnyttja \u00e5ngerr\u00e4tten. K\u00f6paren ansvarar endast f\u00f6r eventuella v\u00e4rdef\u00f6rluster f\u00f6r varorna om s\u00e5dana f\u00f6rluster kan tillskrivas ol\u00e4mplig eller felaktig anv\u00e4ndning. N\u00e4r ENJOpreneuren har mottagit varorna kommer vi att ers\u00e4tta ink\u00f6pspriset.<\/p>\n<p><strong>Garanti<\/strong><br \/>\nAlla produkter har 2 \u00e5rs garanti f\u00f6r produktionsfel. Produkterna \u00e4r endast omfattad n\u00e4r de har anv\u00e4nds f\u00f6r sitt avsedda \u00e4ndam\u00e5l och sk\u00f6tts p\u00e5 det s\u00e4tt som f\u00f6reskrivs i \u201eAllm\u00e4nna anv\u00e4ndnings- och sk\u00f6tselinstruktioner\u201c i ENJOs produktbroschyr. Din faktura kr\u00e4vs f\u00f6r att g\u00f6ra en fordran. Vid kommersiell anv\u00e4ndning har produkterna en garanti p\u00e5 6 m\u00e5nader.<\/p>\n<p><strong>ENJO respekterar din integritet<\/strong><br \/>\nF\u00f6r behandling av dina personuppgifter, se separat information p\u00e5 v\u00e5r hemsida. Vi registrerar din \u00e5lder och storleken p\u00e5 ditt hush\u00e5ll f\u00f6r statistiska \u00e4ndam\u00e5l. V\u00e5r dataskyddsf\u00f6rordning finns under f\u00f6ljande l\u00e4nk: <a href=\"https:\/\/www.enjo.com\/se\/privacy-policy-en\/\">www.enjo.com\/se\/dataskyddsforordning<\/a><\/p>\n<p><span data-contrast=\"auto\">Status: januari 2024<\/span><span style=\"color: #000000;\"><strong><br \/>\n<\/strong><\/span><\/p>\n<p>&nbsp;<\/p>\n<p><span style=\"color: #000000;\"><strong>V\u00e5r kontaktinformation:<\/strong><\/span><\/p>\n<p><strong>Finland<\/strong><\/p>\n<p><strong>CARE 4 NORDIC Oy ( ENJO NORDIC)<\/strong><\/p>\n<p>Sein\u00e4joki\/Finland<\/p>\n<p>&nbsp;<\/p>\n<p><strong>Sverige<\/strong><\/p>\n<p><strong>CARE 4 NORDIC FILIAL<\/strong><\/p>\n<p>Stockholm\/Sverige<\/p>\n<p>&nbsp;<\/p>\n<p>Finland &amp; Sverige: +358 44 248 0336<br \/>\noffice@enjo.fi\/office@enjo.se<\/p>\n<p>&nbsp;<\/p>\n<p>&nbsp;<\/p>\n","protected":false},"excerpt":{"rendered":"<p>Allm\u00e4nna f\u00f6rs\u00e4ljnings- och leveransvillkor &nbsp; Allm\u00e4nt Vi arbetar uteslutande enligt v\u00e5ra allm\u00e4nna villkor som g\u00e4ller f\u00f6r denna och alla fortsatta best\u00e4llningar, \u00e4ven om vi inte h\u00e4nvisar till dem uttryckligen. Du samtycker till v\u00e5ra villkor n\u00e4r du g\u00f6r en best\u00e4llning. Eventuella f\u00f6rs\u00e4ljningsvillkor f\u00f6r k\u00f6paren \u00e4r endast giltiga om de har avtalats skriftligt. Priser Priserna i euro\/kr som anges i detta avtal &#8230; <\/p>\n<div><a href=\"https:\/\/www.enjo.com\/se\/leveransservice-villkor\/\" class=\"more-link\">Read More<\/a><\/div>\n","protected":false},"author":295,"featured_media":0,"parent":0,"menu_order":0,"comment_status":"closed","ping_status":"closed","template":"","meta":{"_acf_changed":false,"footnotes":""},"class_list":["post-100390","page","type-page","status-publish","hentry","no-post-thumbnail"],"acf":[],"yoast_head":"<!-- This site is optimized with the Yoast SEO plugin v24.0 - https:\/\/yoast.com\/wordpress\/plugins\/seo\/ -->\n<title>Leveransservice villkor - ENJO<\/title>\n<meta name=\"robots\" content=\"index, follow, max-snippet:-1, max-image-preview:large, max-video-preview:-1\" \/>\n<link rel=\"canonical\" href=\"https:\/\/www.enjo.com\/se\/leveransservice-villkor\/\" \/>\n<meta property=\"og:locale\" content=\"sv_SE\" \/>\n<meta property=\"og:type\" content=\"article\" \/>\n<meta property=\"og:title\" content=\"Leveransservice villkor - ENJO\" \/>\n<meta property=\"og:description\" content=\"Allm\u00e4nna f\u00f6rs\u00e4ljnings- och leveransvillkor &nbsp; Allm\u00e4nt Vi arbetar uteslutande enligt v\u00e5ra allm\u00e4nna villkor som g\u00e4ller f\u00f6r denna och alla fortsatta best\u00e4llningar, \u00e4ven om vi inte h\u00e4nvisar till dem uttryckligen. Du samtycker till v\u00e5ra villkor n\u00e4r du g\u00f6r en best\u00e4llning. Eventuella f\u00f6rs\u00e4ljningsvillkor f\u00f6r k\u00f6paren \u00e4r endast giltiga om de har avtalats skriftligt. Priser Priserna i euro\/kr som anges i detta avtal ... Read More\" \/>\n<meta property=\"og:url\" content=\"https:\/\/www.enjo.com\/se\/leveransservice-villkor\/\" \/>\n<meta property=\"og:site_name\" content=\"ENJO\" \/>\n<meta property=\"article:modified_time\" content=\"2024-01-22T18:36:41+00:00\" \/>\n<meta property=\"og:image\" content=\"https:\/\/www.enjo.com\/wp-content\/uploads\/2023\/10\/social_image.jpg\" \/>\n\t<meta property=\"og:image:width\" content=\"500\" \/>\n\t<meta property=\"og:image:height\" content=\"500\" \/>\n\t<meta property=\"og:image:type\" content=\"image\/jpeg\" \/>\n<meta name=\"twitter:card\" content=\"summary_large_image\" \/>\n<meta name=\"twitter:label1\" content=\"Ber\u00e4knad l\u00e4stid\" \/>\n\t<meta name=\"twitter:data1\" content=\"3 minuter\" \/>\n<script type=\"application\/ld+json\" class=\"yoast-schema-graph\">{\"@context\":\"https:\/\/schema.org\",\"@graph\":[{\"@type\":\"WebPage\",\"@id\":\"https:\/\/www.enjo.com\/se\/leveransservice-villkor\/\",\"url\":\"https:\/\/www.enjo.com\/se\/leveransservice-villkor\/\",\"name\":\"Leveransservice villkor - ENJO\",\"isPartOf\":{\"@id\":\"https:\/\/www.enjo.com\/at-east\/#website\"},\"datePublished\":\"2022-10-25T12:47:12+00:00\",\"dateModified\":\"2024-01-22T18:36:41+00:00\",\"breadcrumb\":{\"@id\":\"https:\/\/www.enjo.com\/se\/leveransservice-villkor\/#breadcrumb\"},\"inLanguage\":\"sv-SE\",\"potentialAction\":[{\"@type\":\"ReadAction\",\"target\":[\"https:\/\/www.enjo.com\/se\/leveransservice-villkor\/\"]}]},{\"@type\":\"BreadcrumbList\",\"@id\":\"https:\/\/www.enjo.com\/se\/leveransservice-villkor\/#breadcrumb\",\"itemListElement\":[{\"@type\":\"ListItem\",\"position\":1,\"name\":\"Home\",\"item\":\"https:\/\/www.enjo.com\/se\/\"},{\"@type\":\"ListItem\",\"position\":2,\"name\":\"Leveransservice villkor\"}]},{\"@type\":\"WebSite\",\"@id\":\"https:\/\/www.enjo.com\/at-east\/#website\",\"url\":\"https:\/\/www.enjo.com\/at-east\/\",\"name\":\"ENJO\",\"description\":\"Clean the World\",\"potentialAction\":[{\"@type\":\"SearchAction\",\"target\":{\"@type\":\"EntryPoint\",\"urlTemplate\":\"https:\/\/www.enjo.com\/at-east\/?s={search_term_string}\"},\"query-input\":{\"@type\":\"PropertyValueSpecification\",\"valueRequired\":true,\"valueName\":\"search_term_string\"}}],\"inLanguage\":\"sv-SE\"}]}<\/script>\n<!-- \/ Yoast SEO plugin. -->","yoast_head_json":{"title":"Leveransservice villkor - ENJO","robots":{"index":"index","follow":"follow","max-snippet":"max-snippet:-1","max-image-preview":"max-image-preview:large","max-video-preview":"max-video-preview:-1"},"canonical":"https:\/\/www.enjo.com\/se\/leveransservice-villkor\/","og_locale":"sv_SE","og_type":"article","og_title":"Leveransservice villkor - ENJO","og_description":"Allm\u00e4nna f\u00f6rs\u00e4ljnings- och leveransvillkor &nbsp; Allm\u00e4nt Vi arbetar uteslutande enligt v\u00e5ra allm\u00e4nna villkor som g\u00e4ller f\u00f6r denna och alla fortsatta best\u00e4llningar, \u00e4ven om vi inte h\u00e4nvisar till dem uttryckligen. Du samtycker till v\u00e5ra villkor n\u00e4r du g\u00f6r en best\u00e4llning. Eventuella f\u00f6rs\u00e4ljningsvillkor f\u00f6r k\u00f6paren \u00e4r endast giltiga om de har avtalats skriftligt. Priser Priserna i euro\/kr som anges i detta avtal ... Read More","og_url":"https:\/\/www.enjo.com\/se\/leveransservice-villkor\/","og_site_name":"ENJO","article_modified_time":"2024-01-22T18:36:41+00:00","og_image":[{"width":500,"height":500,"url":"https:\/\/www.enjo.com\/wp-content\/uploads\/2023\/10\/social_image.jpg","type":"image\/jpeg"}],"twitter_card":"summary_large_image","twitter_misc":{"Ber\u00e4knad l\u00e4stid":"3 minuter"},"schema":{"@context":"https:\/\/schema.org","@graph":[{"@type":"WebPage","@id":"https:\/\/www.enjo.com\/se\/leveransservice-villkor\/","url":"https:\/\/www.enjo.com\/se\/leveransservice-villkor\/","name":"Leveransservice villkor - ENJO","isPartOf":{"@id":"https:\/\/www.enjo.com\/at-east\/#website"},"datePublished":"2022-10-25T12:47:12+00:00","dateModified":"2024-01-22T18:36:41+00:00","breadcrumb":{"@id":"https:\/\/www.enjo.com\/se\/leveransservice-villkor\/#breadcrumb"},"inLanguage":"sv-SE","potentialAction":[{"@type":"ReadAction","target":["https:\/\/www.enjo.com\/se\/leveransservice-villkor\/"]}]},{"@type":"BreadcrumbList","@id":"https:\/\/www.enjo.com\/se\/leveransservice-villkor\/#breadcrumb","itemListElement":[{"@type":"ListItem","position":1,"name":"Home","item":"https:\/\/www.enjo.com\/se\/"},{"@type":"ListItem","position":2,"name":"Leveransservice villkor"}]},{"@type":"WebSite","@id":"https:\/\/www.enjo.com\/at-east\/#website","url":"https:\/\/www.enjo.com\/at-east\/","name":"ENJO","description":"Clean the World","potentialAction":[{"@type":"SearchAction","target":{"@type":"EntryPoint","urlTemplate":"https:\/\/www.enjo.com\/at-east\/?s={search_term_string}"},"query-input":{"@type":"PropertyValueSpecification","valueRequired":true,"valueName":"search_term_string"}}],"inLanguage":"sv-SE"}]}},"_links":{"self":[{"href":"https:\/\/www.enjo.com\/se\/wp-json\/wp\/v2\/pages\/100390","targetHints":{"allow":["GET"]}}],"collection":[{"href":"https:\/\/www.enjo.com\/se\/wp-json\/wp\/v2\/pages"}],"about":[{"href":"https:\/\/www.enjo.com\/se\/wp-json\/wp\/v2\/types\/page"}],"author":[{"embeddable":true,"href":"https:\/\/www.enjo.com\/se\/wp-json\/wp\/v2\/users\/295"}],"replies":[{"embeddable":true,"href":"https:\/\/www.enjo.com\/se\/wp-json\/wp\/v2\/comments?post=100390"}],"version-history":[{"count":10,"href":"https:\/\/www.enjo.com\/se\/wp-json\/wp\/v2\/pages\/100390\/revisions"}],"predecessor-version":[{"id":113342,"href":"https:\/\/www.enjo.com\/se\/wp-json\/wp\/v2\/pages\/100390\/revisions\/113342"}],"wp:attachment":[{"href":"https:\/\/www.enjo.com\/se\/wp-json\/wp\/v2\/media?parent=100390"}],"curies":[{"name":"wp","href":"https:\/\/api.w.org\/{rel}","templated":true}]}}