{"id":109856,"date":"2022-10-25T12:47:12","date_gmt":"2022-10-25T12:47:12","guid":{"rendered":"https:\/\/www.enjo.com\/no-betingelser-og-vilkar\/"},"modified":"2023-10-09T07:25:29","modified_gmt":"2023-10-09T07:25:29","slug":"no-betingelser-og-vilkar","status":"publish","type":"page","link":"https:\/\/www.enjo.com\/nz\/no-betingelser-og-vilkar\/","title":{"rendered":"Leveringsbetingelser"},"content":{"rendered":"<h3><span style=\"color: #000000;\"><strong>Betingelser og vilk\u00e5r<\/strong><\/span><\/h3>\n<p>&nbsp;<\/p>\n<p><span style=\"color: #000000;\"><strong>Firma-informasjon:<\/strong><\/span><br \/>\n<span style=\"color: #000000;\">ENJO Norge AS er import\u00f8r av renholdsprodukter fra \u00d8sterrike, og har drevet med direktesalg i Norge siden 1992 gjennom forhandlere fordelt over hele landet.<\/span><\/p>\n<p><span style=\"color: #000000;\"><strong>Kontakt-informasjon:<\/strong><\/span><br \/>\n<span style=\"color: #000000;\">ENJO Norge AS, Postboks 474 Bedriftssenteret, 1411 Kolbotn<\/span><br \/>\n<span style=\"color: #000000;\">Org.nr. 963 811 020, Tel. 31 29 59 80, office@enjo.no<\/span><\/p>\n<p><span style=\"color: #000000;\"><strong>Priser:<\/strong><\/span><br \/>\n<span style=\"color: #000000;\">Alle priser er i NOK inklusiv MVA. Vi forbeholder oss retten til \u00e5 foreta prisendringer. Slike prisendringer vil bli varslet i forkant og du har rett til \u00e5 heve kontrakten.<\/span><\/p>\n<p><span style=\"color: #000000;\"><strong>Forbehold:<\/strong><\/span><br \/>\n<span style=\"color: #000000;\">Vi tar forbehold om eventuelle trykkfeil. Ta kontakt med oss, hvis du har sp\u00f8rsm\u00e5l. Vi \u00f8nsker \u00e5 gi deg god hjelp og en vellykket handel.<\/span><\/p>\n<p><strong><span style=\"color: #000000;\">Leveranse:<\/span><\/strong><br \/>\n<span style=\"color: #000000;\">Varene sendes mellom den 10. og 15. hver m\u00e5ned i henhold til valgt plan. Vi leverer kun til norske adresser.<\/span><\/p>\n<p><strong><span style=\"color: #000000;\">Frakt:<\/span><\/strong><br \/>\n<span style=\"color: #000000;\">Vi sender varene som Servicepakke som m\u00e5 hentes p\u00e5 postkontoret.<\/span><\/p>\n<p><strong><span style=\"color: #000000;\">Personopplysninger:<\/span><\/strong><br \/>\n<span style=\"color: #000000;\">ENJO Norge AS behandler persondata if\u00f8lge Lov om Personopplysninger. Opplysninger som kan knyttes til deg som person, vil aldri bli gjort tilgjengelig for andre virksomheter eller bli koblet med andre eksterne register.Er kj\u00f8pet gjort via en forhandler vil personopplysninger ogs\u00e5 v\u00e6re tilgjengelig for v\u00e5re samarbeidspartnere (forhandlere).<\/span><\/p>\n<p><strong><span style=\"color: #000000;\">Kanselering:<\/span><\/strong><br \/>\n<span style=\"color: #000000;\">\u00d8nsker du \u00e5 heve kontrakten, ta kontakt med ENJO Norge AS s\u00e5 stopper vi abonnementet for deg. Kontakt ENJO Norge AS p\u00e5 epost: office@enjo.no.<\/span><\/p>\n<p><strong><span style=\"color: #000000;\">Reklamasjon:<\/span><\/strong><br \/>\n<span style=\"color: #000000;\">Dersom det foreligger en mangel ved varen, m\u00e5 du innen rimelig tid etter at du oppdaget den, gi ENJO Norge AS skriftlig beskjed (e-post eller brev). ENJO Norge AS vil da gi deg informasjon om hva du skal gj\u00f8re videre. Reglene om reklamasjon finnes i Lov om forbrukerkj\u00f8p (forbrukerkj\u00f8psloven).<\/span><\/p>\n<p><strong><span style=\"color: #000000;\">Angrerett:<\/span><\/strong><br \/>\n<span style=\"color: #000000;\">Angrefrist gjelder i 30 dager fra du har mottatt varen. Varen m\u00e5 v\u00e6re ubrukt. Angrerettskjema ligger vedlagt i forsendelsen eller kan lastes ned p\u00e5 enjo.no. Vi f\u00f8lger Angrerettloven.<\/span><\/p>\n<p><strong><span style=\"color: #000000;\">Garanti:<\/span><\/strong><br \/>\n<span style=\"color: #000000;\">ENJO Norge AS har to \u00e5rs garanti mot fabrikasjonsfeil p\u00e5 alle produktene.<\/span><\/p>\n<p><strong><span style=\"color: #000000;\">Betaling:<\/span><\/strong><br \/>\n<span style=\"color: #000000;\">Varene betales med faktura. ENJO Norge AS sender fakturaen til kunden via e-post med forfallsfrist p\u00e5 14 dager.<\/span><\/p>\n<p><span data-contrast=\"auto\">Status: Mars 2023<\/span><span data-ccp-props=\"{}\"><br \/>\n<\/span><\/p>\n<p>&nbsp;<\/p>\n<h3><span style=\"color: #000000;\"><strong>ENJO NORGE AS<br \/>\n<\/strong><\/span><\/h3>\n<p>Rosenholmveien 25<br \/>\n1414 Troll\u00e5sen<\/p>\n<p>Tlf. 31295980 | <a href=\"mailto:office@enjo.no\">office@enjo.no<\/a> | <a href=\"http:\/\/www.enjo.no\">www.enjo.no<\/a><\/p>\n<p>Org. nr. NO 963 811 020 MVA<\/p>\n<p>&nbsp;<\/p>\n","protected":false},"excerpt":{"rendered":"<p>Betingelser og vilk\u00e5r &nbsp; Firma-informasjon: ENJO Norge AS er import\u00f8r av renholdsprodukter fra \u00d8sterrike, og har drevet med direktesalg i Norge siden 1992 gjennom forhandlere fordelt over hele landet. Kontakt-informasjon: ENJO Norge AS, Postboks 474 Bedriftssenteret, 1411 Kolbotn Org.nr. 963 811 020, Tel. 31 29 59 80, office@enjo.no Priser: Alle priser er i NOK inklusiv MVA. Vi forbeholder oss retten &#8230; <\/p>\n<div><a href=\"https:\/\/www.enjo.com\/nz\/no-betingelser-og-vilkar\/\" class=\"more-link\">Read More<\/a><\/div>\n","protected":false},"author":295,"featured_media":0,"parent":0,"menu_order":0,"comment_status":"closed","ping_status":"closed","template":"","meta":{"_acf_changed":false,"footnotes":""},"class_list":["post-109856","page","type-page","status-publish","hentry","no-post-thumbnail"],"acf":[],"yoast_head":"<!-- This site is optimized with the Yoast SEO plugin v24.0 - https:\/\/yoast.com\/wordpress\/plugins\/seo\/ -->\n<title>Leveringsbetingelser - ENJO<\/title>\n<meta name=\"robots\" content=\"index, follow, max-snippet:-1, max-image-preview:large, max-video-preview:-1\" \/>\n<link rel=\"canonical\" href=\"https:\/\/www.enjo.com\/nz\/no-betingelser-og-vilkar\/\" \/>\n<meta property=\"og:locale\" content=\"en_US\" \/>\n<meta property=\"og:type\" content=\"article\" \/>\n<meta property=\"og:title\" content=\"Leveringsbetingelser - ENJO\" \/>\n<meta property=\"og:description\" content=\"Betingelser og vilk\u00e5r &nbsp; Firma-informasjon: ENJO Norge AS er import\u00f8r av renholdsprodukter fra \u00d8sterrike, og har drevet med direktesalg i Norge siden 1992 gjennom forhandlere fordelt over hele landet. Kontakt-informasjon: ENJO Norge AS, Postboks 474 Bedriftssenteret, 1411 Kolbotn Org.nr. 963 811 020, Tel. 31 29 59 80, office@enjo.no Priser: Alle priser er i NOK inklusiv MVA. Vi forbeholder oss retten ... Read More\" \/>\n<meta property=\"og:url\" content=\"https:\/\/www.enjo.com\/nz\/no-betingelser-og-vilkar\/\" \/>\n<meta property=\"og:site_name\" content=\"ENJO\" \/>\n<meta property=\"article:modified_time\" content=\"2023-10-09T07:25:29+00:00\" \/>\n<meta property=\"og:image\" content=\"https:\/\/www.enjo.com\/wp-content\/uploads\/2023\/10\/social_image.jpg\" \/>\n\t<meta property=\"og:image:width\" content=\"500\" \/>\n\t<meta property=\"og:image:height\" content=\"500\" \/>\n\t<meta property=\"og:image:type\" content=\"image\/jpeg\" \/>\n<meta name=\"twitter:card\" content=\"summary_large_image\" \/>\n<meta name=\"twitter:label1\" content=\"Est. reading time\" \/>\n\t<meta name=\"twitter:data1\" content=\"2 minutes\" \/>\n<script type=\"application\/ld+json\" class=\"yoast-schema-graph\">{\"@context\":\"https:\/\/schema.org\",\"@graph\":[{\"@type\":\"WebPage\",\"@id\":\"https:\/\/www.enjo.com\/nz\/no-betingelser-og-vilkar\/\",\"url\":\"https:\/\/www.enjo.com\/nz\/no-betingelser-og-vilkar\/\",\"name\":\"Leveringsbetingelser - ENJO\",\"isPartOf\":{\"@id\":\"https:\/\/www.enjo.com\/at-east\/#website\"},\"datePublished\":\"2022-10-25T12:47:12+00:00\",\"dateModified\":\"2023-10-09T07:25:29+00:00\",\"breadcrumb\":{\"@id\":\"https:\/\/www.enjo.com\/nz\/no-betingelser-og-vilkar\/#breadcrumb\"},\"inLanguage\":\"en-NZ\",\"potentialAction\":[{\"@type\":\"ReadAction\",\"target\":[\"https:\/\/www.enjo.com\/nz\/no-betingelser-og-vilkar\/\"]}]},{\"@type\":\"BreadcrumbList\",\"@id\":\"https:\/\/www.enjo.com\/nz\/no-betingelser-og-vilkar\/#breadcrumb\",\"itemListElement\":[{\"@type\":\"ListItem\",\"position\":1,\"name\":\"Home\",\"item\":\"https:\/\/www.enjo.com\/nz\/\"},{\"@type\":\"ListItem\",\"position\":2,\"name\":\"Leveringsbetingelser\"}]},{\"@type\":\"WebSite\",\"@id\":\"https:\/\/www.enjo.com\/at-east\/#website\",\"url\":\"https:\/\/www.enjo.com\/at-east\/\",\"name\":\"ENJO\",\"description\":\"Clean the World\",\"potentialAction\":[{\"@type\":\"SearchAction\",\"target\":{\"@type\":\"EntryPoint\",\"urlTemplate\":\"https:\/\/www.enjo.com\/at-east\/?s={search_term_string}\"},\"query-input\":{\"@type\":\"PropertyValueSpecification\",\"valueRequired\":true,\"valueName\":\"search_term_string\"}}],\"inLanguage\":\"en-NZ\"}]}<\/script>\n<!-- \/ Yoast SEO plugin. -->","yoast_head_json":{"title":"Leveringsbetingelser - ENJO","robots":{"index":"index","follow":"follow","max-snippet":"max-snippet:-1","max-image-preview":"max-image-preview:large","max-video-preview":"max-video-preview:-1"},"canonical":"https:\/\/www.enjo.com\/nz\/no-betingelser-og-vilkar\/","og_locale":"en_US","og_type":"article","og_title":"Leveringsbetingelser - ENJO","og_description":"Betingelser og vilk\u00e5r &nbsp; Firma-informasjon: ENJO Norge AS er import\u00f8r av renholdsprodukter fra \u00d8sterrike, og har drevet med direktesalg i Norge siden 1992 gjennom forhandlere fordelt over hele landet. Kontakt-informasjon: ENJO Norge AS, Postboks 474 Bedriftssenteret, 1411 Kolbotn Org.nr. 963 811 020, Tel. 31 29 59 80, office@enjo.no Priser: Alle priser er i NOK inklusiv MVA. Vi forbeholder oss retten ... Read More","og_url":"https:\/\/www.enjo.com\/nz\/no-betingelser-og-vilkar\/","og_site_name":"ENJO","article_modified_time":"2023-10-09T07:25:29+00:00","og_image":[{"width":500,"height":500,"url":"https:\/\/www.enjo.com\/wp-content\/uploads\/2023\/10\/social_image.jpg","type":"image\/jpeg"}],"twitter_card":"summary_large_image","twitter_misc":{"Est. reading time":"2 minutes"},"schema":{"@context":"https:\/\/schema.org","@graph":[{"@type":"WebPage","@id":"https:\/\/www.enjo.com\/nz\/no-betingelser-og-vilkar\/","url":"https:\/\/www.enjo.com\/nz\/no-betingelser-og-vilkar\/","name":"Leveringsbetingelser - ENJO","isPartOf":{"@id":"https:\/\/www.enjo.com\/at-east\/#website"},"datePublished":"2022-10-25T12:47:12+00:00","dateModified":"2023-10-09T07:25:29+00:00","breadcrumb":{"@id":"https:\/\/www.enjo.com\/nz\/no-betingelser-og-vilkar\/#breadcrumb"},"inLanguage":"en-NZ","potentialAction":[{"@type":"ReadAction","target":["https:\/\/www.enjo.com\/nz\/no-betingelser-og-vilkar\/"]}]},{"@type":"BreadcrumbList","@id":"https:\/\/www.enjo.com\/nz\/no-betingelser-og-vilkar\/#breadcrumb","itemListElement":[{"@type":"ListItem","position":1,"name":"Home","item":"https:\/\/www.enjo.com\/nz\/"},{"@type":"ListItem","position":2,"name":"Leveringsbetingelser"}]},{"@type":"WebSite","@id":"https:\/\/www.enjo.com\/at-east\/#website","url":"https:\/\/www.enjo.com\/at-east\/","name":"ENJO","description":"Clean the World","potentialAction":[{"@type":"SearchAction","target":{"@type":"EntryPoint","urlTemplate":"https:\/\/www.enjo.com\/at-east\/?s={search_term_string}"},"query-input":{"@type":"PropertyValueSpecification","valueRequired":true,"valueName":"search_term_string"}}],"inLanguage":"en-NZ"}]}},"_links":{"self":[{"href":"https:\/\/www.enjo.com\/nz\/wp-json\/wp\/v2\/pages\/109856","targetHints":{"allow":["GET"]}}],"collection":[{"href":"https:\/\/www.enjo.com\/nz\/wp-json\/wp\/v2\/pages"}],"about":[{"href":"https:\/\/www.enjo.com\/nz\/wp-json\/wp\/v2\/types\/page"}],"author":[{"embeddable":true,"href":"https:\/\/www.enjo.com\/nz\/wp-json\/wp\/v2\/users\/295"}],"replies":[{"embeddable":true,"href":"https:\/\/www.enjo.com\/nz\/wp-json\/wp\/v2\/comments?post=109856"}],"version-history":[{"count":1,"href":"https:\/\/www.enjo.com\/nz\/wp-json\/wp\/v2\/pages\/109856\/revisions"}],"predecessor-version":[{"id":109859,"href":"https:\/\/www.enjo.com\/nz\/wp-json\/wp\/v2\/pages\/109856\/revisions\/109859"}],"wp:attachment":[{"href":"https:\/\/www.enjo.com\/nz\/wp-json\/wp\/v2\/media?parent=109856"}],"curies":[{"name":"wp","href":"https:\/\/api.w.org\/{rel}","templated":true}]}}