{"id":108726,"date":"2023-07-04T16:10:14","date_gmt":"2023-07-04T16:10:14","guid":{"rendered":"https:\/\/www.enjo.com\/disclaimer-en\/"},"modified":"2025-09-23T10:47:46","modified_gmt":"2025-09-23T10:47:46","slug":"disclaimer-en","status":"publish","type":"page","link":"https:\/\/www.enjo.com\/no\/disclaimer-en\/","title":{"rendered":"Disclaimer"},"content":{"rendered":"<h2 style=\"text-align: center;\"><strong>ANSVARSFRASKRIVELSE<\/strong><\/h2>\n<p>&nbsp;<\/p>\n<p><strong>Innhold<\/strong><br \/>\nAlt innhold p\u00e5 disse sidene er n\u00f8ye gjennomg\u00e5tt. ENJO Norge AS p\u00e5tar seg imidlertid ikke ansvar for n\u00f8yaktigheten, aktualiteten, fullstendigheten eller kvaliteten p\u00e5 den oppgitte informasjonen.<\/p>\n<p>Krav om erstatning rettet mot ENJO Norge AS, som gjelder materielle eller immaterielle skader som skyldes bruk eller manglende bruk av den oppgitte informasjonen, eller feil og mangler i informasjonen, er utelukket, med mindre det kan p\u00e5vises at ENJO Norge AS har handlet med forsett eller grov uaktsomhet.<\/p>\n<p>ENJO Norge AS forbeholder seg retten til \u00e5 endre deler av eller hele nettsiden, justere, legge til, fjerne eller avslutte hele nettjenesten uten forh\u00e5ndsvarsel.<\/p>\n<p><strong>Bruk av nettsiden<\/strong><br \/>\nENJO Norge AS er ikke ansvarlig for noen skader som oppst\u00e5r ved bruk av denne nettsiden, inkludert direkte, indirekte, tilfeldige, straffende eller f\u00f8lgeskader.<\/p>\n<p>N\u00e5r du bes\u00f8ker ENJO Norge AS&#8217; nettsted, m\u00e5 du ikke publisere, laste opp, distribuere eller p\u00e5 annen m\u00e5te dele innhold som:<br \/>\na) oppfordrer til kriminelle handlinger eller medf\u00f8rer sivilrettslig ansvar,<br \/>\nb) er beskyttet av opphavsrett eller andre immaterielle rettigheter uten tillatelse fra rettighetshaver,<br \/>\nc) bryter loven, inkludert innhold som inneholder skadelig programvare som virus, trojanere eller ormer.<\/p>\n<p><strong>Lenker<\/strong><br \/>\nENJO Norge AS kan tilby hyperkoblinger til tredjeparts nettsider. ENJO Norge AS har ingen kontroll over, st\u00f8tter eller garanterer disse nettsidene. Du godtar at ENJO Norge AS ikke er ansvarlig for innholdet, tjenestene eller produktene som tilbys av tredjeparts nettsider, og heller ikke deres personvernpraksis. Ved \u00e5 bruke slike lenker gj\u00f8r du det p\u00e5 egen risiko, og ENJO Norge AS er ikke ansvarlig for skader som oppst\u00e5r som f\u00f8lge av transaksjoner p\u00e5 tredjeparts nettsider.<\/p>\n<p><strong>Merknad<\/strong><br \/>\nDenne nettsiden bruker Google Analytics, en nettanalysetjeneste levert av Google. Google Analytics bruker informasjonskapsler som lagres p\u00e5 din datamaskin for \u00e5 analysere din bruk av nettsiden. Informasjonen kan overf\u00f8res til Googles servere i USA. Du kan hindre bruken av informasjonskapsler i nettleserinnstillingene dine, men dette kan begrense funksjonaliteten p\u00e5 nettsiden. Ved \u00e5 bruke denne nettsiden godtar du behandlingen av opplysningene dine slik det er beskrevet over.<\/p>\n<p><strong>Opphavsrett<\/strong><br \/>\nENJO Norge AS bestreber seg p\u00e5 \u00e5 respektere opphavsretten i alle publikasjoner. Hvis det likevel oppdages brudd p\u00e5 opphavsretten, vil ENJO Norge AS fjerne innholdet eller gi n\u00f8dvendig kreditering etter varsel.<\/p>\n<p>Alt innhold og domenet <a href=\"http:\/\/www.enjo.com\/no\/\">www.enjo.com\/no\/<\/a> tilh\u00f8rer utelukkende ENJO Norge AS. Kopiering av grafikk, lyd eller tekst til andre elektroniske eller trykte publikasjoner uten tillatelse fra ENJO Norge AS er strengt forbudt.<\/p>\n<p><strong>Juridiske konsekvenser<\/strong><br \/>\nDenne ansvarsfraskrivelsen er en del av nettsiden den er knyttet til. Dersom deler av teksten ikke lenger samsvarer med gjeldende lovgivning, forblir de \u00f8vrige delene gyldige og up\u00e5virket.<\/p>\n<p><strong>Erstatningskrav<\/strong><br \/>\nHvis du er misforn\u00f8yd med ENJO Norge AS&#8217; nettside eller dens retningslinjer, er ditt eneste tilgjengelige middel \u00e5 avslutte bruken av nettsiden.<\/p>\n<p><strong>Lovgivning<\/strong><br \/>\nDenne avtalen er underlagt norsk lovgivning og gjeldende internasjonale lover.<\/p>\n<p><strong>Kontaktinformasjon<\/strong><br \/>\nENJO Norge AS<br \/>\nOrganisasjonsnummer: 963811020<br \/>\nAdresse: <span data-olk-copy-source=\"MessageBody\">c\/o ECIT Services AS<br \/>\n<\/span><span data-olk-copy-source=\"MessageBody\">R\u00e5dhusplassen 29, 1430 \u00c5s<\/span><br \/>\nTelefon: +47 31295980<br \/>\nE-post: office@enjo.no<\/p>\n<p>&nbsp;<\/p>\n<p>&nbsp;<\/p>\n<p style=\"text-align: center;\">\n","protected":false},"excerpt":{"rendered":"<p>ANSVARSFRASKRIVELSE &nbsp; Innhold Alt innhold p\u00e5 disse sidene er n\u00f8ye gjennomg\u00e5tt. ENJO Norge AS p\u00e5tar seg imidlertid ikke ansvar for n\u00f8yaktigheten, aktualiteten, fullstendigheten eller kvaliteten p\u00e5 den oppgitte informasjonen. Krav om erstatning rettet mot ENJO Norge AS, som gjelder materielle eller immaterielle skader som skyldes bruk eller manglende bruk av den oppgitte informasjonen, eller feil og mangler i informasjonen, er &#8230; <\/p>\n<div><a href=\"https:\/\/www.enjo.com\/no\/disclaimer-en\/\" class=\"more-link\">Read More<\/a><\/div>\n","protected":false},"author":294,"featured_media":0,"parent":0,"menu_order":0,"comment_status":"closed","ping_status":"closed","template":"","meta":{"_acf_changed":false,"footnotes":""},"class_list":["post-108726","page","type-page","status-publish","hentry","no-post-thumbnail"],"acf":[],"yoast_head":"<!-- This site is optimized with the Yoast SEO plugin v24.0 - https:\/\/yoast.com\/wordpress\/plugins\/seo\/ -->\n<title>Disclaimer - ENJO<\/title>\n<meta name=\"description\" content=\"The protection of your personal information is important to us. We process your data only in accordance with the law.\" \/>\n<meta name=\"robots\" content=\"index, follow, max-snippet:-1, max-image-preview:large, max-video-preview:-1\" \/>\n<link rel=\"canonical\" href=\"https:\/\/www.enjo.com\/no\/disclaimer-en\/\" \/>\n<meta property=\"og:locale\" content=\"en_US\" \/>\n<meta property=\"og:type\" content=\"article\" \/>\n<meta property=\"og:title\" content=\"Disclaimer - ENJO\" \/>\n<meta property=\"og:description\" content=\"The protection of your personal information is important to us. We process your data only in accordance with the law.\" \/>\n<meta property=\"og:url\" content=\"https:\/\/www.enjo.com\/no\/disclaimer-en\/\" \/>\n<meta property=\"og:site_name\" content=\"ENJO\" \/>\n<meta property=\"article:modified_time\" content=\"2025-09-23T10:47:46+00:00\" \/>\n<meta property=\"og:image\" content=\"https:\/\/www.enjo.com\/wp-content\/uploads\/2023\/10\/social_image.jpg\" \/>\n\t<meta property=\"og:image:width\" content=\"500\" \/>\n\t<meta property=\"og:image:height\" content=\"500\" \/>\n\t<meta property=\"og:image:type\" content=\"image\/jpeg\" \/>\n<meta name=\"twitter:card\" content=\"summary_large_image\" \/>\n<meta name=\"twitter:label1\" content=\"Est. reading time\" \/>\n\t<meta name=\"twitter:data1\" content=\"3 minutes\" \/>\n<script type=\"application\/ld+json\" class=\"yoast-schema-graph\">{\"@context\":\"https:\/\/schema.org\",\"@graph\":[{\"@type\":\"WebPage\",\"@id\":\"https:\/\/www.enjo.com\/no\/disclaimer-en\/\",\"url\":\"https:\/\/www.enjo.com\/no\/disclaimer-en\/\",\"name\":\"Disclaimer - ENJO\",\"isPartOf\":{\"@id\":\"https:\/\/www.enjo.com\/at-east\/#website\"},\"datePublished\":\"2023-07-04T16:10:14+00:00\",\"dateModified\":\"2025-09-23T10:47:46+00:00\",\"description\":\"The protection of your personal information is important to us. We process your data only in accordance with the law.\",\"breadcrumb\":{\"@id\":\"https:\/\/www.enjo.com\/no\/disclaimer-en\/#breadcrumb\"},\"inLanguage\":\"no-BG\",\"potentialAction\":[{\"@type\":\"ReadAction\",\"target\":[\"https:\/\/www.enjo.com\/no\/disclaimer-en\/\"]}]},{\"@type\":\"BreadcrumbList\",\"@id\":\"https:\/\/www.enjo.com\/no\/disclaimer-en\/#breadcrumb\",\"itemListElement\":[{\"@type\":\"ListItem\",\"position\":1,\"name\":\"Home\",\"item\":\"https:\/\/www.enjo.com\/no\/\"},{\"@type\":\"ListItem\",\"position\":2,\"name\":\"Disclaimer\"}]},{\"@type\":\"WebSite\",\"@id\":\"https:\/\/www.enjo.com\/at-east\/#website\",\"url\":\"https:\/\/www.enjo.com\/at-east\/\",\"name\":\"ENJO\",\"description\":\"Clean the World\",\"potentialAction\":[{\"@type\":\"SearchAction\",\"target\":{\"@type\":\"EntryPoint\",\"urlTemplate\":\"https:\/\/www.enjo.com\/at-east\/?s={search_term_string}\"},\"query-input\":{\"@type\":\"PropertyValueSpecification\",\"valueRequired\":true,\"valueName\":\"search_term_string\"}}],\"inLanguage\":\"no-BG\"}]}<\/script>\n<!-- \/ Yoast SEO plugin. -->","yoast_head_json":{"title":"Disclaimer - ENJO","description":"The protection of your personal information is important to us. We process your data only in accordance with the law.","robots":{"index":"index","follow":"follow","max-snippet":"max-snippet:-1","max-image-preview":"max-image-preview:large","max-video-preview":"max-video-preview:-1"},"canonical":"https:\/\/www.enjo.com\/no\/disclaimer-en\/","og_locale":"en_US","og_type":"article","og_title":"Disclaimer - ENJO","og_description":"The protection of your personal information is important to us. We process your data only in accordance with the law.","og_url":"https:\/\/www.enjo.com\/no\/disclaimer-en\/","og_site_name":"ENJO","article_modified_time":"2025-09-23T10:47:46+00:00","og_image":[{"width":500,"height":500,"url":"https:\/\/www.enjo.com\/wp-content\/uploads\/2023\/10\/social_image.jpg","type":"image\/jpeg"}],"twitter_card":"summary_large_image","twitter_misc":{"Est. reading time":"3 minutes"},"schema":{"@context":"https:\/\/schema.org","@graph":[{"@type":"WebPage","@id":"https:\/\/www.enjo.com\/no\/disclaimer-en\/","url":"https:\/\/www.enjo.com\/no\/disclaimer-en\/","name":"Disclaimer - ENJO","isPartOf":{"@id":"https:\/\/www.enjo.com\/at-east\/#website"},"datePublished":"2023-07-04T16:10:14+00:00","dateModified":"2025-09-23T10:47:46+00:00","description":"The protection of your personal information is important to us. We process your data only in accordance with the law.","breadcrumb":{"@id":"https:\/\/www.enjo.com\/no\/disclaimer-en\/#breadcrumb"},"inLanguage":"no-BG","potentialAction":[{"@type":"ReadAction","target":["https:\/\/www.enjo.com\/no\/disclaimer-en\/"]}]},{"@type":"BreadcrumbList","@id":"https:\/\/www.enjo.com\/no\/disclaimer-en\/#breadcrumb","itemListElement":[{"@type":"ListItem","position":1,"name":"Home","item":"https:\/\/www.enjo.com\/no\/"},{"@type":"ListItem","position":2,"name":"Disclaimer"}]},{"@type":"WebSite","@id":"https:\/\/www.enjo.com\/at-east\/#website","url":"https:\/\/www.enjo.com\/at-east\/","name":"ENJO","description":"Clean the World","potentialAction":[{"@type":"SearchAction","target":{"@type":"EntryPoint","urlTemplate":"https:\/\/www.enjo.com\/at-east\/?s={search_term_string}"},"query-input":{"@type":"PropertyValueSpecification","valueRequired":true,"valueName":"search_term_string"}}],"inLanguage":"no-BG"}]}},"_links":{"self":[{"href":"https:\/\/www.enjo.com\/no\/wp-json\/wp\/v2\/pages\/108726","targetHints":{"allow":["GET"]}}],"collection":[{"href":"https:\/\/www.enjo.com\/no\/wp-json\/wp\/v2\/pages"}],"about":[{"href":"https:\/\/www.enjo.com\/no\/wp-json\/wp\/v2\/types\/page"}],"author":[{"embeddable":true,"href":"https:\/\/www.enjo.com\/no\/wp-json\/wp\/v2\/users\/294"}],"replies":[{"embeddable":true,"href":"https:\/\/www.enjo.com\/no\/wp-json\/wp\/v2\/comments?post=108726"}],"version-history":[{"count":6,"href":"https:\/\/www.enjo.com\/no\/wp-json\/wp\/v2\/pages\/108726\/revisions"}],"predecessor-version":[{"id":118589,"href":"https:\/\/www.enjo.com\/no\/wp-json\/wp\/v2\/pages\/108726\/revisions\/118589"}],"wp:attachment":[{"href":"https:\/\/www.enjo.com\/no\/wp-json\/wp\/v2\/media?parent=108726"}],"curies":[{"name":"wp","href":"https:\/\/api.w.org\/{rel}","templated":true}]}}