{"id":106846,"date":"2023-08-22T08:48:29","date_gmt":"2023-08-22T08:48:29","guid":{"rendered":"https:\/\/www.enjo.com\/?page_id=106846"},"modified":"2023-10-19T07:16:24","modified_gmt":"2023-10-19T07:16:24","slug":"enjo-faq","status":"publish","type":"page","link":"https:\/\/www.enjo.com\/no\/enjo-faq\/","title":{"rendered":"ENJO faq"},"content":{"rendered":"","protected":false},"excerpt":{"rendered":"","protected":false},"author":288,"featured_media":0,"parent":0,"menu_order":0,"comment_status":"closed","ping_status":"closed","template":"enjo-page-builder.php","meta":{"_acf_changed":false,"footnotes":""},"class_list":["post-106846","page","type-page","status-publish","hentry","no-post-thumbnail"],"acf":[],"yoast_head":"<!-- This site is optimized with the Yoast SEO plugin v24.0 - https:\/\/yoast.com\/wordpress\/plugins\/seo\/ -->\n<title>ENJO faq - ENJO<\/title>\n<meta name=\"description\" content=\"Her svarer vi p\u00e5 de vanligste sp\u00f8rsm\u00e5lene om produktene v\u00e5re, ENJOlife virksomheten, hvordan du selv kan pr\u00f8ve ENJOproduktene og kj\u00f8pe dem.\" \/>\n<meta name=\"robots\" content=\"index, follow, max-snippet:-1, max-image-preview:large, max-video-preview:-1\" \/>\n<link rel=\"canonical\" href=\"https:\/\/www.enjo.com\/no\/enjo-faq\/\" \/>\n<meta property=\"og:locale\" content=\"en_US\" \/>\n<meta property=\"og:type\" content=\"article\" \/>\n<meta property=\"og:title\" content=\"ENJO faq - ENJO\" \/>\n<meta property=\"og:description\" content=\"Her svarer vi p\u00e5 de vanligste sp\u00f8rsm\u00e5lene om produktene v\u00e5re, ENJOlife virksomheten, hvordan du selv kan pr\u00f8ve ENJOproduktene og kj\u00f8pe dem.\" \/>\n<meta property=\"og:url\" content=\"https:\/\/www.enjo.com\/no\/enjo-faq\/\" \/>\n<meta property=\"og:site_name\" content=\"ENJO\" \/>\n<meta property=\"article:modified_time\" content=\"2023-10-19T07:16:24+00:00\" \/>\n<meta property=\"og:image\" content=\"https:\/\/www.enjo.com\/wp-content\/uploads\/2023\/10\/social_image.jpg\" \/>\n\t<meta property=\"og:image:width\" content=\"500\" \/>\n\t<meta property=\"og:image:height\" content=\"500\" \/>\n\t<meta property=\"og:image:type\" content=\"image\/jpeg\" \/>\n<meta name=\"twitter:card\" content=\"summary_large_image\" \/>\n<script type=\"application\/ld+json\" class=\"yoast-schema-graph\">{\"@context\":\"https:\/\/schema.org\",\"@graph\":[{\"@type\":\"WebPage\",\"@id\":\"https:\/\/www.enjo.com\/no\/enjo-faq\/\",\"url\":\"https:\/\/www.enjo.com\/no\/enjo-faq\/\",\"name\":\"ENJO faq - ENJO\",\"isPartOf\":{\"@id\":\"https:\/\/www.enjo.com\/at-east\/#website\"},\"datePublished\":\"2023-08-22T08:48:29+00:00\",\"dateModified\":\"2023-10-19T07:16:24+00:00\",\"description\":\"Her svarer vi p\u00e5 de vanligste sp\u00f8rsm\u00e5lene om produktene v\u00e5re, ENJOlife virksomheten, hvordan du selv kan pr\u00f8ve ENJOproduktene og kj\u00f8pe dem.\",\"breadcrumb\":{\"@id\":\"https:\/\/www.enjo.com\/no\/enjo-faq\/#breadcrumb\"},\"inLanguage\":\"no-BG\",\"potentialAction\":[{\"@type\":\"ReadAction\",\"target\":[\"https:\/\/www.enjo.com\/no\/enjo-faq\/\"]}]},{\"@type\":\"BreadcrumbList\",\"@id\":\"https:\/\/www.enjo.com\/no\/enjo-faq\/#breadcrumb\",\"itemListElement\":[{\"@type\":\"ListItem\",\"position\":1,\"name\":\"Home\",\"item\":\"https:\/\/www.enjo.com\/no\/\"},{\"@type\":\"ListItem\",\"position\":2,\"name\":\"ENJO faq\"}]},{\"@type\":\"WebSite\",\"@id\":\"https:\/\/www.enjo.com\/at-east\/#website\",\"url\":\"https:\/\/www.enjo.com\/at-east\/\",\"name\":\"ENJO\",\"description\":\"Clean the World\",\"potentialAction\":[{\"@type\":\"SearchAction\",\"target\":{\"@type\":\"EntryPoint\",\"urlTemplate\":\"https:\/\/www.enjo.com\/at-east\/?s={search_term_string}\"},\"query-input\":{\"@type\":\"PropertyValueSpecification\",\"valueRequired\":true,\"valueName\":\"search_term_string\"}}],\"inLanguage\":\"no-BG\"}]}<\/script>\n<!-- \/ Yoast SEO plugin. -->","yoast_head_json":{"title":"ENJO faq - ENJO","description":"Her svarer vi p\u00e5 de vanligste sp\u00f8rsm\u00e5lene om produktene v\u00e5re, ENJOlife virksomheten, hvordan du selv kan pr\u00f8ve ENJOproduktene og kj\u00f8pe dem.","robots":{"index":"index","follow":"follow","max-snippet":"max-snippet:-1","max-image-preview":"max-image-preview:large","max-video-preview":"max-video-preview:-1"},"canonical":"https:\/\/www.enjo.com\/no\/enjo-faq\/","og_locale":"en_US","og_type":"article","og_title":"ENJO faq - ENJO","og_description":"Her svarer vi p\u00e5 de vanligste sp\u00f8rsm\u00e5lene om produktene v\u00e5re, ENJOlife virksomheten, hvordan du selv kan pr\u00f8ve ENJOproduktene og kj\u00f8pe dem.","og_url":"https:\/\/www.enjo.com\/no\/enjo-faq\/","og_site_name":"ENJO","article_modified_time":"2023-10-19T07:16:24+00:00","og_image":[{"width":500,"height":500,"url":"https:\/\/www.enjo.com\/wp-content\/uploads\/2023\/10\/social_image.jpg","type":"image\/jpeg"}],"twitter_card":"summary_large_image","schema":{"@context":"https:\/\/schema.org","@graph":[{"@type":"WebPage","@id":"https:\/\/www.enjo.com\/no\/enjo-faq\/","url":"https:\/\/www.enjo.com\/no\/enjo-faq\/","name":"ENJO faq - ENJO","isPartOf":{"@id":"https:\/\/www.enjo.com\/at-east\/#website"},"datePublished":"2023-08-22T08:48:29+00:00","dateModified":"2023-10-19T07:16:24+00:00","description":"Her svarer vi p\u00e5 de vanligste sp\u00f8rsm\u00e5lene om produktene v\u00e5re, ENJOlife virksomheten, hvordan du selv kan pr\u00f8ve ENJOproduktene og kj\u00f8pe dem.","breadcrumb":{"@id":"https:\/\/www.enjo.com\/no\/enjo-faq\/#breadcrumb"},"inLanguage":"no-BG","potentialAction":[{"@type":"ReadAction","target":["https:\/\/www.enjo.com\/no\/enjo-faq\/"]}]},{"@type":"BreadcrumbList","@id":"https:\/\/www.enjo.com\/no\/enjo-faq\/#breadcrumb","itemListElement":[{"@type":"ListItem","position":1,"name":"Home","item":"https:\/\/www.enjo.com\/no\/"},{"@type":"ListItem","position":2,"name":"ENJO faq"}]},{"@type":"WebSite","@id":"https:\/\/www.enjo.com\/at-east\/#website","url":"https:\/\/www.enjo.com\/at-east\/","name":"ENJO","description":"Clean the World","potentialAction":[{"@type":"SearchAction","target":{"@type":"EntryPoint","urlTemplate":"https:\/\/www.enjo.com\/at-east\/?s={search_term_string}"},"query-input":{"@type":"PropertyValueSpecification","valueRequired":true,"valueName":"search_term_string"}}],"inLanguage":"no-BG"}]}},"_links":{"self":[{"href":"https:\/\/www.enjo.com\/no\/wp-json\/wp\/v2\/pages\/106846","targetHints":{"allow":["GET"]}}],"collection":[{"href":"https:\/\/www.enjo.com\/no\/wp-json\/wp\/v2\/pages"}],"about":[{"href":"https:\/\/www.enjo.com\/no\/wp-json\/wp\/v2\/types\/page"}],"author":[{"embeddable":true,"href":"https:\/\/www.enjo.com\/no\/wp-json\/wp\/v2\/users\/288"}],"replies":[{"embeddable":true,"href":"https:\/\/www.enjo.com\/no\/wp-json\/wp\/v2\/comments?post=106846"}],"version-history":[{"count":9,"href":"https:\/\/www.enjo.com\/no\/wp-json\/wp\/v2\/pages\/106846\/revisions"}],"predecessor-version":[{"id":110376,"href":"https:\/\/www.enjo.com\/no\/wp-json\/wp\/v2\/pages\/106846\/revisions\/110376"}],"wp:attachment":[{"href":"https:\/\/www.enjo.com\/no\/wp-json\/wp\/v2\/media?parent=106846"}],"curies":[{"name":"wp","href":"https:\/\/api.w.org\/{rel}","templated":true}]}}