{"id":100662,"date":"2022-11-21T13:52:12","date_gmt":"2022-11-21T13:52:12","guid":{"rendered":"https:\/\/www.enjo.com\/?page_id=100662"},"modified":"2024-04-11T11:33:49","modified_gmt":"2024-04-11T11:33:49","slug":"privacy-policy-toscanaold","status":"publish","type":"page","link":"https:\/\/www.enjo.com\/it\/privacy-policy-toscanaold\/","title":{"rendered":"Informativea Sulla Privacy Toscana ALT"},"content":{"rendered":"<h3><strong>INFORMATIVA SULLA PRIVACY AI SENSI DEL ART. 13 REGOLAMENTO UE 679\/2016<\/strong><\/h3>\n<p>La presente Informativa \u00e8 resa ai sensi dell\u2019art. 13 del Regolamento UE n. 2016\/679 (di seguito GDPR 2016\/679), al fine di informarLa che i dati personali da Lei forniti formeranno oggetto di trattamento nel rispetto della normativa sopra richiamata e degli obblighi di riservatezza in relazione ai quali \u00e8 responsabile il sig. Stelloni Marco, in qualit\u00e0 di Legale Rappresentante della societ\u00e0 Cleanfor6 S.r.l.<\/p>\n<p><strong>Definizioni<\/strong><br \/>\nAl fine di agevolare la comprensione della presente Informativa, si riportano le seguenti definizioni di cui all\u2019art. 4 Regolamento UE:<br \/>\na) \u201ctrattamento\u201d: qualsiasi operazione o insieme di operazioni, compiute con o senza l\u2019ausilio di processi automatizzati e applicate a dati personali o insiemi di dati personali come la raccolta, la registrazione, l\u2019organizzazione, la strutturazione, la conservazione, l\u2019adattamento o la modifica, l\u2019estrazione, la consultazione, l\u2019uso, la comunicazione mediante trasmissione, diffusione o qualsiasi altra forma di messa a disposizione, il raffronto o l\u2019interconnessione, la limitazione, la cancellazione o la distruzione;<br \/>\nb) \u201cdato personale\u201d: qualsiasi informazione riguardante una persona fisica identificata o identificabile (\u201cInteressato\u201d); si considera identificabile la persona fisica che pu\u00f2 essere identificata, direttamente o indirettamente, con particolare riferimento a un identificativo come il nome, un numero di identificazione, dati relativi all\u2019ubicazione, un identificativo online o a uno o pi\u00f9 elementi caratteristici della sua identit\u00e0 fisica, fisiologica, genetica, psichica, economica, culturale o sociale;<br \/>\nc) \u201ctitolare del trattamento\u201d: la persona fisica o giuridica, l\u2019autorit\u00e0 pubblica, il servizio o altro organismo che, singolarmente o insieme ad altri, determina le finalit\u00e0 ed i mezzi del trattamento dei dati personali;<br \/>\nd) \u201cresponsabile del trattamento\u201d: la persona fisica o giuridica, l\u2019autorit\u00e0 pubblica, il servizio o altro organismo che tratta dati personali per conto del Titolare.<\/p>\n<p><strong>Titolare del trattamento<\/strong><br \/>\nAi sensi dell\u2019art. 4 n. 7 del Regolamento UE 679\/2016, il Titolare del trattamento dei dati personali \u00e8 il sig. Stelloni Marco, quale Legale Rappresentante della societ\u00e0 Cleanfor6 S.r.l., con sede legale in Prato, via Ettore Sambo n. 2, P.E.C. <a href=\"mailto:cleanfor6srl@legalmail.it\">cleanfor6srl@legalmail.it<\/a>.<\/p>\n<p><strong>Luogo del trattamento<\/strong><br \/>\nIl trattamento dei dati si svolger\u00e0 presso la Sede Legale della Societ\u00e0 Cleanfor6 S.r.l. sita in Prato (PO) 59100, via Ettore Sambo n.2.<\/p>\n<p><strong>Base giuridica del trattamento<\/strong><br \/>\nI Suoi dati saranno trattati lecitamente laddove il trattamento:<br \/>\n&#8211; sia necessario per l\u2019esecuzione dell\u2019ordine al quale la presente informativa \u00e8 allegata;<br \/>\n&#8211; sia necessario per adempiere ad un obbligo di legge gravante sulla nostro societ\u00e0;<br \/>\n&#8211; sia basato sul consenso espresso.<\/p>\n<p><strong>Modalit\u00e0 del trattamento<\/strong><br \/>\nI dati verranno trattati conformemente alle disposizioni della normativa sopra richiamata e degli obblighi di riservatezza ivi previsti.<br \/>\nOgni trattamento avviene nel rispetto delle modalit\u00e0 di cui agli artt. 6 e 32 del Regolamento UE e mediante l&#8217;adozione delle adeguate misure di sicurezza ivi previste.<br \/>\nNello specifico, il trattamento potr\u00e0 avvenire:<br \/>\n&#8211; in modalit\u00e0 digitale a mezzo di calcolatori elettronici;<br \/>\n&#8211; in modalit\u00e0 cartacea a mezzo di archivi.<\/p>\n<p><strong>Finalit\u00e0 di trattamento<\/strong><br \/>\nI dati personali saranno trattati ed utilizzati ai fini dello svolgimento dell\u2019incarico di fornitura dei prodotti ENJO conferito con l\u2019ordine sottoscritto in data odierna.<br \/>\nI dati verranno trattati, altres\u00ec, per le finalit\u00e0 connesse all&#8217;attuazione degli adempimenti relativi ad obblighi normativi.<br \/>\nIl trattamento dei dati personali si rende necessario per una corretta gestione del rapporto ed il loro conferimento \u00e8 obbligatorio per attuare le finalit\u00e0 sopra indicate. Il Titolare avvisa, inoltre, che l&#8217;eventuale non comunicazione, o comunicazione errata di una delle informazioni obbligatorie, pu\u00f2 causare l&#8217;impossibilit\u00e0, da parte del Titolare, di garantire la congruit\u00e0 del trattamento stesso.<\/p>\n<p><strong>Comunicazione<\/strong><br \/>\nI Suoi dati potranno essere comunicati a terzi debitamente nominati nell&#8217;ambito di soggetti pubblici e\/o privati nei confronti dei quali la comunicazione dei dati \u00e8 obbligatoria o necessaria in adempimento ad obblighi di legge o sia comunque funzionale alla gestione dell\u2019incarico di fornitura dei prodotti odinati.<br \/>\nI dati personali potranno essere comunicati, altres\u00ec, alle persone autorizzate dal Titolare del trattamento appartenenti alla nostra societ\u00e0, sia amministratori che dipendenti o collaboratori, anche esterni.<\/p>\n<p><strong>Diffusione e profilazione<\/strong><br \/>\nI Suoi dati personali non sono soggetti a diffusione n\u00e9 ad alcun processo decisionale interamente automatizzato, ivi compresa la profilazione.<\/p>\n<p><strong>Periodo di conservazione<\/strong><br \/>\nNel rispetto dei principi di liceit\u00e0, limitazione delle finalit\u00e0 e minimizzazione dei dati, ai sensi dell\u2019art. 5 lett. e) del Regolamento UE, il periodo di conservazione dei dati personali \u00e8:<br \/>\n&#8211; stabilito per un arco di tempo non superiore al conseguimento delle finalit\u00e0 per le quali sono raccolti e trattati per l&#8217;esecuzione del rapporto;<br \/>\n&#8211; stabilito, in ogni caso, nel rispetto dei tempi prescritti dalla legge.<\/p>\n<p><strong>Categorie particolari di dati personali<\/strong><br \/>\nAi sensi degli articoli 9 e 10 del Regolamento UE n. 2016\/679, Lei potrebbe conferire dati qualificabili come \u201ccategorie particolari di dati personali\u201d e cio\u00e8 quei dati che rivelano \u201cl\u2019origine razziale o etnica, le opinioni politiche, le convinzioni religiose o filosofiche, o l\u2019appartenenza sindacale, nonch\u00e9 trattare dati genetici, dati biometrici intesi a identificare in modo univoco una persona fisica, dati relativi alla salute o alla vita sessuale o all\u2019orientamento sessuale della persona\u201d ovvero l\u2019esistenza di condanne penali o reati. Tali categorie di dati saranno trattati solo previo Suo libero ed esplicito consenso, manifestato in forma scritta in calce alla presente informativa.<\/p>\n<p><strong>Diritti dell\u2019interessato<\/strong><br \/>\nIn ogni momento Lei potr\u00e0 esercitare i diritti di cui agli artt. 15-21 del Regolamento UE. In particolare, potr\u00e0<br \/>\na) chiedere l\u2019accesso ai Suoi dati personali e alle informazioni relative agli stessi;<br \/>\nb) ottenere le indicazioni circa le finalit\u00e0 del trattamento, le categorie dei dati personali, i destinatari o le categorie di destinatari a cui i dati personali sono stati o saranno comunicati e, quando possibile, il periodo di conservazione;<br \/>\nc) ottenere la rettifica e la cancellazione dei dati;<br \/>\nd) ottenere la limitazione del trattamento;<br \/>\ne) ottenere la portabilit\u00e0 dei dati, ossia riceverli da un titolare del trattamento, in un formato strutturato, di uso comune e leggibile da dispositivo automatico, e trasmetterli ad un altro titolare del trattamento senza impedimenti;<br \/>\nf) opporsi al trattamento in qualsiasi momento ed anche nel caso di trattamento per finalit\u00e0 di marketing diretto;<br \/>\ng) opporsi ad un processo decisionale automatizzato relativo alle persone fisiche, compresa la profilazione;<br \/>\nh) revocare il consenso in qualsiasi momento senza pregiudicare la liceit\u00e0 del trattamento basata sul consenso prestato prima della revoca;<br \/>\ni) proporre reclamo a un\u2019autorit\u00e0 di controllo.<\/p>\n<p>Le richieste dovranno, pertanto, pervenire alla societ\u00e0 Cleanfor6 S.r.l. in persona del Presidente del Consiglio di Amministrazione sig. Stelloni Marco, via Ettore Sambo n. 2, 59100 \u2013 Prato (PO), P.E.C. <a href=\"mailto:cleanfor6srl@legalmail.it\">cleanfor6srl@legalmail.it<\/a>.<\/p>\n<p><strong>Reclamo al Garante Privacy<\/strong><br \/>\nL\u2019interessato pu\u00f2 proporre reclamo dinanzi l\u2019Autorit\u00e0 Garante Privacy contattabile al sito web <a href=\"http:\/\/www.garanteprivacy.it\/\">http:\/\/www.garanteprivacy.it\/<\/a>.<\/p>\n<p>&nbsp;<\/p>\n<p>Il Titolare del trattamento<br \/>\np. Cleanfor6 S.r.l.<br \/>\nMarco Stelloni<\/p>\n<p>&nbsp;<\/p>\n<p>________<\/p>\n<p>&nbsp;<\/p>\n<p>ITALIA \u2013 ENJO TOSCANA<br \/>\nCleanfor6 SRL<\/p>\n<p>Via E. Sambo 2, 59100 Prato (PO)<\/p>\n<p>Telefono: +39 347 418 12 99<br \/>\n<a href=\"mailto:ilaria.salvadori@it.enjo.com\">ilaria.salvadori@it.enjo.com<\/a><\/p>\n<p>&nbsp;<\/p>\n","protected":false},"excerpt":{"rendered":"<p>INFORMATIVA SULLA PRIVACY AI SENSI DEL ART. 13 REGOLAMENTO UE 679\/2016 La presente Informativa \u00e8 resa ai sensi dell\u2019art. 13 del Regolamento UE n. 2016\/679 (di seguito GDPR 2016\/679), al fine di informarLa che i dati personali da Lei forniti formeranno oggetto di trattamento nel rispetto della normativa sopra richiamata e degli obblighi di riservatezza in relazione ai quali \u00e8 &#8230; <\/p>\n<div><a href=\"https:\/\/www.enjo.com\/it\/privacy-policy-toscanaold\/\" class=\"more-link\">Read More<\/a><\/div>\n","protected":false},"author":295,"featured_media":0,"parent":0,"menu_order":0,"comment_status":"closed","ping_status":"closed","template":"","meta":{"_acf_changed":false,"footnotes":""},"class_list":["post-100662","page","type-page","status-publish","hentry","no-post-thumbnail"],"acf":[],"yoast_head":"<!-- This site is optimized with the Yoast SEO plugin v24.0 - https:\/\/yoast.com\/wordpress\/plugins\/seo\/ -->\n<title>Informativea Sulla Privacy Toscana ALT - ENJO<\/title>\n<meta name=\"robots\" content=\"index, follow, max-snippet:-1, max-image-preview:large, max-video-preview:-1\" \/>\n<link rel=\"canonical\" href=\"https:\/\/www.enjo.com\/it\/privacy-policy-toscanaold\/\" \/>\n<meta property=\"og:locale\" content=\"it_IT\" \/>\n<meta property=\"og:type\" content=\"article\" \/>\n<meta property=\"og:title\" content=\"Informativea Sulla Privacy Toscana ALT - ENJO\" \/>\n<meta property=\"og:description\" content=\"INFORMATIVA SULLA PRIVACY AI SENSI DEL ART. 13 REGOLAMENTO UE 679\/2016 La presente Informativa \u00e8 resa ai sensi dell\u2019art. 13 del Regolamento UE n. 2016\/679 (di seguito GDPR 2016\/679), al fine di informarLa che i dati personali da Lei forniti formeranno oggetto di trattamento nel rispetto della normativa sopra richiamata e degli obblighi di riservatezza in relazione ai quali \u00e8 ... Read More\" \/>\n<meta property=\"og:url\" content=\"https:\/\/www.enjo.com\/it\/privacy-policy-toscanaold\/\" \/>\n<meta property=\"og:site_name\" content=\"ENJO\" \/>\n<meta property=\"article:modified_time\" content=\"2024-04-11T11:33:49+00:00\" \/>\n<meta property=\"og:image\" content=\"https:\/\/www.enjo.com\/wp-content\/uploads\/2023\/10\/social_image.jpg\" \/>\n\t<meta property=\"og:image:width\" content=\"500\" \/>\n\t<meta property=\"og:image:height\" content=\"500\" \/>\n\t<meta property=\"og:image:type\" content=\"image\/jpeg\" \/>\n<meta name=\"twitter:card\" content=\"summary_large_image\" \/>\n<meta name=\"twitter:label1\" content=\"Tempo di lettura stimato\" \/>\n\t<meta name=\"twitter:data1\" content=\"7 minuti\" \/>\n<script type=\"application\/ld+json\" class=\"yoast-schema-graph\">{\"@context\":\"https:\/\/schema.org\",\"@graph\":[{\"@type\":\"WebPage\",\"@id\":\"https:\/\/www.enjo.com\/it\/privacy-policy-toscanaold\/\",\"url\":\"https:\/\/www.enjo.com\/it\/privacy-policy-toscanaold\/\",\"name\":\"Informativea Sulla Privacy Toscana ALT - ENJO\",\"isPartOf\":{\"@id\":\"https:\/\/www.enjo.com\/at-east\/#website\"},\"datePublished\":\"2022-11-21T13:52:12+00:00\",\"dateModified\":\"2024-04-11T11:33:49+00:00\",\"breadcrumb\":{\"@id\":\"https:\/\/www.enjo.com\/it\/privacy-policy-toscanaold\/#breadcrumb\"},\"inLanguage\":\"it-IT\",\"potentialAction\":[{\"@type\":\"ReadAction\",\"target\":[\"https:\/\/www.enjo.com\/it\/privacy-policy-toscanaold\/\"]}]},{\"@type\":\"BreadcrumbList\",\"@id\":\"https:\/\/www.enjo.com\/it\/privacy-policy-toscanaold\/#breadcrumb\",\"itemListElement\":[{\"@type\":\"ListItem\",\"position\":1,\"name\":\"Home\",\"item\":\"https:\/\/www.enjo.com\/it\/\"},{\"@type\":\"ListItem\",\"position\":2,\"name\":\"Informativea Sulla Privacy Toscana ALT\"}]},{\"@type\":\"WebSite\",\"@id\":\"https:\/\/www.enjo.com\/at-east\/#website\",\"url\":\"https:\/\/www.enjo.com\/at-east\/\",\"name\":\"ENJO\",\"description\":\"Clean the World\",\"potentialAction\":[{\"@type\":\"SearchAction\",\"target\":{\"@type\":\"EntryPoint\",\"urlTemplate\":\"https:\/\/www.enjo.com\/at-east\/?s={search_term_string}\"},\"query-input\":{\"@type\":\"PropertyValueSpecification\",\"valueRequired\":true,\"valueName\":\"search_term_string\"}}],\"inLanguage\":\"it-IT\"}]}<\/script>\n<!-- \/ Yoast SEO plugin. -->","yoast_head_json":{"title":"Informativea Sulla Privacy Toscana ALT - ENJO","robots":{"index":"index","follow":"follow","max-snippet":"max-snippet:-1","max-image-preview":"max-image-preview:large","max-video-preview":"max-video-preview:-1"},"canonical":"https:\/\/www.enjo.com\/it\/privacy-policy-toscanaold\/","og_locale":"it_IT","og_type":"article","og_title":"Informativea Sulla Privacy Toscana ALT - ENJO","og_description":"INFORMATIVA SULLA PRIVACY AI SENSI DEL ART. 13 REGOLAMENTO UE 679\/2016 La presente Informativa \u00e8 resa ai sensi dell\u2019art. 13 del Regolamento UE n. 2016\/679 (di seguito GDPR 2016\/679), al fine di informarLa che i dati personali da Lei forniti formeranno oggetto di trattamento nel rispetto della normativa sopra richiamata e degli obblighi di riservatezza in relazione ai quali \u00e8 ... Read More","og_url":"https:\/\/www.enjo.com\/it\/privacy-policy-toscanaold\/","og_site_name":"ENJO","article_modified_time":"2024-04-11T11:33:49+00:00","og_image":[{"width":500,"height":500,"url":"https:\/\/www.enjo.com\/wp-content\/uploads\/2023\/10\/social_image.jpg","type":"image\/jpeg"}],"twitter_card":"summary_large_image","twitter_misc":{"Tempo di lettura stimato":"7 minuti"},"schema":{"@context":"https:\/\/schema.org","@graph":[{"@type":"WebPage","@id":"https:\/\/www.enjo.com\/it\/privacy-policy-toscanaold\/","url":"https:\/\/www.enjo.com\/it\/privacy-policy-toscanaold\/","name":"Informativea Sulla Privacy Toscana ALT - ENJO","isPartOf":{"@id":"https:\/\/www.enjo.com\/at-east\/#website"},"datePublished":"2022-11-21T13:52:12+00:00","dateModified":"2024-04-11T11:33:49+00:00","breadcrumb":{"@id":"https:\/\/www.enjo.com\/it\/privacy-policy-toscanaold\/#breadcrumb"},"inLanguage":"it-IT","potentialAction":[{"@type":"ReadAction","target":["https:\/\/www.enjo.com\/it\/privacy-policy-toscanaold\/"]}]},{"@type":"BreadcrumbList","@id":"https:\/\/www.enjo.com\/it\/privacy-policy-toscanaold\/#breadcrumb","itemListElement":[{"@type":"ListItem","position":1,"name":"Home","item":"https:\/\/www.enjo.com\/it\/"},{"@type":"ListItem","position":2,"name":"Informativea Sulla Privacy Toscana ALT"}]},{"@type":"WebSite","@id":"https:\/\/www.enjo.com\/at-east\/#website","url":"https:\/\/www.enjo.com\/at-east\/","name":"ENJO","description":"Clean the World","potentialAction":[{"@type":"SearchAction","target":{"@type":"EntryPoint","urlTemplate":"https:\/\/www.enjo.com\/at-east\/?s={search_term_string}"},"query-input":{"@type":"PropertyValueSpecification","valueRequired":true,"valueName":"search_term_string"}}],"inLanguage":"it-IT"}]}},"_links":{"self":[{"href":"https:\/\/www.enjo.com\/it\/wp-json\/wp\/v2\/pages\/100662","targetHints":{"allow":["GET"]}}],"collection":[{"href":"https:\/\/www.enjo.com\/it\/wp-json\/wp\/v2\/pages"}],"about":[{"href":"https:\/\/www.enjo.com\/it\/wp-json\/wp\/v2\/types\/page"}],"author":[{"embeddable":true,"href":"https:\/\/www.enjo.com\/it\/wp-json\/wp\/v2\/users\/295"}],"replies":[{"embeddable":true,"href":"https:\/\/www.enjo.com\/it\/wp-json\/wp\/v2\/comments?post=100662"}],"version-history":[{"count":2,"href":"https:\/\/www.enjo.com\/it\/wp-json\/wp\/v2\/pages\/100662\/revisions"}],"predecessor-version":[{"id":114007,"href":"https:\/\/www.enjo.com\/it\/wp-json\/wp\/v2\/pages\/100662\/revisions\/114007"}],"wp:attachment":[{"href":"https:\/\/www.enjo.com\/it\/wp-json\/wp\/v2\/media?parent=100662"}],"curies":[{"name":"wp","href":"https:\/\/api.w.org\/{rel}","templated":true}]}}