{"id":4982,"date":"2016-10-12T13:47:58","date_gmt":"2016-10-12T13:47:58","guid":{"rendered":"https:\/\/www.enjo.com\/impressum\/"},"modified":"2017-11-15T09:16:56","modified_gmt":"2017-11-15T09:16:56","slug":"disclaimer","status":"publish","type":"page","link":"https:\/\/www.enjo.com\/is\/disclaimer\/","title":{"rendered":"Disclaimer"},"content":{"rendered":"<p><strong>Contents<br \/>\n<\/strong>All contents of these pages were thoroughly edited and checked. ENJO \u00e1 \u00cdslandi however takes no responsibility for the correctness, topicality, completeness and quality of the information provided.<br \/>\nLiability Claims against ENJO \u00e1 \u00cdslandi, which refer to material or imaginary damages, which were caused by using or not using the information provided or by faulty and incomplete information, are strictly excluded, provided that on the part of ENJO \u00e1 \u00cdslandi exists no traceable deliberately or grossly negligent fault.<br \/>\nENJO \u00e1 \u00cdslandi explicitly reserves the right to change parts, or the whole page, alter, amend, delete or discontinue the whole online presence without prior announcement.<\/p>\n<p><strong>Links<\/strong><br \/>\nProvided that ENJO \u00e1 \u00cdslandi refers directly or indirectly to third party homepages (\u201cLinks\u201d), ENJO \u00e1 \u00cdslandi is liable only, if they have exact knowledge and if it is technically possible and reasonable for them to prevent any use in case of unlawful contents.<br \/>\nENJO \u00e1 \u00cdslandi hereby declares explicitly, that at the time of setting the links the linked pages did not contain any illegal information. ENJO \u00e1 \u00cdslandi has no influence on the actual, and future content of the linked pages. ENJO \u00e1 \u00cdslandi therefore explicitly distance themselves of all the changes made in the linked pages after setting the links. This also applies to third person entries in guest books, discussion forums and mailing lists, which ENJO \u00e1 \u00cdslandi set up.<br \/>\nENJO \u00e1 \u00cdslandi is not responsible for the contents, availability, accuracy and preciseness of the linked pages, neither their offers, links or advertising banners ENJO \u00e1 \u00cdslandi is not liable for illegal, defective or incomplete contents and particularly not for damages, which are caused by using or not using the information provided on the linked pages.<br \/>\nENJO International aims to consider prevailing copyrights in all publications. If it should come to a copyright infringement anyway, ENJO International will, after notification, remove or mark the respective object with the adequate copyright information. All within the ENJO International homepage mentioned brands and trademarks are trademarks or registered trademarks of the respective owners. Copyrights for ENJO International&#8217;s contents or the domain www.enjo.com are solely entitled to ENJO International. Duplication of graphics, sounds or texts in other electronic or printed publications without formal approval of ENJO YOUR International is strictly forbidden.<\/p>\n<p><strong>Copyright<\/strong><br \/>\nENJO \u00e1 \u00cdslandi aims to consider prevailing copyrights in all publications. If it should come to a copyright infringement anyway, ENJO \u00e1 \u00cdslandi will, after notification, remove or mark the respective object with the adequate copyright information. All within the ENJO \u00c1 \u00cdSLANDIhomepage mentioned brands and trademarks are trademarks or registered trademarks of the respective owners.<br \/>\nCopyrights for ENJO YOUR COUNTRY\u2019s contents or the domain www.enjo.net are solely entitled to ENJO YOUR COUNTRY. Duplication of graphics, sounds or texts in other electronic or printed publications without formal approval of ENJO \u00c1 \u00cdSLANDIis strictly forbidden.<\/p>\n<p><strong>Notice<\/strong><br \/>\nThis website uses Google Analytics, a web analytics service provided by Google, Inc. (&#8222;Google&#8220;). Google Analytics uses cookies which are text files stored on your computer to help analyse your use of the website. The information generated by the cookie about your use of this website (including your IP address) will be transmitted to a Google server in the USA and stored there. Google will use this information for the purpose of evaluating your use of the website, compiling reports on website activities for website operators and providing other services relating to website activity and internet usage. Google may also transfer this information to third parties where this is required by law or insofar as third parties process this data on behalf of Google. Google will never associate your IP address with any other data held by Google. You may refuse the installation of cookies by selecting the appropriate settings on your browser; however please note that if you do so you may not be able to use the full functionality of this website. By using this website you consent to the processing by Google of data relating to you in the manner and for the purposes mentioned above.<br \/>\nAs a user of this website you hereby acknowledge that the operator of this website, their vicarious agents, their representatives, associated companies, chief executives, managerial staff, employees and their shareholders accept no liability in connection with the obtaining, transmission, processing and analysis of the above-mentioned data for which reason no claims for compensation can be asserted against these natural persons and legal entities.<\/p>\n<p><strong>Legal effects<\/strong><br \/>\nThis disclaimer is to be seen as part of the internet presence, which linked to this page. Should parts or single formulations not or not anymore completely apply to the prevailing legal position, the other parts of the document stay untouched in respect of their contents and validity.<\/p>\n<p>ENJO \u00e1 \u00cdslandi ehf<br \/>\nReykjav\u00edkurvegur 64<br \/>\n220 Hafnarfjordur<br \/>\nIceland<\/p>\n<p>Phone: +354 (5) 55 15 15<br \/>\nEmail: <a href=\"mailto:office@is.enjo.com\">office@is.enjo.com<\/a><\/p>\n<p><script src=\"https:\/\/www.schalk-and-friends.de\/snippets\/impressum\/schalk-and-friends-impressum.php?lang=en\" type=\"text\/javascript\" charset=\"utf-8\" id=\"schalk-and-friends-script\"><\/script><\/p>\n","protected":false},"excerpt":{"rendered":"<p>Contents All contents of these pages were thoroughly edited and checked. ENJO \u00e1 \u00cdslandi however takes no responsibility for the correctness, topicality, completeness and quality of the information provided. Liability Claims against ENJO \u00e1 \u00cdslandi, which refer to material or imaginary damages, which were caused by using or not using the information provided or by faulty and incomplete information, are &#8230; <\/p>\n<div><a href=\"https:\/\/www.enjo.com\/is\/disclaimer\/\" class=\"more-link\">Read More<\/a><\/div>\n","protected":false},"author":14,"featured_media":0,"parent":0,"menu_order":0,"comment_status":"closed","ping_status":"closed","template":"","meta":{"_acf_changed":false,"footnotes":""},"class_list":["post-4982","page","type-page","status-publish","hentry","no-post-thumbnail"],"acf":[],"yoast_head":"<!-- This site is optimized with the Yoast SEO plugin v24.0 - https:\/\/yoast.com\/wordpress\/plugins\/seo\/ -->\n<title>Disclaimer - ENJO<\/title>\n<meta name=\"robots\" content=\"index, follow, max-snippet:-1, max-image-preview:large, max-video-preview:-1\" \/>\n<link rel=\"canonical\" href=\"https:\/\/www.enjo.com\/is\/disclaimer\/\" \/>\n<meta property=\"og:locale\" content=\"is_IS\" \/>\n<meta property=\"og:type\" content=\"article\" \/>\n<meta property=\"og:title\" content=\"Disclaimer - ENJO\" \/>\n<meta property=\"og:description\" content=\"Contents All contents of these pages were thoroughly edited and checked. ENJO \u00e1 \u00cdslandi however takes no responsibility for the correctness, topicality, completeness and quality of the information provided. Liability Claims against ENJO \u00e1 \u00cdslandi, which refer to material or imaginary damages, which were caused by using or not using the information provided or by faulty and incomplete information, are ... Read More\" \/>\n<meta property=\"og:url\" content=\"https:\/\/www.enjo.com\/is\/disclaimer\/\" \/>\n<meta property=\"og:site_name\" content=\"ENJO\" \/>\n<meta property=\"article:modified_time\" content=\"2017-11-15T09:16:56+00:00\" \/>\n<meta property=\"og:image\" content=\"https:\/\/www.enjo.com\/wp-content\/uploads\/2023\/10\/social_image.jpg\" \/>\n\t<meta property=\"og:image:width\" content=\"500\" \/>\n\t<meta property=\"og:image:height\" content=\"500\" \/>\n\t<meta property=\"og:image:type\" content=\"image\/jpeg\" \/>\n<meta name=\"twitter:card\" content=\"summary_large_image\" \/>\n<meta name=\"twitter:label1\" content=\"Est. reading time\" \/>\n\t<meta name=\"twitter:data1\" content=\"4 minutes\" \/>\n<script type=\"application\/ld+json\" class=\"yoast-schema-graph\">{\"@context\":\"https:\/\/schema.org\",\"@graph\":[{\"@type\":\"WebPage\",\"@id\":\"https:\/\/www.enjo.com\/is\/disclaimer\/\",\"url\":\"https:\/\/www.enjo.com\/is\/disclaimer\/\",\"name\":\"Disclaimer - ENJO\",\"isPartOf\":{\"@id\":\"https:\/\/www.enjo.com\/at-east\/#website\"},\"datePublished\":\"2016-10-12T13:47:58+00:00\",\"dateModified\":\"2017-11-15T09:16:56+00:00\",\"breadcrumb\":{\"@id\":\"https:\/\/www.enjo.com\/is\/disclaimer\/#breadcrumb\"},\"inLanguage\":\"is\",\"potentialAction\":[{\"@type\":\"ReadAction\",\"target\":[\"https:\/\/www.enjo.com\/is\/disclaimer\/\"]}]},{\"@type\":\"BreadcrumbList\",\"@id\":\"https:\/\/www.enjo.com\/is\/disclaimer\/#breadcrumb\",\"itemListElement\":[{\"@type\":\"ListItem\",\"position\":1,\"name\":\"Home\",\"item\":\"https:\/\/www.enjo.com\/is\/\"},{\"@type\":\"ListItem\",\"position\":2,\"name\":\"Disclaimer\"}]},{\"@type\":\"WebSite\",\"@id\":\"https:\/\/www.enjo.com\/at-east\/#website\",\"url\":\"https:\/\/www.enjo.com\/at-east\/\",\"name\":\"ENJO\",\"description\":\"Clean the World\",\"potentialAction\":[{\"@type\":\"SearchAction\",\"target\":{\"@type\":\"EntryPoint\",\"urlTemplate\":\"https:\/\/www.enjo.com\/at-east\/?s={search_term_string}\"},\"query-input\":{\"@type\":\"PropertyValueSpecification\",\"valueRequired\":true,\"valueName\":\"search_term_string\"}}],\"inLanguage\":\"is\"}]}<\/script>\n<!-- \/ Yoast SEO plugin. -->","yoast_head_json":{"title":"Disclaimer - ENJO","robots":{"index":"index","follow":"follow","max-snippet":"max-snippet:-1","max-image-preview":"max-image-preview:large","max-video-preview":"max-video-preview:-1"},"canonical":"https:\/\/www.enjo.com\/is\/disclaimer\/","og_locale":"is_IS","og_type":"article","og_title":"Disclaimer - ENJO","og_description":"Contents All contents of these pages were thoroughly edited and checked. ENJO \u00e1 \u00cdslandi however takes no responsibility for the correctness, topicality, completeness and quality of the information provided. Liability Claims against ENJO \u00e1 \u00cdslandi, which refer to material or imaginary damages, which were caused by using or not using the information provided or by faulty and incomplete information, are ... Read More","og_url":"https:\/\/www.enjo.com\/is\/disclaimer\/","og_site_name":"ENJO","article_modified_time":"2017-11-15T09:16:56+00:00","og_image":[{"width":500,"height":500,"url":"https:\/\/www.enjo.com\/wp-content\/uploads\/2023\/10\/social_image.jpg","type":"image\/jpeg"}],"twitter_card":"summary_large_image","twitter_misc":{"Est. reading time":"4 minutes"},"schema":{"@context":"https:\/\/schema.org","@graph":[{"@type":"WebPage","@id":"https:\/\/www.enjo.com\/is\/disclaimer\/","url":"https:\/\/www.enjo.com\/is\/disclaimer\/","name":"Disclaimer - ENJO","isPartOf":{"@id":"https:\/\/www.enjo.com\/at-east\/#website"},"datePublished":"2016-10-12T13:47:58+00:00","dateModified":"2017-11-15T09:16:56+00:00","breadcrumb":{"@id":"https:\/\/www.enjo.com\/is\/disclaimer\/#breadcrumb"},"inLanguage":"is","potentialAction":[{"@type":"ReadAction","target":["https:\/\/www.enjo.com\/is\/disclaimer\/"]}]},{"@type":"BreadcrumbList","@id":"https:\/\/www.enjo.com\/is\/disclaimer\/#breadcrumb","itemListElement":[{"@type":"ListItem","position":1,"name":"Home","item":"https:\/\/www.enjo.com\/is\/"},{"@type":"ListItem","position":2,"name":"Disclaimer"}]},{"@type":"WebSite","@id":"https:\/\/www.enjo.com\/at-east\/#website","url":"https:\/\/www.enjo.com\/at-east\/","name":"ENJO","description":"Clean the World","potentialAction":[{"@type":"SearchAction","target":{"@type":"EntryPoint","urlTemplate":"https:\/\/www.enjo.com\/at-east\/?s={search_term_string}"},"query-input":{"@type":"PropertyValueSpecification","valueRequired":true,"valueName":"search_term_string"}}],"inLanguage":"is"}]}},"_links":{"self":[{"href":"https:\/\/www.enjo.com\/is\/wp-json\/wp\/v2\/pages\/4982","targetHints":{"allow":["GET"]}}],"collection":[{"href":"https:\/\/www.enjo.com\/is\/wp-json\/wp\/v2\/pages"}],"about":[{"href":"https:\/\/www.enjo.com\/is\/wp-json\/wp\/v2\/types\/page"}],"author":[{"embeddable":true,"href":"https:\/\/www.enjo.com\/is\/wp-json\/wp\/v2\/users\/14"}],"replies":[{"embeddable":true,"href":"https:\/\/www.enjo.com\/is\/wp-json\/wp\/v2\/comments?post=4982"}],"version-history":[{"count":5,"href":"https:\/\/www.enjo.com\/is\/wp-json\/wp\/v2\/pages\/4982\/revisions"}],"predecessor-version":[{"id":7942,"href":"https:\/\/www.enjo.com\/is\/wp-json\/wp\/v2\/pages\/4982\/revisions\/7942"}],"wp:attachment":[{"href":"https:\/\/www.enjo.com\/is\/wp-json\/wp\/v2\/media?parent=4982"}],"curies":[{"name":"wp","href":"https:\/\/api.w.org\/{rel}","templated":true}]}}