{"id":4949,"date":"2017-03-16T18:34:40","date_gmt":"2017-03-16T18:34:40","guid":{"rendered":"https:\/\/www.enjo.com\/cookies\/"},"modified":"2017-12-09T00:03:14","modified_gmt":"2017-12-09T00:03:14","slug":"cookies","status":"publish","type":"page","link":"https:\/\/www.enjo.com\/is\/cookies\/","title":{"rendered":"Cookies\/Vefk\u00f6kur"},"content":{"rendered":"<h4>Information on Cookies<\/h4>\n<p>Our website uses cookies, to provide the best functionality and for internal statistics. Cookies are small text files that are placed on your computer or mobile phone when you browse websites and help to identify your device. Cookies are used to save information, when you visit different sites of a website or when you come back to a website. They do not contain any personally identifiable or sensitive information and they can\u2019t run programmes that can cause a virus.<\/p>\n<p><strong>Cookies on our Website<\/strong><\/p>\n<p>Vefs\u00ed\u00f0an notar cookies\/vefk\u00f6kur til a\u00f0 b\u00e6ta virkni s\u00ed\u00f0unnar<\/p>\n<p><strong>Control or delete\/block cookies<\/strong><\/p>\n<p>If you want to control or delete\/block cookies, you can <a href=\"http:\/\/cookie-control.civiccomputing.com\/browser-settings\">adjust your browser settings.<\/a><\/p>\n<p><strong>More information<\/strong><\/p>\n<p>If you have further questions on cookies, contact us.<\/p>\n<div class=\"x-column x-md x-1-4 footer-right\">\n<div class=\"widget widget_text footer-contact\">\n<div class=\"textwidget\">\n<h4><\/h4>\n<p>ENJO \u00e1 \u00cdslandi Ehf<br \/>\nReykavikurvegur 64<br \/>\n220 Hafnarfjordur, Iceland<\/p>\n<p><a class=\"footer-phone-link\" href=\"tel:+354 (5) 55 15 15\">S\u00edmi: 555 15 15<\/a><br \/>\n<a class=\"footer-mail-link\" href=\"mailto:office@is.enjo.com\">office@is.enjo.com<\/a><\/p>\n<\/div>\n<\/div>\n<\/div>\n","protected":false},"excerpt":{"rendered":"<p>Information on Cookies Our website uses cookies, to provide the best functionality and for internal statistics. Cookies are small text files that are placed on your computer or mobile phone when you browse websites and help to identify your device. Cookies are used to save information, when you visit different sites of a website or when you come back to &#8230; <\/p>\n<div><a href=\"https:\/\/www.enjo.com\/is\/cookies\/\" class=\"more-link\">Read More<\/a><\/div>\n","protected":false},"author":1,"featured_media":0,"parent":0,"menu_order":0,"comment_status":"closed","ping_status":"closed","template":"","meta":{"_acf_changed":false,"footnotes":""},"class_list":["post-4949","page","type-page","status-publish","hentry","no-post-thumbnail"],"acf":[],"yoast_head":"<!-- This site is optimized with the Yoast SEO plugin v24.0 - https:\/\/yoast.com\/wordpress\/plugins\/seo\/ -->\n<title>Cookies\/Vefk\u00f6kur - ENJO<\/title>\n<meta name=\"robots\" content=\"index, follow, max-snippet:-1, max-image-preview:large, max-video-preview:-1\" \/>\n<link rel=\"canonical\" href=\"https:\/\/www.enjo.com\/is\/cookies\/\" \/>\n<meta property=\"og:locale\" content=\"is_IS\" \/>\n<meta property=\"og:type\" content=\"article\" \/>\n<meta property=\"og:title\" content=\"Cookies\/Vefk\u00f6kur - ENJO\" \/>\n<meta property=\"og:description\" content=\"Information on Cookies Our website uses cookies, to provide the best functionality and for internal statistics. Cookies are small text files that are placed on your computer or mobile phone when you browse websites and help to identify your device. Cookies are used to save information, when you visit different sites of a website or when you come back to ... Read More\" \/>\n<meta property=\"og:url\" content=\"https:\/\/www.enjo.com\/is\/cookies\/\" \/>\n<meta property=\"og:site_name\" content=\"ENJO\" \/>\n<meta property=\"article:modified_time\" content=\"2017-12-09T00:03:14+00:00\" \/>\n<meta property=\"og:image\" content=\"https:\/\/www.enjo.com\/wp-content\/uploads\/2023\/10\/social_image.jpg\" \/>\n\t<meta property=\"og:image:width\" content=\"500\" \/>\n\t<meta property=\"og:image:height\" content=\"500\" \/>\n\t<meta property=\"og:image:type\" content=\"image\/jpeg\" \/>\n<meta name=\"twitter:card\" content=\"summary_large_image\" \/>\n<meta name=\"twitter:label1\" content=\"Est. reading time\" \/>\n\t<meta name=\"twitter:data1\" content=\"1 minute\" \/>\n<script type=\"application\/ld+json\" class=\"yoast-schema-graph\">{\"@context\":\"https:\/\/schema.org\",\"@graph\":[{\"@type\":\"WebPage\",\"@id\":\"https:\/\/www.enjo.com\/is\/cookies\/\",\"url\":\"https:\/\/www.enjo.com\/is\/cookies\/\",\"name\":\"Cookies\/Vefk\u00f6kur - ENJO\",\"isPartOf\":{\"@id\":\"https:\/\/www.enjo.com\/at-east\/#website\"},\"datePublished\":\"2017-03-16T18:34:40+00:00\",\"dateModified\":\"2017-12-09T00:03:14+00:00\",\"breadcrumb\":{\"@id\":\"https:\/\/www.enjo.com\/is\/cookies\/#breadcrumb\"},\"inLanguage\":\"is\",\"potentialAction\":[{\"@type\":\"ReadAction\",\"target\":[\"https:\/\/www.enjo.com\/is\/cookies\/\"]}]},{\"@type\":\"BreadcrumbList\",\"@id\":\"https:\/\/www.enjo.com\/is\/cookies\/#breadcrumb\",\"itemListElement\":[{\"@type\":\"ListItem\",\"position\":1,\"name\":\"Home\",\"item\":\"https:\/\/www.enjo.com\/is\/\"},{\"@type\":\"ListItem\",\"position\":2,\"name\":\"Cookies\/Vefk\u00f6kur\"}]},{\"@type\":\"WebSite\",\"@id\":\"https:\/\/www.enjo.com\/at-east\/#website\",\"url\":\"https:\/\/www.enjo.com\/at-east\/\",\"name\":\"ENJO\",\"description\":\"Clean the World\",\"potentialAction\":[{\"@type\":\"SearchAction\",\"target\":{\"@type\":\"EntryPoint\",\"urlTemplate\":\"https:\/\/www.enjo.com\/at-east\/?s={search_term_string}\"},\"query-input\":{\"@type\":\"PropertyValueSpecification\",\"valueRequired\":true,\"valueName\":\"search_term_string\"}}],\"inLanguage\":\"is\"}]}<\/script>\n<!-- \/ Yoast SEO plugin. -->","yoast_head_json":{"title":"Cookies\/Vefk\u00f6kur - ENJO","robots":{"index":"index","follow":"follow","max-snippet":"max-snippet:-1","max-image-preview":"max-image-preview:large","max-video-preview":"max-video-preview:-1"},"canonical":"https:\/\/www.enjo.com\/is\/cookies\/","og_locale":"is_IS","og_type":"article","og_title":"Cookies\/Vefk\u00f6kur - ENJO","og_description":"Information on Cookies Our website uses cookies, to provide the best functionality and for internal statistics. Cookies are small text files that are placed on your computer or mobile phone when you browse websites and help to identify your device. Cookies are used to save information, when you visit different sites of a website or when you come back to ... Read More","og_url":"https:\/\/www.enjo.com\/is\/cookies\/","og_site_name":"ENJO","article_modified_time":"2017-12-09T00:03:14+00:00","og_image":[{"width":500,"height":500,"url":"https:\/\/www.enjo.com\/wp-content\/uploads\/2023\/10\/social_image.jpg","type":"image\/jpeg"}],"twitter_card":"summary_large_image","twitter_misc":{"Est. reading time":"1 minute"},"schema":{"@context":"https:\/\/schema.org","@graph":[{"@type":"WebPage","@id":"https:\/\/www.enjo.com\/is\/cookies\/","url":"https:\/\/www.enjo.com\/is\/cookies\/","name":"Cookies\/Vefk\u00f6kur - ENJO","isPartOf":{"@id":"https:\/\/www.enjo.com\/at-east\/#website"},"datePublished":"2017-03-16T18:34:40+00:00","dateModified":"2017-12-09T00:03:14+00:00","breadcrumb":{"@id":"https:\/\/www.enjo.com\/is\/cookies\/#breadcrumb"},"inLanguage":"is","potentialAction":[{"@type":"ReadAction","target":["https:\/\/www.enjo.com\/is\/cookies\/"]}]},{"@type":"BreadcrumbList","@id":"https:\/\/www.enjo.com\/is\/cookies\/#breadcrumb","itemListElement":[{"@type":"ListItem","position":1,"name":"Home","item":"https:\/\/www.enjo.com\/is\/"},{"@type":"ListItem","position":2,"name":"Cookies\/Vefk\u00f6kur"}]},{"@type":"WebSite","@id":"https:\/\/www.enjo.com\/at-east\/#website","url":"https:\/\/www.enjo.com\/at-east\/","name":"ENJO","description":"Clean the World","potentialAction":[{"@type":"SearchAction","target":{"@type":"EntryPoint","urlTemplate":"https:\/\/www.enjo.com\/at-east\/?s={search_term_string}"},"query-input":{"@type":"PropertyValueSpecification","valueRequired":true,"valueName":"search_term_string"}}],"inLanguage":"is"}]}},"_links":{"self":[{"href":"https:\/\/www.enjo.com\/is\/wp-json\/wp\/v2\/pages\/4949","targetHints":{"allow":["GET"]}}],"collection":[{"href":"https:\/\/www.enjo.com\/is\/wp-json\/wp\/v2\/pages"}],"about":[{"href":"https:\/\/www.enjo.com\/is\/wp-json\/wp\/v2\/types\/page"}],"author":[{"embeddable":true,"href":"https:\/\/www.enjo.com\/is\/wp-json\/wp\/v2\/users\/1"}],"replies":[{"embeddable":true,"href":"https:\/\/www.enjo.com\/is\/wp-json\/wp\/v2\/comments?post=4949"}],"version-history":[{"count":3,"href":"https:\/\/www.enjo.com\/is\/wp-json\/wp\/v2\/pages\/4949\/revisions"}],"predecessor-version":[{"id":12883,"href":"https:\/\/www.enjo.com\/is\/wp-json\/wp\/v2\/pages\/4949\/revisions\/12883"}],"wp:attachment":[{"href":"https:\/\/www.enjo.com\/is\/wp-json\/wp\/v2\/media?parent=4949"}],"curies":[{"name":"wp","href":"https:\/\/api.w.org\/{rel}","templated":true}]}}