{"id":5549,"date":"2016-10-11T16:00:16","date_gmt":"2016-10-11T16:00:16","guid":{"rendered":"https:\/\/www.enjo.com\/home\/"},"modified":"2026-03-05T17:13:56","modified_gmt":"2026-03-05T17:13:56","slug":"home","status":"publish","type":"page","link":"https:\/\/www.enjo.com\/fi\/","title":{"rendered":"Tervetuloa"},"content":{"rendered":"","protected":false},"excerpt":{"rendered":"","protected":false},"author":14,"featured_media":0,"parent":0,"menu_order":0,"comment_status":"closed","ping_status":"closed","template":"front-page.php","meta":{"_acf_changed":false,"footnotes":""},"class_list":["post-5549","page","type-page","status-publish","hentry","no-post-thumbnail"],"acf":[],"yoast_head":"<!-- This site is optimized with the Yoast SEO plugin v24.0 - https:\/\/yoast.com\/wordpress\/plugins\/seo\/ -->\n<title>Tervetuloa - ENJO<\/title>\n<meta name=\"description\" content=\"Tervetuloa ENJO:oon. Tuotteillamme puhdistat kotisi nopeasti ja helposti - k\u00e4ytt\u00e4m\u00e4ll\u00e4 vain vett\u00e4. N\u00e4in suojelet ymp\u00e4rist\u00f6\u00e4 ja terveytt\u00e4si.\" \/>\n<meta name=\"robots\" content=\"index, follow, max-snippet:-1, max-image-preview:large, max-video-preview:-1\" \/>\n<link rel=\"canonical\" href=\"https:\/\/www.enjo.com\/fi\/\" \/>\n<meta property=\"og:locale\" content=\"fi_FI\" \/>\n<meta property=\"og:type\" content=\"article\" \/>\n<meta property=\"og:title\" content=\"Tervetuloa - ENJO\" \/>\n<meta property=\"og:description\" content=\"Tervetuloa ENJO:oon. Tuotteillamme puhdistat kotisi nopeasti ja helposti - k\u00e4ytt\u00e4m\u00e4ll\u00e4 vain vett\u00e4. N\u00e4in suojelet ymp\u00e4rist\u00f6\u00e4 ja terveytt\u00e4si.\" \/>\n<meta property=\"og:url\" content=\"https:\/\/www.enjo.com\/fi\/\" \/>\n<meta property=\"og:site_name\" content=\"ENJO\" \/>\n<meta property=\"article:modified_time\" content=\"2026-03-05T17:13:56+00:00\" \/>\n<meta property=\"og:image\" content=\"https:\/\/www.enjo.com\/wp-content\/uploads\/2023\/10\/social_image.jpg\" \/>\n\t<meta property=\"og:image:width\" content=\"500\" \/>\n\t<meta property=\"og:image:height\" content=\"500\" \/>\n\t<meta property=\"og:image:type\" content=\"image\/jpeg\" \/>\n<meta name=\"twitter:card\" content=\"summary_large_image\" \/>\n<script type=\"application\/ld+json\" class=\"yoast-schema-graph\">{\"@context\":\"https:\/\/schema.org\",\"@graph\":[{\"@type\":\"WebPage\",\"@id\":\"https:\/\/www.enjo.com\/fi\/\",\"url\":\"https:\/\/www.enjo.com\/fi\/\",\"name\":\"Tervetuloa - ENJO\",\"isPartOf\":{\"@id\":\"https:\/\/www.enjo.com\/at-east\/#website\"},\"datePublished\":\"2016-10-11T16:00:16+00:00\",\"dateModified\":\"2026-03-05T17:13:56+00:00\",\"description\":\"Tervetuloa ENJO:oon. Tuotteillamme puhdistat kotisi nopeasti ja helposti - k\u00e4ytt\u00e4m\u00e4ll\u00e4 vain vett\u00e4. N\u00e4in suojelet ymp\u00e4rist\u00f6\u00e4 ja terveytt\u00e4si.\",\"breadcrumb\":{\"@id\":\"https:\/\/www.enjo.com\/fi\/#breadcrumb\"},\"inLanguage\":\"fi\",\"potentialAction\":[{\"@type\":\"ReadAction\",\"target\":[\"https:\/\/www.enjo.com\/fi\/\"]}]},{\"@type\":\"BreadcrumbList\",\"@id\":\"https:\/\/www.enjo.com\/fi\/#breadcrumb\",\"itemListElement\":[{\"@type\":\"ListItem\",\"position\":1,\"name\":\"Home\",\"item\":\"https:\/\/www.enjo.com\/fi\/\"},{\"@type\":\"ListItem\",\"position\":2,\"name\":\"Tervetuloa\"}]},{\"@type\":\"WebSite\",\"@id\":\"https:\/\/www.enjo.com\/at-east\/#website\",\"url\":\"https:\/\/www.enjo.com\/at-east\/\",\"name\":\"ENJO\",\"description\":\"Clean the World\",\"potentialAction\":[{\"@type\":\"SearchAction\",\"target\":{\"@type\":\"EntryPoint\",\"urlTemplate\":\"https:\/\/www.enjo.com\/at-east\/?s={search_term_string}\"},\"query-input\":{\"@type\":\"PropertyValueSpecification\",\"valueRequired\":true,\"valueName\":\"search_term_string\"}}],\"inLanguage\":\"fi\"}]}<\/script>\n<!-- \/ Yoast SEO plugin. -->","yoast_head_json":{"title":"Tervetuloa - ENJO","description":"Tervetuloa ENJO:oon. Tuotteillamme puhdistat kotisi nopeasti ja helposti - k\u00e4ytt\u00e4m\u00e4ll\u00e4 vain vett\u00e4. N\u00e4in suojelet ymp\u00e4rist\u00f6\u00e4 ja terveytt\u00e4si.","robots":{"index":"index","follow":"follow","max-snippet":"max-snippet:-1","max-image-preview":"max-image-preview:large","max-video-preview":"max-video-preview:-1"},"canonical":"https:\/\/www.enjo.com\/fi\/","og_locale":"fi_FI","og_type":"article","og_title":"Tervetuloa - ENJO","og_description":"Tervetuloa ENJO:oon. Tuotteillamme puhdistat kotisi nopeasti ja helposti - k\u00e4ytt\u00e4m\u00e4ll\u00e4 vain vett\u00e4. N\u00e4in suojelet ymp\u00e4rist\u00f6\u00e4 ja terveytt\u00e4si.","og_url":"https:\/\/www.enjo.com\/fi\/","og_site_name":"ENJO","article_modified_time":"2026-03-05T17:13:56+00:00","og_image":[{"width":500,"height":500,"url":"https:\/\/www.enjo.com\/wp-content\/uploads\/2023\/10\/social_image.jpg","type":"image\/jpeg"}],"twitter_card":"summary_large_image","schema":{"@context":"https:\/\/schema.org","@graph":[{"@type":"WebPage","@id":"https:\/\/www.enjo.com\/fi\/","url":"https:\/\/www.enjo.com\/fi\/","name":"Tervetuloa - ENJO","isPartOf":{"@id":"https:\/\/www.enjo.com\/at-east\/#website"},"datePublished":"2016-10-11T16:00:16+00:00","dateModified":"2026-03-05T17:13:56+00:00","description":"Tervetuloa ENJO:oon. Tuotteillamme puhdistat kotisi nopeasti ja helposti - k\u00e4ytt\u00e4m\u00e4ll\u00e4 vain vett\u00e4. N\u00e4in suojelet ymp\u00e4rist\u00f6\u00e4 ja terveytt\u00e4si.","breadcrumb":{"@id":"https:\/\/www.enjo.com\/fi\/#breadcrumb"},"inLanguage":"fi","potentialAction":[{"@type":"ReadAction","target":["https:\/\/www.enjo.com\/fi\/"]}]},{"@type":"BreadcrumbList","@id":"https:\/\/www.enjo.com\/fi\/#breadcrumb","itemListElement":[{"@type":"ListItem","position":1,"name":"Home","item":"https:\/\/www.enjo.com\/fi\/"},{"@type":"ListItem","position":2,"name":"Tervetuloa"}]},{"@type":"WebSite","@id":"https:\/\/www.enjo.com\/at-east\/#website","url":"https:\/\/www.enjo.com\/at-east\/","name":"ENJO","description":"Clean the World","potentialAction":[{"@type":"SearchAction","target":{"@type":"EntryPoint","urlTemplate":"https:\/\/www.enjo.com\/at-east\/?s={search_term_string}"},"query-input":{"@type":"PropertyValueSpecification","valueRequired":true,"valueName":"search_term_string"}}],"inLanguage":"fi"}]}},"_links":{"self":[{"href":"https:\/\/www.enjo.com\/fi\/wp-json\/wp\/v2\/pages\/5549","targetHints":{"allow":["GET"]}}],"collection":[{"href":"https:\/\/www.enjo.com\/fi\/wp-json\/wp\/v2\/pages"}],"about":[{"href":"https:\/\/www.enjo.com\/fi\/wp-json\/wp\/v2\/types\/page"}],"author":[{"embeddable":true,"href":"https:\/\/www.enjo.com\/fi\/wp-json\/wp\/v2\/users\/14"}],"replies":[{"embeddable":true,"href":"https:\/\/www.enjo.com\/fi\/wp-json\/wp\/v2\/comments?post=5549"}],"version-history":[{"count":11,"href":"https:\/\/www.enjo.com\/fi\/wp-json\/wp\/v2\/pages\/5549\/revisions"}],"predecessor-version":[{"id":119370,"href":"https:\/\/www.enjo.com\/fi\/wp-json\/wp\/v2\/pages\/5549\/revisions\/119370"}],"wp:attachment":[{"href":"https:\/\/www.enjo.com\/fi\/wp-json\/wp\/v2\/media?parent=5549"}],"curies":[{"name":"wp","href":"https:\/\/api.w.org\/{rel}","templated":true}]}}