{"id":4980,"date":"2016-10-12T13:47:58","date_gmt":"2016-10-12T13:47:58","guid":{"rendered":"https:\/\/www.enjo.com\/impressum\/"},"modified":"2021-01-12T12:13:54","modified_gmt":"2021-01-12T12:13:54","slug":"vastuuvapauslauseke","status":"publish","type":"page","link":"https:\/\/www.enjo.com\/fi\/vastuuvapauslauseke\/","title":{"rendered":"Vastuuvapauslauseke"},"content":{"rendered":"<p><strong>Sis\u00e4lt\u00f6<\/strong><br \/>\nKaikki n\u00e4ill\u00e4 sivuilla oleva sis\u00e4lt\u00f6 on asianmukaisesti esitetty ja tarkistettu. ENJO ei vastaa annetun tiedon tarkkuudesta, ajantasaisuudesta, kattavuudesta ja laadusta.<\/p>\n<p>ENJO:a vastaan esitetyt vaatimukset, jotka viittaavat materiaaliin tai kuviteltuihin vahinkoihin, jotka johtuvat annetun tiedon k\u00e4yt\u00f6st\u00e4 tai k\u00e4ytt\u00e4m\u00e4tt\u00e4 j\u00e4tt\u00e4misest\u00e4 tai virheellisest\u00e4 ja puutteellisesta tiedosta, ovat ehdottomasti pois suljetut, edellytt\u00e4en ett\u00e4 ENJO:lla ei ole j\u00e4ljitett\u00e4viss\u00e4 olevaa tahallista tai huolimattomuudesta johtuvaa syyt\u00e4.<\/p>\n<p>ENJO pid\u00e4tt\u00e4\u00e4 oikeuden muuttaa kokonaan tai osittain sivuja, poistaa tai peruuttaa koko online-sis\u00e4lt\u00f6 ilman erillist\u00e4 ilmoitusta.<\/p>\n<p><strong>Linkit<\/strong><br \/>\nOlettaen, ett\u00e4 ENJO viittaa suoraan tai ep\u00e4suorasti kolmansien osapuolien verkkosivustoihin ( &#8221;Linkit&#8221; ), ENJO on korvausvelvollinen vain, jos he saavat tarkan tiedon ja jos se on teknisesti mahdollista ja kohtuullista est\u00e4\u00e4 laittoman sis\u00e4ll\u00f6n k\u00e4ytt\u00f6.<\/p>\n<p>ENJO ilmoittaa t\u00e4ten nimenomaisesti, ett\u00e4 linkkej\u00e4 luotaessa linkit eiv\u00e4t sis\u00e4lt\u00e4neet laitonta sis\u00e4lt\u00f6\u00e4. ENJO ei pysty vaikuttamaan linkitettyjen sivujen nykyisiin ja tuleviin sis\u00e4lt\u00f6ihin. ENJO irtisanoutuu nimenomaisesti sivulla olevista ep\u00e4tarkkuuksista linkkien asettamisen j\u00e4lkeen. T\u00e4m\u00e4 koskee my\u00f6s kolmannen osapuolen merkint\u00f6j\u00e4 vieraskirjoissa, keskustelupalstoilla ja postituslistoilla, jotka ENJO on perustanut.<\/p>\n<p>ENJO ei ole vastuussa linkitettyjen sivujen sis\u00e4ll\u00f6st\u00e4, saatavuudesta, tarkkuudesta eik\u00e4 my\u00f6sk\u00e4\u00e4n niiden tarjouksista, linkeist\u00e4 tai mainosbannereista. ENJO ei ole vastuussa laittomasta, virheellisest\u00e4 tai puutteellisesta eik\u00e4 varsinkaan linkitettyjen sivujen sis\u00e4ll\u00f6n k\u00e4yt\u00f6st\u00e4, tai k\u00e4ytt\u00e4m\u00e4tt\u00e4 j\u00e4tt\u00e4misest\u00e4, aiheutuneista vahingoista.<\/p>\n<p><strong>Varoitus<\/strong><br \/>\nT\u00e4m\u00e4 verkkosivusto k\u00e4ytt\u00e4\u00e4 Google Analytics -ohjelmaa, mik\u00e4 on Google, Inc. (&#8221;Google&#8221;) tarjoama verkkosivujen analysointiohjelma. Google Analytics k\u00e4ytt\u00e4\u00e4 ev\u00e4steit\u00e4, mitk\u00e4 ovat tietokoneeseen tallennettuja tekstitiedostoja ja jotka auttavat analysoimaan verkkosivujen k\u00e4ytt\u00f6\u00e4. Ev\u00e4steiden ker\u00e4\u00e4m\u00e4 verkkosivuston k\u00e4ytt\u00f6\u00e4 koskeva tieto (mukaan lukien IP-osoite) v\u00e4litet\u00e4\u00e4n Googlen serverille USA:ssa ja varastoidaan siell\u00e4. Google k\u00e4ytt\u00e4\u00e4 t\u00e4t\u00e4 tietoa verkkosivun k\u00e4yt\u00f6n arviointiin, muodostaa raportteja verkkosivuston aktiivisuudesta verkko-operaattoreille ja tarjoaa muita palveluita koskien verkkosivuston aktiviteettia ja internetin k\u00e4ytt\u00f6\u00e4.<\/p>\n<p>Google voi my\u00f6s v\u00e4litt\u00e4\u00e4 t\u00e4t\u00e4 tietoa kolmansille osapuolille lain niin vaatiessa tai jos kolmas osapuoli k\u00e4sittelee t\u00e4t\u00e4 tietoa Googlen puolesta. Google ei koskaan yhdist\u00e4 IP-osoitetta muutun Googlella olevaan tietoon. Ev\u00e4steiden asentamisesta voi kielt\u00e4yty\u00e4 valitsemalla oikeat asetukset selaimessa; on kuitenkin huomioitavaa, ett\u00e4 jos niin tehd\u00e4\u00e4n, kaikkien n\u00e4iden verkkosivujen toimintojen k\u00e4ytt\u00f6 ei ehk\u00e4 ole mahdollista. K\u00e4ytt\u00e4m\u00e4ll\u00e4 n\u00e4it\u00e4 verkkosivuja hyv\u00e4ksyt sen, ett\u00e4 Google voi prosessoida k\u00e4ytt\u00e4j\u00e4\u00e4n liittyv\u00e4\u00e4 tietoa yll\u00e4 mainituin tavoin ja yll\u00e4 mainittuihin tarkoituksiin.<\/p>\n<p>T\u00e4m\u00e4n verkkosivuston k\u00e4ytt\u00e4j\u00e4n\u00e4 olet tietoinen siit\u00e4, ett\u00e4 t\u00e4m\u00e4n verkkosivuston operaattori, heid\u00e4n sijaisensa, heihin liittyv\u00e4t yritykset, toimitusjohtajat, johto, ty\u00f6ntekij\u00e4t ja osakkeenomistajat eiv\u00e4t ota vastuuta yll\u00e4 mainitun tiedon ker\u00e4\u00e4miseen, siirt\u00e4miseen, prosessointiin ja analysointiin liittyen, mist\u00e4 johtuen korvausvaatimuksia ei voida asettaa n\u00e4it\u00e4 luonnollisia henkil\u00f6it\u00e4 tai oikeushenkil\u00f6it\u00e4 vastaan.<\/p>\n<p><strong>Tekij\u00e4noikeus<\/strong><br \/>\nENJO pyrkii ottamaan huomioon voimassa olevat tekij\u00e4noikeudet kaikissa julkaisuissaan. Jos tekij\u00e4noikeusloukkauksia kuitenkin tapahtuu ENJO, ilmoituksen saatuaan, poistaa tai merkitsee kyseisen tuotteen asianmukaisella tekij\u00e4noikeustiedolla. Kaikki ENJO:n sivuilla mainitut tavara- ja tuotemerkit ovat omistajiensa tavaramerkkej\u00e4 tai rekister\u00f6ityj\u00e4 tavaramerkkej\u00e4.<\/p>\n<p>Tekij\u00e4noikeudet ENJO:n tai www.enjo.fi verkkosivun sis\u00e4lt\u00f6 ovat vain ENJO:n k\u00e4yt\u00f6ss\u00e4. Grafiikan, \u00e4\u00e4nen tai tekstin kopioiminen muihin s\u00e4hk\u00f6isiin tai painettuihin julkaisuihin ilman virallista ENJO:n hyv\u00e4ksynt\u00e4\u00e4 on ankarasti kielletty.<\/p>\n<p><strong>Oikeusvaikutukset<\/strong><br \/>\nT\u00e4m\u00e4 vastuuvapauslauseke on n\u00e4ht\u00e4v\u00e4 osana internetin olemassa oloa, joka on liitetty t\u00e4lle sivulle.<\/p>\n<p>ENJO HOMELINE GMBH<br \/>\nAchstrasse 40<br \/>\n6844 Altach<br \/>\nIt\u00e4valta<\/p>\n<p><span class=\"a1\">Maksuton puhelinpalvelu (suomeksi):<\/span><span class=\"apple-converted-space\">\u00a0<\/span><span class=\"a1\">0800 144655 <\/span><br \/>\nS-posti:<a href=\"mailto:office@enjo.fi\">office@enjo.fi<br \/>\n<\/a><a href=\"http:\/\/www.enjo.fi\">www.enjo.fi<\/a><\/p>\n<p><script src=\"https:\/\/www.schalk-and-friends.de\/snippets\/impressum\/schalk-and-friends-impressum.php?lang=en\" type=\"text\/javascript\" charset=\"utf-8\" id=\"schalk-and-friends-script\"><\/script><\/p>\n","protected":false},"excerpt":{"rendered":"<p>Sis\u00e4lt\u00f6 Kaikki n\u00e4ill\u00e4 sivuilla oleva sis\u00e4lt\u00f6 on asianmukaisesti esitetty ja tarkistettu. ENJO ei vastaa annetun tiedon tarkkuudesta, ajantasaisuudesta, kattavuudesta ja laadusta. ENJO:a vastaan esitetyt vaatimukset, jotka viittaavat materiaaliin tai kuviteltuihin vahinkoihin, jotka johtuvat annetun tiedon k\u00e4yt\u00f6st\u00e4 tai k\u00e4ytt\u00e4m\u00e4tt\u00e4 j\u00e4tt\u00e4misest\u00e4 tai virheellisest\u00e4 ja puutteellisesta tiedosta, ovat ehdottomasti pois suljetut, edellytt\u00e4en ett\u00e4 ENJO:lla ei ole j\u00e4ljitett\u00e4viss\u00e4 olevaa tahallista tai huolimattomuudesta johtuvaa syyt\u00e4. &#8230; <\/p>\n<div><a href=\"https:\/\/www.enjo.com\/fi\/vastuuvapauslauseke\/\" class=\"more-link\">Read More<\/a><\/div>\n","protected":false},"author":14,"featured_media":0,"parent":0,"menu_order":0,"comment_status":"closed","ping_status":"closed","template":"","meta":{"_acf_changed":false,"footnotes":""},"class_list":["post-4980","page","type-page","status-publish","hentry","no-post-thumbnail"],"acf":[],"yoast_head":"<!-- This site is optimized with the Yoast SEO plugin v24.0 - https:\/\/yoast.com\/wordpress\/plugins\/seo\/ -->\n<title>Vastuuvapauslauseke - ENJO<\/title>\n<meta name=\"description\" content=\"N\u00e4iden sivujen kaikki sis\u00e4lt\u00f6 on huolellisesti muokattu ja tarkastettu.\" \/>\n<meta name=\"robots\" content=\"index, follow, max-snippet:-1, max-image-preview:large, max-video-preview:-1\" \/>\n<link rel=\"canonical\" href=\"https:\/\/www.enjo.com\/fi\/vastuuvapauslauseke\/\" \/>\n<meta property=\"og:locale\" content=\"fi_FI\" \/>\n<meta property=\"og:type\" content=\"article\" \/>\n<meta property=\"og:title\" content=\"Vastuuvapauslauseke - ENJO\" \/>\n<meta property=\"og:description\" content=\"N\u00e4iden sivujen kaikki sis\u00e4lt\u00f6 on huolellisesti muokattu ja tarkastettu.\" \/>\n<meta property=\"og:url\" content=\"https:\/\/www.enjo.com\/fi\/vastuuvapauslauseke\/\" \/>\n<meta property=\"og:site_name\" content=\"ENJO\" \/>\n<meta property=\"article:modified_time\" content=\"2021-01-12T12:13:54+00:00\" \/>\n<meta property=\"og:image\" content=\"https:\/\/www.enjo.com\/wp-content\/uploads\/2023\/10\/social_image.jpg\" \/>\n\t<meta property=\"og:image:width\" content=\"500\" \/>\n\t<meta property=\"og:image:height\" content=\"500\" \/>\n\t<meta property=\"og:image:type\" content=\"image\/jpeg\" \/>\n<meta name=\"twitter:card\" content=\"summary_large_image\" \/>\n<meta name=\"twitter:label1\" content=\"Arvioitu lukuaika\" \/>\n\t<meta name=\"twitter:data1\" content=\"3 minuuttia\" \/>\n<script type=\"application\/ld+json\" class=\"yoast-schema-graph\">{\"@context\":\"https:\/\/schema.org\",\"@graph\":[{\"@type\":\"WebPage\",\"@id\":\"https:\/\/www.enjo.com\/fi\/vastuuvapauslauseke\/\",\"url\":\"https:\/\/www.enjo.com\/fi\/vastuuvapauslauseke\/\",\"name\":\"Vastuuvapauslauseke - ENJO\",\"isPartOf\":{\"@id\":\"https:\/\/www.enjo.com\/at-east\/#website\"},\"datePublished\":\"2016-10-12T13:47:58+00:00\",\"dateModified\":\"2021-01-12T12:13:54+00:00\",\"description\":\"N\u00e4iden sivujen kaikki sis\u00e4lt\u00f6 on huolellisesti muokattu ja tarkastettu.\",\"breadcrumb\":{\"@id\":\"https:\/\/www.enjo.com\/fi\/vastuuvapauslauseke\/#breadcrumb\"},\"inLanguage\":\"fi\",\"potentialAction\":[{\"@type\":\"ReadAction\",\"target\":[\"https:\/\/www.enjo.com\/fi\/vastuuvapauslauseke\/\"]}]},{\"@type\":\"BreadcrumbList\",\"@id\":\"https:\/\/www.enjo.com\/fi\/vastuuvapauslauseke\/#breadcrumb\",\"itemListElement\":[{\"@type\":\"ListItem\",\"position\":1,\"name\":\"Home\",\"item\":\"https:\/\/www.enjo.com\/fi\/\"},{\"@type\":\"ListItem\",\"position\":2,\"name\":\"Vastuuvapauslauseke\"}]},{\"@type\":\"WebSite\",\"@id\":\"https:\/\/www.enjo.com\/at-east\/#website\",\"url\":\"https:\/\/www.enjo.com\/at-east\/\",\"name\":\"ENJO\",\"description\":\"Clean the World\",\"potentialAction\":[{\"@type\":\"SearchAction\",\"target\":{\"@type\":\"EntryPoint\",\"urlTemplate\":\"https:\/\/www.enjo.com\/at-east\/?s={search_term_string}\"},\"query-input\":{\"@type\":\"PropertyValueSpecification\",\"valueRequired\":true,\"valueName\":\"search_term_string\"}}],\"inLanguage\":\"fi\"}]}<\/script>\n<!-- \/ Yoast SEO plugin. -->","yoast_head_json":{"title":"Vastuuvapauslauseke - ENJO","description":"N\u00e4iden sivujen kaikki sis\u00e4lt\u00f6 on huolellisesti muokattu ja tarkastettu.","robots":{"index":"index","follow":"follow","max-snippet":"max-snippet:-1","max-image-preview":"max-image-preview:large","max-video-preview":"max-video-preview:-1"},"canonical":"https:\/\/www.enjo.com\/fi\/vastuuvapauslauseke\/","og_locale":"fi_FI","og_type":"article","og_title":"Vastuuvapauslauseke - ENJO","og_description":"N\u00e4iden sivujen kaikki sis\u00e4lt\u00f6 on huolellisesti muokattu ja tarkastettu.","og_url":"https:\/\/www.enjo.com\/fi\/vastuuvapauslauseke\/","og_site_name":"ENJO","article_modified_time":"2021-01-12T12:13:54+00:00","og_image":[{"width":500,"height":500,"url":"https:\/\/www.enjo.com\/wp-content\/uploads\/2023\/10\/social_image.jpg","type":"image\/jpeg"}],"twitter_card":"summary_large_image","twitter_misc":{"Arvioitu lukuaika":"3 minuuttia"},"schema":{"@context":"https:\/\/schema.org","@graph":[{"@type":"WebPage","@id":"https:\/\/www.enjo.com\/fi\/vastuuvapauslauseke\/","url":"https:\/\/www.enjo.com\/fi\/vastuuvapauslauseke\/","name":"Vastuuvapauslauseke - ENJO","isPartOf":{"@id":"https:\/\/www.enjo.com\/at-east\/#website"},"datePublished":"2016-10-12T13:47:58+00:00","dateModified":"2021-01-12T12:13:54+00:00","description":"N\u00e4iden sivujen kaikki sis\u00e4lt\u00f6 on huolellisesti muokattu ja tarkastettu.","breadcrumb":{"@id":"https:\/\/www.enjo.com\/fi\/vastuuvapauslauseke\/#breadcrumb"},"inLanguage":"fi","potentialAction":[{"@type":"ReadAction","target":["https:\/\/www.enjo.com\/fi\/vastuuvapauslauseke\/"]}]},{"@type":"BreadcrumbList","@id":"https:\/\/www.enjo.com\/fi\/vastuuvapauslauseke\/#breadcrumb","itemListElement":[{"@type":"ListItem","position":1,"name":"Home","item":"https:\/\/www.enjo.com\/fi\/"},{"@type":"ListItem","position":2,"name":"Vastuuvapauslauseke"}]},{"@type":"WebSite","@id":"https:\/\/www.enjo.com\/at-east\/#website","url":"https:\/\/www.enjo.com\/at-east\/","name":"ENJO","description":"Clean the World","potentialAction":[{"@type":"SearchAction","target":{"@type":"EntryPoint","urlTemplate":"https:\/\/www.enjo.com\/at-east\/?s={search_term_string}"},"query-input":{"@type":"PropertyValueSpecification","valueRequired":true,"valueName":"search_term_string"}}],"inLanguage":"fi"}]}},"_links":{"self":[{"href":"https:\/\/www.enjo.com\/fi\/wp-json\/wp\/v2\/pages\/4980","targetHints":{"allow":["GET"]}}],"collection":[{"href":"https:\/\/www.enjo.com\/fi\/wp-json\/wp\/v2\/pages"}],"about":[{"href":"https:\/\/www.enjo.com\/fi\/wp-json\/wp\/v2\/types\/page"}],"author":[{"embeddable":true,"href":"https:\/\/www.enjo.com\/fi\/wp-json\/wp\/v2\/users\/14"}],"replies":[{"embeddable":true,"href":"https:\/\/www.enjo.com\/fi\/wp-json\/wp\/v2\/comments?post=4980"}],"version-history":[{"count":8,"href":"https:\/\/www.enjo.com\/fi\/wp-json\/wp\/v2\/pages\/4980\/revisions"}],"predecessor-version":[{"id":86199,"href":"https:\/\/www.enjo.com\/fi\/wp-json\/wp\/v2\/pages\/4980\/revisions\/86199"}],"wp:attachment":[{"href":"https:\/\/www.enjo.com\/fi\/wp-json\/wp\/v2\/media?parent=4980"}],"curies":[{"name":"wp","href":"https:\/\/api.w.org\/{rel}","templated":true}]}}