{"id":4842,"date":"2017-02-21T12:48:53","date_gmt":"2017-02-21T12:48:53","guid":{"rendered":"https:\/\/www.enjo.com\/ueber-uns\/neu-und-aktuell\/wissenschaftliche-studie-zur-lufthygiene\/"},"modified":"2023-10-23T11:57:48","modified_gmt":"2023-10-23T11:57:48","slug":"tieteellinen-tutkimus-sisailman-hygieniasta","status":"publish","type":"page","link":"https:\/\/www.enjo.com\/fi\/tietoja-enjo\/uutiset\/tieteellinen-tutkimus-sisailman-hygieniasta\/","title":{"rendered":"Tieteellinen tutkimus sis\u00e4ilman hygieniasta"},"content":{"rendered":"","protected":false},"excerpt":{"rendered":"","protected":false},"author":14,"featured_media":0,"parent":4834,"menu_order":0,"comment_status":"closed","ping_status":"closed","template":"enjo-page-builder.php","meta":{"_acf_changed":false,"footnotes":""},"class_list":["post-4842","page","type-page","status-publish","hentry","no-post-thumbnail"],"acf":[],"yoast_head":"<!-- This site is optimized with the Yoast SEO plugin v24.0 - https:\/\/yoast.com\/wordpress\/plugins\/seo\/ -->\n<title>Tieteellinen tutkimus sis\u00e4ilman hygieniasta - ENJO<\/title>\n<meta name=\"description\" content=\"ENJO pit\u00e4\u00e4 sis\u00e4ilman puhtaana \u2013 mik\u00e4 on \u00e4skett\u00e4in vahvistettu tieteellisesti.\" \/>\n<meta name=\"robots\" content=\"index, follow, max-snippet:-1, max-image-preview:large, max-video-preview:-1\" \/>\n<link rel=\"canonical\" href=\"https:\/\/www.enjo.com\/fi\/tietoja-enjo\/uutiset\/tieteellinen-tutkimus-sisailman-hygieniasta\/\" \/>\n<meta property=\"og:locale\" content=\"fi_FI\" \/>\n<meta property=\"og:type\" content=\"article\" \/>\n<meta property=\"og:title\" content=\"Tieteellinen tutkimus sis\u00e4ilman hygieniasta - ENJO\" \/>\n<meta property=\"og:description\" content=\"ENJO pit\u00e4\u00e4 sis\u00e4ilman puhtaana \u2013 mik\u00e4 on \u00e4skett\u00e4in vahvistettu tieteellisesti.\" \/>\n<meta property=\"og:url\" content=\"https:\/\/www.enjo.com\/fi\/tietoja-enjo\/uutiset\/tieteellinen-tutkimus-sisailman-hygieniasta\/\" \/>\n<meta property=\"og:site_name\" content=\"ENJO\" \/>\n<meta property=\"article:modified_time\" content=\"2023-10-23T11:57:48+00:00\" \/>\n<meta property=\"og:image\" content=\"https:\/\/www.enjo.com\/wp-content\/uploads\/2023\/10\/social_image.jpg\" \/>\n\t<meta property=\"og:image:width\" content=\"500\" \/>\n\t<meta property=\"og:image:height\" content=\"500\" \/>\n\t<meta property=\"og:image:type\" content=\"image\/jpeg\" \/>\n<meta name=\"twitter:card\" content=\"summary_large_image\" \/>\n<script type=\"application\/ld+json\" class=\"yoast-schema-graph\">{\"@context\":\"https:\/\/schema.org\",\"@graph\":[{\"@type\":\"WebPage\",\"@id\":\"https:\/\/www.enjo.com\/fi\/tietoja-enjo\/uutiset\/tieteellinen-tutkimus-sisailman-hygieniasta\/\",\"url\":\"https:\/\/www.enjo.com\/fi\/tietoja-enjo\/uutiset\/tieteellinen-tutkimus-sisailman-hygieniasta\/\",\"name\":\"Tieteellinen tutkimus sis\u00e4ilman hygieniasta - ENJO\",\"isPartOf\":{\"@id\":\"https:\/\/www.enjo.com\/at-east\/#website\"},\"datePublished\":\"2017-02-21T12:48:53+00:00\",\"dateModified\":\"2023-10-23T11:57:48+00:00\",\"description\":\"ENJO pit\u00e4\u00e4 sis\u00e4ilman puhtaana \u2013 mik\u00e4 on \u00e4skett\u00e4in vahvistettu tieteellisesti.\",\"breadcrumb\":{\"@id\":\"https:\/\/www.enjo.com\/fi\/tietoja-enjo\/uutiset\/tieteellinen-tutkimus-sisailman-hygieniasta\/#breadcrumb\"},\"inLanguage\":\"fi\",\"potentialAction\":[{\"@type\":\"ReadAction\",\"target\":[\"https:\/\/www.enjo.com\/fi\/tietoja-enjo\/uutiset\/tieteellinen-tutkimus-sisailman-hygieniasta\/\"]}]},{\"@type\":\"BreadcrumbList\",\"@id\":\"https:\/\/www.enjo.com\/fi\/tietoja-enjo\/uutiset\/tieteellinen-tutkimus-sisailman-hygieniasta\/#breadcrumb\",\"itemListElement\":[{\"@type\":\"ListItem\",\"position\":1,\"name\":\"Home\",\"item\":\"https:\/\/www.enjo.com\/fi\/\"},{\"@type\":\"ListItem\",\"position\":2,\"name\":\"Puhtaus ei tarvitse kemikaaleja.\",\"item\":\"https:\/\/www.enjo.com\/fi\/tietoja-enjo\/\"},{\"@type\":\"ListItem\",\"position\":3,\"name\":\"Enjo-uutiset\",\"item\":\"https:\/\/www.enjo.com\/fi\/tietoja-enjo\/uutiset\/\"},{\"@type\":\"ListItem\",\"position\":4,\"name\":\"Tieteellinen tutkimus sis\u00e4ilman hygieniasta\"}]},{\"@type\":\"WebSite\",\"@id\":\"https:\/\/www.enjo.com\/at-east\/#website\",\"url\":\"https:\/\/www.enjo.com\/at-east\/\",\"name\":\"ENJO\",\"description\":\"Clean the World\",\"potentialAction\":[{\"@type\":\"SearchAction\",\"target\":{\"@type\":\"EntryPoint\",\"urlTemplate\":\"https:\/\/www.enjo.com\/at-east\/?s={search_term_string}\"},\"query-input\":{\"@type\":\"PropertyValueSpecification\",\"valueRequired\":true,\"valueName\":\"search_term_string\"}}],\"inLanguage\":\"fi\"}]}<\/script>\n<!-- \/ Yoast SEO plugin. -->","yoast_head_json":{"title":"Tieteellinen tutkimus sis\u00e4ilman hygieniasta - ENJO","description":"ENJO pit\u00e4\u00e4 sis\u00e4ilman puhtaana \u2013 mik\u00e4 on \u00e4skett\u00e4in vahvistettu tieteellisesti.","robots":{"index":"index","follow":"follow","max-snippet":"max-snippet:-1","max-image-preview":"max-image-preview:large","max-video-preview":"max-video-preview:-1"},"canonical":"https:\/\/www.enjo.com\/fi\/tietoja-enjo\/uutiset\/tieteellinen-tutkimus-sisailman-hygieniasta\/","og_locale":"fi_FI","og_type":"article","og_title":"Tieteellinen tutkimus sis\u00e4ilman hygieniasta - ENJO","og_description":"ENJO pit\u00e4\u00e4 sis\u00e4ilman puhtaana \u2013 mik\u00e4 on \u00e4skett\u00e4in vahvistettu tieteellisesti.","og_url":"https:\/\/www.enjo.com\/fi\/tietoja-enjo\/uutiset\/tieteellinen-tutkimus-sisailman-hygieniasta\/","og_site_name":"ENJO","article_modified_time":"2023-10-23T11:57:48+00:00","og_image":[{"width":500,"height":500,"url":"https:\/\/www.enjo.com\/wp-content\/uploads\/2023\/10\/social_image.jpg","type":"image\/jpeg"}],"twitter_card":"summary_large_image","schema":{"@context":"https:\/\/schema.org","@graph":[{"@type":"WebPage","@id":"https:\/\/www.enjo.com\/fi\/tietoja-enjo\/uutiset\/tieteellinen-tutkimus-sisailman-hygieniasta\/","url":"https:\/\/www.enjo.com\/fi\/tietoja-enjo\/uutiset\/tieteellinen-tutkimus-sisailman-hygieniasta\/","name":"Tieteellinen tutkimus sis\u00e4ilman hygieniasta - ENJO","isPartOf":{"@id":"https:\/\/www.enjo.com\/at-east\/#website"},"datePublished":"2017-02-21T12:48:53+00:00","dateModified":"2023-10-23T11:57:48+00:00","description":"ENJO pit\u00e4\u00e4 sis\u00e4ilman puhtaana \u2013 mik\u00e4 on \u00e4skett\u00e4in vahvistettu tieteellisesti.","breadcrumb":{"@id":"https:\/\/www.enjo.com\/fi\/tietoja-enjo\/uutiset\/tieteellinen-tutkimus-sisailman-hygieniasta\/#breadcrumb"},"inLanguage":"fi","potentialAction":[{"@type":"ReadAction","target":["https:\/\/www.enjo.com\/fi\/tietoja-enjo\/uutiset\/tieteellinen-tutkimus-sisailman-hygieniasta\/"]}]},{"@type":"BreadcrumbList","@id":"https:\/\/www.enjo.com\/fi\/tietoja-enjo\/uutiset\/tieteellinen-tutkimus-sisailman-hygieniasta\/#breadcrumb","itemListElement":[{"@type":"ListItem","position":1,"name":"Home","item":"https:\/\/www.enjo.com\/fi\/"},{"@type":"ListItem","position":2,"name":"Puhtaus ei tarvitse kemikaaleja.","item":"https:\/\/www.enjo.com\/fi\/tietoja-enjo\/"},{"@type":"ListItem","position":3,"name":"Enjo-uutiset","item":"https:\/\/www.enjo.com\/fi\/tietoja-enjo\/uutiset\/"},{"@type":"ListItem","position":4,"name":"Tieteellinen tutkimus sis\u00e4ilman hygieniasta"}]},{"@type":"WebSite","@id":"https:\/\/www.enjo.com\/at-east\/#website","url":"https:\/\/www.enjo.com\/at-east\/","name":"ENJO","description":"Clean the World","potentialAction":[{"@type":"SearchAction","target":{"@type":"EntryPoint","urlTemplate":"https:\/\/www.enjo.com\/at-east\/?s={search_term_string}"},"query-input":{"@type":"PropertyValueSpecification","valueRequired":true,"valueName":"search_term_string"}}],"inLanguage":"fi"}]}},"_links":{"self":[{"href":"https:\/\/www.enjo.com\/fi\/wp-json\/wp\/v2\/pages\/4842","targetHints":{"allow":["GET"]}}],"collection":[{"href":"https:\/\/www.enjo.com\/fi\/wp-json\/wp\/v2\/pages"}],"about":[{"href":"https:\/\/www.enjo.com\/fi\/wp-json\/wp\/v2\/types\/page"}],"author":[{"embeddable":true,"href":"https:\/\/www.enjo.com\/fi\/wp-json\/wp\/v2\/users\/14"}],"replies":[{"embeddable":true,"href":"https:\/\/www.enjo.com\/fi\/wp-json\/wp\/v2\/comments?post=4842"}],"version-history":[{"count":10,"href":"https:\/\/www.enjo.com\/fi\/wp-json\/wp\/v2\/pages\/4842\/revisions"}],"predecessor-version":[{"id":110785,"href":"https:\/\/www.enjo.com\/fi\/wp-json\/wp\/v2\/pages\/4842\/revisions\/110785"}],"up":[{"embeddable":true,"href":"https:\/\/www.enjo.com\/fi\/wp-json\/wp\/v2\/pages\/4834"}],"wp:attachment":[{"href":"https:\/\/www.enjo.com\/fi\/wp-json\/wp\/v2\/media?parent=4842"}],"curies":[{"name":"wp","href":"https:\/\/api.w.org\/{rel}","templated":true}]}}