{"id":21493,"date":"2018-11-12T15:16:53","date_gmt":"2018-11-12T15:16:53","guid":{"rendered":"https:\/\/www.enjo.com\/?page_id=21493"},"modified":"2020-02-20T12:43:05","modified_gmt":"2020-02-20T12:43:05","slug":"saannot","status":"publish","type":"page","link":"https:\/\/www.enjo.com\/fi\/saannot\/","title":{"rendered":"S\u00e4\u00e4nn\u00f6t"},"content":{"rendered":"<p>Kilpailun j\u00e4rjest\u00e4\u00e4 ENJO International.\u00a0Kilpailu ei ole Facebookin j\u00e4rjest\u00e4m\u00e4, eik\u00e4 se sponsoroi, suosittele tai hallinnoi mill\u00e4\u00e4n tavalla eik\u00e4 liity mill\u00e4\u00e4n tavalla Facebookiin.<\/p>\n<p>Kilpailuaika on 20.2.-26.2.2020. Jaossa on 3 kappaletta vapaavalintaista ENJO kinnasta.\u00a0Jokainen osallistuja voi voittaa vain yhden vapaavalintaisen kintaan.<\/p>\n<p>Palkinto l\u00e4hetet\u00e4\u00e4n postitse kilpailuajan loputtua.\u00a0 Jos voittaja ei ole meihin yhteydess\u00e4 ja ilmoita yhteystietojaan, voitto raukeaa. Kilpailu on avoin kaikille Suomessa asuville.<\/p>\n<p>Tietosuojak\u00e4yt\u00e4nt\u00f6mme l\u00f6yd\u00e4t t\u00e4\u00e4lt\u00e4:<\/p>\n<p><a href=\"http:\/\/db.enjo.com\/XfgbBNN\" target=\"_blank\" rel=\"noopener noreferrer\">Suomenkielinen tietosuojaseloste<\/a><\/p>\n","protected":false},"excerpt":{"rendered":"<p>Kilpailun j\u00e4rjest\u00e4\u00e4 ENJO International.\u00a0Kilpailu ei ole Facebookin j\u00e4rjest\u00e4m\u00e4, eik\u00e4 se sponsoroi, suosittele tai hallinnoi mill\u00e4\u00e4n tavalla eik\u00e4 liity mill\u00e4\u00e4n tavalla Facebookiin. Kilpailuaika on 20.2.-26.2.2020. Jaossa on 3 kappaletta vapaavalintaista ENJO kinnasta.\u00a0Jokainen osallistuja voi voittaa vain yhden vapaavalintaisen kintaan. Palkinto l\u00e4hetet\u00e4\u00e4n postitse kilpailuajan loputtua.\u00a0 Jos voittaja ei ole meihin yhteydess\u00e4 ja ilmoita yhteystietojaan, voitto raukeaa. Kilpailu on avoin kaikille Suomessa asuville. &#8230; <\/p>\n<div><a href=\"https:\/\/www.enjo.com\/fi\/saannot\/\" class=\"more-link\">Read More<\/a><\/div>\n","protected":false},"author":293,"featured_media":0,"parent":0,"menu_order":0,"comment_status":"closed","ping_status":"closed","template":"","meta":{"_acf_changed":false,"footnotes":""},"class_list":["post-21493","page","type-page","status-publish","hentry","no-post-thumbnail"],"acf":[],"yoast_head":"<!-- This site is optimized with the Yoast SEO plugin v24.0 - https:\/\/yoast.com\/wordpress\/plugins\/seo\/ -->\n<title>S\u00e4\u00e4nn\u00f6t - ENJO<\/title>\n<meta name=\"robots\" content=\"index, follow, max-snippet:-1, max-image-preview:large, max-video-preview:-1\" \/>\n<link rel=\"canonical\" href=\"https:\/\/www.enjo.com\/fi\/saannot\/\" \/>\n<meta property=\"og:locale\" content=\"fi_FI\" \/>\n<meta property=\"og:type\" content=\"article\" \/>\n<meta property=\"og:title\" content=\"S\u00e4\u00e4nn\u00f6t - ENJO\" \/>\n<meta property=\"og:description\" content=\"Kilpailun j\u00e4rjest\u00e4\u00e4 ENJO International.\u00a0Kilpailu ei ole Facebookin j\u00e4rjest\u00e4m\u00e4, eik\u00e4 se sponsoroi, suosittele tai hallinnoi mill\u00e4\u00e4n tavalla eik\u00e4 liity mill\u00e4\u00e4n tavalla Facebookiin. Kilpailuaika on 20.2.-26.2.2020. Jaossa on 3 kappaletta vapaavalintaista ENJO kinnasta.\u00a0Jokainen osallistuja voi voittaa vain yhden vapaavalintaisen kintaan. Palkinto l\u00e4hetet\u00e4\u00e4n postitse kilpailuajan loputtua.\u00a0 Jos voittaja ei ole meihin yhteydess\u00e4 ja ilmoita yhteystietojaan, voitto raukeaa. Kilpailu on avoin kaikille Suomessa asuville. ... Read More\" \/>\n<meta property=\"og:url\" content=\"https:\/\/www.enjo.com\/fi\/saannot\/\" \/>\n<meta property=\"og:site_name\" content=\"ENJO\" \/>\n<meta property=\"article:modified_time\" content=\"2020-02-20T12:43:05+00:00\" \/>\n<meta property=\"og:image\" content=\"https:\/\/www.enjo.com\/wp-content\/uploads\/2023\/10\/social_image.jpg\" \/>\n\t<meta property=\"og:image:width\" content=\"500\" \/>\n\t<meta property=\"og:image:height\" content=\"500\" \/>\n\t<meta property=\"og:image:type\" content=\"image\/jpeg\" \/>\n<meta name=\"twitter:card\" content=\"summary_large_image\" \/>\n<script type=\"application\/ld+json\" class=\"yoast-schema-graph\">{\"@context\":\"https:\/\/schema.org\",\"@graph\":[{\"@type\":\"WebPage\",\"@id\":\"https:\/\/www.enjo.com\/fi\/saannot\/\",\"url\":\"https:\/\/www.enjo.com\/fi\/saannot\/\",\"name\":\"S\u00e4\u00e4nn\u00f6t - ENJO\",\"isPartOf\":{\"@id\":\"https:\/\/www.enjo.com\/at-east\/#website\"},\"datePublished\":\"2018-11-12T15:16:53+00:00\",\"dateModified\":\"2020-02-20T12:43:05+00:00\",\"breadcrumb\":{\"@id\":\"https:\/\/www.enjo.com\/fi\/saannot\/#breadcrumb\"},\"inLanguage\":\"fi\",\"potentialAction\":[{\"@type\":\"ReadAction\",\"target\":[\"https:\/\/www.enjo.com\/fi\/saannot\/\"]}]},{\"@type\":\"BreadcrumbList\",\"@id\":\"https:\/\/www.enjo.com\/fi\/saannot\/#breadcrumb\",\"itemListElement\":[{\"@type\":\"ListItem\",\"position\":1,\"name\":\"Home\",\"item\":\"https:\/\/www.enjo.com\/fi\/\"},{\"@type\":\"ListItem\",\"position\":2,\"name\":\"S\u00e4\u00e4nn\u00f6t\"}]},{\"@type\":\"WebSite\",\"@id\":\"https:\/\/www.enjo.com\/at-east\/#website\",\"url\":\"https:\/\/www.enjo.com\/at-east\/\",\"name\":\"ENJO\",\"description\":\"Clean the World\",\"potentialAction\":[{\"@type\":\"SearchAction\",\"target\":{\"@type\":\"EntryPoint\",\"urlTemplate\":\"https:\/\/www.enjo.com\/at-east\/?s={search_term_string}\"},\"query-input\":{\"@type\":\"PropertyValueSpecification\",\"valueRequired\":true,\"valueName\":\"search_term_string\"}}],\"inLanguage\":\"fi\"}]}<\/script>\n<!-- \/ Yoast SEO plugin. -->","yoast_head_json":{"title":"S\u00e4\u00e4nn\u00f6t - ENJO","robots":{"index":"index","follow":"follow","max-snippet":"max-snippet:-1","max-image-preview":"max-image-preview:large","max-video-preview":"max-video-preview:-1"},"canonical":"https:\/\/www.enjo.com\/fi\/saannot\/","og_locale":"fi_FI","og_type":"article","og_title":"S\u00e4\u00e4nn\u00f6t - ENJO","og_description":"Kilpailun j\u00e4rjest\u00e4\u00e4 ENJO International.\u00a0Kilpailu ei ole Facebookin j\u00e4rjest\u00e4m\u00e4, eik\u00e4 se sponsoroi, suosittele tai hallinnoi mill\u00e4\u00e4n tavalla eik\u00e4 liity mill\u00e4\u00e4n tavalla Facebookiin. Kilpailuaika on 20.2.-26.2.2020. Jaossa on 3 kappaletta vapaavalintaista ENJO kinnasta.\u00a0Jokainen osallistuja voi voittaa vain yhden vapaavalintaisen kintaan. Palkinto l\u00e4hetet\u00e4\u00e4n postitse kilpailuajan loputtua.\u00a0 Jos voittaja ei ole meihin yhteydess\u00e4 ja ilmoita yhteystietojaan, voitto raukeaa. Kilpailu on avoin kaikille Suomessa asuville. ... Read More","og_url":"https:\/\/www.enjo.com\/fi\/saannot\/","og_site_name":"ENJO","article_modified_time":"2020-02-20T12:43:05+00:00","og_image":[{"width":500,"height":500,"url":"https:\/\/www.enjo.com\/wp-content\/uploads\/2023\/10\/social_image.jpg","type":"image\/jpeg"}],"twitter_card":"summary_large_image","schema":{"@context":"https:\/\/schema.org","@graph":[{"@type":"WebPage","@id":"https:\/\/www.enjo.com\/fi\/saannot\/","url":"https:\/\/www.enjo.com\/fi\/saannot\/","name":"S\u00e4\u00e4nn\u00f6t - ENJO","isPartOf":{"@id":"https:\/\/www.enjo.com\/at-east\/#website"},"datePublished":"2018-11-12T15:16:53+00:00","dateModified":"2020-02-20T12:43:05+00:00","breadcrumb":{"@id":"https:\/\/www.enjo.com\/fi\/saannot\/#breadcrumb"},"inLanguage":"fi","potentialAction":[{"@type":"ReadAction","target":["https:\/\/www.enjo.com\/fi\/saannot\/"]}]},{"@type":"BreadcrumbList","@id":"https:\/\/www.enjo.com\/fi\/saannot\/#breadcrumb","itemListElement":[{"@type":"ListItem","position":1,"name":"Home","item":"https:\/\/www.enjo.com\/fi\/"},{"@type":"ListItem","position":2,"name":"S\u00e4\u00e4nn\u00f6t"}]},{"@type":"WebSite","@id":"https:\/\/www.enjo.com\/at-east\/#website","url":"https:\/\/www.enjo.com\/at-east\/","name":"ENJO","description":"Clean the World","potentialAction":[{"@type":"SearchAction","target":{"@type":"EntryPoint","urlTemplate":"https:\/\/www.enjo.com\/at-east\/?s={search_term_string}"},"query-input":{"@type":"PropertyValueSpecification","valueRequired":true,"valueName":"search_term_string"}}],"inLanguage":"fi"}]}},"_links":{"self":[{"href":"https:\/\/www.enjo.com\/fi\/wp-json\/wp\/v2\/pages\/21493","targetHints":{"allow":["GET"]}}],"collection":[{"href":"https:\/\/www.enjo.com\/fi\/wp-json\/wp\/v2\/pages"}],"about":[{"href":"https:\/\/www.enjo.com\/fi\/wp-json\/wp\/v2\/types\/page"}],"author":[{"embeddable":true,"href":"https:\/\/www.enjo.com\/fi\/wp-json\/wp\/v2\/users\/293"}],"replies":[{"embeddable":true,"href":"https:\/\/www.enjo.com\/fi\/wp-json\/wp\/v2\/comments?post=21493"}],"version-history":[{"count":4,"href":"https:\/\/www.enjo.com\/fi\/wp-json\/wp\/v2\/pages\/21493\/revisions"}],"predecessor-version":[{"id":65898,"href":"https:\/\/www.enjo.com\/fi\/wp-json\/wp\/v2\/pages\/21493\/revisions\/65898"}],"wp:attachment":[{"href":"https:\/\/www.enjo.com\/fi\/wp-json\/wp\/v2\/media?parent=21493"}],"curies":[{"name":"wp","href":"https:\/\/api.w.org\/{rel}","templated":true}]}}