{"id":109425,"date":"2023-09-18T08:55:46","date_gmt":"2023-09-18T08:55:46","guid":{"rendered":"https:\/\/www.enjo.com\/9x-weniger-tenside\/"},"modified":"2023-10-20T08:46:04","modified_gmt":"2023-10-20T08:46:04","slug":"9x-vahemman-tensideja","status":"publish","type":"page","link":"https:\/\/www.enjo.com\/fi\/9x-vahemman-tensideja\/","title":{"rendered":"Laventelikukka pyykinpesuneste j\u00e4tt\u00e4\u00e4 pyykkiin 9x v\u00e4hemm\u00e4n tensidej\u00e4"},"content":{"rendered":"","protected":false},"excerpt":{"rendered":"","protected":false},"author":295,"featured_media":0,"parent":0,"menu_order":0,"comment_status":"closed","ping_status":"closed","template":"enjo-page-builder.php","meta":{"_acf_changed":false,"footnotes":""},"class_list":["post-109425","page","type-page","status-publish","hentry","no-post-thumbnail"],"acf":[],"yoast_head":"<!-- This site is optimized with the Yoast SEO plugin v24.0 - https:\/\/yoast.com\/wordpress\/plugins\/seo\/ -->\n<title>Laventelikukka pyykinpesuneste j\u00e4tt\u00e4\u00e4 pyykkiin 9x v\u00e4hemm\u00e4n tensidej\u00e4 - ENJO<\/title>\n<meta name=\"description\" content=\"Riippumaton tutkimusinstituutti tutki ENJO Laventelinkukka pyykinpesunesteen ja tavallisen pyykinpesunesteen tensidij\u00e4\u00e4mi\u00e4 pestyiss\u00e4 tekstiileiss\u00e4.\" \/>\n<meta name=\"robots\" content=\"index, follow, max-snippet:-1, max-image-preview:large, max-video-preview:-1\" \/>\n<link rel=\"canonical\" href=\"https:\/\/www.enjo.com\/fi\/9x-vahemman-tensideja\/\" \/>\n<meta property=\"og:locale\" content=\"fi_FI\" \/>\n<meta property=\"og:type\" content=\"article\" \/>\n<meta property=\"og:title\" content=\"Laventelikukka pyykinpesuneste j\u00e4tt\u00e4\u00e4 pyykkiin 9x v\u00e4hemm\u00e4n tensidej\u00e4 - ENJO\" \/>\n<meta property=\"og:description\" content=\"Riippumaton tutkimusinstituutti tutki ENJO Laventelinkukka pyykinpesunesteen ja tavallisen pyykinpesunesteen tensidij\u00e4\u00e4mi\u00e4 pestyiss\u00e4 tekstiileiss\u00e4.\" \/>\n<meta property=\"og:url\" content=\"https:\/\/www.enjo.com\/fi\/9x-vahemman-tensideja\/\" \/>\n<meta property=\"og:site_name\" content=\"ENJO\" \/>\n<meta property=\"article:modified_time\" content=\"2023-10-20T08:46:04+00:00\" \/>\n<meta property=\"og:image\" content=\"https:\/\/www.enjo.com\/wp-content\/uploads\/2023\/10\/social_image.jpg\" \/>\n\t<meta property=\"og:image:width\" content=\"500\" \/>\n\t<meta property=\"og:image:height\" content=\"500\" \/>\n\t<meta property=\"og:image:type\" content=\"image\/jpeg\" \/>\n<meta name=\"twitter:card\" content=\"summary_large_image\" \/>\n<script type=\"application\/ld+json\" class=\"yoast-schema-graph\">{\"@context\":\"https:\/\/schema.org\",\"@graph\":[{\"@type\":\"WebPage\",\"@id\":\"https:\/\/www.enjo.com\/fi\/9x-vahemman-tensideja\/\",\"url\":\"https:\/\/www.enjo.com\/fi\/9x-vahemman-tensideja\/\",\"name\":\"Laventelikukka pyykinpesuneste j\u00e4tt\u00e4\u00e4 pyykkiin 9x v\u00e4hemm\u00e4n tensidej\u00e4 - ENJO\",\"isPartOf\":{\"@id\":\"https:\/\/www.enjo.com\/at-east\/#website\"},\"datePublished\":\"2023-09-18T08:55:46+00:00\",\"dateModified\":\"2023-10-20T08:46:04+00:00\",\"description\":\"Riippumaton tutkimusinstituutti tutki ENJO Laventelinkukka pyykinpesunesteen ja tavallisen pyykinpesunesteen tensidij\u00e4\u00e4mi\u00e4 pestyiss\u00e4 tekstiileiss\u00e4.\",\"breadcrumb\":{\"@id\":\"https:\/\/www.enjo.com\/fi\/9x-vahemman-tensideja\/#breadcrumb\"},\"inLanguage\":\"fi\",\"potentialAction\":[{\"@type\":\"ReadAction\",\"target\":[\"https:\/\/www.enjo.com\/fi\/9x-vahemman-tensideja\/\"]}]},{\"@type\":\"BreadcrumbList\",\"@id\":\"https:\/\/www.enjo.com\/fi\/9x-vahemman-tensideja\/#breadcrumb\",\"itemListElement\":[{\"@type\":\"ListItem\",\"position\":1,\"name\":\"Home\",\"item\":\"https:\/\/www.enjo.com\/fi\/\"},{\"@type\":\"ListItem\",\"position\":2,\"name\":\"Laventelikukka pyykinpesuneste j\u00e4tt\u00e4\u00e4 pyykkiin 9x v\u00e4hemm\u00e4n tensidej\u00e4\"}]},{\"@type\":\"WebSite\",\"@id\":\"https:\/\/www.enjo.com\/at-east\/#website\",\"url\":\"https:\/\/www.enjo.com\/at-east\/\",\"name\":\"ENJO\",\"description\":\"Clean the World\",\"potentialAction\":[{\"@type\":\"SearchAction\",\"target\":{\"@type\":\"EntryPoint\",\"urlTemplate\":\"https:\/\/www.enjo.com\/at-east\/?s={search_term_string}\"},\"query-input\":{\"@type\":\"PropertyValueSpecification\",\"valueRequired\":true,\"valueName\":\"search_term_string\"}}],\"inLanguage\":\"fi\"}]}<\/script>\n<!-- \/ Yoast SEO plugin. -->","yoast_head_json":{"title":"Laventelikukka pyykinpesuneste j\u00e4tt\u00e4\u00e4 pyykkiin 9x v\u00e4hemm\u00e4n tensidej\u00e4 - ENJO","description":"Riippumaton tutkimusinstituutti tutki ENJO Laventelinkukka pyykinpesunesteen ja tavallisen pyykinpesunesteen tensidij\u00e4\u00e4mi\u00e4 pestyiss\u00e4 tekstiileiss\u00e4.","robots":{"index":"index","follow":"follow","max-snippet":"max-snippet:-1","max-image-preview":"max-image-preview:large","max-video-preview":"max-video-preview:-1"},"canonical":"https:\/\/www.enjo.com\/fi\/9x-vahemman-tensideja\/","og_locale":"fi_FI","og_type":"article","og_title":"Laventelikukka pyykinpesuneste j\u00e4tt\u00e4\u00e4 pyykkiin 9x v\u00e4hemm\u00e4n tensidej\u00e4 - ENJO","og_description":"Riippumaton tutkimusinstituutti tutki ENJO Laventelinkukka pyykinpesunesteen ja tavallisen pyykinpesunesteen tensidij\u00e4\u00e4mi\u00e4 pestyiss\u00e4 tekstiileiss\u00e4.","og_url":"https:\/\/www.enjo.com\/fi\/9x-vahemman-tensideja\/","og_site_name":"ENJO","article_modified_time":"2023-10-20T08:46:04+00:00","og_image":[{"width":500,"height":500,"url":"https:\/\/www.enjo.com\/wp-content\/uploads\/2023\/10\/social_image.jpg","type":"image\/jpeg"}],"twitter_card":"summary_large_image","schema":{"@context":"https:\/\/schema.org","@graph":[{"@type":"WebPage","@id":"https:\/\/www.enjo.com\/fi\/9x-vahemman-tensideja\/","url":"https:\/\/www.enjo.com\/fi\/9x-vahemman-tensideja\/","name":"Laventelikukka pyykinpesuneste j\u00e4tt\u00e4\u00e4 pyykkiin 9x v\u00e4hemm\u00e4n tensidej\u00e4 - ENJO","isPartOf":{"@id":"https:\/\/www.enjo.com\/at-east\/#website"},"datePublished":"2023-09-18T08:55:46+00:00","dateModified":"2023-10-20T08:46:04+00:00","description":"Riippumaton tutkimusinstituutti tutki ENJO Laventelinkukka pyykinpesunesteen ja tavallisen pyykinpesunesteen tensidij\u00e4\u00e4mi\u00e4 pestyiss\u00e4 tekstiileiss\u00e4.","breadcrumb":{"@id":"https:\/\/www.enjo.com\/fi\/9x-vahemman-tensideja\/#breadcrumb"},"inLanguage":"fi","potentialAction":[{"@type":"ReadAction","target":["https:\/\/www.enjo.com\/fi\/9x-vahemman-tensideja\/"]}]},{"@type":"BreadcrumbList","@id":"https:\/\/www.enjo.com\/fi\/9x-vahemman-tensideja\/#breadcrumb","itemListElement":[{"@type":"ListItem","position":1,"name":"Home","item":"https:\/\/www.enjo.com\/fi\/"},{"@type":"ListItem","position":2,"name":"Laventelikukka pyykinpesuneste j\u00e4tt\u00e4\u00e4 pyykkiin 9x v\u00e4hemm\u00e4n tensidej\u00e4"}]},{"@type":"WebSite","@id":"https:\/\/www.enjo.com\/at-east\/#website","url":"https:\/\/www.enjo.com\/at-east\/","name":"ENJO","description":"Clean the World","potentialAction":[{"@type":"SearchAction","target":{"@type":"EntryPoint","urlTemplate":"https:\/\/www.enjo.com\/at-east\/?s={search_term_string}"},"query-input":{"@type":"PropertyValueSpecification","valueRequired":true,"valueName":"search_term_string"}}],"inLanguage":"fi"}]}},"_links":{"self":[{"href":"https:\/\/www.enjo.com\/fi\/wp-json\/wp\/v2\/pages\/109425","targetHints":{"allow":["GET"]}}],"collection":[{"href":"https:\/\/www.enjo.com\/fi\/wp-json\/wp\/v2\/pages"}],"about":[{"href":"https:\/\/www.enjo.com\/fi\/wp-json\/wp\/v2\/types\/page"}],"author":[{"embeddable":true,"href":"https:\/\/www.enjo.com\/fi\/wp-json\/wp\/v2\/users\/295"}],"replies":[{"embeddable":true,"href":"https:\/\/www.enjo.com\/fi\/wp-json\/wp\/v2\/comments?post=109425"}],"version-history":[{"count":9,"href":"https:\/\/www.enjo.com\/fi\/wp-json\/wp\/v2\/pages\/109425\/revisions"}],"predecessor-version":[{"id":110238,"href":"https:\/\/www.enjo.com\/fi\/wp-json\/wp\/v2\/pages\/109425\/revisions\/110238"}],"wp:attachment":[{"href":"https:\/\/www.enjo.com\/fi\/wp-json\/wp\/v2\/media?parent=109425"}],"curies":[{"name":"wp","href":"https:\/\/api.w.org\/{rel}","templated":true}]}}