{"id":105498,"date":"2023-05-23T08:30:22","date_gmt":"2023-05-23T08:30:22","guid":{"rendered":"https:\/\/www.enjo.com\/privacy-policy-en\/"},"modified":"2025-09-29T16:17:04","modified_gmt":"2025-09-29T16:17:04","slug":"privacy-policy-en","status":"publish","type":"page","link":"https:\/\/www.enjo.com\/fi\/privacy-policy-en\/","title":{"rendered":"Privacy Policy"},"content":{"rendered":"<h2 style=\"text-align: center;\"><strong>TIETOSUOJASELOSTE<\/strong><\/h2>\n<p>&nbsp;<\/p>\n<p>&nbsp;<\/p>\n<p><strong>Olemme p\u00e4ivitt\u00e4neet Care 4 Nordic Oy:n Tietosuojaselostetta 29.9.2025.<\/strong><\/p>\n<p><strong>Alustus tietosuojaselosteeseen<\/strong><\/p>\n<p>Kuvaamme t\u00e4ss\u00e4 tietosuojaselosteessa, miten Care 4 Nordic Oy k\u00e4sittelee asiakkaiden ja potentiaalisten asiakkaiden henkil\u00f6tietoja.<\/p>\n<ul>\n<li>Kunnioitamme yksityisyydensuojaasi kaikessa suorittamassamme k\u00e4sittelyss\u00e4.<\/li>\n<li>Ker\u00e4\u00e4mme henkil\u00f6tietojasi, kun asioit VIP-Shopissa, osallistut ENJO-tapaamiseen tai ENJO-ryhm\u00e4tapaamiseen, tilaat uutiskirjeemme tai asioit muutoin kanssamme. ENJO-tapaamisissa ENJOasiantuntijamme k\u00e4sittelev\u00e4t henkil\u00f6tietojasi meid\u00e4n lukuumme ja ohjeistuksiemme mukaisesti.<\/li>\n<li>Ker\u00e4\u00e4m\u00e4mme tiedot voivat olla sellaisia, joita annat itse VIP-Shopissa (verkkokaupassa) tai ENJO-tapaamisella tekemiesi ostosten yhteydess\u00e4.<\/li>\n<li>K\u00e4sittelemme henkil\u00f6tietojasi tilausten toimittamiseksi, asiakashallinnan ja palvelujemme toteuttamiseksi sek\u00e4 kehitt\u00e4miseksi.<\/li>\n<li>K\u00e4sittelemme henkil\u00f6tietojasi tarjotessamme sinulle asiakaspalvelua ja l\u00e4hett\u00e4ess\u00e4mme asiakasviestint\u00e4\u00e4, mik\u00e4li olet antanut siihen suostumuksesi.<\/li>\n<li>Voit itse vaikuttaa siihen, miten k\u00e4sittelemme henkil\u00f6tietojasi. Sinulla on oikeus peruuttaa suostumus henkil\u00f6tietojen k\u00e4sittelyyn, oikeus saada p\u00e4\u00e4sy henkil\u00f6tietoihisi sek\u00e4 oikeus tietojen oikaisemiseen, poistamiseen, rajoittamiseen sek\u00e4 siirt\u00e4miseen toiselle rekisterinpit\u00e4j\u00e4lle. Lis\u00e4ksi sinulla on oikeus vastustaa henkil\u00f6tietojen k\u00e4sittely\u00e4 sek\u00e4 oikeus tehd\u00e4 valitus tietosuojaviranomaiselle.<\/li>\n<li>Tietosuoja-asioissa voi ottaa yhteytt\u00e4 s\u00e4hk\u00f6postilla <a href=\"mailto:office@enjo.fi\">office@enjo.fi<\/a>.<\/li>\n<\/ul>\n<p><strong>\u00a0<\/strong><\/p>\n<ol>\n<li><strong>Rekisterinpit\u00e4j\u00e4<\/strong><\/li>\n<\/ol>\n<p>Care 4 Nordic Oy, ENJO Nordic<br \/>\nY-tunnus: 3406029-8<br \/>\nOsoite: Carlinkatu 6, 60200 Sein\u00e4joki<br \/>\nS\u00e4hk\u00f6posti: <a href=\"mailto:office@enjo.fi\">office@enjo.fi<\/a><br \/>\nPuhelin: +358 44\u00a0248 0336<\/p>\n<ol start=\"2\">\n<li><strong>Rekisteriasioista vastaava yhteyshenkil\u00f6<\/strong><\/li>\n<\/ol>\n<p>Care 4 Nordic Oy tietosuoja-asioista vastaava henkil\u00f6. S\u00e4hk\u00f6posti <a href=\"mailto:office@enjo.fi\">office@enjo.fi<\/a><\/p>\n<ol start=\"3\">\n<li><strong>Rekisterin nimi: <\/strong><\/li>\n<\/ol>\n<p>Care 4 Nordic Oy:n tilaus- ja asiakasrekisteri<\/p>\n<ol start=\"4\">\n<li><strong>Henkil\u00f6tietojen k\u00e4sittelyn tarkoitus ja peruste<\/strong><\/li>\n<\/ol>\n<p>Care 4 Nordic Oy k\u00e4sittelee henkil\u00f6tietoja seuraaviin tarkoituksiin:<\/p>\n<ul>\n<li>ENJO-tapaamisilla tehtyjen tilausten k\u00e4sittely ja toimittaminen<\/li>\n<li>VIP-Shop tilauksien k\u00e4sittely ja toimittaminen<\/li>\n<li>Asiakassuhteen hallinta, kuten asiakaspalvelu ja yhteydenpito<\/li>\n<li>Laskutus ja maksuliikenne<\/li>\n<li>Markkinointiviestint\u00e4, kuten uutiskirjeet ja kampanjat (suostumuksen perusteella)<\/li>\n<li>ENJOasiantuntijoiden sopimukset<\/li>\n<li>Lains\u00e4\u00e4d\u00e4nn\u00f6n edellytt\u00e4mien velvoitteiden, kuten kirjanpidon, t\u00e4ytt\u00e4minen<\/li>\n<\/ul>\n<p>Henkil\u00f6tietojen k\u00e4sittely perustuu sopimukseen, oikeutettuun etuun, lakis\u00e4\u00e4teiseen velvoitteeseen tai rekister\u00f6idyn antamaan suostumukseen.<\/p>\n<ol start=\"5\">\n<li><strong>Rekisteriin tallennettavat tiedot <\/strong><\/li>\n<\/ol>\n<p>Rekisteriin voidaan tallentaa seuraavia tietoja:<\/p>\n<ul>\n<li>Perustiedot: nimi, osoite, puhelinnumero, s\u00e4hk\u00f6posti<\/li>\n<li>Tilaustiedot: tilatut tuotteet, toimitusosoite, maksutapa, tilaushistoriaa koskevat tiedot<\/li>\n<li>Maksutiedot: maksun tiedot (ei tallenneta maksukortin tietoja)<\/li>\n<li>Asiakkuuden hoitoon liittyv\u00e4t tiedot, kuten asiakaspalautteet, reklamaatiot sek\u00e4 muu asiakkuuteen liittyv\u00e4 yhteydenpito ja viestint\u00e4<\/li>\n<li>Uutiskirjeen tilaamista koskevat tiedot sek\u00e4 tiedot osallistumisesta arvontoihin tai kilpailuihin<\/li>\n<li>Suostumukset ja kiellot, kuten markkinointiluvat<\/li>\n<\/ul>\n<ol start=\"6\">\n<li><strong>Tietojen s\u00e4ilytysaika <\/strong><\/li>\n<\/ol>\n<p>Henkil\u00f6tietoja s\u00e4ilytet\u00e4\u00e4n seuraavasti:<\/p>\n<ul>\n<li>Tilaustiedot: S\u00e4ilyt\u00e4mme tilaustietoja 7 vuotta sen kalenterivuoden p\u00e4\u00e4ttymisest\u00e4, jolloin olet viimeksi tehnyt tilauksen VIP-Shopissamme, ENJO-tapaamisessa tai ENJO-ryhm\u00e4tapaamisessa. T\u00e4m\u00e4 vastaa Suomen kirjanpitolain s\u00e4ilytysvaatimuksia.<\/li>\n<li>Asiakaspalvelun yhteydess\u00e4 ker\u00e4tyt tiedot: S\u00e4ilyt\u00e4mme asiakaspalvelun yhteydess\u00e4 ker\u00e4ttyj\u00e4 tietoja 7 vuotta sen kalenterivuoden p\u00e4\u00e4ttymisest\u00e4, jolloin olet viimeksi ollut yhteydess\u00e4 asiakaspalveluumme. T\u00e4m\u00e4 mahdollistaa reklamaatioiden ja riitatilanteiden k\u00e4sittelyn.<\/li>\n<li>Markkinointitiedot: Niin kauan kuin rekister\u00f6ity on antanut suostumuksensa. Tiedot poistetaan, jos suostumus peruutetaan<\/li>\n<li>Kun s\u00e4ilytysaika p\u00e4\u00e4ttyy, tiedot poistetaan tai anonymisoidaan tietoturvallisesti.<\/li>\n<\/ul>\n<ol start=\"7\">\n<li><strong>S\u00e4\u00e4nn\u00f6nmukaiset tietol\u00e4hteet<\/strong><\/li>\n<\/ol>\n<p>Henkil\u00f6tietoja ker\u00e4t\u00e4\u00e4n ensisijaisesti rekister\u00f6idylt\u00e4 itselt\u00e4 tilauksen, rekister\u00f6itymisen tai muun asioinnin yhteydess\u00e4. Lis\u00e4ksi tietoja voidaan ker\u00e4t\u00e4 verkkosivuston ev\u00e4steiden ja muiden analytiikkaty\u00f6kalujen avulla.<\/p>\n<ol start=\"8\">\n<li><strong>Tietojen luovuttaminen ja siirt\u00e4minen<\/strong><\/li>\n<\/ol>\n<p data-start=\"344\" data-end=\"714\">Tietoja ei luovuteta kolmansille osapuolille ilman rekister\u00f6idyn suostumusta, ellei se ole tarpeen palvelun toteuttamiseksi esim. logistiikkapalvelut, maksupalvelun tarjoaminen tai lains\u00e4\u00e4d\u00e4nn\u00f6n mukaan on oikeus tietojen saantiin (viranomaiset). Henkil\u00f6tietoja voidaan siirt\u00e4\u00e4 EU\/ETA-alueen ulkopuolelle vain, jos tietojen suojaamisesta on huolehdittu lain mukaisesti.<\/p>\n<p data-start=\"765\" data-end=\"1027\">Care 4 Nordic Oy:n asiakasrekisteri\u00e4 k\u00e4ytt\u00e4v\u00e4t my\u00f6s ENJOasiantuntijat (agentit), jotka toimivat Care 4 Nordic Oy:n tuotteiden myynniss\u00e4 ja asiakassuhteiden hoidossa. Agenteilla on p\u00e4\u00e4sy asiakastietoihin vain silt\u00e4 osin kuin se on tarpeen heid\u00e4n teht\u00e4viens\u00e4 hoitamiseksi.<\/p>\n<p data-start=\"1029\" data-end=\"1465\">Agentit sitoutuvat noudattamaan salassapitoa ja k\u00e4sittelem\u00e4\u00e4n tietoja ainoastaan Care 4 Nordic Oy:n tuotteiden markkinointiin, myyntiin ja asiakaspalveluun liittyviin tarkoituksiin. Asiakastietoja ei luovuteta ulkopuolisille eik\u00e4 niit\u00e4 saa k\u00e4ytt\u00e4\u00e4 muihin tarkoituksiin. Care 4 Nordic Oy valvoo ja vastaa siit\u00e4, ett\u00e4 agentit k\u00e4sittelev\u00e4t asiakastietoja EU:n yleisen tietosuoja-asetuksen (GDPR) ja soveltuvan kansallisen lains\u00e4\u00e4d\u00e4nn\u00f6n mukaisesti.<\/p>\n<ol start=\"9\">\n<li><strong>Rekisterin suojauksen periaatteet <\/strong><\/li>\n<\/ol>\n<p>Rekisteri on suojattu asianmukaisin teknisin ja organisatorisin keinoin. Tiedot s\u00e4ilytet\u00e4\u00e4n salatussa ja suojatussa j\u00e4rjestelm\u00e4ss\u00e4, johon on p\u00e4\u00e4sy vain siihen oikeutetuilla henkil\u00f6ill\u00e4.<\/p>\n<ol start=\"10\">\n<li><strong>Rekister\u00f6idyn oikeudet <\/strong><\/li>\n<\/ol>\n<p>Rekister\u00f6idyill\u00e4 on seuraavat oikeudet:<\/p>\n<ul>\n<li>Oikeus saada p\u00e4\u00e4sy omiin tietoihinsa<\/li>\n<li>Oikeus tietojen oikaisemiseen<\/li>\n<li>Oikeus tietojen poistamiseen (&#8221;oikeus tulla unohdetuksi&#8221;)<\/li>\n<li>Oikeus k\u00e4sittelyn rajoittamiseen<\/li>\n<li>Oikeus vastustaa k\u00e4sittely\u00e4<\/li>\n<li>Oikeus tietojen siirt\u00e4miseen<\/li>\n<\/ul>\n<p>Oikeuksia voi k\u00e4ytt\u00e4\u00e4 ottamalla yhteytt\u00e4 rekisterinpit\u00e4j\u00e4\u00e4n. Rekister\u00f6idyll\u00e4 on my\u00f6s oikeus tehd\u00e4 valitus valvontaviranomaiselle, jos h\u00e4n katsoo, ett\u00e4 h\u00e4nen tietojaan on k\u00e4sitelty lainvastaisesti.<\/p>\n<ol start=\"11\">\n<li><strong>Ev\u00e4steet <\/strong><\/li>\n<\/ol>\n<p>Care 4 Nordic Oy:n verkkosivustolla k\u00e4ytet\u00e4\u00e4n ev\u00e4steit\u00e4 palvelun toimivuuden ja analytiikan parantamiseksi. K\u00e4ytt\u00e4j\u00e4 voi hallita ev\u00e4steasetuksia selaimensa kautta.<\/p>\n<ol start=\"12\">\n<li><strong>Tietosuojaselosteen p\u00e4ivitys <\/strong><\/li>\n<\/ol>\n<p>T\u00e4t\u00e4 tietosuojaselostetta voidaan p\u00e4ivitt\u00e4\u00e4 toimintamme tai lains\u00e4\u00e4d\u00e4nn\u00f6n muuttuessa. Suosittelemme tutustumaan selosteeseen s\u00e4\u00e4nn\u00f6llisesti.<\/p>\n<p>&nbsp;<\/p>\n<p style=\"text-align: center;\">\n","protected":false},"excerpt":{"rendered":"<p>TIETOSUOJASELOSTE &nbsp; &nbsp; Olemme p\u00e4ivitt\u00e4neet Care 4 Nordic Oy:n Tietosuojaselostetta 29.9.2025. Alustus tietosuojaselosteeseen Kuvaamme t\u00e4ss\u00e4 tietosuojaselosteessa, miten Care 4 Nordic Oy k\u00e4sittelee asiakkaiden ja potentiaalisten asiakkaiden henkil\u00f6tietoja. Kunnioitamme yksityisyydensuojaasi kaikessa suorittamassamme k\u00e4sittelyss\u00e4. Ker\u00e4\u00e4mme henkil\u00f6tietojasi, kun asioit VIP-Shopissa, osallistut ENJO-tapaamiseen tai ENJO-ryhm\u00e4tapaamiseen, tilaat uutiskirjeemme tai asioit muutoin kanssamme. ENJO-tapaamisissa ENJOasiantuntijamme k\u00e4sittelev\u00e4t henkil\u00f6tietojasi meid\u00e4n lukuumme ja ohjeistuksiemme mukaisesti. Ker\u00e4\u00e4m\u00e4mme tiedot voivat olla &#8230; <\/p>\n<div><a href=\"https:\/\/www.enjo.com\/fi\/privacy-policy-en\/\" class=\"more-link\">Read More<\/a><\/div>\n","protected":false},"author":295,"featured_media":0,"parent":0,"menu_order":0,"comment_status":"closed","ping_status":"closed","template":"","meta":{"_acf_changed":false,"footnotes":""},"class_list":["post-105498","page","type-page","status-publish","hentry","no-post-thumbnail"],"acf":[],"yoast_head":"<!-- This site is optimized with the Yoast SEO plugin v24.0 - https:\/\/yoast.com\/wordpress\/plugins\/seo\/ -->\n<title>Privacy Policy - ENJO<\/title>\n<meta name=\"description\" content=\"Henkil\u00f6kohtaisten tietojesi suojaaminen on meille t\u00e4rke\u00e4\u00e4. K\u00e4sittelemme tietojasi lains\u00e4\u00e4d\u00f6llisen tietosuojan mukaisesti\" \/>\n<meta name=\"robots\" content=\"index, follow, max-snippet:-1, max-image-preview:large, max-video-preview:-1\" \/>\n<link rel=\"canonical\" href=\"https:\/\/www.enjo.com\/fi\/privacy-policy-en\/\" \/>\n<meta property=\"og:locale\" content=\"fi_FI\" \/>\n<meta property=\"og:type\" content=\"article\" \/>\n<meta property=\"og:title\" content=\"Privacy Policy - ENJO\" \/>\n<meta property=\"og:description\" content=\"Henkil\u00f6kohtaisten tietojesi suojaaminen on meille t\u00e4rke\u00e4\u00e4. K\u00e4sittelemme tietojasi lains\u00e4\u00e4d\u00f6llisen tietosuojan mukaisesti\" \/>\n<meta property=\"og:url\" content=\"https:\/\/www.enjo.com\/fi\/privacy-policy-en\/\" \/>\n<meta property=\"og:site_name\" content=\"ENJO\" \/>\n<meta property=\"article:modified_time\" content=\"2025-09-29T16:17:04+00:00\" \/>\n<meta property=\"og:image\" content=\"https:\/\/www.enjo.com\/wp-content\/uploads\/2023\/10\/social_image.jpg\" \/>\n\t<meta property=\"og:image:width\" content=\"500\" \/>\n\t<meta property=\"og:image:height\" content=\"500\" \/>\n\t<meta property=\"og:image:type\" content=\"image\/jpeg\" \/>\n<meta name=\"twitter:card\" content=\"summary_large_image\" \/>\n<meta name=\"twitter:label1\" content=\"Arvioitu lukuaika\" \/>\n\t<meta name=\"twitter:data1\" content=\"3 minuuttia\" \/>\n<script type=\"application\/ld+json\" class=\"yoast-schema-graph\">{\"@context\":\"https:\/\/schema.org\",\"@graph\":[{\"@type\":\"WebPage\",\"@id\":\"https:\/\/www.enjo.com\/fi\/privacy-policy-en\/\",\"url\":\"https:\/\/www.enjo.com\/fi\/privacy-policy-en\/\",\"name\":\"Privacy Policy - ENJO\",\"isPartOf\":{\"@id\":\"https:\/\/www.enjo.com\/at-east\/#website\"},\"datePublished\":\"2023-05-23T08:30:22+00:00\",\"dateModified\":\"2025-09-29T16:17:04+00:00\",\"description\":\"Henkil\u00f6kohtaisten tietojesi suojaaminen on meille t\u00e4rke\u00e4\u00e4. K\u00e4sittelemme tietojasi lains\u00e4\u00e4d\u00f6llisen tietosuojan mukaisesti\",\"breadcrumb\":{\"@id\":\"https:\/\/www.enjo.com\/fi\/privacy-policy-en\/#breadcrumb\"},\"inLanguage\":\"fi\",\"potentialAction\":[{\"@type\":\"ReadAction\",\"target\":[\"https:\/\/www.enjo.com\/fi\/privacy-policy-en\/\"]}]},{\"@type\":\"BreadcrumbList\",\"@id\":\"https:\/\/www.enjo.com\/fi\/privacy-policy-en\/#breadcrumb\",\"itemListElement\":[{\"@type\":\"ListItem\",\"position\":1,\"name\":\"Home\",\"item\":\"https:\/\/www.enjo.com\/fi\/\"},{\"@type\":\"ListItem\",\"position\":2,\"name\":\"Privacy Policy\"}]},{\"@type\":\"WebSite\",\"@id\":\"https:\/\/www.enjo.com\/at-east\/#website\",\"url\":\"https:\/\/www.enjo.com\/at-east\/\",\"name\":\"ENJO\",\"description\":\"Clean the World\",\"potentialAction\":[{\"@type\":\"SearchAction\",\"target\":{\"@type\":\"EntryPoint\",\"urlTemplate\":\"https:\/\/www.enjo.com\/at-east\/?s={search_term_string}\"},\"query-input\":{\"@type\":\"PropertyValueSpecification\",\"valueRequired\":true,\"valueName\":\"search_term_string\"}}],\"inLanguage\":\"fi\"}]}<\/script>\n<!-- \/ Yoast SEO plugin. -->","yoast_head_json":{"title":"Privacy Policy - ENJO","description":"Henkil\u00f6kohtaisten tietojesi suojaaminen on meille t\u00e4rke\u00e4\u00e4. K\u00e4sittelemme tietojasi lains\u00e4\u00e4d\u00f6llisen tietosuojan mukaisesti","robots":{"index":"index","follow":"follow","max-snippet":"max-snippet:-1","max-image-preview":"max-image-preview:large","max-video-preview":"max-video-preview:-1"},"canonical":"https:\/\/www.enjo.com\/fi\/privacy-policy-en\/","og_locale":"fi_FI","og_type":"article","og_title":"Privacy Policy - ENJO","og_description":"Henkil\u00f6kohtaisten tietojesi suojaaminen on meille t\u00e4rke\u00e4\u00e4. K\u00e4sittelemme tietojasi lains\u00e4\u00e4d\u00f6llisen tietosuojan mukaisesti","og_url":"https:\/\/www.enjo.com\/fi\/privacy-policy-en\/","og_site_name":"ENJO","article_modified_time":"2025-09-29T16:17:04+00:00","og_image":[{"width":500,"height":500,"url":"https:\/\/www.enjo.com\/wp-content\/uploads\/2023\/10\/social_image.jpg","type":"image\/jpeg"}],"twitter_card":"summary_large_image","twitter_misc":{"Arvioitu lukuaika":"3 minuuttia"},"schema":{"@context":"https:\/\/schema.org","@graph":[{"@type":"WebPage","@id":"https:\/\/www.enjo.com\/fi\/privacy-policy-en\/","url":"https:\/\/www.enjo.com\/fi\/privacy-policy-en\/","name":"Privacy Policy - ENJO","isPartOf":{"@id":"https:\/\/www.enjo.com\/at-east\/#website"},"datePublished":"2023-05-23T08:30:22+00:00","dateModified":"2025-09-29T16:17:04+00:00","description":"Henkil\u00f6kohtaisten tietojesi suojaaminen on meille t\u00e4rke\u00e4\u00e4. K\u00e4sittelemme tietojasi lains\u00e4\u00e4d\u00f6llisen tietosuojan mukaisesti","breadcrumb":{"@id":"https:\/\/www.enjo.com\/fi\/privacy-policy-en\/#breadcrumb"},"inLanguage":"fi","potentialAction":[{"@type":"ReadAction","target":["https:\/\/www.enjo.com\/fi\/privacy-policy-en\/"]}]},{"@type":"BreadcrumbList","@id":"https:\/\/www.enjo.com\/fi\/privacy-policy-en\/#breadcrumb","itemListElement":[{"@type":"ListItem","position":1,"name":"Home","item":"https:\/\/www.enjo.com\/fi\/"},{"@type":"ListItem","position":2,"name":"Privacy Policy"}]},{"@type":"WebSite","@id":"https:\/\/www.enjo.com\/at-east\/#website","url":"https:\/\/www.enjo.com\/at-east\/","name":"ENJO","description":"Clean the World","potentialAction":[{"@type":"SearchAction","target":{"@type":"EntryPoint","urlTemplate":"https:\/\/www.enjo.com\/at-east\/?s={search_term_string}"},"query-input":{"@type":"PropertyValueSpecification","valueRequired":true,"valueName":"search_term_string"}}],"inLanguage":"fi"}]}},"_links":{"self":[{"href":"https:\/\/www.enjo.com\/fi\/wp-json\/wp\/v2\/pages\/105498","targetHints":{"allow":["GET"]}}],"collection":[{"href":"https:\/\/www.enjo.com\/fi\/wp-json\/wp\/v2\/pages"}],"about":[{"href":"https:\/\/www.enjo.com\/fi\/wp-json\/wp\/v2\/types\/page"}],"author":[{"embeddable":true,"href":"https:\/\/www.enjo.com\/fi\/wp-json\/wp\/v2\/users\/295"}],"replies":[{"embeddable":true,"href":"https:\/\/www.enjo.com\/fi\/wp-json\/wp\/v2\/comments?post=105498"}],"version-history":[{"count":10,"href":"https:\/\/www.enjo.com\/fi\/wp-json\/wp\/v2\/pages\/105498\/revisions"}],"predecessor-version":[{"id":118614,"href":"https:\/\/www.enjo.com\/fi\/wp-json\/wp\/v2\/pages\/105498\/revisions\/118614"}],"wp:attachment":[{"href":"https:\/\/www.enjo.com\/fi\/wp-json\/wp\/v2\/media?parent=105498"}],"curies":[{"name":"wp","href":"https:\/\/api.w.org\/{rel}","templated":true}]}}