{"id":105482,"date":"2023-07-04T16:10:14","date_gmt":"2023-07-04T16:10:14","guid":{"rendered":"https:\/\/www.enjo.com\/disclaimer-2\/"},"modified":"2025-01-02T20:58:04","modified_gmt":"2025-01-02T20:58:04","slug":"fi-disclaimer","status":"publish","type":"page","link":"https:\/\/www.enjo.com\/fi\/fi-disclaimer\/","title":{"rendered":"Disclaimer"},"content":{"rendered":"<p><strong>Vastuuvapauslauseke<\/strong><\/p>\n<p><strong>Sis\u00e4lt\u00f6<\/strong><\/p>\n<p>Kaikki n\u00e4ill\u00e4 sivuilla esitetyt sis\u00e4ll\u00f6t on tarkastettu huolellisesti. Care 4 Nordic Oy (ENJO Nordic) ei kuitenkaan vastaa annettujen tietojen oikeellisuudesta, ajantasaisuudesta, t\u00e4ydellisyydest\u00e4 tai laadusta.<\/p>\n<p>Vahingonkorvausvaatimukset ENJO Nordicia vastaan, jotka koskevat aineellisia tai kuvitteellisia vahinkoja ja jotka johtuvat annetun tiedon k\u00e4yt\u00f6st\u00e4, k\u00e4ytt\u00e4m\u00e4tt\u00e4 j\u00e4tt\u00e4misest\u00e4, virheellisist\u00e4 tai puutteellisista tiedoista, ovat poissuljettuja, ellei ENJO Nordicin ole osoitettavissa toimineen tahallisesti tai t\u00f6rke\u00e4n huolimattomasti.<\/p>\n<p>ENJO Nordic pid\u00e4tt\u00e4\u00e4 oikeuden muuttaa osia tai koko sivustoa, muokata, lis\u00e4t\u00e4, poistaa tai lopettaa verkkopalvelun ilman ennakkoilmoitusta.<\/p>\n<p><strong>Sivuston k\u00e4ytt\u00f6<\/strong><\/p>\n<p>ENJO Nordic ei vastaa mist\u00e4\u00e4n vahingoista, jotka johtuvat t\u00e4m\u00e4n verkkosivuston k\u00e4yt\u00f6st\u00e4, mukaan lukien suorat, ep\u00e4suorat, satunnaiset, rangaistukselliset tai v\u00e4lilliset vahingot.<\/p>\n<p>ENJO FI -sivustolla vieraillessasi et saa julkaista, ladata, levitt\u00e4\u00e4 tai muutoin jakaa sis\u00e4lt\u00f6\u00e4, joka:<br \/>\na) yllytt\u00e4\u00e4 rikokseen tai aiheuttaa siviilioikeudellista vastuuta,<br \/>\nb) on suojattu tekij\u00e4noikeuksilla tai muilla immateriaalioikeuksilla ilman oikeudenhaltijan lupaa,<br \/>\nc) rikkoo lakia, kuten sis\u00e4lt\u00e4\u00e4 haittaohjelmia (esim. viruksia, troijalaisia tai matoja).<\/p>\n<p><strong>Linkit<\/strong><\/p>\n<p>ENJO Nordic saattaa tarjota hyperlinkkej\u00e4 kolmansien osapuolien verkkosivustoille. ENJO Nordic ei hallitse, tue tai takaa n\u00e4it\u00e4 sivustoja. Hyv\u00e4ksyt, ett\u00e4 ENJO Nordic ei vastaa kolmannen osapuolen sivustojen sis\u00e4ll\u00f6st\u00e4, palveluista tai tuotteista, eik\u00e4 tietosuojak\u00e4yt\u00e4nn\u00f6ist\u00e4. K\u00e4ytt\u00e4m\u00e4ll\u00e4 n\u00e4it\u00e4 linkkej\u00e4 teet sen omalla vastuullasi, eik\u00e4 ENJO Nordic ole vastuussa mist\u00e4\u00e4n vahingoista, jotka johtuvat kolmansien osapuolien verkkosivustoilla suoritetuista tapahtumista.<\/p>\n<p><strong>Huomautus<\/strong><\/p>\n<p>T\u00e4m\u00e4 verkkosivusto k\u00e4ytt\u00e4\u00e4 Google Analyticsia, Googlen tarjoamaa verkkoanalytiikkapalvelua. Google Analytics k\u00e4ytt\u00e4\u00e4 ev\u00e4steit\u00e4, jotka tallennetaan tietokoneellesi ja auttavat analysoimaan verkkosivuston k\u00e4ytt\u00f6\u00e4si. Tietoja voidaan siirt\u00e4\u00e4 Googlen palvelimille Yhdysvalloissa. Voit est\u00e4\u00e4 ev\u00e4steiden k\u00e4yt\u00f6n selaimen asetuksista, mutta t\u00e4m\u00e4 voi rajoittaa sivuston toimivuutta. K\u00e4ytt\u00e4m\u00e4ll\u00e4 t\u00e4t\u00e4 sivustoa hyv\u00e4ksyt tietojesi k\u00e4sittelyn edell\u00e4 mainitulla tavalla.<\/p>\n<p><strong>Tekij\u00e4noikeus<\/strong><\/p>\n<p>ENJO Nordic pyrkii kunnioittamaan tekij\u00e4noikeuksia kaikissa julkaisuissaan. Mik\u00e4li tekij\u00e4noikeusrikkomus havaitaan, ENJO Nordic poistaa asianomaisen sis\u00e4ll\u00f6n tai lis\u00e4\u00e4 tarvittavat tiedot tekij\u00e4noikeudesta.<\/p>\n<p>Kaikki ENJO Nordicin sis\u00e4lt\u00f6 ja verkkotunnus <a href=\"http:\/\/www.enjo.com\/fi\/\">www.enjo.com\/fi\/<\/a> kuuluvat yksinomaan ENJO Nordicille. Grafiikan, \u00e4\u00e4nien tai tekstien kopiointi muihin s\u00e4hk\u00f6isiin tai painettuihin julkaisuihin ilman ENJO Nordicin lupaa on ehdottomasti kielletty.<\/p>\n<p><strong>Oikeudelliset vaikutukset<\/strong><\/p>\n<p>T\u00e4m\u00e4 vastuuvapauslauseke on osa verkkosivustoa, johon se on liitetty. Jos jokin t\u00e4m\u00e4n tekstin osa ei en\u00e4\u00e4 vastaa voimassa olevaa lains\u00e4\u00e4d\u00e4nt\u00f6\u00e4, muut osat pysyv\u00e4t voimassa.<\/p>\n<p><strong>Korvausvaatimukset<\/strong><\/p>\n<p>Jos olet tyytym\u00e4t\u00f6n ENJO Nordicin verkkosivustoon tai sen toimintaperiaatteisiin, ainoa k\u00e4ytett\u00e4viss\u00e4si oleva keino on lopettaa sivuston k\u00e4ytt\u00f6.<\/p>\n<p><strong>Toimivalta<\/strong><\/p>\n<p>T\u00e4t\u00e4 sopimusta s\u00e4\u00e4ntelev\u00e4t Suomen lains\u00e4\u00e4d\u00e4nt\u00f6 ja sovellettavat kansainv\u00e4liset lait.<\/p>\n<p><strong>Yhteystiedot<\/strong><br \/>\nCare 4 Nordic Oy, ENJO Nordic<br \/>\nY-tunnus: 3406029-8<br \/>\nCarlinkatu 6<br \/>\n60200 Sein\u00e4joki<\/p>\n<p>Puhelin: 040\u00a0140 5455<br \/>\nS\u00e4hk\u00f6posti: office@enjo.fi<\/p>\n<p style=\"text-align: center;\">\n<p>&nbsp;<\/p>\n<p style=\"text-align: center;\">\n","protected":false},"excerpt":{"rendered":"<p>Vastuuvapauslauseke Sis\u00e4lt\u00f6 Kaikki n\u00e4ill\u00e4 sivuilla esitetyt sis\u00e4ll\u00f6t on tarkastettu huolellisesti. Care 4 Nordic Oy (ENJO Nordic) ei kuitenkaan vastaa annettujen tietojen oikeellisuudesta, ajantasaisuudesta, t\u00e4ydellisyydest\u00e4 tai laadusta. Vahingonkorvausvaatimukset ENJO Nordicia vastaan, jotka koskevat aineellisia tai kuvitteellisia vahinkoja ja jotka johtuvat annetun tiedon k\u00e4yt\u00f6st\u00e4, k\u00e4ytt\u00e4m\u00e4tt\u00e4 j\u00e4tt\u00e4misest\u00e4, virheellisist\u00e4 tai puutteellisista tiedoista, ovat poissuljettuja, ellei ENJO Nordicin ole osoitettavissa toimineen tahallisesti tai t\u00f6rke\u00e4n huolimattomasti. &#8230; <\/p>\n<div><a href=\"https:\/\/www.enjo.com\/fi\/fi-disclaimer\/\" class=\"more-link\">Read More<\/a><\/div>\n","protected":false},"author":294,"featured_media":0,"parent":0,"menu_order":0,"comment_status":"closed","ping_status":"closed","template":"","meta":{"_acf_changed":false,"footnotes":""},"class_list":["post-105482","page","type-page","status-publish","hentry","no-post-thumbnail"],"acf":[],"yoast_head":"<!-- This site is optimized with the Yoast SEO plugin v24.0 - https:\/\/yoast.com\/wordpress\/plugins\/seo\/ -->\n<title>Disclaimer - ENJO<\/title>\n<meta name=\"description\" content=\"Henkil\u00f6kohtaisten tietojesi suojaaminen on meille t\u00e4rke\u00e4\u00e4. K\u00e4sittelemme tietojasi lains\u00e4\u00e4d\u00f6llisen tietosuojan mukaisesti.\" \/>\n<meta name=\"robots\" content=\"index, follow, max-snippet:-1, max-image-preview:large, max-video-preview:-1\" \/>\n<link rel=\"canonical\" href=\"https:\/\/www.enjo.com\/fi\/fi-disclaimer\/\" \/>\n<meta property=\"og:locale\" content=\"fi_FI\" \/>\n<meta property=\"og:type\" content=\"article\" \/>\n<meta property=\"og:title\" content=\"Disclaimer - ENJO\" \/>\n<meta property=\"og:description\" content=\"Henkil\u00f6kohtaisten tietojesi suojaaminen on meille t\u00e4rke\u00e4\u00e4. K\u00e4sittelemme tietojasi lains\u00e4\u00e4d\u00f6llisen tietosuojan mukaisesti.\" \/>\n<meta property=\"og:url\" content=\"https:\/\/www.enjo.com\/fi\/fi-disclaimer\/\" \/>\n<meta property=\"og:site_name\" content=\"ENJO\" \/>\n<meta property=\"article:modified_time\" content=\"2025-01-02T20:58:04+00:00\" \/>\n<meta property=\"og:image\" content=\"https:\/\/www.enjo.com\/wp-content\/uploads\/2023\/10\/social_image.jpg\" \/>\n\t<meta property=\"og:image:width\" content=\"500\" \/>\n\t<meta property=\"og:image:height\" content=\"500\" \/>\n\t<meta property=\"og:image:type\" content=\"image\/jpeg\" \/>\n<meta name=\"twitter:card\" content=\"summary_large_image\" \/>\n<meta name=\"twitter:label1\" content=\"Arvioitu lukuaika\" \/>\n\t<meta name=\"twitter:data1\" content=\"2 minuuttia\" \/>\n<script type=\"application\/ld+json\" class=\"yoast-schema-graph\">{\"@context\":\"https:\/\/schema.org\",\"@graph\":[{\"@type\":\"WebPage\",\"@id\":\"https:\/\/www.enjo.com\/fi\/fi-disclaimer\/\",\"url\":\"https:\/\/www.enjo.com\/fi\/fi-disclaimer\/\",\"name\":\"Disclaimer - ENJO\",\"isPartOf\":{\"@id\":\"https:\/\/www.enjo.com\/at-east\/#website\"},\"datePublished\":\"2023-07-04T16:10:14+00:00\",\"dateModified\":\"2025-01-02T20:58:04+00:00\",\"description\":\"Henkil\u00f6kohtaisten tietojesi suojaaminen on meille t\u00e4rke\u00e4\u00e4. K\u00e4sittelemme tietojasi lains\u00e4\u00e4d\u00f6llisen tietosuojan mukaisesti.\",\"breadcrumb\":{\"@id\":\"https:\/\/www.enjo.com\/fi\/fi-disclaimer\/#breadcrumb\"},\"inLanguage\":\"fi\",\"potentialAction\":[{\"@type\":\"ReadAction\",\"target\":[\"https:\/\/www.enjo.com\/fi\/fi-disclaimer\/\"]}]},{\"@type\":\"BreadcrumbList\",\"@id\":\"https:\/\/www.enjo.com\/fi\/fi-disclaimer\/#breadcrumb\",\"itemListElement\":[{\"@type\":\"ListItem\",\"position\":1,\"name\":\"Home\",\"item\":\"https:\/\/www.enjo.com\/fi\/\"},{\"@type\":\"ListItem\",\"position\":2,\"name\":\"Disclaimer\"}]},{\"@type\":\"WebSite\",\"@id\":\"https:\/\/www.enjo.com\/at-east\/#website\",\"url\":\"https:\/\/www.enjo.com\/at-east\/\",\"name\":\"ENJO\",\"description\":\"Clean the World\",\"potentialAction\":[{\"@type\":\"SearchAction\",\"target\":{\"@type\":\"EntryPoint\",\"urlTemplate\":\"https:\/\/www.enjo.com\/at-east\/?s={search_term_string}\"},\"query-input\":{\"@type\":\"PropertyValueSpecification\",\"valueRequired\":true,\"valueName\":\"search_term_string\"}}],\"inLanguage\":\"fi\"}]}<\/script>\n<!-- \/ Yoast SEO plugin. -->","yoast_head_json":{"title":"Disclaimer - ENJO","description":"Henkil\u00f6kohtaisten tietojesi suojaaminen on meille t\u00e4rke\u00e4\u00e4. K\u00e4sittelemme tietojasi lains\u00e4\u00e4d\u00f6llisen tietosuojan mukaisesti.","robots":{"index":"index","follow":"follow","max-snippet":"max-snippet:-1","max-image-preview":"max-image-preview:large","max-video-preview":"max-video-preview:-1"},"canonical":"https:\/\/www.enjo.com\/fi\/fi-disclaimer\/","og_locale":"fi_FI","og_type":"article","og_title":"Disclaimer - ENJO","og_description":"Henkil\u00f6kohtaisten tietojesi suojaaminen on meille t\u00e4rke\u00e4\u00e4. K\u00e4sittelemme tietojasi lains\u00e4\u00e4d\u00f6llisen tietosuojan mukaisesti.","og_url":"https:\/\/www.enjo.com\/fi\/fi-disclaimer\/","og_site_name":"ENJO","article_modified_time":"2025-01-02T20:58:04+00:00","og_image":[{"width":500,"height":500,"url":"https:\/\/www.enjo.com\/wp-content\/uploads\/2023\/10\/social_image.jpg","type":"image\/jpeg"}],"twitter_card":"summary_large_image","twitter_misc":{"Arvioitu lukuaika":"2 minuuttia"},"schema":{"@context":"https:\/\/schema.org","@graph":[{"@type":"WebPage","@id":"https:\/\/www.enjo.com\/fi\/fi-disclaimer\/","url":"https:\/\/www.enjo.com\/fi\/fi-disclaimer\/","name":"Disclaimer - ENJO","isPartOf":{"@id":"https:\/\/www.enjo.com\/at-east\/#website"},"datePublished":"2023-07-04T16:10:14+00:00","dateModified":"2025-01-02T20:58:04+00:00","description":"Henkil\u00f6kohtaisten tietojesi suojaaminen on meille t\u00e4rke\u00e4\u00e4. K\u00e4sittelemme tietojasi lains\u00e4\u00e4d\u00f6llisen tietosuojan mukaisesti.","breadcrumb":{"@id":"https:\/\/www.enjo.com\/fi\/fi-disclaimer\/#breadcrumb"},"inLanguage":"fi","potentialAction":[{"@type":"ReadAction","target":["https:\/\/www.enjo.com\/fi\/fi-disclaimer\/"]}]},{"@type":"BreadcrumbList","@id":"https:\/\/www.enjo.com\/fi\/fi-disclaimer\/#breadcrumb","itemListElement":[{"@type":"ListItem","position":1,"name":"Home","item":"https:\/\/www.enjo.com\/fi\/"},{"@type":"ListItem","position":2,"name":"Disclaimer"}]},{"@type":"WebSite","@id":"https:\/\/www.enjo.com\/at-east\/#website","url":"https:\/\/www.enjo.com\/at-east\/","name":"ENJO","description":"Clean the World","potentialAction":[{"@type":"SearchAction","target":{"@type":"EntryPoint","urlTemplate":"https:\/\/www.enjo.com\/at-east\/?s={search_term_string}"},"query-input":{"@type":"PropertyValueSpecification","valueRequired":true,"valueName":"search_term_string"}}],"inLanguage":"fi"}]}},"_links":{"self":[{"href":"https:\/\/www.enjo.com\/fi\/wp-json\/wp\/v2\/pages\/105482","targetHints":{"allow":["GET"]}}],"collection":[{"href":"https:\/\/www.enjo.com\/fi\/wp-json\/wp\/v2\/pages"}],"about":[{"href":"https:\/\/www.enjo.com\/fi\/wp-json\/wp\/v2\/types\/page"}],"author":[{"embeddable":true,"href":"https:\/\/www.enjo.com\/fi\/wp-json\/wp\/v2\/users\/294"}],"replies":[{"embeddable":true,"href":"https:\/\/www.enjo.com\/fi\/wp-json\/wp\/v2\/comments?post=105482"}],"version-history":[{"count":4,"href":"https:\/\/www.enjo.com\/fi\/wp-json\/wp\/v2\/pages\/105482\/revisions"}],"predecessor-version":[{"id":116906,"href":"https:\/\/www.enjo.com\/fi\/wp-json\/wp\/v2\/pages\/105482\/revisions\/116906"}],"wp:attachment":[{"href":"https:\/\/www.enjo.com\/fi\/wp-json\/wp\/v2\/media?parent=105482"}],"curies":[{"name":"wp","href":"https:\/\/api.w.org\/{rel}","templated":true}]}}