{"id":100389,"date":"2022-10-25T12:47:12","date_gmt":"2022-10-25T12:47:12","guid":{"rendered":"https:\/\/www.enjo.com\/lieferservice-agb\/"},"modified":"2024-01-22T17:46:01","modified_gmt":"2024-01-22T17:46:01","slug":"toimituspalvelun-myynti-ja-toimitusehdot","status":"publish","type":"page","link":"https:\/\/www.enjo.com\/fi\/toimituspalvelun-myynti-ja-toimitusehdot\/","title":{"rendered":"Toimituspalvelu"},"content":{"rendered":"<h3><span style=\"color: #000000;\"><strong>Yleiset myynti- ja toimitusehdot<\/strong><\/span><\/h3>\n<p>&nbsp;<\/p>\n<p><span style=\"color: #000000;\"><strong>Yleist\u00e4<\/strong><\/span><br \/>\n<span style=\"color: #000000;\">N\u00e4it\u00e4 myyntiehtoja noudatetaan yksinomaisesti t\u00e4m\u00e4n ja tulevien tilausten osalta voimassa olevien yleisten k\u00e4ytt\u00f6ehtojen puitteissa, vaikka emme viittaisi niihin nimenomaisesti. K\u00e4ytt\u00f6ehtomme hyv\u00e4ksyt\u00e4\u00e4n tekem\u00e4ll\u00e4 tilaus. Ostajan myyntiehdot ovat p\u00e4tevi\u00e4 vain, jos niist\u00e4 on sovittu kirjallisesti.<\/span><\/p>\n<p><span style=\"color: #000000;\"><strong>Hinta<\/strong><\/span><br \/>\n<span style=\"color: #000000;\">T\u00e4ss\u00e4 sopimuksessa ja ENJO Esittelyss\u00e4 ilmoitetut eurom\u00e4\u00e4r\u00e4iset hinnat sis\u00e4lt\u00e4v\u00e4t lakis\u00e4\u00e4teisen arvonlis\u00e4veron ja muut hinnan osatekij\u00e4t.<\/span><br \/>\n<span style=\"color: #000000;\">Pid\u00e4t\u00e4mme oikeuden hinnanmuutoksiin. Jos hinta muuttuu, sinulle ilmoitetaan siit\u00e4 etuk\u00e4teen ja sinulla on oikeus peruuttaa sopimus.<\/span><\/p>\n<p><span style=\"color: #000000;\"><strong>L\u00e4hetys<\/strong><\/span><br \/>\n<span style=\"color: #000000;\">L\u00e4hetys tapahtuu ostajan riskill\u00e4. Emme ole vastuussa tavaran saapumisesta oikeaan aikaan, ja pid\u00e4t\u00e4mme oikeuden hyl\u00e4t\u00e4 tilaus, jonka ENJOneuvoja on hyv\u00e4ksynyt.<\/span><\/p>\n<p><span style=\"color: #000000;\"><strong>Maksu<\/strong><\/span><br \/>\n<span style=\"color: #000000;\">Maksu suoritetaan Care 4 Nordic:n ilmoittamalle tilille.<\/span><\/p>\n<p><span style=\"color: #000000;\"><strong>Laatu, tyytyv\u00e4isyystakuu ja vahingonkorvaus<\/strong><\/span><br \/>\n<span style=\"color: #000000;\">Kaikki tavanomaiset tai v\u00e4h\u00e4iset laatua, v\u00e4ri\u00e4, leveytt\u00e4, painoa, laitteistoa tai muotoilua koskevat ominaisuudet saattavat muuttua. Kaikki takuuehdot ylitt\u00e4v\u00e4t vaatimukset koskien toimitusvikoja on pois suljettu. Kaikki ostajan vaatimukset koskevat vain toimitettujen tavaroiden arvoa.<\/span><\/p>\n<p><span style=\"color: #000000;\"><strong>Omistusoikeus<\/strong><\/span><br \/>\n<span style=\"color: #000000;\">Kaikki toimitetut tuotteet pysyv\u00e4t meid\u00e4n omistuksessamme, kunnes kaikki kyseisest\u00e4 liiketoiminnasta syntyneet vaatimukset on suoritettu. Jos ostaja laiminly\u00f6 maksamisen, meill\u00e4 on oikeus saada toimitetut tavarat takaisin ilman sopimuksen peruuttamista.<\/span><\/p>\n<p><span style=\"color: #000000;\"><strong>Peruuttamisoikeus<\/strong><\/span><br \/>\n<span style=\"color: #000000;\">Ostajalla on oikeus syyt\u00e4 ilmoittamatta peruuttaa kauppa 30 p\u00e4iv\u00e4n kuluessa siit\u00e4, kun h\u00e4n on vastaanottanut tuotteet. Voidakseen hy\u00f6dynt\u00e4\u00e4 peruuttamisoikeuttansa, ostajan tulee ilmoittaa meille Care 4 Nordic Oy:lle\/ ENJO Nordic:lle ( Sein\u00e4joki\/Suomi), joko soittamalla puh. 044 248 0336 tai ilmoittamalla s\u00e4hk\u00f6postiiin <a style=\"color: #000000;\" href=\"mailto:office@enjo.fi\">office@enjo.fi<\/a> selke\u00e4sti p\u00e4\u00e4t\u00f6ksest\u00e4 peruuttaa sopimus. Ostaja voi k\u00e4ytt\u00e4\u00e4 my\u00f6s h\u00e4nen ENJOneuvojalta saamaansa peruuttamislomaketta tai ladata sen osoitteesta www.enjo.fi. ENJOneuvojan nimi ja yhteystiedot l\u00f6ytyv\u00e4t tilauslomakkeelta. Peruuttamista koskevat tuotteet on palautettava ENJOneuvojalle heti, joko postitse tai muulla sopivalla tavalla, 14 p\u00e4iv\u00e4n kuluessa siit\u00e4, kun ostaja on ilmoittanut peruuttamisestaan. Ostaja on vastuussa ainoastaan tavaroiden arvon menetyksest\u00e4, jos arvon heikkeneminen on seurausta ep\u00e4asiallisesta tai v\u00e4\u00e4r\u00e4st\u00e4 k\u00e4sittelyst\u00e4. Kun ENJOneuvoja on vastaanottanut tavarat, hyvit\u00e4mme kauppahinnan.<\/span><\/p>\n<p><span style=\"color: #000000;\"><strong>Takuu<\/strong><\/span><br \/>\n<span style=\"color: #000000;\">Kaikilla tuotteilla on 2 vuoden takuu virheellisen ty\u00f6n osalta. Takuu kattaa vain tuotteet, joita on k\u00e4sitelty k\u00e4ytt\u00f6tarkoituksensa mukaisesti ja niist\u00e4 on huolehdittu ENJO:n tuotekuvston \u201eYleiset k\u00e4ytt\u00f6- ja hoito-ohjeet\u201c mukaisesti.<\/span><br \/>\n<span style=\"color: #000000;\">Takuukorvausvaatimuksen edellytyksen\u00e4 on asiakaslasku. Jos kyseess\u00e4 on kaupallinen k\u00e4ytt\u00f6, tuotteilla on 6 kuukauden takuu.<\/span><\/p>\n<p><span style=\"color: #000000;\"><strong>ENJO kunnioittaa yksityisyytt\u00e4si<\/strong><\/span><br \/>\n<span style=\"color: #000000;\">L\u00f6yd\u00e4t tietoa henkil\u00f6kohtaisten tietojesi k\u00e4sittelyst\u00e4 nettisivuiltamme kohdasta \u201dTietosuojak\u00e4yt\u00e4nt\u00f6\u201d. Tallennamme ik\u00e4si ja kotitaloutesi koon tilastollisiin tarkoituksiin. L\u00f6yd\u00e4t tietosuojak\u00e4yt\u00e4nt\u00f6mme seuraavasta linkist\u00e4:<\/span><br \/>\n<span style=\"color: #000000;\"><a style=\"color: #000000;\" href=\"https:\/\/www.enjo.com\/fi\/privacy-policy-en\/\">www.enjo.com\/fi\/tietosuojakaytanto<\/a><\/span><\/p>\n<p><span data-contrast=\"none\">Lomake p\u00e4ivitetty:<\/span><span data-contrast=\"auto\"> tammikuu 2024<\/span><\/p>\n<p>&nbsp;<\/p>\n<p><span style=\"color: #000000;\"><strong>Yhteystietomme:<\/strong><\/span><\/p>\n<h3><span style=\"color: #000000;\"><strong>Care 4 Nordic Oy (ENJO Nordic)<\/strong><\/span><\/h3>\n<h3><span style=\"color: #000000;\">Sein\u00e4joki, Suomi<\/span><\/h3>\n<p><span style=\"color: #000000;\">Puhelin +358 44 248 0336<\/span><br \/>\n<a href=\"mailto:office@enjo.fi\"><span style=\"color: #000000;\">office@enjo.fi<\/span><\/a><br \/>\n<a href=\"http:\/\/www.enjo.fi\"><span style=\"color: #000000;\">www.enjo.fi<\/span><\/a><\/p>\n<p>&nbsp;<\/p>\n","protected":false},"excerpt":{"rendered":"<p>Yleiset myynti- ja toimitusehdot &nbsp; Yleist\u00e4 N\u00e4it\u00e4 myyntiehtoja noudatetaan yksinomaisesti t\u00e4m\u00e4n ja tulevien tilausten osalta voimassa olevien yleisten k\u00e4ytt\u00f6ehtojen puitteissa, vaikka emme viittaisi niihin nimenomaisesti. K\u00e4ytt\u00f6ehtomme hyv\u00e4ksyt\u00e4\u00e4n tekem\u00e4ll\u00e4 tilaus. Ostajan myyntiehdot ovat p\u00e4tevi\u00e4 vain, jos niist\u00e4 on sovittu kirjallisesti. Hinta T\u00e4ss\u00e4 sopimuksessa ja ENJO Esittelyss\u00e4 ilmoitetut eurom\u00e4\u00e4r\u00e4iset hinnat sis\u00e4lt\u00e4v\u00e4t lakis\u00e4\u00e4teisen arvonlis\u00e4veron ja muut hinnan osatekij\u00e4t. Pid\u00e4t\u00e4mme oikeuden hinnanmuutoksiin. Jos hinta &#8230; <\/p>\n<div><a href=\"https:\/\/www.enjo.com\/fi\/toimituspalvelun-myynti-ja-toimitusehdot\/\" class=\"more-link\">Read More<\/a><\/div>\n","protected":false},"author":295,"featured_media":0,"parent":0,"menu_order":0,"comment_status":"closed","ping_status":"closed","template":"","meta":{"_acf_changed":false,"footnotes":""},"class_list":["post-100389","page","type-page","status-publish","hentry","no-post-thumbnail"],"acf":[],"yoast_head":"<!-- This site is optimized with the Yoast SEO plugin v24.0 - https:\/\/yoast.com\/wordpress\/plugins\/seo\/ -->\n<title>Toimituspalvelu - ENJO<\/title>\n<meta name=\"robots\" content=\"index, follow, max-snippet:-1, max-image-preview:large, max-video-preview:-1\" \/>\n<link rel=\"canonical\" href=\"https:\/\/www.enjo.com\/fi\/toimituspalvelun-myynti-ja-toimitusehdot\/\" \/>\n<meta property=\"og:locale\" content=\"fi_FI\" \/>\n<meta property=\"og:type\" content=\"article\" \/>\n<meta property=\"og:title\" content=\"Toimituspalvelu - ENJO\" \/>\n<meta property=\"og:description\" content=\"Yleiset myynti- ja toimitusehdot &nbsp; Yleist\u00e4 N\u00e4it\u00e4 myyntiehtoja noudatetaan yksinomaisesti t\u00e4m\u00e4n ja tulevien tilausten osalta voimassa olevien yleisten k\u00e4ytt\u00f6ehtojen puitteissa, vaikka emme viittaisi niihin nimenomaisesti. K\u00e4ytt\u00f6ehtomme hyv\u00e4ksyt\u00e4\u00e4n tekem\u00e4ll\u00e4 tilaus. Ostajan myyntiehdot ovat p\u00e4tevi\u00e4 vain, jos niist\u00e4 on sovittu kirjallisesti. Hinta T\u00e4ss\u00e4 sopimuksessa ja ENJO Esittelyss\u00e4 ilmoitetut eurom\u00e4\u00e4r\u00e4iset hinnat sis\u00e4lt\u00e4v\u00e4t lakis\u00e4\u00e4teisen arvonlis\u00e4veron ja muut hinnan osatekij\u00e4t. Pid\u00e4t\u00e4mme oikeuden hinnanmuutoksiin. Jos hinta ... Read More\" \/>\n<meta property=\"og:url\" content=\"https:\/\/www.enjo.com\/fi\/toimituspalvelun-myynti-ja-toimitusehdot\/\" \/>\n<meta property=\"og:site_name\" content=\"ENJO\" \/>\n<meta property=\"article:modified_time\" content=\"2024-01-22T17:46:01+00:00\" \/>\n<meta property=\"og:image\" content=\"https:\/\/www.enjo.com\/wp-content\/uploads\/2023\/10\/social_image.jpg\" \/>\n\t<meta property=\"og:image:width\" content=\"500\" \/>\n\t<meta property=\"og:image:height\" content=\"500\" \/>\n\t<meta property=\"og:image:type\" content=\"image\/jpeg\" \/>\n<meta name=\"twitter:card\" content=\"summary_large_image\" \/>\n<meta name=\"twitter:label1\" content=\"Arvioitu lukuaika\" \/>\n\t<meta name=\"twitter:data1\" content=\"2 minuuttia\" \/>\n<script type=\"application\/ld+json\" class=\"yoast-schema-graph\">{\"@context\":\"https:\/\/schema.org\",\"@graph\":[{\"@type\":\"WebPage\",\"@id\":\"https:\/\/www.enjo.com\/fi\/toimituspalvelun-myynti-ja-toimitusehdot\/\",\"url\":\"https:\/\/www.enjo.com\/fi\/toimituspalvelun-myynti-ja-toimitusehdot\/\",\"name\":\"Toimituspalvelu - ENJO\",\"isPartOf\":{\"@id\":\"https:\/\/www.enjo.com\/at-east\/#website\"},\"datePublished\":\"2022-10-25T12:47:12+00:00\",\"dateModified\":\"2024-01-22T17:46:01+00:00\",\"breadcrumb\":{\"@id\":\"https:\/\/www.enjo.com\/fi\/toimituspalvelun-myynti-ja-toimitusehdot\/#breadcrumb\"},\"inLanguage\":\"fi\",\"potentialAction\":[{\"@type\":\"ReadAction\",\"target\":[\"https:\/\/www.enjo.com\/fi\/toimituspalvelun-myynti-ja-toimitusehdot\/\"]}]},{\"@type\":\"BreadcrumbList\",\"@id\":\"https:\/\/www.enjo.com\/fi\/toimituspalvelun-myynti-ja-toimitusehdot\/#breadcrumb\",\"itemListElement\":[{\"@type\":\"ListItem\",\"position\":1,\"name\":\"Home\",\"item\":\"https:\/\/www.enjo.com\/fi\/\"},{\"@type\":\"ListItem\",\"position\":2,\"name\":\"Toimituspalvelu\"}]},{\"@type\":\"WebSite\",\"@id\":\"https:\/\/www.enjo.com\/at-east\/#website\",\"url\":\"https:\/\/www.enjo.com\/at-east\/\",\"name\":\"ENJO\",\"description\":\"Clean the World\",\"potentialAction\":[{\"@type\":\"SearchAction\",\"target\":{\"@type\":\"EntryPoint\",\"urlTemplate\":\"https:\/\/www.enjo.com\/at-east\/?s={search_term_string}\"},\"query-input\":{\"@type\":\"PropertyValueSpecification\",\"valueRequired\":true,\"valueName\":\"search_term_string\"}}],\"inLanguage\":\"fi\"}]}<\/script>\n<!-- \/ Yoast SEO plugin. -->","yoast_head_json":{"title":"Toimituspalvelu - ENJO","robots":{"index":"index","follow":"follow","max-snippet":"max-snippet:-1","max-image-preview":"max-image-preview:large","max-video-preview":"max-video-preview:-1"},"canonical":"https:\/\/www.enjo.com\/fi\/toimituspalvelun-myynti-ja-toimitusehdot\/","og_locale":"fi_FI","og_type":"article","og_title":"Toimituspalvelu - ENJO","og_description":"Yleiset myynti- ja toimitusehdot &nbsp; Yleist\u00e4 N\u00e4it\u00e4 myyntiehtoja noudatetaan yksinomaisesti t\u00e4m\u00e4n ja tulevien tilausten osalta voimassa olevien yleisten k\u00e4ytt\u00f6ehtojen puitteissa, vaikka emme viittaisi niihin nimenomaisesti. K\u00e4ytt\u00f6ehtomme hyv\u00e4ksyt\u00e4\u00e4n tekem\u00e4ll\u00e4 tilaus. Ostajan myyntiehdot ovat p\u00e4tevi\u00e4 vain, jos niist\u00e4 on sovittu kirjallisesti. Hinta T\u00e4ss\u00e4 sopimuksessa ja ENJO Esittelyss\u00e4 ilmoitetut eurom\u00e4\u00e4r\u00e4iset hinnat sis\u00e4lt\u00e4v\u00e4t lakis\u00e4\u00e4teisen arvonlis\u00e4veron ja muut hinnan osatekij\u00e4t. Pid\u00e4t\u00e4mme oikeuden hinnanmuutoksiin. Jos hinta ... Read More","og_url":"https:\/\/www.enjo.com\/fi\/toimituspalvelun-myynti-ja-toimitusehdot\/","og_site_name":"ENJO","article_modified_time":"2024-01-22T17:46:01+00:00","og_image":[{"width":500,"height":500,"url":"https:\/\/www.enjo.com\/wp-content\/uploads\/2023\/10\/social_image.jpg","type":"image\/jpeg"}],"twitter_card":"summary_large_image","twitter_misc":{"Arvioitu lukuaika":"2 minuuttia"},"schema":{"@context":"https:\/\/schema.org","@graph":[{"@type":"WebPage","@id":"https:\/\/www.enjo.com\/fi\/toimituspalvelun-myynti-ja-toimitusehdot\/","url":"https:\/\/www.enjo.com\/fi\/toimituspalvelun-myynti-ja-toimitusehdot\/","name":"Toimituspalvelu - ENJO","isPartOf":{"@id":"https:\/\/www.enjo.com\/at-east\/#website"},"datePublished":"2022-10-25T12:47:12+00:00","dateModified":"2024-01-22T17:46:01+00:00","breadcrumb":{"@id":"https:\/\/www.enjo.com\/fi\/toimituspalvelun-myynti-ja-toimitusehdot\/#breadcrumb"},"inLanguage":"fi","potentialAction":[{"@type":"ReadAction","target":["https:\/\/www.enjo.com\/fi\/toimituspalvelun-myynti-ja-toimitusehdot\/"]}]},{"@type":"BreadcrumbList","@id":"https:\/\/www.enjo.com\/fi\/toimituspalvelun-myynti-ja-toimitusehdot\/#breadcrumb","itemListElement":[{"@type":"ListItem","position":1,"name":"Home","item":"https:\/\/www.enjo.com\/fi\/"},{"@type":"ListItem","position":2,"name":"Toimituspalvelu"}]},{"@type":"WebSite","@id":"https:\/\/www.enjo.com\/at-east\/#website","url":"https:\/\/www.enjo.com\/at-east\/","name":"ENJO","description":"Clean the World","potentialAction":[{"@type":"SearchAction","target":{"@type":"EntryPoint","urlTemplate":"https:\/\/www.enjo.com\/at-east\/?s={search_term_string}"},"query-input":{"@type":"PropertyValueSpecification","valueRequired":true,"valueName":"search_term_string"}}],"inLanguage":"fi"}]}},"_links":{"self":[{"href":"https:\/\/www.enjo.com\/fi\/wp-json\/wp\/v2\/pages\/100389","targetHints":{"allow":["GET"]}}],"collection":[{"href":"https:\/\/www.enjo.com\/fi\/wp-json\/wp\/v2\/pages"}],"about":[{"href":"https:\/\/www.enjo.com\/fi\/wp-json\/wp\/v2\/types\/page"}],"author":[{"embeddable":true,"href":"https:\/\/www.enjo.com\/fi\/wp-json\/wp\/v2\/users\/295"}],"replies":[{"embeddable":true,"href":"https:\/\/www.enjo.com\/fi\/wp-json\/wp\/v2\/comments?post=100389"}],"version-history":[{"count":6,"href":"https:\/\/www.enjo.com\/fi\/wp-json\/wp\/v2\/pages\/100389\/revisions"}],"predecessor-version":[{"id":113337,"href":"https:\/\/www.enjo.com\/fi\/wp-json\/wp\/v2\/pages\/100389\/revisions\/113337"}],"wp:attachment":[{"href":"https:\/\/www.enjo.com\/fi\/wp-json\/wp\/v2\/media?parent=100389"}],"curies":[{"name":"wp","href":"https:\/\/api.w.org\/{rel}","templated":true}]}}