{"id":105489,"date":"2023-07-04T16:10:14","date_gmt":"2023-07-04T16:10:14","guid":{"rendered":"https:\/\/www.enjo.com\/de-impressum\/"},"modified":"2025-01-09T14:41:45","modified_gmt":"2025-01-09T14:41:45","slug":"de-impressum","status":"publish","type":"page","link":"https:\/\/www.enjo.com\/de\/de-impressum\/","title":{"rendered":"Impressum"},"content":{"rendered":"<h2 style=\"text-align: center;\"><strong>IMPRESSUM<\/strong><\/h2>\n<h4 style=\"text-align: center;\">Inhalt<\/h4>\n<p style=\"text-align: center;\">Der Inhalt dieser Seiten wurde sorgf\u00e4ltig bearbeitet und \u00fcberpr\u00fcft. BE\u2019motion ENJO DEUTSCHLAND MITTE \u00fcbernimmt jedoch keine Gew\u00e4hr f\u00fcr die Aktualit\u00e4t, Richtigkeit, Vollst\u00e4ndigkeit oder Qualit\u00e4t der bereit gestellten Informationen. Haftungsanspr\u00fcche gegen BE\u2019motion ENJO DEUTSCHLAND MITTE, die sich auf Sch\u00e4den materieller oder ideeller Art beziehen, welche durch die Nutzung oder Nichtnutzung der dargebotenen Informationen oder durch fehlerhafte und unvollst\u00e4ndige Informationen verursacht wurden, sind grunds\u00e4tzlich ausgeschlossen, sofern seitens BE\u2019motion ENJO DEUTSCHLAND MITTE kein nachweislich vors\u00e4tzliches oder grob fahrl\u00e4ssiges Verschulden vorliegt. BE\u2019motion ENJO DEUTSCHLAND MITTE beh\u00e4lt sich ausdr\u00fccklich das Recht vor, Teile der Seite oder das gesamte Angebot ohne vorherige Ank\u00fcndigung zu ver\u00e4ndern, zu erg\u00e4nzen, zu l\u00f6schen oder die Ver\u00f6ffentlichung einzustellen.<\/p>\n<h4 style=\"text-align: center;\">Links<\/h4>\n<p style=\"text-align: center;\">Sofern BE\u2019motion ENJO DEUTSCHLAND MITTE direkt oder indirekt auf fremde Internetseiten verweist (\u201eLinks\u201c), haftet BE\u2019motion ENJO DEUTSCHLAND MITTE nur, wenn sie von den Inhalten genaue Kenntnis hat und es ihr technisch m\u00f6glich und zumutbar ist, die Nutzung im Falle rechtswidriger Inhalte zu verhindern. BE\u2019motion ENJO DEUTSCHLAND MITTE erkl\u00e4rt hiermit ausdr\u00fccklich, dass zum Zeitpunkt der Linksetzung die verlinkten Seiten keine illegalen Inhalte enthalten haben. BE\u2019motion ENJO DEUTSCHLAND MITTE hat keinerlei Einfluss auf die aktuelle und zuk\u00fcnftige Gestaltung der verlinkten Seiten. BE\u2019motion ENJO DEUTSCHLAND MITTE distanziert sich daher hiermit ausdr\u00fccklich von allen inhaltlichen \u00c4nderungen, die nach der Linkssetzung auf den verlinkten Seiten vorgenommen werden. Dies gilt auch f\u00fcr Fremdeintr\u00e4ge in von BE\u2019motion ENJO DEUTSCHLAND MITTE eingerichteten G\u00e4steb\u00fcchern, Diskussionsforen und Mailinglisten. BE\u2019motion ENJO DEUTSCHLAND MITTE ist nicht verantwortlich f\u00fcr den Inhalt, die Verf\u00fcgbarkeit, die Richtigkeit und die Genauigkeit der verlinkten Seiten, deren Angebote, Links oder Werbeanzeigen. BE\u2019motion ENJO DEUTSCHLAND MITTE haftet nicht f\u00fcr illegale, fehlerhafte oder unvollst\u00e4ndige Inhalte und insbesondere f\u00fcr Sch\u00e4den, die durch Nutzung oder Nichtnutzung der auf den verlinkten Seiten angebotenen Informationen entstehen.<\/p>\n<h4 style=\"text-align: center;\">Dieses Impressum gilt auch f\u00fcr unsere Profile im Web<\/h4>\n<p style=\"text-align: center;\">FACEBOOK <a href=\"http:\/\/www.facebook.com\/enjodeutschland\">www.facebook.com\/enjodeutschland <\/a><\/p>\n<p style=\"text-align: center;\">INSTAGRAM <a href=\"https:\/\/www.instagram.com\/enjo_deutschland\">www.instagram.com\/enjo_deutschland<\/a><\/p>\n<p style=\"text-align: center;\">YOUTUBE <a href=\"http:\/\/www.youtube.com\/ENJOInternational\">youtube.com\/ENJOInternational<\/a><\/p>\n<p style=\"text-align: center;\">LINKEDIN <a href=\"http:\/\/www.linkedin.com\/company\/enjo-international\">linkedin.com\/company\/enjo-international<\/a><\/p>\n<h4 style=\"text-align: center;\">Copyright<\/h4>\n<p style=\"text-align: center;\">BE\u2019motion ENJO DEUTSCHLAND MITTE ist bestrebt, in allen Publikationen geltende Urheberrechte zu beachten. Sollte es trotzdem zu einer Urheberrechtsverletzung kommen, wird BE\u2019motion ENJO DEUTSCHLAND MITTEl das entsprechende Objekt nach Benachrichtigung aus seiner Publikation entfernen bzw. mit dem entsprechenden Urheberrecht kenntlich machen. Alle innerhalb des Internetangebots genannten und gegebenenfalls durch Dritte gesch\u00fctzten Marken- und Warenzeichen unterliegen uneingeschr\u00e4nkt den Bestimmungen des jeweils g\u00fcltigen Kennzeichenrechts und den Besitzrechten der jeweiligen eingetragenen Eigent\u00fcmer. Allein aufgrund der blo\u00dfen Nennung ist nicht der Schluss zu ziehen, dass Markenzeichen nicht durch Rechte Dritter gesch\u00fctzt sind. Das Urheberecht f\u00fcr die eigenen Inhalte der BE\u2019motion ENJO DEUTSCHLAND MITTE auf der Domain www.enjo.de steht allein BE\u2019motion ENJO DEUTSCHLAND MITTE zu. Eine Vervielf\u00e4ltigung solcher Grafiken, Sounds oder Texte in anderen elektronischen oder gedruckten Publikationen ist ohne ausdr\u00fcckliche Zustimmung BE\u2019motion ENJO DEUTSCHLAND MITTE nicht gestattet.<\/p>\n<h4 style=\"text-align: center;\">Datenschutz<\/h4>\n<p style=\"text-align: center;\"><a href=\"https:\/\/www.enjo.com\/de\/de-datenschutzerklarung\/\"><u>Hier finden Sie alle Informationen rundum unseren Datenschutz.<\/u><\/a><\/p>\n<h4 style=\"text-align: center;\">Rechtswirksamkeit<\/h4>\n<p style=\"text-align: center;\">Dieser Haftungsausschluss ist als Teil des Internetangebotes zu betrachten, von dem aus auf diese Seite verwiesen wurde. Sofern Teile oder einzelne Formulierungen dieses Textes der geltenden Rechtslage nicht, nicht mehr oder nicht vollst\u00e4ndig entsprechen sollten, bleiben die \u00fcbrigen Teile des Dokumentes in ihrem Inhalt und ihrer G\u00fcltigkeit hiervon unber\u00fchrt.<\/p>\n<h4 style=\"text-align: center;\">Informationen zur Streitschlichtung<\/h4>\n<p style=\"text-align: center;\">Die Europ\u00e4ische Kommission stellt eine Plattform zur Online-Streitbeilegung bereit, die Sie <a href=\"https:\/\/ec.europa.eu\/consumers\/odr\/\">hier<\/a> finden.\u00a0Zur Teilnahme an einem Streitbeilegungsverfahren vor einer Verbraucherschlichtungsstelle sind wir nicht verpflichtet und nicht bereit.<\/p>\n<h4 style=\"text-align: center;\">Sie erreichen uns unter folgenden Kontaktdaten<\/h4>\n<p style=\"text-align: center;\"><strong>ENJO Deutschland Mitte<\/strong><\/p>\n<p style=\"text-align: center;\"><strong>BE\u2019motion \u2013 Esther Buchroth<\/strong><br \/>\nElisabeth-Schumacher-Str. 33, 04328 Leipzig, Deutschland<br \/>\nTel.: <a href=\"tel:00491725822656\">+49 172 58 22 656<\/a><br \/>\n<a href=\"mailto:enjodeutschlandmitte@enjo.de\">enjodeutschlandmitte@enjo.de<\/a><br \/>\nSteuer ID: DE237359306<\/p>\n<p style=\"text-align: center;\"><strong>CEO:<\/strong> Esther Buchroth<\/p>\n<p style=\"text-align: center;\">\n","protected":false},"excerpt":{"rendered":"<p>IMPRESSUM Inhalt Der Inhalt dieser Seiten wurde sorgf\u00e4ltig bearbeitet und \u00fcberpr\u00fcft. BE\u2019motion ENJO DEUTSCHLAND MITTE \u00fcbernimmt jedoch keine Gew\u00e4hr f\u00fcr die Aktualit\u00e4t, Richtigkeit, Vollst\u00e4ndigkeit oder Qualit\u00e4t der bereit gestellten Informationen. Haftungsanspr\u00fcche gegen BE\u2019motion ENJO DEUTSCHLAND MITTE, die sich auf Sch\u00e4den materieller oder ideeller Art beziehen, welche durch die Nutzung oder Nichtnutzung der dargebotenen Informationen oder durch fehlerhafte und unvollst\u00e4ndige Informationen &#8230; <\/p>\n<div><a href=\"https:\/\/www.enjo.com\/de\/de-impressum\/\" class=\"more-link\">Read More<\/a><\/div>\n","protected":false},"author":294,"featured_media":0,"parent":0,"menu_order":0,"comment_status":"closed","ping_status":"closed","template":"","meta":{"_acf_changed":false,"footnotes":""},"class_list":["post-105489","page","type-page","status-publish","hentry","no-post-thumbnail"],"acf":[],"yoast_head":"<!-- This site is optimized with the Yoast SEO plugin v24.0 - https:\/\/yoast.com\/wordpress\/plugins\/seo\/ -->\n<title>Impressum - ENJO<\/title>\n<meta name=\"description\" content=\"Der Schutz Deiner pers\u00f6nlichen Daten ist wichtig. Wir verarbeiten Deine Daten ausschlie\u00dflich auf Grundlage der gesetzlichen Bestimmungen.\" \/>\n<meta name=\"robots\" content=\"index, follow, max-snippet:-1, max-image-preview:large, max-video-preview:-1\" \/>\n<link rel=\"canonical\" href=\"https:\/\/www.enjo.com\/de\/de-impressum\/\" \/>\n<meta property=\"og:locale\" content=\"de_DE\" \/>\n<meta property=\"og:type\" content=\"article\" \/>\n<meta property=\"og:title\" content=\"Impressum - ENJO\" \/>\n<meta property=\"og:description\" content=\"Der Schutz Deiner pers\u00f6nlichen Daten ist wichtig. Wir verarbeiten Deine Daten ausschlie\u00dflich auf Grundlage der gesetzlichen Bestimmungen.\" \/>\n<meta property=\"og:url\" content=\"https:\/\/www.enjo.com\/de\/de-impressum\/\" \/>\n<meta property=\"og:site_name\" content=\"ENJO\" \/>\n<meta property=\"article:modified_time\" content=\"2025-01-09T14:41:45+00:00\" \/>\n<meta property=\"og:image\" content=\"https:\/\/www.enjo.com\/wp-content\/uploads\/2023\/10\/social_image.jpg\" \/>\n\t<meta property=\"og:image:width\" content=\"500\" \/>\n\t<meta property=\"og:image:height\" content=\"500\" \/>\n\t<meta property=\"og:image:type\" content=\"image\/jpeg\" \/>\n<meta name=\"twitter:card\" content=\"summary_large_image\" \/>\n<meta name=\"twitter:label1\" content=\"Gesch\u00e4tzte Lesezeit\" \/>\n\t<meta name=\"twitter:data1\" content=\"4\u00a0Minuten\" \/>\n<script type=\"application\/ld+json\" class=\"yoast-schema-graph\">{\"@context\":\"https:\/\/schema.org\",\"@graph\":[{\"@type\":\"WebPage\",\"@id\":\"https:\/\/www.enjo.com\/de\/de-impressum\/\",\"url\":\"https:\/\/www.enjo.com\/de\/de-impressum\/\",\"name\":\"Impressum - ENJO\",\"isPartOf\":{\"@id\":\"https:\/\/www.enjo.com\/at-east\/#website\"},\"datePublished\":\"2023-07-04T16:10:14+00:00\",\"dateModified\":\"2025-01-09T14:41:45+00:00\",\"description\":\"Der Schutz Deiner pers\u00f6nlichen Daten ist wichtig. Wir verarbeiten Deine Daten ausschlie\u00dflich auf Grundlage der gesetzlichen Bestimmungen.\",\"breadcrumb\":{\"@id\":\"https:\/\/www.enjo.com\/de\/de-impressum\/#breadcrumb\"},\"inLanguage\":\"de\",\"potentialAction\":[{\"@type\":\"ReadAction\",\"target\":[\"https:\/\/www.enjo.com\/de\/de-impressum\/\"]}]},{\"@type\":\"BreadcrumbList\",\"@id\":\"https:\/\/www.enjo.com\/de\/de-impressum\/#breadcrumb\",\"itemListElement\":[{\"@type\":\"ListItem\",\"position\":1,\"name\":\"Home\",\"item\":\"https:\/\/www.enjo.com\/de\/\"},{\"@type\":\"ListItem\",\"position\":2,\"name\":\"Impressum\"}]},{\"@type\":\"WebSite\",\"@id\":\"https:\/\/www.enjo.com\/at-east\/#website\",\"url\":\"https:\/\/www.enjo.com\/at-east\/\",\"name\":\"ENJO\",\"description\":\"Clean the World\",\"potentialAction\":[{\"@type\":\"SearchAction\",\"target\":{\"@type\":\"EntryPoint\",\"urlTemplate\":\"https:\/\/www.enjo.com\/at-east\/?s={search_term_string}\"},\"query-input\":{\"@type\":\"PropertyValueSpecification\",\"valueRequired\":true,\"valueName\":\"search_term_string\"}}],\"inLanguage\":\"de\"}]}<\/script>\n<!-- \/ Yoast SEO plugin. -->","yoast_head_json":{"title":"Impressum - ENJO","description":"Der Schutz Deiner pers\u00f6nlichen Daten ist wichtig. Wir verarbeiten Deine Daten ausschlie\u00dflich auf Grundlage der gesetzlichen Bestimmungen.","robots":{"index":"index","follow":"follow","max-snippet":"max-snippet:-1","max-image-preview":"max-image-preview:large","max-video-preview":"max-video-preview:-1"},"canonical":"https:\/\/www.enjo.com\/de\/de-impressum\/","og_locale":"de_DE","og_type":"article","og_title":"Impressum - ENJO","og_description":"Der Schutz Deiner pers\u00f6nlichen Daten ist wichtig. Wir verarbeiten Deine Daten ausschlie\u00dflich auf Grundlage der gesetzlichen Bestimmungen.","og_url":"https:\/\/www.enjo.com\/de\/de-impressum\/","og_site_name":"ENJO","article_modified_time":"2025-01-09T14:41:45+00:00","og_image":[{"width":500,"height":500,"url":"https:\/\/www.enjo.com\/wp-content\/uploads\/2023\/10\/social_image.jpg","type":"image\/jpeg"}],"twitter_card":"summary_large_image","twitter_misc":{"Gesch\u00e4tzte Lesezeit":"4\u00a0Minuten"},"schema":{"@context":"https:\/\/schema.org","@graph":[{"@type":"WebPage","@id":"https:\/\/www.enjo.com\/de\/de-impressum\/","url":"https:\/\/www.enjo.com\/de\/de-impressum\/","name":"Impressum - ENJO","isPartOf":{"@id":"https:\/\/www.enjo.com\/at-east\/#website"},"datePublished":"2023-07-04T16:10:14+00:00","dateModified":"2025-01-09T14:41:45+00:00","description":"Der Schutz Deiner pers\u00f6nlichen Daten ist wichtig. Wir verarbeiten Deine Daten ausschlie\u00dflich auf Grundlage der gesetzlichen Bestimmungen.","breadcrumb":{"@id":"https:\/\/www.enjo.com\/de\/de-impressum\/#breadcrumb"},"inLanguage":"de","potentialAction":[{"@type":"ReadAction","target":["https:\/\/www.enjo.com\/de\/de-impressum\/"]}]},{"@type":"BreadcrumbList","@id":"https:\/\/www.enjo.com\/de\/de-impressum\/#breadcrumb","itemListElement":[{"@type":"ListItem","position":1,"name":"Home","item":"https:\/\/www.enjo.com\/de\/"},{"@type":"ListItem","position":2,"name":"Impressum"}]},{"@type":"WebSite","@id":"https:\/\/www.enjo.com\/at-east\/#website","url":"https:\/\/www.enjo.com\/at-east\/","name":"ENJO","description":"Clean the World","potentialAction":[{"@type":"SearchAction","target":{"@type":"EntryPoint","urlTemplate":"https:\/\/www.enjo.com\/at-east\/?s={search_term_string}"},"query-input":{"@type":"PropertyValueSpecification","valueRequired":true,"valueName":"search_term_string"}}],"inLanguage":"de"}]}},"_links":{"self":[{"href":"https:\/\/www.enjo.com\/de\/wp-json\/wp\/v2\/pages\/105489","targetHints":{"allow":["GET"]}}],"collection":[{"href":"https:\/\/www.enjo.com\/de\/wp-json\/wp\/v2\/pages"}],"about":[{"href":"https:\/\/www.enjo.com\/de\/wp-json\/wp\/v2\/types\/page"}],"author":[{"embeddable":true,"href":"https:\/\/www.enjo.com\/de\/wp-json\/wp\/v2\/users\/294"}],"replies":[{"embeddable":true,"href":"https:\/\/www.enjo.com\/de\/wp-json\/wp\/v2\/comments?post=105489"}],"version-history":[{"count":8,"href":"https:\/\/www.enjo.com\/de\/wp-json\/wp\/v2\/pages\/105489\/revisions"}],"predecessor-version":[{"id":116995,"href":"https:\/\/www.enjo.com\/de\/wp-json\/wp\/v2\/pages\/105489\/revisions\/116995"}],"wp:attachment":[{"href":"https:\/\/www.enjo.com\/de\/wp-json\/wp\/v2\/media?parent=105489"}],"curies":[{"name":"wp","href":"https:\/\/api.w.org\/{rel}","templated":true}]}}