{"id":100344,"date":"2022-10-25T12:47:12","date_gmt":"2022-10-25T12:47:12","guid":{"rendered":"https:\/\/www.enjo.com\/de-lieferservice-agb\/"},"modified":"2023-02-28T14:53:12","modified_gmt":"2023-02-28T14:53:12","slug":"lieferservice-agb","status":"publish","type":"page","link":"https:\/\/www.enjo.com\/de\/lieferservice-agb\/","title":{"rendered":"Lieferservice"},"content":{"rendered":"<h3><span style=\"color: #000000;\"><strong>Allgemeinen Verkaufs- und Lieferbedingungen<\/strong><\/span><\/h3>\n<p>&nbsp;<\/p>\n<p><span style=\"color: #000000;\"><strong>1. Geltungsbereich<br \/>\n<\/strong>1.1 Die vorliegenden Allgemeinen Gesch\u00e4ftsbedingungen (AGB) gelten f\u00fcr alle Gesch\u00e4ftsbeziehungen mit unseren Kunden. <\/span><br \/>\n<span style=\"color: #000000;\">1.2 Unsere Lieferungen, Leistungen und Angebote erfolgen ausschlie\u00dflich auf der Grundlage dieser Allgemeinen Gesch\u00e4ftsbedingungen. Der Einbeziehung von Allgemeinen Gesch\u00e4ftsbedingungen eines Kunden, die von unseren Allgemeinen Gesch\u00e4ftsbedingungen abweichen, wird schon jetzt widersprochen. Vertragssprache ist ausschlie\u00dflich Deutsch. <\/span><br \/>\n<span style=\"color: #000000;\">1.3 Alle zwischen Dir und uns im Zusammenhang mit dem Kaufvertrag getroffenen Vereinbarungen ergeben sich insbesondere aus diesen Allgemeinen Gesch\u00e4ftsbedingungen, der jeweiligen Produktbeschreibung und unserer Auftragsbest\u00e4tigung.<\/span><\/p>\n<p><span style=\"color: #000000;\"><strong>2. Vertragsschluss<\/strong><\/span><br \/>\n<span style=\"color: #000000;\">2.1 Die Warenpr\u00e4sentation und Bewerbung von Artikeln bei den Pr\u00e4sentationen der ENJO PartnerInnen stellen kein verbindliches Angebot gem\u00e4\u00df \u00a7 145 BGB zum Abschluss eines Kaufvertrags dar. Vielmehr handelt es sich um eine unverbindliche Einladung Waren zu bestellen. <\/span><br \/>\n<span style=\"color: #000000;\">2.2 Die ENJO PartnerIn nimmt die Bestellung des Kunden w\u00e4hrend oder nach der Pr\u00e4sentation auf. Dies stellt das Angebot dar. <\/span><br \/>\n<span style=\"color: #000000;\">2.3 Ein Kaufvertrag \u00fcber die Ware kommt erst zustande, wenn wir ausdr\u00fccklich die Annahme des Kaufangebots erkl\u00e4ren (Auftragsbest\u00e4tigung) oder wenn wir die bestellten Artikel \u2013 ohne vorherige ausdr\u00fcckliche Annahmeerkl\u00e4rung \u2013 an Dich versenden. Wenn wir nicht innerhalb von 7 Werktagen die Annahme erkl\u00e4rt oder die Ware versandt haben, gilt dies als Ablehnung Deines Angebots. Der Kaufvertrag kommt mit ENJO HOMELINE GMBH, Achstra\u00dfe 40, 6844 Altach, Vorarlberg, \u00d6sterreich zustande.<\/span><\/p>\n<p><span style=\"color: #000000;\"><strong>3. Preise und Zahlungsbedingungen<\/strong><\/span><br \/>\n<span style=\"color: #000000;\">3.1 Die in diesem Vertrag und w\u00e4hrend der Pr\u00e4sentation genannten Preise in Euro enthalten die gesetzliche Mehrwertsteuer und sonstige Preisbestandteile.<\/span><br \/>\n<span style=\"color: #000000;\">3.2 Die Zahlung erfolgt mittels SEPA-Lastschrift. <\/span><br \/>\n<span style=\"color: #000000;\">3.3 Ger\u00e4tst Du mit Zahlungen in Verzug, so bist Du zur Zahlung der gesetzlichen Verzugszinsen verpflichtet (wenn Du Verbraucher bist, in H\u00f6he von 5% \u00fcber dem Basiszinssatz). F\u00fcr jedes Mahnschreiben, das nach Eintritt des Verzugs an dich versandt wird, wird Dir eine Mahngeb\u00fchr in H\u00f6he von 2,50 Euro berechnet, sofern nicht im Einzelfall ein niedrigerer bzw. h\u00f6herer Schaden nachgewiesen wird. <\/span><br \/>\n<span style=\"color: #000000;\">3.4 Du bist damit einverstanden, dass Du Rechnungen und Gutschriften ausschlie\u00dflich in elektronischer Form erh\u00e4ltst.<\/span><br \/>\n<span style=\"color: #000000;\">3.5 Wir behalten uns das Recht vor, Preis\u00e4nderungen vorzunehmen. Im Falle einer Preis\u00e4nderung werden Sie im Voraus informiert und haben das Recht, den Vertrag zu k\u00fcndigen.<\/span><\/p>\n<p><span style=\"color: #000000;\"><strong>4. Lieferung und Versand<\/strong><\/span><br \/>\n<span style=\"color: #000000;\">4.1 Wir liefern nur im Versandweg durch ausgew\u00e4hlte Versanddienstleister. Eine Selbstabholung der Ware ist nicht m\u00f6glich. <\/span><br \/>\n<span style=\"color: #000000;\">4.2 Werden Waren mit offensichtlichen Transportsch\u00e4den angeliefert, so reklamiere solche Fehler bitte m\u00f6glichst sofort beim Zusteller und nimm bitte unverz\u00fcglich Kontakt zu uns auf. Die Vers\u00e4umung einer Reklamation oder Kontaktaufnahme hat f\u00fcr Deine gesetzlichen Anspr\u00fcche und deren Durchsetzung, insbesondere Deine Gew\u00e4hrleistungsrechte, keinerlei Konsequenzen. Du hilfst uns aber, unsere eigenen Anspr\u00fcche gegen\u00fcber dem Frachtf\u00fchrer bzw. der Transportversicherung geltend machen zu k\u00f6nnen.<\/span><\/p>\n<p><span style=\"color: #000000;\"><strong>5. Eigentumsvorbehalt<\/strong> <\/span><br \/>\n<span style=\"color: #000000;\">Die gelieferte Ware bleibt bis zur vollst\u00e4ndigen Bezahlung des Kaufpreises unser Eigentum.<\/span><\/p>\n<p><span style=\"color: #000000;\"><strong>6. Widerrufsrecht<\/strong> <\/span><br \/>\n<span style=\"color: #000000;\">6.1 Wenn Du Verbraucher im Sinne des \u00a7 13 BGB bist, also eine nat\u00fcrliche Person, die ein Rechtsgesch\u00e4ft zu Zwecken abschlie\u00dft, die \u00fcberwiegend weder ihrer gewerblichen noch ihrer selbst\u00e4ndigen beruflichen T\u00e4tigkeit zugerechnet werden k\u00f6nnen, steht Dir nach Ma\u00dfgabe der gesetzlichen Bestimmungen ein Widerrufsrecht zu. <\/span><br \/>\n<span style=\"color: #000000;\">6.2 Im \u00dcbrigen gelten f\u00fcr das Widerrufsrecht die Regelungen, die im Einzelnen wiedergegeben sind in der folgenden<\/span><\/p>\n<p><span style=\"color: #000000;\"><strong>Widerrufsbelehrung<\/strong><\/span><\/p>\n<p><span style=\"color: #000000;\"><strong>Widerrufsrecht:<\/strong> Du hast das Recht, binnen vierzehn Tagen ohne Angabe von Gr\u00fcnden diesen Vertrag zu widerrufen. Die Widerrufsfrist betr\u00e4gt vierzehn Tage ab dem Tag, an dem Du oder ein von Dir benannter Dritter, der nicht der Transporteur ist, die letzte Ware in Besitz genommen haben bzw. hat. Um dein Widerrufsrecht auszu\u00fcben, musst Du uns ENJO HOMELINE GMBH, Achstra\u00dfe 40, 6844 Altach, Vorarlberg, \u00d6sterreich, E-Mail: office@enjo.de mittels einer eindeutigen Erkl\u00e4rung (z. B. ein mit der Post versandter Brief, Telefax oder E-Mail) \u00fcber deinen Entschluss, diesen Vertrag zu widerrufen, informieren. Du kannst daf\u00fcr das beigef\u00fcgte Muster- Widerrufsformular verwenden, das jedoch nicht vorgeschrieben ist. Zur Wahrung der Widerrufsfrist reicht es aus, dass Du die Mitteilung \u00fcber die Aus\u00fcbung des Widerrufsrechts vor Ablauf der Widerrufsfrist absendest. <\/span><br \/>\n<span style=\"color: #000000;\"><strong>Erweitertes Widerrufsrecht:<\/strong> Als Mitglied des Bundesverbandes Direktvertrieb e.V. (BDD) r\u00e4umen wir Dir \u00fcber das gesetzliche Widerrufsrecht hinaus das Recht ein, diesen Vertrag binnen einer Frist von 14 Tagen auch dann zu widerrufen, wenn die Leistung bei Abschluss der Verhandlungen sofort erbracht und bezahlt wird und das Entgelt EUR 40,- nicht \u00fcbersteigt, ein Vertrag zur Lieferung von Hygieneprodukten geschlossen wird oder ein Vertrag auf einer Verbrauchermesse bzw. -ausstellung geschlossen wird, soweit nicht bereits ein gesetzliches Widerrufsrecht besteht. <\/span><br \/>\n<span style=\"color: #000000;\"><strong>Folgen des Widerrufs:<\/strong> Wenn Du diesen Vertrag widerrufst, haben wir Dir alle Zahlungen, die wir von Dir erhalten haben, einschlie\u00dflich der Lieferkosten (mit Ausnahme der zus\u00e4tzlichen Kosten, die sich daraus ergeben, dass Du eine andere Art der Lieferung als die von uns angebotene, g\u00fcnstigste Standardlieferung gew\u00e4hlt hast) unverz\u00fcglich und sp\u00e4testens binnen vierzehn Tagen ab dem Tag zur\u00fcckzuzahlen, an dem die Mitteilung \u00fcber Deinen Widerruf dieses Vertrags bei uns eingegangen ist. F\u00fcr diese R\u00fcckzahlung verwenden wir dasselbe Zahlungsmittel, das Du bei der urspr\u00fcnglichen Transaktion eingesetzt hast, es sei denn, mit Dir wurde ausdr\u00fccklich etwas anderes vereinbart; in keinem Fall werden Dir wegen dieser R\u00fcckzahlung Entgelte berechnet. Wir k\u00f6nnen die R\u00fcckzahlung verweigern, bis wir die Waren wieder zur\u00fcckerhalten haben oder bis Du den Nachweis erbracht hast, dass Du die Waren zur\u00fcckgesandt hast, je nachdem, welches der fr\u00fchere Zeitpunkt ist. Du hast die Waren unverz\u00fcglich und in jedem Fall sp\u00e4testens binnen vierzehn Tagen ab dem Tag, an dem Du uns \u00fcber den Widerruf dieses Vertrages unterrichtest, an uns zur\u00fcckzusenden oder zu \u00fcbergeben. Die Frist ist gewahrt, wenn Du die Waren vor Ablauf der Frist von vierzehn Tagen absendest. Du tr\u00e4gst die unmittelbaren Kosten der R\u00fccksendung der Waren. Du musst f\u00fcr einen etwaigen Wertverlust der Waren nur aufkommen, wenn dieser Wertverlust auf einen zur Pr\u00fcfung der Beschaffenheit, Eigenschaften und Funktionsweise der Waren nicht notwendigen Umgang mit Ihnen zur\u00fcckzuf\u00fchren ist.<\/span><\/p>\n<p><span style=\"color: #000000;\"><strong>7. Garantie \/ Gew\u00e4hrleistung<\/strong> <\/span><br \/>\n<span style=\"color: #000000;\">7.1 Wir leisten auf alle ENJO-Produkte bei Nutzung als Verbraucher eine Garantie von zwei Jahren. W\u00e4hrend dieser Garantiezeit gew\u00e4hren wir gegen Vorlage der Rechnung (gilt als Garantieschein) f\u00fcr alle M\u00e4ngel, die durch Material- oder Fabrikationsfehler begr\u00fcndet sind, jedoch keine M\u00e4ngel, die auf Verschlei\u00df oder unsachgem\u00e4\u00dfe Verwendung zur\u00fcckzuf\u00fchren sind, kostenfreien Austausch der Ware gegen einen gleichwertigen Artikel. <\/span><br \/>\n<span style=\"color: #000000;\">7.2 Bei gewerblicher Nutzung betr\u00e4gt die Garantie im Sinne von 8.1 auf alle ENJO-Produkte 6 Monate. <\/span><br \/>\n<span style=\"color: #000000;\">7.3 Wir haften im \u00dcbrigen f\u00fcr Sach- oder Rechtsm\u00e4ngel gelieferter Artikel nach den geltenden gesetzlichen Vorschriften, insbesondere \u00a7\u00a7 433 ff. BGB.<\/span><\/p>\n<p><span style=\"color: #000000;\"><strong>8. Haftung<\/strong> <\/span><br \/>\n<span style=\"color: #000000;\">8.1 Wir haften Dir gegen\u00fcber bei Vorsatz und grober Fahrl\u00e4ssigkeit nach Ma\u00dfgabe der gesetzlichen Bestimmungen. <\/span><br \/>\n<span style=\"color: #000000;\">8.2 In sonstigen F\u00e4llen haften wir nur bei Verletzung einer Vertragspflicht, deren Erf\u00fcllung die ordnungsgem\u00e4\u00dfe Durchf\u00fchrung des Vertrags \u00fcberhaupt erst erm\u00f6glicht und auf deren Einhaltung Du als Kunde regelm\u00e4\u00dfig vertrauen darfst (sogenannte Kardinalpflicht), in diesem Fall jedoch beschr\u00e4nkt auf den Ersatz des vorhersehbaren und typischen Schadens. <\/span><br \/>\n<span style=\"color: #000000;\">8.3 Unsere Haftung f\u00fcr Sch\u00e4den aus der Verletzung des Lebens, des K\u00f6rpers oder der Gesundheit, nach dem Produkthaftungsgesetz, f\u00fcr gegebene Garantien und f\u00fcr Datenschutzverst\u00f6\u00dfe bleibt von den vorstehenden Haftungsbeschr\u00e4nkungen und -ausschl\u00fcssen unber\u00fchrt.<\/span><\/p>\n<p><span style=\"color: #000000;\"><strong>9. Urheberrechte<\/strong> <\/span><br \/>\n<span style=\"color: #000000;\">Alle Bilder, Filme und Texte, die auf unserer Website, unseren Social Media Accounts, Verkaufsbrosch\u00fcren oder anderweitig von uns ver\u00f6ffentlicht werden, unterliegen Urheberrechten. Eine Verwendung der Bilder, Filme und Texte ist ohne ausdr\u00fcckliche Zustimmung des Rechteinhabers nicht gestattet.<\/span><\/p>\n<p><span style=\"color: #000000;\"><strong>10. Kundenservice<\/strong> <\/span><br \/>\n<span style=\"color: #000000;\">Bei Fragen, Beschwerden oder Reklamationen nimm bitte Kontakt zu uns auf. Du erreichst uns Montag bis Donnerstag von 08:30 Uhr bis 12 Uhr und 13:30 Uhr bis 16:30 Uhr unter der Telefonnummer 0800-5894776 oder per E-Mail an office@enjo.de.<\/span><\/p>\n<p><span style=\"color: #000000;\"><strong>11. Anwendbares Recht und Gerichtsstand<\/strong> <\/span><br \/>\n<span style=\"color: #000000;\">11.1 Es gilt das Recht der Bundesrepublik Deutschland unter Ausschluss der Bestimmungen des UN-Kaufrechts. Sofern Du Verbraucher bist und keinen Wohnsitz in der Bundesrepublik Deutschland hast, unterliegt das Vertragsverh\u00e4ltnis ausschlie\u00dflich dem Recht der Bundesrepublik Deutschland unter Ausschluss des UN-Kaufrechts, sofern nicht zwingende Bestimmungen des Rechts des Staates, in dem Du Deinen gew\u00f6hnlichen Aufenthalt hast, etwas anderes vorsehen. <\/span><br \/>\n<span style=\"color: #000000;\">11.2 Wenn Du Kaufmann bist und Deinen Sitz zum Zeitpunkt der Bestellung in Deutschland hast, so ist Freiburg\/Breisgau ausschlie\u00dflicher Gerichtsstand f\u00fcr alle Streitigkeiten aus oder im Zusammenhang mit dem zwischen Dir und uns geschlossenen Vertrag.<br \/>\n11.3 Sind eine oder mehrere Regelungen dieser AGB unwirksam, so bleibt der Vertrag im \u00dcbrigen wirksam. Soweit die Bestimmungen unwirksam sind, richtet sich der Inhalt des Vertrages nach den gesetzlichen Vorschriften.<\/span><\/p>\n<p><span style=\"color: #000000;\"><strong>12. Streitbeilegungsverfahren vor einer Verbraucherschlichtungsstelle<\/strong><\/span><br \/>\n<span style=\"color: #000000;\">Die Europ\u00e4ische Kommission stellt eine Plattform zur Online-Streitbeilegung (OS) bereit, die Du hier findest <a style=\"color: #000000;\" href=\"https:\/\/ec.europa.eu\/consumers\/odr\/\">https:\/\/ec.europa.eu\/consumers\/odr\/<\/a>. Zur Teilnahme an einem Streitbeilegungsverfahren vor einer Verbraucherschlichtungsstelle sind wir weder bereit noch verpflichtet.<\/span><\/p>\n<p><span style=\"color: #000000;\">Stand: M\u00e4rz 2023<\/span><\/p>\n<h3><\/h3>\n<p>&nbsp;<\/p>\n<h3><span style=\"color: #000000;\"><strong>ENJO HOMELINE GMBH<\/strong><\/span><\/h3>\n<p><span style=\"color: #000000;\">Hauptsitz \u00d6sterreich<\/span><br \/>\n<span style=\"color: #000000;\">Achstra\u00dfe 40, 6844 Altach<\/span><\/p>\n<p><span style=\"color: #000000;\">Niederlassung Deutschland<\/span><br \/>\n<span style=\"color: #000000;\">Schwarzmatten 16, 79427 Eschbach<\/span><\/p>\n<p><span style=\"color: #000000;\">Tel:0800 5894776<\/span><br \/>\n<span style=\"color: #000000;\"><a style=\"color: #000000;\" href=\"mailto:office@enjo.de\">office@enjo.de<\/a><\/span><\/p>\n<p><span style=\"color: #000000;\">Steuernr.: 12179\/22635 | DVR: 0863939 | FB-Nr.: 235156v | FBG: Feldkirch<\/span><\/p>\n","protected":false},"excerpt":{"rendered":"<p>Allgemeinen Verkaufs- und Lieferbedingungen &nbsp; 1. Geltungsbereich 1.1 Die vorliegenden Allgemeinen Gesch\u00e4ftsbedingungen (AGB) gelten f\u00fcr alle Gesch\u00e4ftsbeziehungen mit unseren Kunden. 1.2 Unsere Lieferungen, Leistungen und Angebote erfolgen ausschlie\u00dflich auf der Grundlage dieser Allgemeinen Gesch\u00e4ftsbedingungen. Der Einbeziehung von Allgemeinen Gesch\u00e4ftsbedingungen eines Kunden, die von unseren Allgemeinen Gesch\u00e4ftsbedingungen abweichen, wird schon jetzt widersprochen. Vertragssprache ist ausschlie\u00dflich Deutsch. 1.3 Alle zwischen Dir und &#8230; <\/p>\n<div><a href=\"https:\/\/www.enjo.com\/de\/lieferservice-agb\/\" class=\"more-link\">Read More<\/a><\/div>\n","protected":false},"author":295,"featured_media":0,"parent":0,"menu_order":0,"comment_status":"closed","ping_status":"closed","template":"","meta":{"_acf_changed":false,"footnotes":""},"class_list":["post-100344","page","type-page","status-publish","hentry","no-post-thumbnail"],"acf":[],"yoast_head":"<!-- This site is optimized with the Yoast SEO plugin v24.0 - https:\/\/yoast.com\/wordpress\/plugins\/seo\/ -->\n<title>Lieferservice - ENJO<\/title>\n<meta name=\"robots\" content=\"index, follow, max-snippet:-1, max-image-preview:large, max-video-preview:-1\" \/>\n<link rel=\"canonical\" href=\"https:\/\/www.enjo.com\/de\/lieferservice-agb\/\" \/>\n<meta property=\"og:locale\" content=\"de_DE\" \/>\n<meta property=\"og:type\" content=\"article\" \/>\n<meta property=\"og:title\" content=\"Lieferservice - ENJO\" \/>\n<meta property=\"og:description\" content=\"Allgemeinen Verkaufs- und Lieferbedingungen &nbsp; 1. Geltungsbereich 1.1 Die vorliegenden Allgemeinen Gesch\u00e4ftsbedingungen (AGB) gelten f\u00fcr alle Gesch\u00e4ftsbeziehungen mit unseren Kunden. 1.2 Unsere Lieferungen, Leistungen und Angebote erfolgen ausschlie\u00dflich auf der Grundlage dieser Allgemeinen Gesch\u00e4ftsbedingungen. Der Einbeziehung von Allgemeinen Gesch\u00e4ftsbedingungen eines Kunden, die von unseren Allgemeinen Gesch\u00e4ftsbedingungen abweichen, wird schon jetzt widersprochen. Vertragssprache ist ausschlie\u00dflich Deutsch. 1.3 Alle zwischen Dir und ... Read More\" \/>\n<meta property=\"og:url\" content=\"https:\/\/www.enjo.com\/de\/lieferservice-agb\/\" \/>\n<meta property=\"og:site_name\" content=\"ENJO\" \/>\n<meta property=\"article:modified_time\" content=\"2023-02-28T14:53:12+00:00\" \/>\n<meta property=\"og:image\" content=\"https:\/\/www.enjo.com\/wp-content\/uploads\/2023\/10\/social_image.jpg\" \/>\n\t<meta property=\"og:image:width\" content=\"500\" \/>\n\t<meta property=\"og:image:height\" content=\"500\" \/>\n\t<meta property=\"og:image:type\" content=\"image\/jpeg\" \/>\n<meta name=\"twitter:card\" content=\"summary_large_image\" \/>\n<meta name=\"twitter:label1\" content=\"Gesch\u00e4tzte Lesezeit\" \/>\n\t<meta name=\"twitter:data1\" content=\"8\u00a0Minuten\" \/>\n<script type=\"application\/ld+json\" class=\"yoast-schema-graph\">{\"@context\":\"https:\/\/schema.org\",\"@graph\":[{\"@type\":\"WebPage\",\"@id\":\"https:\/\/www.enjo.com\/de\/lieferservice-agb\/\",\"url\":\"https:\/\/www.enjo.com\/de\/lieferservice-agb\/\",\"name\":\"Lieferservice - ENJO\",\"isPartOf\":{\"@id\":\"https:\/\/www.enjo.com\/at-east\/#website\"},\"datePublished\":\"2022-10-25T12:47:12+00:00\",\"dateModified\":\"2023-02-28T14:53:12+00:00\",\"breadcrumb\":{\"@id\":\"https:\/\/www.enjo.com\/de\/lieferservice-agb\/#breadcrumb\"},\"inLanguage\":\"de\",\"potentialAction\":[{\"@type\":\"ReadAction\",\"target\":[\"https:\/\/www.enjo.com\/de\/lieferservice-agb\/\"]}]},{\"@type\":\"BreadcrumbList\",\"@id\":\"https:\/\/www.enjo.com\/de\/lieferservice-agb\/#breadcrumb\",\"itemListElement\":[{\"@type\":\"ListItem\",\"position\":1,\"name\":\"Home\",\"item\":\"https:\/\/www.enjo.com\/de\/\"},{\"@type\":\"ListItem\",\"position\":2,\"name\":\"Lieferservice\"}]},{\"@type\":\"WebSite\",\"@id\":\"https:\/\/www.enjo.com\/at-east\/#website\",\"url\":\"https:\/\/www.enjo.com\/at-east\/\",\"name\":\"ENJO\",\"description\":\"Clean the World\",\"potentialAction\":[{\"@type\":\"SearchAction\",\"target\":{\"@type\":\"EntryPoint\",\"urlTemplate\":\"https:\/\/www.enjo.com\/at-east\/?s={search_term_string}\"},\"query-input\":{\"@type\":\"PropertyValueSpecification\",\"valueRequired\":true,\"valueName\":\"search_term_string\"}}],\"inLanguage\":\"de\"}]}<\/script>\n<!-- \/ Yoast SEO plugin. -->","yoast_head_json":{"title":"Lieferservice - ENJO","robots":{"index":"index","follow":"follow","max-snippet":"max-snippet:-1","max-image-preview":"max-image-preview:large","max-video-preview":"max-video-preview:-1"},"canonical":"https:\/\/www.enjo.com\/de\/lieferservice-agb\/","og_locale":"de_DE","og_type":"article","og_title":"Lieferservice - ENJO","og_description":"Allgemeinen Verkaufs- und Lieferbedingungen &nbsp; 1. Geltungsbereich 1.1 Die vorliegenden Allgemeinen Gesch\u00e4ftsbedingungen (AGB) gelten f\u00fcr alle Gesch\u00e4ftsbeziehungen mit unseren Kunden. 1.2 Unsere Lieferungen, Leistungen und Angebote erfolgen ausschlie\u00dflich auf der Grundlage dieser Allgemeinen Gesch\u00e4ftsbedingungen. Der Einbeziehung von Allgemeinen Gesch\u00e4ftsbedingungen eines Kunden, die von unseren Allgemeinen Gesch\u00e4ftsbedingungen abweichen, wird schon jetzt widersprochen. Vertragssprache ist ausschlie\u00dflich Deutsch. 1.3 Alle zwischen Dir und ... Read More","og_url":"https:\/\/www.enjo.com\/de\/lieferservice-agb\/","og_site_name":"ENJO","article_modified_time":"2023-02-28T14:53:12+00:00","og_image":[{"width":500,"height":500,"url":"https:\/\/www.enjo.com\/wp-content\/uploads\/2023\/10\/social_image.jpg","type":"image\/jpeg"}],"twitter_card":"summary_large_image","twitter_misc":{"Gesch\u00e4tzte Lesezeit":"8\u00a0Minuten"},"schema":{"@context":"https:\/\/schema.org","@graph":[{"@type":"WebPage","@id":"https:\/\/www.enjo.com\/de\/lieferservice-agb\/","url":"https:\/\/www.enjo.com\/de\/lieferservice-agb\/","name":"Lieferservice - ENJO","isPartOf":{"@id":"https:\/\/www.enjo.com\/at-east\/#website"},"datePublished":"2022-10-25T12:47:12+00:00","dateModified":"2023-02-28T14:53:12+00:00","breadcrumb":{"@id":"https:\/\/www.enjo.com\/de\/lieferservice-agb\/#breadcrumb"},"inLanguage":"de","potentialAction":[{"@type":"ReadAction","target":["https:\/\/www.enjo.com\/de\/lieferservice-agb\/"]}]},{"@type":"BreadcrumbList","@id":"https:\/\/www.enjo.com\/de\/lieferservice-agb\/#breadcrumb","itemListElement":[{"@type":"ListItem","position":1,"name":"Home","item":"https:\/\/www.enjo.com\/de\/"},{"@type":"ListItem","position":2,"name":"Lieferservice"}]},{"@type":"WebSite","@id":"https:\/\/www.enjo.com\/at-east\/#website","url":"https:\/\/www.enjo.com\/at-east\/","name":"ENJO","description":"Clean the World","potentialAction":[{"@type":"SearchAction","target":{"@type":"EntryPoint","urlTemplate":"https:\/\/www.enjo.com\/at-east\/?s={search_term_string}"},"query-input":{"@type":"PropertyValueSpecification","valueRequired":true,"valueName":"search_term_string"}}],"inLanguage":"de"}]}},"_links":{"self":[{"href":"https:\/\/www.enjo.com\/de\/wp-json\/wp\/v2\/pages\/100344","targetHints":{"allow":["GET"]}}],"collection":[{"href":"https:\/\/www.enjo.com\/de\/wp-json\/wp\/v2\/pages"}],"about":[{"href":"https:\/\/www.enjo.com\/de\/wp-json\/wp\/v2\/types\/page"}],"author":[{"embeddable":true,"href":"https:\/\/www.enjo.com\/de\/wp-json\/wp\/v2\/users\/295"}],"replies":[{"embeddable":true,"href":"https:\/\/www.enjo.com\/de\/wp-json\/wp\/v2\/comments?post=100344"}],"version-history":[{"count":6,"href":"https:\/\/www.enjo.com\/de\/wp-json\/wp\/v2\/pages\/100344\/revisions"}],"predecessor-version":[{"id":102682,"href":"https:\/\/www.enjo.com\/de\/wp-json\/wp\/v2\/pages\/100344\/revisions\/102682"}],"wp:attachment":[{"href":"https:\/\/www.enjo.com\/de\/wp-json\/wp\/v2\/media?parent=100344"}],"curies":[{"name":"wp","href":"https:\/\/api.w.org\/{rel}","templated":true}]}}