{"id":4976,"date":"2016-10-12T13:47:58","date_gmt":"2016-10-12T13:47:58","guid":{"rendered":"https:\/\/www.enjo.com\/impressum\/"},"modified":"2026-01-18T13:37:31","modified_gmt":"2026-01-18T13:37:31","slug":"disclaimer","status":"publish","type":"page","link":"https:\/\/www.enjo.com\/cz\/disclaimer\/","title":{"rendered":"Prohl\u00e1\u0161en\u00ed o odpov\u011bdnosti"},"content":{"rendered":"<p><strong>Obsah<\/strong><br \/>\nVe\u0161ker\u00fd obsah t\u011bchto str\u00e1nek byl d\u016fkladn\u011b upraven a zkontrolov\u00e1n. Spole\u010dnost ENJO GmbH v\u0161ak nenese \u017e\u00e1dnou odpov\u011bdnost za spr\u00e1vnost, aktu\u00e1lnost, \u00faplnost a kvalitu uveden\u00fdch informac\u00ed. N\u00e1roky v\u016f\u010di spole\u010dnosti ENJO GmbH, kter\u00e9 se t\u00fdkaj\u00ed materi\u00e1ln\u00edch nebo imagin\u00e1rn\u00edch \u0161kod, kter\u00e9 byly zp\u016fsobeny pou\u017eit\u00edm nebo nepou\u017eit\u00edm poskytnut\u00fdch informac\u00ed nebo chybn\u00fdmi a ne\u00fapln\u00fdmi informacemi, jsou p\u0159\u00edsn\u011b vylou\u010deny, pokud na stran\u011b spole\u010dnosti ENJO GmbH neexistuje \u017e\u00e1dn\u00e9 vysledovateln\u00e9 \u00famysln\u00e9 nebo hrub\u011b nedbal\u00e9 zavin\u011bn\u00ed. Spole\u010dnost ENJO GmbH si v\u00fdslovn\u011b vyhrazuje pr\u00e1vo m\u011bnit \u010d\u00e1sti nebo celou str\u00e1nku, m\u011bnit, dopl\u0148ovat, mazat nebo p\u0159eru\u0161it celou online prezentaci bez p\u0159edchoz\u00edho ozn\u00e1men\u00ed.<\/p>\n<p><strong>Odkazy<\/strong><br \/>\nZa p\u0159edpokladu, \u017ee ENJO GmbH p\u0159\u00edmo nebo nep\u0159\u00edmo odkazuje na domovsk\u00e9 str\u00e1nky t\u0159et\u00edch stran (\u201eodkazy\u201c), nese ENJO GmbH odpov\u011bdnost pouze tehdy, pokud o tom p\u0159esn\u011b v\u00ed a pokud je pro ni technicky mo\u017en\u00e9 a p\u0159im\u011b\u0159en\u00e9 zabr\u00e1nit jak\u00e9mukoli pou\u017eit\u00ed v p\u0159\u00edpad\u011b nez\u00e1konn\u00e9ho obsahu. Spole\u010dnost ENJO GmbH t\u00edmto v\u00fdslovn\u011b prohla\u0161uje, \u017ee v dob\u011b nastaven\u00ed odkaz\u016f odkazovan\u00e9 str\u00e1nky neobsahovaly \u017e\u00e1dn\u00e9 protipr\u00e1vn\u00ed informace. Spole\u010dnost ENJO GmbH nem\u00e1 \u017e\u00e1dn\u00fd vliv na skute\u010dn\u00fd a budouc\u00ed obsah odkazovan\u00fdch str\u00e1nek. Spole\u010dnost ENJO GmbH se proto v\u00fdslovn\u011b distancuje od v\u0161ech zm\u011bn proveden\u00fdch na odkazovan\u00fdch str\u00e1nk\u00e1ch po nastaven\u00ed odkaz\u016f. To plat\u00ed i pro p\u0159\u00edsp\u011bvky t\u0159et\u00edch osob v n\u00e1v\u0161t\u011bvn\u00edch knih\u00e1ch, diskusn\u00edch f\u00f3rech a po\u0161tovn\u00edch konferenc\u00edch, kter\u00e9 spole\u010dnost ENJO GmbH z\u0159\u00eddila. Spole\u010dnost ENJO GmbH neodpov\u00edd\u00e1 za obsah, dostupnost, p\u0159esnost a preciznost odkazovan\u00fdch str\u00e1nek, ani za jejich nab\u00eddky, odkazy nebo reklamn\u00ed bannery. ENJO GmbH neodpov\u00edd\u00e1 za nez\u00e1konn\u00fd, vadn\u00fd nebo ne\u00fapln\u00fd obsah a zejm\u00e9na ne za \u0161kody, kter\u00e9 vzniknou pou\u017eit\u00edm nebo nepou\u017eit\u00edm informac\u00ed uveden\u00fdch na odkazovan\u00fdch str\u00e1nk\u00e1ch.<\/p>\n<p><strong>Copyright<\/strong><br \/>\nSpole\u010dnost ENJO GmbH se sna\u017e\u00ed zohled\u0148ovat p\u0159eva\u017euj\u00edc\u00ed autorsk\u00e1 pr\u00e1va u v\u0161ech publikac\u00ed. Pokud by p\u0159esto do\u0161lo k poru\u0161en\u00ed autorsk\u00fdch pr\u00e1v, spole\u010dnost ENJO GmbH po upozorn\u011bn\u00ed p\u0159\u00edslu\u0161n\u00fd objekt odstran\u00ed nebo ozna\u010d\u00ed odpov\u00eddaj\u00edc\u00edmi informacemi o autorsk\u00fdch pr\u00e1vech. V\u0161echny v r\u00e1mci domovsk\u00e9 str\u00e1nky ENJO GmbH uveden\u00e9 zna\u010dky a ochrann\u00e9 zn\u00e1mky jsou ochrann\u00e9 zn\u00e1mky nebo registrovan\u00e9 ochrann\u00e9 zn\u00e1mky p\u0159\u00edslu\u0161n\u00fdch vlastn\u00edk\u016f. Autorsk\u00e1 pr\u00e1va k obsahu ENJO GmbH nebo dom\u00e9ny www.enjo.com n\u00e1le\u017e\u00ed v\u00fdhradn\u011b spole\u010dnosti ENJO GmbH. Kop\u00edrov\u00e1n\u00ed grafiky, zvuk\u016f nebo text\u016f v jin\u00fdch elektronick\u00fdch nebo ti\u0161t\u011bn\u00fdch publikac\u00edch bez form\u00e1ln\u00edho souhlasu spole\u010dnosti ENJO GmbH je p\u0159\u00edsn\u011b zak\u00e1z\u00e1no.<\/p>\n<p><strong>Obr\u00e1zky<br \/>\n<\/strong>Obr\u00e1zky byly zaplaceny. Autorsk\u00e1 pr\u00e1va n\u00e1le\u017e\u00ed spole\u010dnosti iStockphoto.<\/p>\n<p><strong>Upozorn\u011bn\u00ed<\/strong><br \/>\nTyto webov\u00e9 str\u00e1nky vyu\u017e\u00edvaj\u00ed slu\u017ebu Google Analytics, kter\u00e1 je poskytov\u00e1na spole\u010dnost\u00ed Google, Inc (\u201eGoogle\u201c). Slu\u017eba Google Analytics pou\u017e\u00edv\u00e1 soubory cookie, co\u017e jsou textov\u00e9 soubory ulo\u017een\u00e9 ve va\u0161em po\u010d\u00edta\u010di, kter\u00e9 pom\u00e1haj\u00ed analyzovat pou\u017e\u00edv\u00e1n\u00ed webov\u00fdch str\u00e1nek. Informace vygenerovan\u00e9 souborem cookie o va\u0161em pou\u017e\u00edv\u00e1n\u00ed t\u00e9to webov\u00e9 str\u00e1nky (v\u010detn\u011b va\u0161\u00ed IP adresy) budou p\u0159eneseny na server spole\u010dnosti Google v USA a tam ulo\u017eeny. Spole\u010dnost Google tyto informace pou\u017eije pro \u00fa\u010dely vyhodnocov\u00e1n\u00ed va\u0161eho pou\u017e\u00edv\u00e1n\u00ed webov\u00fdch str\u00e1nek, sestavov\u00e1n\u00ed zpr\u00e1v o aktivit\u00e1ch na webov\u00fdch str\u00e1nk\u00e1ch pro provozovatele webov\u00fdch str\u00e1nek a poskytov\u00e1n\u00ed dal\u0161\u00edch slu\u017eeb souvisej\u00edc\u00edch s aktivitou na webov\u00fdch str\u00e1nk\u00e1ch a pou\u017e\u00edv\u00e1n\u00edm internetu. Spole\u010dnost Google m\u016f\u017ee tyto informace p\u0159edat tak\u00e9 t\u0159et\u00edm stran\u00e1m, pokud to vy\u017eaduje z\u00e1kon nebo pokud t\u0159et\u00ed strany zpracov\u00e1vaj\u00ed tyto \u00fadaje jm\u00e9nem spole\u010dnosti Google. Spole\u010dnost Google nikdy nespoj\u00ed va\u0161i IP adresu s \u017e\u00e1dn\u00fdmi jin\u00fdmi \u00fadaji, kter\u00e9 m\u00e1 k dispozici. Instalaci soubor\u016f cookie m\u016f\u017eete odm\u00edtnout v\u00fdb\u011brem p\u0159\u00edslu\u0161n\u00e9ho nastaven\u00ed ve sv\u00e9m prohl\u00ed\u017ee\u010di; upozor\u0148ujeme v\u0161ak, \u017ee v takov\u00e9m p\u0159\u00edpad\u011b nebudete moci vyu\u017e\u00edvat v\u0161echny funkce t\u011bchto webov\u00fdch str\u00e1nek. Pou\u017e\u00edv\u00e1n\u00edm t\u011bchto webov\u00fdch str\u00e1nek souhlas\u00edte s t\u00edm, aby spole\u010dnost Google zpracov\u00e1vala \u00fadaje, kter\u00e9 se v\u00e1s t\u00fdkaj\u00ed, v\u00fd\u0161e uveden\u00fdm zp\u016fsobem a pro v\u00fd\u0161e uveden\u00e9 \u00fa\u010dely.<br \/>\nJako u\u017eivatel t\u011bchto webov\u00fdch str\u00e1nek berete na v\u011bdom\u00ed, \u017ee provozovatel t\u011bchto webov\u00fdch str\u00e1nek, jeho z\u00e1stupci, jejich z\u00e1stupci, p\u0159idru\u017een\u00e9 spole\u010dnosti, vedouc\u00ed pracovn\u00edci, \u0159\u00edd\u00edc\u00ed pracovn\u00edci, zam\u011bstnanci a jejich akcion\u00e1\u0159i nenesou \u017e\u00e1dnou odpov\u011bdnost v souvislosti se z\u00edsk\u00e1v\u00e1n\u00edm, p\u0159enosem, zpracov\u00e1n\u00edm a anal\u00fdzou v\u00fd\u0161e uveden\u00fdch \u00fadaj\u016f, z tohoto d\u016fvodu nelze v\u016f\u010di t\u011bmto fyzick\u00fdm a pr\u00e1vnick\u00fdm osob\u00e1m uplat\u0148ovat \u017e\u00e1dn\u00e9 n\u00e1roky na n\u00e1hradu \u0161kody.<\/p>\n<p><strong>Pr\u00e1vn\u00ed \u00fa\u010dinky<\/strong><br \/>\nToto prohl\u00e1\u0161en\u00ed o vylou\u010den\u00ed odpov\u011bdnosti je t\u0159eba pova\u017eovat za sou\u010d\u00e1st internetov\u00e9 prezentace, kter\u00e1 na tuto str\u00e1nku odkazuje. Pokud by \u010d\u00e1sti nebo jednotliv\u00e9 formulace neodpov\u00eddaly nebo ji\u017e zcela neodpov\u00eddaly p\u0159eva\u017euj\u00edc\u00edmu pr\u00e1vn\u00edmu stavu, z\u016fst\u00e1vaj\u00ed ostatn\u00ed \u010d\u00e1sti dokumentu z hlediska sv\u00e9ho obsahu a platnosti nedot\u010deny.<\/p>\n<p>ENJO Distributor<br \/>\n\u010cesk\u00e1 republika<br \/>\nENVIRONMENTAL JOY s.r.o.<br \/>\nIveta Krn\u00e1\u010dov\u00e1<\/p>\n<p>+420 722 466 039<br \/>\n<a href=\"mailto:office@enjo.cz\">office@enjo.cz <\/a><\/p>\n<p>&nbsp;<\/p>\n","protected":false},"excerpt":{"rendered":"<p>Obsah Ve\u0161ker\u00fd obsah t\u011bchto str\u00e1nek byl d\u016fkladn\u011b upraven a zkontrolov\u00e1n. Spole\u010dnost ENJO GmbH v\u0161ak nenese \u017e\u00e1dnou odpov\u011bdnost za spr\u00e1vnost, aktu\u00e1lnost, \u00faplnost a kvalitu uveden\u00fdch informac\u00ed. N\u00e1roky v\u016f\u010di spole\u010dnosti ENJO GmbH, kter\u00e9 se t\u00fdkaj\u00ed materi\u00e1ln\u00edch nebo imagin\u00e1rn\u00edch \u0161kod, kter\u00e9 byly zp\u016fsobeny pou\u017eit\u00edm nebo nepou\u017eit\u00edm poskytnut\u00fdch informac\u00ed nebo chybn\u00fdmi a ne\u00fapln\u00fdmi informacemi, jsou p\u0159\u00edsn\u011b vylou\u010deny, pokud na stran\u011b spole\u010dnosti ENJO GmbH neexistuje &#8230; <\/p>\n<div><a href=\"https:\/\/www.enjo.com\/cz\/disclaimer\/\" class=\"more-link\">Read More<\/a><\/div>\n","protected":false},"author":14,"featured_media":0,"parent":0,"menu_order":0,"comment_status":"closed","ping_status":"closed","template":"","meta":{"_acf_changed":false,"footnotes":""},"class_list":["post-4976","page","type-page","status-publish","hentry","no-post-thumbnail"],"acf":[],"yoast_head":"<!-- This site is optimized with the Yoast SEO plugin v24.0 - https:\/\/yoast.com\/wordpress\/plugins\/seo\/ -->\n<title>Prohl\u00e1\u0161en\u00ed o odpov\u011bdnosti - ENJO<\/title>\n<meta name=\"description\" content=\"Upozorn\u011bn\u00ed: informace na t\u00e9to str\u00e1nce slou\u017e\u00ed pouze pro obecn\u00e9 \u00fa\u010dely. Nezaru\u010dujeme \u00faplnost, spr\u00e1vnost nebo aktu\u00e1lnost obsahu.\" \/>\n<meta name=\"robots\" content=\"index, follow, max-snippet:-1, max-image-preview:large, max-video-preview:-1\" \/>\n<link rel=\"canonical\" href=\"https:\/\/www.enjo.com\/cz\/disclaimer\/\" \/>\n<meta property=\"og:locale\" content=\"cs_CZ\" \/>\n<meta property=\"og:type\" content=\"article\" \/>\n<meta property=\"og:title\" content=\"Prohl\u00e1\u0161en\u00ed o odpov\u011bdnosti - ENJO\" \/>\n<meta property=\"og:description\" content=\"Upozorn\u011bn\u00ed: informace na t\u00e9to str\u00e1nce slou\u017e\u00ed pouze pro obecn\u00e9 \u00fa\u010dely. Nezaru\u010dujeme \u00faplnost, spr\u00e1vnost nebo aktu\u00e1lnost obsahu.\" \/>\n<meta property=\"og:url\" content=\"https:\/\/www.enjo.com\/cz\/disclaimer\/\" \/>\n<meta property=\"og:site_name\" content=\"ENJO\" \/>\n<meta property=\"article:modified_time\" content=\"2026-01-18T13:37:31+00:00\" \/>\n<meta property=\"og:image\" content=\"https:\/\/www.enjo.com\/wp-content\/uploads\/2023\/10\/social_image.jpg\" \/>\n\t<meta property=\"og:image:width\" content=\"500\" \/>\n\t<meta property=\"og:image:height\" content=\"500\" \/>\n\t<meta property=\"og:image:type\" content=\"image\/jpeg\" \/>\n<meta name=\"twitter:card\" content=\"summary_large_image\" \/>\n<meta name=\"twitter:label1\" content=\"Odhadovan\u00e1 doba \u010dten\u00ed\" \/>\n\t<meta name=\"twitter:data1\" content=\"3 minuty\" \/>\n<script type=\"application\/ld+json\" class=\"yoast-schema-graph\">{\"@context\":\"https:\/\/schema.org\",\"@graph\":[{\"@type\":\"WebPage\",\"@id\":\"https:\/\/www.enjo.com\/cz\/disclaimer\/\",\"url\":\"https:\/\/www.enjo.com\/cz\/disclaimer\/\",\"name\":\"Prohl\u00e1\u0161en\u00ed o odpov\u011bdnosti - ENJO\",\"isPartOf\":{\"@id\":\"https:\/\/www.enjo.com\/at-east\/#website\"},\"datePublished\":\"2016-10-12T13:47:58+00:00\",\"dateModified\":\"2026-01-18T13:37:31+00:00\",\"description\":\"Upozorn\u011bn\u00ed: informace na t\u00e9to str\u00e1nce slou\u017e\u00ed pouze pro obecn\u00e9 \u00fa\u010dely. Nezaru\u010dujeme \u00faplnost, spr\u00e1vnost nebo aktu\u00e1lnost obsahu.\",\"breadcrumb\":{\"@id\":\"https:\/\/www.enjo.com\/cz\/disclaimer\/#breadcrumb\"},\"inLanguage\":\"cs\",\"potentialAction\":[{\"@type\":\"ReadAction\",\"target\":[\"https:\/\/www.enjo.com\/cz\/disclaimer\/\"]}]},{\"@type\":\"BreadcrumbList\",\"@id\":\"https:\/\/www.enjo.com\/cz\/disclaimer\/#breadcrumb\",\"itemListElement\":[{\"@type\":\"ListItem\",\"position\":1,\"name\":\"Home\",\"item\":\"https:\/\/www.enjo.com\/cz\/\"},{\"@type\":\"ListItem\",\"position\":2,\"name\":\"Prohl\u00e1\u0161en\u00ed o odpov\u011bdnosti\"}]},{\"@type\":\"WebSite\",\"@id\":\"https:\/\/www.enjo.com\/at-east\/#website\",\"url\":\"https:\/\/www.enjo.com\/at-east\/\",\"name\":\"ENJO\",\"description\":\"Clean the World\",\"potentialAction\":[{\"@type\":\"SearchAction\",\"target\":{\"@type\":\"EntryPoint\",\"urlTemplate\":\"https:\/\/www.enjo.com\/at-east\/?s={search_term_string}\"},\"query-input\":{\"@type\":\"PropertyValueSpecification\",\"valueRequired\":true,\"valueName\":\"search_term_string\"}}],\"inLanguage\":\"cs\"}]}<\/script>\n<!-- \/ Yoast SEO plugin. -->","yoast_head_json":{"title":"Prohl\u00e1\u0161en\u00ed o odpov\u011bdnosti - ENJO","description":"Upozorn\u011bn\u00ed: informace na t\u00e9to str\u00e1nce slou\u017e\u00ed pouze pro obecn\u00e9 \u00fa\u010dely. Nezaru\u010dujeme \u00faplnost, spr\u00e1vnost nebo aktu\u00e1lnost obsahu.","robots":{"index":"index","follow":"follow","max-snippet":"max-snippet:-1","max-image-preview":"max-image-preview:large","max-video-preview":"max-video-preview:-1"},"canonical":"https:\/\/www.enjo.com\/cz\/disclaimer\/","og_locale":"cs_CZ","og_type":"article","og_title":"Prohl\u00e1\u0161en\u00ed o odpov\u011bdnosti - ENJO","og_description":"Upozorn\u011bn\u00ed: informace na t\u00e9to str\u00e1nce slou\u017e\u00ed pouze pro obecn\u00e9 \u00fa\u010dely. Nezaru\u010dujeme \u00faplnost, spr\u00e1vnost nebo aktu\u00e1lnost obsahu.","og_url":"https:\/\/www.enjo.com\/cz\/disclaimer\/","og_site_name":"ENJO","article_modified_time":"2026-01-18T13:37:31+00:00","og_image":[{"width":500,"height":500,"url":"https:\/\/www.enjo.com\/wp-content\/uploads\/2023\/10\/social_image.jpg","type":"image\/jpeg"}],"twitter_card":"summary_large_image","twitter_misc":{"Odhadovan\u00e1 doba \u010dten\u00ed":"3 minuty"},"schema":{"@context":"https:\/\/schema.org","@graph":[{"@type":"WebPage","@id":"https:\/\/www.enjo.com\/cz\/disclaimer\/","url":"https:\/\/www.enjo.com\/cz\/disclaimer\/","name":"Prohl\u00e1\u0161en\u00ed o odpov\u011bdnosti - ENJO","isPartOf":{"@id":"https:\/\/www.enjo.com\/at-east\/#website"},"datePublished":"2016-10-12T13:47:58+00:00","dateModified":"2026-01-18T13:37:31+00:00","description":"Upozorn\u011bn\u00ed: informace na t\u00e9to str\u00e1nce slou\u017e\u00ed pouze pro obecn\u00e9 \u00fa\u010dely. Nezaru\u010dujeme \u00faplnost, spr\u00e1vnost nebo aktu\u00e1lnost obsahu.","breadcrumb":{"@id":"https:\/\/www.enjo.com\/cz\/disclaimer\/#breadcrumb"},"inLanguage":"cs","potentialAction":[{"@type":"ReadAction","target":["https:\/\/www.enjo.com\/cz\/disclaimer\/"]}]},{"@type":"BreadcrumbList","@id":"https:\/\/www.enjo.com\/cz\/disclaimer\/#breadcrumb","itemListElement":[{"@type":"ListItem","position":1,"name":"Home","item":"https:\/\/www.enjo.com\/cz\/"},{"@type":"ListItem","position":2,"name":"Prohl\u00e1\u0161en\u00ed o odpov\u011bdnosti"}]},{"@type":"WebSite","@id":"https:\/\/www.enjo.com\/at-east\/#website","url":"https:\/\/www.enjo.com\/at-east\/","name":"ENJO","description":"Clean the World","potentialAction":[{"@type":"SearchAction","target":{"@type":"EntryPoint","urlTemplate":"https:\/\/www.enjo.com\/at-east\/?s={search_term_string}"},"query-input":{"@type":"PropertyValueSpecification","valueRequired":true,"valueName":"search_term_string"}}],"inLanguage":"cs"}]}},"_links":{"self":[{"href":"https:\/\/www.enjo.com\/cz\/wp-json\/wp\/v2\/pages\/4976","targetHints":{"allow":["GET"]}}],"collection":[{"href":"https:\/\/www.enjo.com\/cz\/wp-json\/wp\/v2\/pages"}],"about":[{"href":"https:\/\/www.enjo.com\/cz\/wp-json\/wp\/v2\/types\/page"}],"author":[{"embeddable":true,"href":"https:\/\/www.enjo.com\/cz\/wp-json\/wp\/v2\/users\/14"}],"replies":[{"embeddable":true,"href":"https:\/\/www.enjo.com\/cz\/wp-json\/wp\/v2\/comments?post=4976"}],"version-history":[{"count":10,"href":"https:\/\/www.enjo.com\/cz\/wp-json\/wp\/v2\/pages\/4976\/revisions"}],"predecessor-version":[{"id":119146,"href":"https:\/\/www.enjo.com\/cz\/wp-json\/wp\/v2\/pages\/4976\/revisions\/119146"}],"wp:attachment":[{"href":"https:\/\/www.enjo.com\/cz\/wp-json\/wp\/v2\/media?parent=4976"}],"curies":[{"name":"wp","href":"https:\/\/api.w.org\/{rel}","templated":true}]}}