{"id":4943,"date":"2017-03-16T18:34:40","date_gmt":"2017-03-16T18:34:40","guid":{"rendered":"https:\/\/www.enjo.com\/cookies\/"},"modified":"2025-01-10T12:54:38","modified_gmt":"2025-01-10T12:54:38","slug":"cookies","status":"publish","type":"page","link":"https:\/\/www.enjo.com\/cz\/cookies\/","title":{"rendered":"Cookies"},"content":{"rendered":"<h4>Informace o souborech cookie<\/h4>\n<p>Na\u0161e webov\u00e9 str\u00e1nky pou\u017e\u00edvaj\u00ed soubory cookie k zaji\u0161t\u011bn\u00ed co nejlep\u0161\u00ed funk\u010dnosti a pro intern\u00ed statistiky. Soubory cookie jsou mal\u00e9 textov\u00e9 soubory, kter\u00e9 se p\u0159i proch\u00e1zen\u00ed webov\u00fdch str\u00e1nek ukl\u00e1daj\u00ed do va\u0161eho po\u010d\u00edta\u010de nebo mobiln\u00edho telefonu a pom\u00e1haj\u00ed identifikovat va\u0161e za\u0159\u00edzen\u00ed. Soubory cookie se pou\u017e\u00edvaj\u00ed k ukl\u00e1d\u00e1n\u00ed informac\u00ed, kdy\u017e nav\u0161t\u00edv\u00edte r\u016fzn\u00e9 str\u00e1nky webov\u00fdch str\u00e1nek nebo kdy\u017e se na webov\u00e9 str\u00e1nky vr\u00e1t\u00edte. Neobsahuj\u00ed \u017e\u00e1dn\u00e9 osobn\u00ed nebo citliv\u00e9 informace a nelze na nich spou\u0161t\u011bt programy, kter\u00e9 by mohly zp\u016fsobit virus.<\/p>\n<p><strong>Soubory cookie na na\u0161ich webov\u00fdch str\u00e1nk\u00e1ch<\/strong><\/p>\n<p>Na na\u0161ich webov\u00fdch str\u00e1nk\u00e1ch pou\u017e\u00edv\u00e1me soubory cookie pro funk\u010dnost str\u00e1nek a pro statistick\u00e9 a marketingov\u00e9 \u00fa\u010dely.<\/p>\n<p><strong>Ovl\u00e1d\u00e1n\u00ed nebo odstran\u011bn\u00ed\/blokov\u00e1n\u00ed soubor\u016f cookie<\/strong><\/p>\n<p><a href=\"http:\/\/cookie-control.civiccomputing.com\/browser-settings\">Pokud chcete soubory cookie kontrolovat nebo vymazat\/blokovat, m\u016f\u017eete upravit nastaven\u00ed sv\u00e9ho prohl\u00ed\u017ee\u010de.<\/a><\/p>\n<p><strong>V\u00edce informac\u00ed<\/strong><\/p>\n<p>M\u00e1te-li dal\u0161\u00ed dotazy t\u00fdkaj\u00edc\u00ed se soubor\u016f cookie, kontaktujte n\u00e1s.<\/p>\n<p>&nbsp;<\/p>\n<p style=\"text-align: left;\">ENJO Distributor Pra\u017esk\u00fd Region<\/p>\n<p style=\"text-align: left;\">ENVIRONMENTAL JOY s.r.o.<\/p>\n<p style=\"text-align: left;\">Iveta Krn\u00e1\u010dov\u00e1<br \/>\n\u010cesk\u00e1 republika<\/p>\n<p>+420 722 466 039<br \/>\n<a href=\"mailto:office@enjo.cz\">office@enjo.cz <\/a><\/p>\n<p>&nbsp;<\/p>\n","protected":false},"excerpt":{"rendered":"<p>Informace o souborech cookie Na\u0161e webov\u00e9 str\u00e1nky pou\u017e\u00edvaj\u00ed soubory cookie k zaji\u0161t\u011bn\u00ed co nejlep\u0161\u00ed funk\u010dnosti a pro intern\u00ed statistiky. Soubory cookie jsou mal\u00e9 textov\u00e9 soubory, kter\u00e9 se p\u0159i proch\u00e1zen\u00ed webov\u00fdch str\u00e1nek ukl\u00e1daj\u00ed do va\u0161eho po\u010d\u00edta\u010de nebo mobiln\u00edho telefonu a pom\u00e1haj\u00ed identifikovat va\u0161e za\u0159\u00edzen\u00ed. Soubory cookie se pou\u017e\u00edvaj\u00ed k ukl\u00e1d\u00e1n\u00ed informac\u00ed, kdy\u017e nav\u0161t\u00edv\u00edte r\u016fzn\u00e9 str\u00e1nky webov\u00fdch str\u00e1nek nebo kdy\u017e se na &#8230; <\/p>\n<div><a href=\"https:\/\/www.enjo.com\/cz\/cookies\/\" class=\"more-link\">Read More<\/a><\/div>\n","protected":false},"author":1,"featured_media":0,"parent":0,"menu_order":0,"comment_status":"closed","ping_status":"closed","template":"","meta":{"_acf_changed":false,"footnotes":""},"class_list":["post-4943","page","type-page","status-publish","hentry","no-post-thumbnail"],"acf":[],"yoast_head":"<!-- This site is optimized with the Yoast SEO plugin v24.0 - https:\/\/yoast.com\/wordpress\/plugins\/seo\/ -->\n<title>Cookies - ENJO<\/title>\n<meta name=\"description\" content=\"Pou\u017e\u00edv\u00e1me cookies k zaji\u0161t\u011bn\u00ed lep\u0161\u00edho u\u017eivatelsk\u00e9ho z\u00e1\u017eitku a anal\u00fdze n\u00e1v\u0161t\u011bvnosti. Pou\u017e\u00edv\u00e1n\u00edm str\u00e1nek souhlas\u00edte s jejich pou\u017eit\u00edm.\" \/>\n<meta name=\"robots\" content=\"index, follow, max-snippet:-1, max-image-preview:large, max-video-preview:-1\" \/>\n<link rel=\"canonical\" href=\"https:\/\/www.enjo.com\/cz\/cookies\/\" \/>\n<meta property=\"og:locale\" content=\"cs_CZ\" \/>\n<meta property=\"og:type\" content=\"article\" \/>\n<meta property=\"og:title\" content=\"Cookies - ENJO\" \/>\n<meta property=\"og:description\" content=\"Pou\u017e\u00edv\u00e1me cookies k zaji\u0161t\u011bn\u00ed lep\u0161\u00edho u\u017eivatelsk\u00e9ho z\u00e1\u017eitku a anal\u00fdze n\u00e1v\u0161t\u011bvnosti. Pou\u017e\u00edv\u00e1n\u00edm str\u00e1nek souhlas\u00edte s jejich pou\u017eit\u00edm.\" \/>\n<meta property=\"og:url\" content=\"https:\/\/www.enjo.com\/cz\/cookies\/\" \/>\n<meta property=\"og:site_name\" content=\"ENJO\" \/>\n<meta property=\"article:modified_time\" content=\"2025-01-10T12:54:38+00:00\" \/>\n<meta property=\"og:image\" content=\"https:\/\/www.enjo.com\/wp-content\/uploads\/2023\/10\/social_image.jpg\" \/>\n\t<meta property=\"og:image:width\" content=\"500\" \/>\n\t<meta property=\"og:image:height\" content=\"500\" \/>\n\t<meta property=\"og:image:type\" content=\"image\/jpeg\" \/>\n<meta name=\"twitter:card\" content=\"summary_large_image\" \/>\n<meta name=\"twitter:label1\" content=\"Odhadovan\u00e1 doba \u010dten\u00ed\" \/>\n\t<meta name=\"twitter:data1\" content=\"1 minuta\" \/>\n<script type=\"application\/ld+json\" class=\"yoast-schema-graph\">{\"@context\":\"https:\/\/schema.org\",\"@graph\":[{\"@type\":\"WebPage\",\"@id\":\"https:\/\/www.enjo.com\/cz\/cookies\/\",\"url\":\"https:\/\/www.enjo.com\/cz\/cookies\/\",\"name\":\"Cookies - ENJO\",\"isPartOf\":{\"@id\":\"https:\/\/www.enjo.com\/at-east\/#website\"},\"datePublished\":\"2017-03-16T18:34:40+00:00\",\"dateModified\":\"2025-01-10T12:54:38+00:00\",\"description\":\"Pou\u017e\u00edv\u00e1me cookies k zaji\u0161t\u011bn\u00ed lep\u0161\u00edho u\u017eivatelsk\u00e9ho z\u00e1\u017eitku a anal\u00fdze n\u00e1v\u0161t\u011bvnosti. Pou\u017e\u00edv\u00e1n\u00edm str\u00e1nek souhlas\u00edte s jejich pou\u017eit\u00edm.\",\"breadcrumb\":{\"@id\":\"https:\/\/www.enjo.com\/cz\/cookies\/#breadcrumb\"},\"inLanguage\":\"cs\",\"potentialAction\":[{\"@type\":\"ReadAction\",\"target\":[\"https:\/\/www.enjo.com\/cz\/cookies\/\"]}]},{\"@type\":\"BreadcrumbList\",\"@id\":\"https:\/\/www.enjo.com\/cz\/cookies\/#breadcrumb\",\"itemListElement\":[{\"@type\":\"ListItem\",\"position\":1,\"name\":\"Home\",\"item\":\"https:\/\/www.enjo.com\/cz\/\"},{\"@type\":\"ListItem\",\"position\":2,\"name\":\"Cookies\"}]},{\"@type\":\"WebSite\",\"@id\":\"https:\/\/www.enjo.com\/at-east\/#website\",\"url\":\"https:\/\/www.enjo.com\/at-east\/\",\"name\":\"ENJO\",\"description\":\"Clean the World\",\"potentialAction\":[{\"@type\":\"SearchAction\",\"target\":{\"@type\":\"EntryPoint\",\"urlTemplate\":\"https:\/\/www.enjo.com\/at-east\/?s={search_term_string}\"},\"query-input\":{\"@type\":\"PropertyValueSpecification\",\"valueRequired\":true,\"valueName\":\"search_term_string\"}}],\"inLanguage\":\"cs\"}]}<\/script>\n<!-- \/ Yoast SEO plugin. -->","yoast_head_json":{"title":"Cookies - ENJO","description":"Pou\u017e\u00edv\u00e1me cookies k zaji\u0161t\u011bn\u00ed lep\u0161\u00edho u\u017eivatelsk\u00e9ho z\u00e1\u017eitku a anal\u00fdze n\u00e1v\u0161t\u011bvnosti. Pou\u017e\u00edv\u00e1n\u00edm str\u00e1nek souhlas\u00edte s jejich pou\u017eit\u00edm.","robots":{"index":"index","follow":"follow","max-snippet":"max-snippet:-1","max-image-preview":"max-image-preview:large","max-video-preview":"max-video-preview:-1"},"canonical":"https:\/\/www.enjo.com\/cz\/cookies\/","og_locale":"cs_CZ","og_type":"article","og_title":"Cookies - ENJO","og_description":"Pou\u017e\u00edv\u00e1me cookies k zaji\u0161t\u011bn\u00ed lep\u0161\u00edho u\u017eivatelsk\u00e9ho z\u00e1\u017eitku a anal\u00fdze n\u00e1v\u0161t\u011bvnosti. Pou\u017e\u00edv\u00e1n\u00edm str\u00e1nek souhlas\u00edte s jejich pou\u017eit\u00edm.","og_url":"https:\/\/www.enjo.com\/cz\/cookies\/","og_site_name":"ENJO","article_modified_time":"2025-01-10T12:54:38+00:00","og_image":[{"width":500,"height":500,"url":"https:\/\/www.enjo.com\/wp-content\/uploads\/2023\/10\/social_image.jpg","type":"image\/jpeg"}],"twitter_card":"summary_large_image","twitter_misc":{"Odhadovan\u00e1 doba \u010dten\u00ed":"1 minuta"},"schema":{"@context":"https:\/\/schema.org","@graph":[{"@type":"WebPage","@id":"https:\/\/www.enjo.com\/cz\/cookies\/","url":"https:\/\/www.enjo.com\/cz\/cookies\/","name":"Cookies - ENJO","isPartOf":{"@id":"https:\/\/www.enjo.com\/at-east\/#website"},"datePublished":"2017-03-16T18:34:40+00:00","dateModified":"2025-01-10T12:54:38+00:00","description":"Pou\u017e\u00edv\u00e1me cookies k zaji\u0161t\u011bn\u00ed lep\u0161\u00edho u\u017eivatelsk\u00e9ho z\u00e1\u017eitku a anal\u00fdze n\u00e1v\u0161t\u011bvnosti. Pou\u017e\u00edv\u00e1n\u00edm str\u00e1nek souhlas\u00edte s jejich pou\u017eit\u00edm.","breadcrumb":{"@id":"https:\/\/www.enjo.com\/cz\/cookies\/#breadcrumb"},"inLanguage":"cs","potentialAction":[{"@type":"ReadAction","target":["https:\/\/www.enjo.com\/cz\/cookies\/"]}]},{"@type":"BreadcrumbList","@id":"https:\/\/www.enjo.com\/cz\/cookies\/#breadcrumb","itemListElement":[{"@type":"ListItem","position":1,"name":"Home","item":"https:\/\/www.enjo.com\/cz\/"},{"@type":"ListItem","position":2,"name":"Cookies"}]},{"@type":"WebSite","@id":"https:\/\/www.enjo.com\/at-east\/#website","url":"https:\/\/www.enjo.com\/at-east\/","name":"ENJO","description":"Clean the World","potentialAction":[{"@type":"SearchAction","target":{"@type":"EntryPoint","urlTemplate":"https:\/\/www.enjo.com\/at-east\/?s={search_term_string}"},"query-input":{"@type":"PropertyValueSpecification","valueRequired":true,"valueName":"search_term_string"}}],"inLanguage":"cs"}]}},"_links":{"self":[{"href":"https:\/\/www.enjo.com\/cz\/wp-json\/wp\/v2\/pages\/4943","targetHints":{"allow":["GET"]}}],"collection":[{"href":"https:\/\/www.enjo.com\/cz\/wp-json\/wp\/v2\/pages"}],"about":[{"href":"https:\/\/www.enjo.com\/cz\/wp-json\/wp\/v2\/types\/page"}],"author":[{"embeddable":true,"href":"https:\/\/www.enjo.com\/cz\/wp-json\/wp\/v2\/users\/1"}],"replies":[{"embeddable":true,"href":"https:\/\/www.enjo.com\/cz\/wp-json\/wp\/v2\/comments?post=4943"}],"version-history":[{"count":3,"href":"https:\/\/www.enjo.com\/cz\/wp-json\/wp\/v2\/pages\/4943\/revisions"}],"predecessor-version":[{"id":114897,"href":"https:\/\/www.enjo.com\/cz\/wp-json\/wp\/v2\/pages\/4943\/revisions\/114897"}],"wp:attachment":[{"href":"https:\/\/www.enjo.com\/cz\/wp-json\/wp\/v2\/media?parent=4943"}],"curies":[{"name":"wp","href":"https:\/\/api.w.org\/{rel}","templated":true}]}}