{"id":16216,"date":"2018-05-07T07:04:37","date_gmt":"2018-05-07T07:04:37","guid":{"rendered":"https:\/\/www.enjo.com\/privacy-policy\/"},"modified":"2025-01-14T11:56:49","modified_gmt":"2025-01-14T11:56:49","slug":"privacy-policy","status":"publish","type":"page","link":"https:\/\/www.enjo.com\/cz\/privacy-policy\/","title":{"rendered":"Z\u00e1sady ochrany osobn\u00edch \u00fadaj\u016f"},"content":{"rendered":"<h2><strong>Z\u00e1sady zpracov\u00e1n\u00ed osobn\u00edch \u00fadaj\u016f<\/strong><\/h2>\n<h3><strong>Z\u00e1kladn\u00ed informace o spr\u00e1vci<\/strong><\/h3>\n<p>Na\u0161e spole\u010dnost ENVIRONMENTAL JOY s.r.o., S\u00eddlo: Zv\u011b\u0159inov\u00fdch 597\/10, B\u0159ezin\u011bves, 182 00 Praha 8, Identifika\u010dn\u00ed \u010d\u00edslo: 179 01 685 je spr\u00e1vcem va\u0161ich osobn\u00edch \u00fadaj\u016f (d\u00e1le tak\u00e9 jen <strong>\u201eSpr\u00e1vce\u201c<\/strong>) a tato je spole\u010dnost je prodejcem\/distributorem spole\u010dnosti ENJO GmbH, Morsbacherstrasse 3, 6330 Kufstein, Rakousko pro \u010ceskou Republiku.<\/p>\n<p>T\u00edmto V\u00e1s, fyzick\u00e9 osoby, kter\u00fdch se tato \u00faprava t\u00fdk\u00e1, informujeme o zp\u016fsobu a rozsahu zpracov\u00e1n\u00ed osobn\u00edch \u00fadaj\u016f v\u010detn\u011b rozsahu pr\u00e1v subjektu \u00fadaj\u016f souvisej\u00edc\u00edch se zpracov\u00e1n\u00edm osobn\u00edch \u00fadaj\u016f.<\/p>\n<h3><strong>\u00da\u010del a rozsah zpracov\u00e1n\u00ed osobn\u00edch \u00fadaj\u016f<\/strong><\/h3>\n<p>Zpracov\u00e1v\u00e1me osobn\u00ed \u00fadaje v souladu s pr\u00e1vem Evropsk\u00e9 unie, zejm\u00e9na v souladu s Na\u0159\u00edzen\u00edm Evropsk\u00e9ho parlamentu a Rady (EU) 2016\/679 ze dne 27. dubna 2016 o ochran\u011b fyzick\u00fdch osob v souvislosti se zpracov\u00e1n\u00edm osobn\u00edch \u00fadaj\u016f a o voln\u00e9m pohybu t\u011bchto \u00fadaj\u016f a o zru\u0161en\u00ed sm\u011brnice 95\/46\/ES (obecn\u00e9 na\u0159\u00edzen\u00ed o ochran\u011b osobn\u00edch \u00fadaj\u016f) (d\u00e1le jen <strong>\u201eGDPR\u201c<\/strong>).<\/p>\n<p>Zpracov\u00e1v\u00e1me Va\u0161e osobn\u00ed \u00fadaje pouze stanoven\u00fdm \u00fa\u010delem, v d\u00e1le uveden\u00e9m rozsahu, po dobu uvedenou n\u00ed\u017ee.<\/p>\n<p>Zpracov\u00e1v\u00e1me Va\u0161e osobn\u00ed \u00fadaje nezbytn\u00e9 pro pln\u011bn\u00ed smlouvy uzav\u0159en\u00e9 s V\u00e1mi pro \u00fa\u010dely realizace a spr\u00e1vu na\u0161eho vz\u00e1jemn\u00e9ho smluvn\u00edho vztahu. Zpracov\u00e1v\u00e1me Va\u0161e osobn\u00ed \u00fadaje na z\u00e1klad\u011b sv\u00fdch opr\u00e1vn\u011bn\u00fdch z\u00e1jm\u016f, jako\u017e i na z\u00e1klad\u011b opr\u00e1vn\u011bn\u00fdch z\u00e1jm\u016f sv\u00fdch partner\u016f, pokud tyto z\u00e1jmy nejsou p\u0159ev\u00e1\u017eeny Va\u0161imi z\u00e1jmy, pr\u00e1vy \u010di svobodami. Va\u0161e osobn\u00ed \u00fadaje zpracov\u00e1v\u00e1me, pokud jste potenci\u00e1ln\u00ed z\u00e1kazn\u00edk a ukl\u00e1d\u00e1me je, pokud n\u00e1m je poskytnete. Va\u0161e kontaktn\u00ed \u00fadaje budeme zpracov\u00e1vat za \u00fa\u010delem zas\u00edl\u00e1n\u00ed elektronick\u00e9 po\u0161ty nebo telefonick\u00e9ho kontaktu pouze v p\u0159\u00edpad\u011b, \u017ee m\u00e1me v\u00e1\u0161 souhlas podle \u010dl. 6 odst. 1 a obecn\u00e9ho na\u0159\u00edzen\u00ed o ochran\u011b osobn\u00edch \u00fadaj\u016f (GDPR). Va\u0161e osobn\u00ed \u00fadaje zpracov\u00e1v\u00e1me tak\u00e9 za \u00fa\u010delem dosa\u017een\u00ed na\u0161eho p\u0159eva\u017euj\u00edc\u00edho opr\u00e1vn\u011bn\u00e9ho z\u00e1jmu uveden\u00e9ho v bod\u011b 1 (\u010dl. 6 odst. 1 p\u00edsm. f GDPR).<\/p>\n<p>Va\u0161e osobn\u00ed \u00fadaje uchov\u00e1v\u00e1me po dobu, kter\u00e1 je nezbytn\u00e1 k n\u00ed\u017ee uveden\u00fdm \u00fa\u010del\u016fm, nebo po dobu, po kterou jsme k tomu ze z\u00e1kona povinni.<\/p>\n<p>Abychom splnili \u00fa\u010del na\u0161\u00ed \u010dinnosti, kter\u00fdm je pomoc p\u0159i prosazov\u00e1n\u00ed \u00faklidu bez chemick\u00fdch l\u00e1tek, vyma\u017eeme va\u0161e osobn\u00ed \u00fadaje, jakmile nebudete se spole\u010dnost\u00ed ENJO nebo s va\u0161\u00edm ENJO prodejcem v kontaktu po dobu 10 let nebo jakmile uplatn\u00edte sv\u00e9 pr\u00e1vo na v\u00fdmaz a &#8222;pr\u00e1vo b\u00fdt zapomenut&#8220;, pokud jsou spln\u011bny v\u0161echny podm\u00ednky.<\/p>\n<h3><strong>Z\u00e1kladn\u00ed \u00fa\u010del zpracov\u00e1n\u00ed osobn\u00edch \u00fadaj\u016f<\/strong><\/h3>\n<ul>\n<li>zpracov\u00e1n\u00ed \u00fadaj\u016f o prodeji na\u0161ich v\u00fdrobk\u016f<\/li>\n<li>udr\u017een\u00ed st\u00e1vaj\u00edc\u00edch z\u00e1kazn\u00edk\u016f, zejm\u00e9na za \u00fa\u010delem dosa\u017een\u00ed a zaji\u0161t\u011bn\u00ed p\u0159echodu dom\u00e1cnost\u00ed na \u00faklid bez pou\u017eit\u00ed chemick\u00fdch prost\u0159edk\u016f spole\u010dnosti ENJO<\/li>\n<li>mo\u017enost informov\u00e1n\u00ed z\u00e1kazn\u00edk\u016f o nov\u00fdch produktech, slu\u017eb\u00e1ch a mo\u017enostech podnik\u00e1n\u00ed jako ENJO podnikatel (p\u0159\u00edmo nebo prost\u0159ednictv\u00edm na\u0161ich nez\u00e1visl\u00fdch ENJO podnikatel\u016f)<\/li>\n<li>mo\u017enost informov\u00e1n\u00ed z\u00e1kazn\u00edk\u016f o produktech, zp\u016fsobu \u010di\u0161t\u011bn\u00ed a o na\u0161\u00ed spole\u010dnosti prost\u0159ednictv\u00edm newsletteru, pokud jste n\u00e1m k tomu dali souhlas (toto svolen\u00ed m\u016f\u017eete kdykoli odvolat)<\/li>\n<li>pln\u011bn\u00ed smlouvy a poskytov\u00e1n\u00ed slu\u017eeb<\/li>\n<li>zaji\u0161t\u011bn\u00ed provozn\u00edch \u010dinnost\u00ed<\/li>\n<li>\u00fa\u010detn\u00ed a da\u0148ov\u00e9 \u00fa\u010dely<\/li>\n<li>spln\u011bn\u00ed pr\u00e1vn\u00ed povinnosti<\/li>\n<li>archivnictv\u00ed veden\u00e9 na z\u00e1klad\u011b z\u00e1kona.<\/li>\n<\/ul>\n<h3><strong>Rozsah zpracov\u00e1n\u00ed osobn\u00edch \u00fadaj\u016f:<\/strong><\/h3>\n<p>Zpracov\u00e1v\u00e1me Va\u0161e osobn\u00ed \u00fadaje v rozsahu, v kter\u00e9m jste n\u00e1m je poskytli nebo v kter\u00e9m jsme shrom\u00e1\u017edili jinak a zpracov\u00e1v\u00e1me je v souladu s platn\u00fdmi pr\u00e1vn\u00edmi p\u0159edpisy \u010di k pln\u011bn\u00ed z\u00e1konn\u00fdch povinnost\u00ed Spr\u00e1vce. Jedn\u00e1 se zejm\u00e9na o tyto kategorie osobn\u00edch \u00fadaj\u016f:<\/p>\n<ul>\n<li>adresn\u00e9 a kontaktn\u00ed \u00fadaje, zejm\u00e9na tedy jm\u00e9no, p\u0159\u00edjmen\u00ed, datum narozen\u00ed, rodn\u00e9 \u010d\u00edslo, bydli\u0161t\u011b, m\u00edsto narozen\u00ed, telefonn\u00ed \u010d\u00edslo a jin\u00e9,<\/li>\n<li>popisn\u00e9 \u00fadaje, nap\u0159. \u010d\u00edslo bankovn\u00edho \u00fa\u010dtu,<\/li>\n<li>dal\u0161\u00ed \u00fadaje plynouc\u00ed z konkr\u00e9tn\u00ed smlouvy \u010di ze z\u00e1kona,<\/li>\n<li>\u00fadaje poskytnut\u00e9 nad r\u00e1mec p\u0159\u00edslu\u0161n\u00fdch z\u00e1kon\u016f zpracov\u00e1van\u00e9 v r\u00e1mci ud\u011blen\u00e9ho souhlasu ze strany subjektu \u00fadaj\u016f.<\/li>\n<\/ul>\n<h3><strong>Pr\u00e1va subjektu \u00fadaj\u016f:<\/strong><\/h3>\n<p>Zpracov\u00e1v\u00e1me Va\u0161e osobn\u00ed \u00fadaje transparentn\u011b, korektn\u011b a v souladu s GDPR. Subjekt \u00fadaj\u016f m\u00e1 pr\u00e1vo na p\u0159\u00edstup ke sv\u00fdm \u00fadaj\u016fm, na vysv\u011btlen\u00ed, jako\u017e i dal\u0161\u00ed pr\u00e1va v p\u0159\u00edpad\u011b, \u017ee se domn\u00edv\u00e1, \u017ee zpracov\u00e1n\u00ed nen\u00ed v po\u0159\u00e1dku. Subjekt \u00fadaj\u016f m\u016f\u017ee podat st\u00ed\u017enost u \u00da\u0159adu pro ochranu osobn\u00edch \u00fadaj\u016f.<\/p>\n<p>T\u00edmto informujeme subjekty osobn\u00edch \u00fadaj\u016f o jejich pr\u00e1vech, je\u017e jsou n\u00e1sleduj\u00edc\u00ed:<\/p>\n<ul>\n<li>pr\u00e1vo zn\u00e1t \u00fa\u010del zpracov\u00e1n\u00ed osobn\u00edch \u00fadaj\u016f,<\/li>\n<li>pr\u00e1vo zn\u00e1t kategorie dot\u010den\u00fdch osobn\u00edch \u00fadaj\u016f,<\/li>\n<li>pr\u00e1vo zn\u00e1t p\u0159\u00edjemce nebo kategorie p\u0159\u00edjemc\u016f osobn\u00edch \u00fadaj\u016f,<\/li>\n<li>pr\u00e1vo zn\u00e1t dobu, po kterou budou osobn\u00ed \u00fadaje ulo\u017eeny,<\/li>\n<li>pr\u00e1vo po\u017eadovat po spr\u00e1vci opravu nebo v\u00fdmaz osobn\u00edch \u00fadaj\u016f nebo omezen\u00ed jejich zpracov\u00e1n\u00ed a pr\u00e1vo vzn\u00e9st n\u00e1mitku proti tomuto zpracov\u00e1n\u00ed,<\/li>\n<li>pr\u00e1vo podat st\u00ed\u017enost u dozorov\u00e9ho \u00fa\u0159adu,<\/li>\n<li>pr\u00e1vo na ve\u0161ker\u00e9 dostupn\u00e9 informace o zdroji osobn\u00edch \u00fadaj\u016f, pokud nejsou z\u00edsk\u00e1ny od subjektu osobn\u00edch \u00fadaj\u016f,<\/li>\n<li>pr\u00e1vo kdykoli odvolat souhlas se zpracov\u00e1n\u00edm osobn\u00edch \u00fadaj\u016f, pokud jsou osobn\u00ed \u00fadaje zpracov\u00e1v\u00e1ny na z\u00e1klad\u011b ud\u011blen\u00e9ho souhlasu,<\/li>\n<li>skute\u010dnosti o tom, zda doch\u00e1z\u00ed k automatizovan\u00e9mu rozhodov\u00e1n\u00ed, v\u010detn\u011b profilov\u00e1n\u00ed,<\/li>\n<li>pr\u00e1vo b\u00fdt informov\u00e1n, pokud hodl\u00e1 Spr\u00e1vce zpracov\u00e1vat poskytnut\u00e9 \u00fadaje pro jin\u00fd \u00fa\u010del, ne\u017e pro jak\u00fd byly shrom\u00e1\u017ed\u011bny.<\/li>\n<\/ul>\n<p>Subjekt \u00fadaj\u016f m\u00e1 pr\u00e1vo neposkytnout Spr\u00e1vci sv\u00e9 osobn\u00ed \u00fadaje. V p\u0159\u00edpad\u011b, \u017ee je poskytnut\u00ed t\u011bchto osobn\u00edch \u00fadaj\u016f povinn\u00e9 (a to ze z\u00e1kona \u010di smlouvy), upozor\u0148uje Spr\u00e1vce subjekt \u00fadaj\u016f, \u017ee mu nebude moci poskytnout sv\u00e9 slu\u017eby.<\/p>\n<h3><strong>Zpracovatel\u00e9 a p\u0159\u00edjemci osobn\u00edch \u00fadaj\u016f:<\/strong><\/h3>\n<p>Zpracovateli a p\u0159\u00edjemci osobn\u00edch \u00fadaj\u016f jsou:<\/p>\n<ul>\n<li>osoby spolupracuj\u00edc\u00ed se Spr\u00e1vcem, jako je nap\u0159. poskytovatel IT slu\u017eeb \u010di marketingov\u00fdch aktivit (slu\u017eba zas\u00edl\u00e1n\u00ed newsletteru, z\u00e1kaznick\u00fd \u010dasopis,\u2026)<\/li>\n<li>obchodn\u00ed partne\u0159i a pr\u00e1vn\u00ed z\u00e1stupci<\/li>\n<li>agentury pro vym\u00e1h\u00e1n\u00ed pohled\u00e1vek<\/li>\n<li>bankovn\u00ed instituce pro zpracov\u00e1n\u00ed inkasa<\/li>\n<li>dodavatel\u00e9 a poskytovatel\u00e9 slu\u017eeb<\/li>\n<li>st\u00e1tn\u00ed a jin\u00e9 org\u00e1ny v r\u00e1mci pln\u011bn\u00ed z\u00e1konn\u00fdch povinnost\u00ed.<\/li>\n<\/ul>\n<h3><strong>P\u0159ed\u00e1n\u00ed osobn\u00edch \u00fadaj\u016f do t\u0159et\u00edch zem\u00ed<\/strong><\/h3>\n<p>Ve v\u00fdjime\u010dn\u00fdch p\u0159\u00edpadech m\u016f\u017eeme p\u0159ed\u00e1vat osobn\u00ed \u00fadaje do t\u0159et\u00edch zem\u00ed, mimo Evropsk\u00fd hospod\u00e1\u0159sk\u00fd prostor, nap\u0159. USA a \u0160v\u00fdcarsko.<\/p>\n<p>V p\u0159\u00edpad\u011b, \u017ee budou osobn\u00ed \u00fadaje p\u0159ed\u00e1ny do zem\u00ed mimo Evropsk\u00fd hospod\u00e1\u0159sk\u00fd prostor nebo do zem\u00ed, kter\u00e9 nemaj\u00ed odpov\u00eddaj\u00edc\u00ed \u00farove\u0148 ochrany podle platn\u00fdch z\u00e1kon\u016f, zejm\u00e9na GDPR a dal\u0161\u00edch p\u0159edpis\u016f EU a vnitrost\u00e1tn\u00edch p\u0159edpis\u016f o ochran\u011b osobn\u00edch \u00fadaj\u016f, bude toto p\u0159ed\u00e1n\u00ed uskute\u010dn\u011bno na z\u00e1klad\u011b v\u00fdjimky vztahuj\u00edc\u00ed se na konkr\u00e9tn\u00ed situaci. Spr\u00e1vce zajist\u00ed, \u017ee budou poskytnuty odpov\u00eddaj\u00edc\u00ed z\u00e1ruky, aby byla zaji\u0161t\u011bna ochrana osobn\u00edch \u00fadaj\u016f v souladu s GDPR, tedy zejm\u00e9na s \u010dl. 42 odst. 2 GDPR.<\/p>\n<h3><strong>Povinnosti spr\u00e1vce<\/strong><\/h3>\n<p>Spr\u00e1vce pln\u00ed tyto povinnosti:<\/p>\n<ul>\n<li>informuje subjekty \u00fadaj\u016f o jejich pr\u00e1vech t\u00fdkaj\u00edc\u00edch se zejm\u00e9na:\n<ul>\n<li>toto\u017enosti a kontaktn\u00edch \u00fadaj\u016f na Spr\u00e1vce,<\/li>\n<li>\u00fa\u010delu zpracov\u00e1n\u00ed,<\/li>\n<li>opr\u00e1vn\u011bn\u00fdch z\u00e1jm\u016f Spr\u00e1vce, pokud je zpracov\u00e1n\u00ed osobn\u00edch \u00fadaj\u016f nezbytn\u00e9 pro \u00fa\u010dely opr\u00e1vn\u011bn\u00fdch z\u00e1jm\u016f Spr\u00e1vce nebo t\u0159et\u00ed strany,<\/li>\n<li>existence pr\u00e1va podat st\u00ed\u017enost k dozorov\u00e9mu org\u00e1nu v dob\u011b, po kterou budou osobn\u00ed \u00fadaje ulo\u017eeny,<\/li>\n<li>existence pr\u00e1va kdykoli odvolat sv\u016fj souhlas se zpracov\u00e1n\u00edm osobn\u00edch \u00fadaj\u016f,<\/li>\n<li>skute\u010dnost\u00ed, zda je poskytov\u00e1n\u00ed osobn\u00edch \u00fadaj\u016f z\u00e1konn\u00fdm nebo smluvn\u00edm po\u017eadavkem a zda m\u00e1 subjekt \u00fadaj\u016f povinnost osobn\u00ed \u00fadaje poskytnout a d\u00e1le informace o d\u016fsledc\u00edch jejich neposkytnut\u00ed,<\/li>\n<li>skute\u010dnost\u00ed, zda doch\u00e1z\u00ed k automatizovan\u00e9mu rozhodov\u00e1n\u00ed v\u010detn\u011b profilov\u00e1n\u00ed,<\/li>\n<\/ul>\n<\/li>\n<li>uzav\u00edr\u00e1 smlouvy s jednotliv\u00fdmi zpracovateli,<\/li>\n<li>komunikace s dozorov\u00fdm org\u00e1nem,<\/li>\n<li>informuje subjekty \u00fadaj\u016f o jejich pr\u00e1vech t\u00fdkaj\u00edc\u00edch se zejm\u00e9na:\n<ul>\n<li>existence pr\u00e1va po\u017eadovat od spr\u00e1vce p\u0159\u00edstup k osobn\u00edm \u00fadaj\u016fm t\u00fdkaj\u00edc\u00edch se subjektu \u00fadaj\u016f,<\/li>\n<li>pr\u00e1va na opravu,<\/li>\n<li>pr\u00e1va na v\u00fdmaz,<\/li>\n<li>pr\u00e1va na omezen\u00ed zpracov\u00e1n\u00ed,<\/li>\n<li>pr\u00e1va vzn\u00e9st n\u00e1mitku,<\/li>\n<\/ul>\n<\/li>\n<li>vy\u0159izuje v\u00fd\u0161e uveden\u00e1 pr\u00e1va subjekt\u016f \u00fadaj\u016f.<\/li>\n<\/ul>\n<h3><strong>Kontaktn\u00ed \u00fadaje<\/strong><\/h3>\n<p>V p\u0159\u00edpad\u011b jak\u00e9hokoli dotazu \u010di vyu\u017eit\u00ed sv\u00e9ho pr\u00e1va, kter\u00e9 je stanov\u00e9 GDPR uv\u00e1d\u00edme sv\u00e9 kontaktn\u00ed \u00fadaje, na kter\u00e9 se m\u016f\u017ee subjekt \u00fadaj\u016f obr\u00e1tit.<\/p>\n<p>ENVIRONMENTAL JOY s.r.o.<\/p>\n<p>S\u00eddlo: Zv\u011b\u0159inov\u00fdch 597\/10, B\u0159ezin\u011bves, 182 00 Praha 8<\/p>\n<p>Tel.: +420 722 466 039, e-mail: office@enjo.cz<\/p>\n<p>Jestli\u017ee nesouhlas\u00edte se zp\u016fsobem, jak\u00fdm va\u0161e osobn\u00ed \u00fadaje zpracov\u00e1v\u00e1me, m\u016f\u017eete k ochran\u011b sv\u00fdch pr\u00e1v podniknout kroky uveden\u00e9 n\u00ed\u017ee.<br \/>\nNa ochranu soukrom\u00ed a osobn\u00edch \u00fadaj\u016f dohl\u00ed\u017e\u00ed:<\/p>\n<p>\u00da\u0159ad pro ochranu osobn\u00edch \u00fadaj\u016f<\/p>\n<p>adresa: Pplk. Sochora 27, 170 00 Praha 7 tel.: 234 665 111 web: <a href=\"http:\/\/www.uoou.cz\">www.uoou.cz<\/a><\/p>\n","protected":false},"excerpt":{"rendered":"<p>Z\u00e1sady zpracov\u00e1n\u00ed osobn\u00edch \u00fadaj\u016f Z\u00e1kladn\u00ed informace o spr\u00e1vci Na\u0161e spole\u010dnost ENVIRONMENTAL JOY s.r.o., S\u00eddlo: Zv\u011b\u0159inov\u00fdch 597\/10, B\u0159ezin\u011bves, 182 00 Praha 8, Identifika\u010dn\u00ed \u010d\u00edslo: 179 01 685 je spr\u00e1vcem va\u0161ich osobn\u00edch \u00fadaj\u016f (d\u00e1le tak\u00e9 jen \u201eSpr\u00e1vce\u201c) a tato je spole\u010dnost je prodejcem\/distributorem spole\u010dnosti ENJO GmbH, Morsbacherstrasse 3, 6330 Kufstein, Rakousko pro \u010ceskou Republiku. T\u00edmto V\u00e1s, fyzick\u00e9 osoby, kter\u00fdch se tato \u00faprava &#8230; <\/p>\n<div><a href=\"https:\/\/www.enjo.com\/cz\/privacy-policy\/\" class=\"more-link\">Read More<\/a><\/div>\n","protected":false},"author":293,"featured_media":0,"parent":0,"menu_order":0,"comment_status":"closed","ping_status":"closed","template":"","meta":{"_acf_changed":false,"footnotes":""},"class_list":["post-16216","page","type-page","status-publish","hentry","no-post-thumbnail"],"acf":[],"yoast_head":"<!-- This site is optimized with the Yoast SEO plugin v24.0 - https:\/\/yoast.com\/wordpress\/plugins\/seo\/ -->\n<title>Z\u00e1sady ochrany osobn\u00edch \u00fadaj\u016f - ENJO<\/title>\n<meta name=\"description\" content=\"GDPR \u2013 ochrana va\u0161ich osobn\u00edch \u00fadaj\u016f je pro n\u00e1s kl\u00ed\u010dov\u00e1. V souladu s evropsk\u00fdmi p\u0159edpisy zaji\u0161\u0165ujeme bezpe\u010dnost a transparentnost.\" \/>\n<meta name=\"robots\" content=\"index, follow, max-snippet:-1, max-image-preview:large, max-video-preview:-1\" \/>\n<link rel=\"canonical\" href=\"https:\/\/www.enjo.com\/cz\/privacy-policy\/\" \/>\n<meta property=\"og:locale\" content=\"cs_CZ\" \/>\n<meta property=\"og:type\" content=\"article\" \/>\n<meta property=\"og:title\" content=\"Z\u00e1sady ochrany osobn\u00edch \u00fadaj\u016f - ENJO\" \/>\n<meta property=\"og:description\" content=\"GDPR \u2013 ochrana va\u0161ich osobn\u00edch \u00fadaj\u016f je pro n\u00e1s kl\u00ed\u010dov\u00e1. V souladu s evropsk\u00fdmi p\u0159edpisy zaji\u0161\u0165ujeme bezpe\u010dnost a transparentnost.\" \/>\n<meta property=\"og:url\" content=\"https:\/\/www.enjo.com\/cz\/privacy-policy\/\" \/>\n<meta property=\"og:site_name\" content=\"ENJO\" \/>\n<meta property=\"article:modified_time\" content=\"2025-01-14T11:56:49+00:00\" \/>\n<meta property=\"og:image\" content=\"https:\/\/www.enjo.com\/wp-content\/uploads\/2023\/10\/social_image.jpg\" \/>\n\t<meta property=\"og:image:width\" content=\"500\" \/>\n\t<meta property=\"og:image:height\" content=\"500\" \/>\n\t<meta property=\"og:image:type\" content=\"image\/jpeg\" \/>\n<meta name=\"twitter:card\" content=\"summary_large_image\" \/>\n<meta name=\"twitter:label1\" content=\"Odhadovan\u00e1 doba \u010dten\u00ed\" \/>\n\t<meta name=\"twitter:data1\" content=\"5 minut\" \/>\n<script type=\"application\/ld+json\" class=\"yoast-schema-graph\">{\"@context\":\"https:\/\/schema.org\",\"@graph\":[{\"@type\":\"WebPage\",\"@id\":\"https:\/\/www.enjo.com\/cz\/privacy-policy\/\",\"url\":\"https:\/\/www.enjo.com\/cz\/privacy-policy\/\",\"name\":\"Z\u00e1sady ochrany osobn\u00edch \u00fadaj\u016f - ENJO\",\"isPartOf\":{\"@id\":\"https:\/\/www.enjo.com\/at-east\/#website\"},\"datePublished\":\"2018-05-07T07:04:37+00:00\",\"dateModified\":\"2025-01-14T11:56:49+00:00\",\"description\":\"GDPR \u2013 ochrana va\u0161ich osobn\u00edch \u00fadaj\u016f je pro n\u00e1s kl\u00ed\u010dov\u00e1. V souladu s evropsk\u00fdmi p\u0159edpisy zaji\u0161\u0165ujeme bezpe\u010dnost a transparentnost.\",\"breadcrumb\":{\"@id\":\"https:\/\/www.enjo.com\/cz\/privacy-policy\/#breadcrumb\"},\"inLanguage\":\"cs\",\"potentialAction\":[{\"@type\":\"ReadAction\",\"target\":[\"https:\/\/www.enjo.com\/cz\/privacy-policy\/\"]}]},{\"@type\":\"BreadcrumbList\",\"@id\":\"https:\/\/www.enjo.com\/cz\/privacy-policy\/#breadcrumb\",\"itemListElement\":[{\"@type\":\"ListItem\",\"position\":1,\"name\":\"Home\",\"item\":\"https:\/\/www.enjo.com\/cz\/\"},{\"@type\":\"ListItem\",\"position\":2,\"name\":\"Z\u00e1sady ochrany osobn\u00edch \u00fadaj\u016f\"}]},{\"@type\":\"WebSite\",\"@id\":\"https:\/\/www.enjo.com\/at-east\/#website\",\"url\":\"https:\/\/www.enjo.com\/at-east\/\",\"name\":\"ENJO\",\"description\":\"Clean the World\",\"potentialAction\":[{\"@type\":\"SearchAction\",\"target\":{\"@type\":\"EntryPoint\",\"urlTemplate\":\"https:\/\/www.enjo.com\/at-east\/?s={search_term_string}\"},\"query-input\":{\"@type\":\"PropertyValueSpecification\",\"valueRequired\":true,\"valueName\":\"search_term_string\"}}],\"inLanguage\":\"cs\"}]}<\/script>\n<!-- \/ Yoast SEO plugin. -->","yoast_head_json":{"title":"Z\u00e1sady ochrany osobn\u00edch \u00fadaj\u016f - ENJO","description":"GDPR \u2013 ochrana va\u0161ich osobn\u00edch \u00fadaj\u016f je pro n\u00e1s kl\u00ed\u010dov\u00e1. V souladu s evropsk\u00fdmi p\u0159edpisy zaji\u0161\u0165ujeme bezpe\u010dnost a transparentnost.","robots":{"index":"index","follow":"follow","max-snippet":"max-snippet:-1","max-image-preview":"max-image-preview:large","max-video-preview":"max-video-preview:-1"},"canonical":"https:\/\/www.enjo.com\/cz\/privacy-policy\/","og_locale":"cs_CZ","og_type":"article","og_title":"Z\u00e1sady ochrany osobn\u00edch \u00fadaj\u016f - ENJO","og_description":"GDPR \u2013 ochrana va\u0161ich osobn\u00edch \u00fadaj\u016f je pro n\u00e1s kl\u00ed\u010dov\u00e1. V souladu s evropsk\u00fdmi p\u0159edpisy zaji\u0161\u0165ujeme bezpe\u010dnost a transparentnost.","og_url":"https:\/\/www.enjo.com\/cz\/privacy-policy\/","og_site_name":"ENJO","article_modified_time":"2025-01-14T11:56:49+00:00","og_image":[{"width":500,"height":500,"url":"https:\/\/www.enjo.com\/wp-content\/uploads\/2023\/10\/social_image.jpg","type":"image\/jpeg"}],"twitter_card":"summary_large_image","twitter_misc":{"Odhadovan\u00e1 doba \u010dten\u00ed":"5 minut"},"schema":{"@context":"https:\/\/schema.org","@graph":[{"@type":"WebPage","@id":"https:\/\/www.enjo.com\/cz\/privacy-policy\/","url":"https:\/\/www.enjo.com\/cz\/privacy-policy\/","name":"Z\u00e1sady ochrany osobn\u00edch \u00fadaj\u016f - ENJO","isPartOf":{"@id":"https:\/\/www.enjo.com\/at-east\/#website"},"datePublished":"2018-05-07T07:04:37+00:00","dateModified":"2025-01-14T11:56:49+00:00","description":"GDPR \u2013 ochrana va\u0161ich osobn\u00edch \u00fadaj\u016f je pro n\u00e1s kl\u00ed\u010dov\u00e1. V souladu s evropsk\u00fdmi p\u0159edpisy zaji\u0161\u0165ujeme bezpe\u010dnost a transparentnost.","breadcrumb":{"@id":"https:\/\/www.enjo.com\/cz\/privacy-policy\/#breadcrumb"},"inLanguage":"cs","potentialAction":[{"@type":"ReadAction","target":["https:\/\/www.enjo.com\/cz\/privacy-policy\/"]}]},{"@type":"BreadcrumbList","@id":"https:\/\/www.enjo.com\/cz\/privacy-policy\/#breadcrumb","itemListElement":[{"@type":"ListItem","position":1,"name":"Home","item":"https:\/\/www.enjo.com\/cz\/"},{"@type":"ListItem","position":2,"name":"Z\u00e1sady ochrany osobn\u00edch \u00fadaj\u016f"}]},{"@type":"WebSite","@id":"https:\/\/www.enjo.com\/at-east\/#website","url":"https:\/\/www.enjo.com\/at-east\/","name":"ENJO","description":"Clean the World","potentialAction":[{"@type":"SearchAction","target":{"@type":"EntryPoint","urlTemplate":"https:\/\/www.enjo.com\/at-east\/?s={search_term_string}"},"query-input":{"@type":"PropertyValueSpecification","valueRequired":true,"valueName":"search_term_string"}}],"inLanguage":"cs"}]}},"_links":{"self":[{"href":"https:\/\/www.enjo.com\/cz\/wp-json\/wp\/v2\/pages\/16216","targetHints":{"allow":["GET"]}}],"collection":[{"href":"https:\/\/www.enjo.com\/cz\/wp-json\/wp\/v2\/pages"}],"about":[{"href":"https:\/\/www.enjo.com\/cz\/wp-json\/wp\/v2\/types\/page"}],"author":[{"embeddable":true,"href":"https:\/\/www.enjo.com\/cz\/wp-json\/wp\/v2\/users\/293"}],"replies":[{"embeddable":true,"href":"https:\/\/www.enjo.com\/cz\/wp-json\/wp\/v2\/comments?post=16216"}],"version-history":[{"count":8,"href":"https:\/\/www.enjo.com\/cz\/wp-json\/wp\/v2\/pages\/16216\/revisions"}],"predecessor-version":[{"id":117203,"href":"https:\/\/www.enjo.com\/cz\/wp-json\/wp\/v2\/pages\/16216\/revisions\/117203"}],"wp:attachment":[{"href":"https:\/\/www.enjo.com\/cz\/wp-json\/wp\/v2\/media?parent=16216"}],"curies":[{"name":"wp","href":"https:\/\/api.w.org\/{rel}","templated":true}]}}