{"id":118847,"date":"2025-10-08T07:48:50","date_gmt":"2025-10-08T07:48:50","guid":{"rendered":"https:\/\/www.enjo.com\/?page_id=118847"},"modified":"2025-10-08T07:48:50","modified_gmt":"2025-10-08T07:48:50","slug":"uzaver-51518","status":"publish","type":"page","link":"https:\/\/www.enjo.com\/cz\/uzaver-51518\/","title":{"rendered":"Uz\u00e1v\u011br &#8211; 51518"},"content":{"rendered":"","protected":false},"excerpt":{"rendered":"","protected":false},"author":365,"featured_media":0,"parent":0,"menu_order":0,"comment_status":"closed","ping_status":"closed","template":"enjo-page-builder.php","meta":{"_acf_changed":false,"footnotes":""},"class_list":["post-118847","page","type-page","status-publish","hentry","no-post-thumbnail"],"acf":[],"yoast_head":"<!-- This site is optimized with the Yoast SEO plugin v24.0 - https:\/\/yoast.com\/wordpress\/plugins\/seo\/ -->\n<title>Uz\u00e1v\u011br - 51518 - ENJO<\/title>\n<meta name=\"description\" content=\"N\u00e1hradn\u00ed d\u00edl k ENJO Multi Toolu nebo Flexi. Nab\u00edz\u00edme,uz\u00e1v\u011br, dlahu, hlin\u00edkovou li\u0161tu s gumouvou st\u011brkou i dal\u0161\u00ed n\u00e1hradn\u00ed d\u00edly samostatn\u011b.\" \/>\n<meta name=\"robots\" content=\"index, follow, max-snippet:-1, max-image-preview:large, max-video-preview:-1\" \/>\n<link rel=\"canonical\" href=\"https:\/\/www.enjo.com\/cz\/uzaver-51518\/\" \/>\n<meta property=\"og:locale\" content=\"cs_CZ\" \/>\n<meta property=\"og:type\" content=\"article\" \/>\n<meta property=\"og:title\" content=\"Uz\u00e1v\u011br - 51518 - ENJO\" \/>\n<meta property=\"og:description\" content=\"N\u00e1hradn\u00ed d\u00edl k ENJO Multi Toolu nebo Flexi. Nab\u00edz\u00edme,uz\u00e1v\u011br, dlahu, hlin\u00edkovou li\u0161tu s gumouvou st\u011brkou i dal\u0161\u00ed n\u00e1hradn\u00ed d\u00edly samostatn\u011b.\" \/>\n<meta property=\"og:url\" content=\"https:\/\/www.enjo.com\/cz\/uzaver-51518\/\" \/>\n<meta property=\"og:site_name\" content=\"ENJO\" \/>\n<meta property=\"og:image\" content=\"https:\/\/www.enjo.com\/wp-content\/uploads\/2023\/10\/social_image.jpg\" \/>\n\t<meta property=\"og:image:width\" content=\"500\" \/>\n\t<meta property=\"og:image:height\" content=\"500\" \/>\n\t<meta property=\"og:image:type\" content=\"image\/jpeg\" \/>\n<meta name=\"twitter:card\" content=\"summary_large_image\" \/>\n<script type=\"application\/ld+json\" class=\"yoast-schema-graph\">{\"@context\":\"https:\/\/schema.org\",\"@graph\":[{\"@type\":\"WebPage\",\"@id\":\"https:\/\/www.enjo.com\/cz\/uzaver-51518\/\",\"url\":\"https:\/\/www.enjo.com\/cz\/uzaver-51518\/\",\"name\":\"Uz\u00e1v\u011br - 51518 - ENJO\",\"isPartOf\":{\"@id\":\"https:\/\/www.enjo.com\/at-east\/#website\"},\"datePublished\":\"2025-10-08T07:48:50+00:00\",\"dateModified\":\"2025-10-08T07:48:50+00:00\",\"description\":\"N\u00e1hradn\u00ed d\u00edl k ENJO Multi Toolu nebo Flexi. Nab\u00edz\u00edme,uz\u00e1v\u011br, dlahu, hlin\u00edkovou li\u0161tu s gumouvou st\u011brkou i dal\u0161\u00ed n\u00e1hradn\u00ed d\u00edly samostatn\u011b.\",\"breadcrumb\":{\"@id\":\"https:\/\/www.enjo.com\/cz\/uzaver-51518\/#breadcrumb\"},\"inLanguage\":\"cs\",\"potentialAction\":[{\"@type\":\"ReadAction\",\"target\":[\"https:\/\/www.enjo.com\/cz\/uzaver-51518\/\"]}]},{\"@type\":\"BreadcrumbList\",\"@id\":\"https:\/\/www.enjo.com\/cz\/uzaver-51518\/#breadcrumb\",\"itemListElement\":[{\"@type\":\"ListItem\",\"position\":1,\"name\":\"Home\",\"item\":\"https:\/\/www.enjo.com\/cz\/\"},{\"@type\":\"ListItem\",\"position\":2,\"name\":\"Uz\u00e1v\u011br &#8211; 51518\"}]},{\"@type\":\"WebSite\",\"@id\":\"https:\/\/www.enjo.com\/at-east\/#website\",\"url\":\"https:\/\/www.enjo.com\/at-east\/\",\"name\":\"ENJO\",\"description\":\"Clean the World\",\"potentialAction\":[{\"@type\":\"SearchAction\",\"target\":{\"@type\":\"EntryPoint\",\"urlTemplate\":\"https:\/\/www.enjo.com\/at-east\/?s={search_term_string}\"},\"query-input\":{\"@type\":\"PropertyValueSpecification\",\"valueRequired\":true,\"valueName\":\"search_term_string\"}}],\"inLanguage\":\"cs\"}]}<\/script>\n<!-- \/ Yoast SEO plugin. -->","yoast_head_json":{"title":"Uz\u00e1v\u011br - 51518 - ENJO","description":"N\u00e1hradn\u00ed d\u00edl k ENJO Multi Toolu nebo Flexi. Nab\u00edz\u00edme,uz\u00e1v\u011br, dlahu, hlin\u00edkovou li\u0161tu s gumouvou st\u011brkou i dal\u0161\u00ed n\u00e1hradn\u00ed d\u00edly samostatn\u011b.","robots":{"index":"index","follow":"follow","max-snippet":"max-snippet:-1","max-image-preview":"max-image-preview:large","max-video-preview":"max-video-preview:-1"},"canonical":"https:\/\/www.enjo.com\/cz\/uzaver-51518\/","og_locale":"cs_CZ","og_type":"article","og_title":"Uz\u00e1v\u011br - 51518 - ENJO","og_description":"N\u00e1hradn\u00ed d\u00edl k ENJO Multi Toolu nebo Flexi. Nab\u00edz\u00edme,uz\u00e1v\u011br, dlahu, hlin\u00edkovou li\u0161tu s gumouvou st\u011brkou i dal\u0161\u00ed n\u00e1hradn\u00ed d\u00edly samostatn\u011b.","og_url":"https:\/\/www.enjo.com\/cz\/uzaver-51518\/","og_site_name":"ENJO","og_image":[{"width":500,"height":500,"url":"https:\/\/www.enjo.com\/wp-content\/uploads\/2023\/10\/social_image.jpg","type":"image\/jpeg"}],"twitter_card":"summary_large_image","schema":{"@context":"https:\/\/schema.org","@graph":[{"@type":"WebPage","@id":"https:\/\/www.enjo.com\/cz\/uzaver-51518\/","url":"https:\/\/www.enjo.com\/cz\/uzaver-51518\/","name":"Uz\u00e1v\u011br - 51518 - ENJO","isPartOf":{"@id":"https:\/\/www.enjo.com\/at-east\/#website"},"datePublished":"2025-10-08T07:48:50+00:00","dateModified":"2025-10-08T07:48:50+00:00","description":"N\u00e1hradn\u00ed d\u00edl k ENJO Multi Toolu nebo Flexi. Nab\u00edz\u00edme,uz\u00e1v\u011br, dlahu, hlin\u00edkovou li\u0161tu s gumouvou st\u011brkou i dal\u0161\u00ed n\u00e1hradn\u00ed d\u00edly samostatn\u011b.","breadcrumb":{"@id":"https:\/\/www.enjo.com\/cz\/uzaver-51518\/#breadcrumb"},"inLanguage":"cs","potentialAction":[{"@type":"ReadAction","target":["https:\/\/www.enjo.com\/cz\/uzaver-51518\/"]}]},{"@type":"BreadcrumbList","@id":"https:\/\/www.enjo.com\/cz\/uzaver-51518\/#breadcrumb","itemListElement":[{"@type":"ListItem","position":1,"name":"Home","item":"https:\/\/www.enjo.com\/cz\/"},{"@type":"ListItem","position":2,"name":"Uz\u00e1v\u011br &#8211; 51518"}]},{"@type":"WebSite","@id":"https:\/\/www.enjo.com\/at-east\/#website","url":"https:\/\/www.enjo.com\/at-east\/","name":"ENJO","description":"Clean the World","potentialAction":[{"@type":"SearchAction","target":{"@type":"EntryPoint","urlTemplate":"https:\/\/www.enjo.com\/at-east\/?s={search_term_string}"},"query-input":{"@type":"PropertyValueSpecification","valueRequired":true,"valueName":"search_term_string"}}],"inLanguage":"cs"}]}},"_links":{"self":[{"href":"https:\/\/www.enjo.com\/cz\/wp-json\/wp\/v2\/pages\/118847","targetHints":{"allow":["GET"]}}],"collection":[{"href":"https:\/\/www.enjo.com\/cz\/wp-json\/wp\/v2\/pages"}],"about":[{"href":"https:\/\/www.enjo.com\/cz\/wp-json\/wp\/v2\/types\/page"}],"author":[{"embeddable":true,"href":"https:\/\/www.enjo.com\/cz\/wp-json\/wp\/v2\/users\/365"}],"replies":[{"embeddable":true,"href":"https:\/\/www.enjo.com\/cz\/wp-json\/wp\/v2\/comments?post=118847"}],"version-history":[{"count":2,"href":"https:\/\/www.enjo.com\/cz\/wp-json\/wp\/v2\/pages\/118847\/revisions"}],"predecessor-version":[{"id":118850,"href":"https:\/\/www.enjo.com\/cz\/wp-json\/wp\/v2\/pages\/118847\/revisions\/118850"}],"wp:attachment":[{"href":"https:\/\/www.enjo.com\/cz\/wp-json\/wp\/v2\/media?parent=118847"}],"curies":[{"name":"wp","href":"https:\/\/api.w.org\/{rel}","templated":true}]}}