{"id":118724,"date":"2025-10-03T07:55:49","date_gmt":"2025-10-03T07:55:49","guid":{"rendered":"https:\/\/www.enjo.com\/?page_id=118724"},"modified":"2025-10-03T07:55:49","modified_gmt":"2025-10-03T07:55:49","slug":"kuchynsky-maid-set-15002","status":"publish","type":"page","link":"https:\/\/www.enjo.com\/cz\/kuchynsky-maid-set-15002\/","title":{"rendered":"Kuchy\u0148sk\u00fd Maid Set 15002"},"content":{"rendered":"","protected":false},"excerpt":{"rendered":"","protected":false},"author":365,"featured_media":0,"parent":0,"menu_order":0,"comment_status":"closed","ping_status":"closed","template":"enjo-page-builder.php","meta":{"_acf_changed":false,"footnotes":""},"class_list":["post-118724","page","type-page","status-publish","hentry","no-post-thumbnail"],"acf":[],"yoast_head":"<!-- This site is optimized with the Yoast SEO plugin v24.0 - https:\/\/yoast.com\/wordpress\/plugins\/seo\/ -->\n<title>Kuchy\u0148sk\u00fd Maid Set 15002 - ENJO<\/title>\n<meta name=\"description\" content=\"Praktick\u00fd pomocn\u00edk pro myt\u00ed n\u00e1dob\u00ed, kter\u00fd si porad\u00ed i s nejodoln\u011bj\u0161\u00edmi skvrnami. P\u0159edn\u00ed hranou nedrhn\u011bte ani ne\u0161kr\u00e1bejte tvrd\u00e9 p\u0159edm\u011bty.\" \/>\n<meta name=\"robots\" content=\"index, follow, max-snippet:-1, max-image-preview:large, max-video-preview:-1\" \/>\n<link rel=\"canonical\" href=\"https:\/\/www.enjo.com\/cz\/kuchynsky-maid-set-15002\/\" \/>\n<meta property=\"og:locale\" content=\"cs_CZ\" \/>\n<meta property=\"og:type\" content=\"article\" \/>\n<meta property=\"og:title\" content=\"Kuchy\u0148sk\u00fd Maid Set 15002 - ENJO\" \/>\n<meta property=\"og:description\" content=\"Praktick\u00fd pomocn\u00edk pro myt\u00ed n\u00e1dob\u00ed, kter\u00fd si porad\u00ed i s nejodoln\u011bj\u0161\u00edmi skvrnami. P\u0159edn\u00ed hranou nedrhn\u011bte ani ne\u0161kr\u00e1bejte tvrd\u00e9 p\u0159edm\u011bty.\" \/>\n<meta property=\"og:url\" content=\"https:\/\/www.enjo.com\/cz\/kuchynsky-maid-set-15002\/\" \/>\n<meta property=\"og:site_name\" content=\"ENJO\" \/>\n<meta property=\"og:image\" content=\"https:\/\/www.enjo.com\/wp-content\/uploads\/2023\/10\/social_image.jpg\" \/>\n\t<meta property=\"og:image:width\" content=\"500\" \/>\n\t<meta property=\"og:image:height\" content=\"500\" \/>\n\t<meta property=\"og:image:type\" content=\"image\/jpeg\" \/>\n<meta name=\"twitter:card\" content=\"summary_large_image\" \/>\n<script type=\"application\/ld+json\" class=\"yoast-schema-graph\">{\"@context\":\"https:\/\/schema.org\",\"@graph\":[{\"@type\":\"WebPage\",\"@id\":\"https:\/\/www.enjo.com\/cz\/kuchynsky-maid-set-15002\/\",\"url\":\"https:\/\/www.enjo.com\/cz\/kuchynsky-maid-set-15002\/\",\"name\":\"Kuchy\u0148sk\u00fd Maid Set 15002 - ENJO\",\"isPartOf\":{\"@id\":\"https:\/\/www.enjo.com\/at-east\/#website\"},\"datePublished\":\"2025-10-03T07:55:49+00:00\",\"dateModified\":\"2025-10-03T07:55:49+00:00\",\"description\":\"Praktick\u00fd pomocn\u00edk pro myt\u00ed n\u00e1dob\u00ed, kter\u00fd si porad\u00ed i s nejodoln\u011bj\u0161\u00edmi skvrnami. P\u0159edn\u00ed hranou nedrhn\u011bte ani ne\u0161kr\u00e1bejte tvrd\u00e9 p\u0159edm\u011bty.\",\"breadcrumb\":{\"@id\":\"https:\/\/www.enjo.com\/cz\/kuchynsky-maid-set-15002\/#breadcrumb\"},\"inLanguage\":\"cs\",\"potentialAction\":[{\"@type\":\"ReadAction\",\"target\":[\"https:\/\/www.enjo.com\/cz\/kuchynsky-maid-set-15002\/\"]}]},{\"@type\":\"BreadcrumbList\",\"@id\":\"https:\/\/www.enjo.com\/cz\/kuchynsky-maid-set-15002\/#breadcrumb\",\"itemListElement\":[{\"@type\":\"ListItem\",\"position\":1,\"name\":\"Home\",\"item\":\"https:\/\/www.enjo.com\/cz\/\"},{\"@type\":\"ListItem\",\"position\":2,\"name\":\"Kuchy\u0148sk\u00fd Maid Set 15002\"}]},{\"@type\":\"WebSite\",\"@id\":\"https:\/\/www.enjo.com\/at-east\/#website\",\"url\":\"https:\/\/www.enjo.com\/at-east\/\",\"name\":\"ENJO\",\"description\":\"Clean the World\",\"potentialAction\":[{\"@type\":\"SearchAction\",\"target\":{\"@type\":\"EntryPoint\",\"urlTemplate\":\"https:\/\/www.enjo.com\/at-east\/?s={search_term_string}\"},\"query-input\":{\"@type\":\"PropertyValueSpecification\",\"valueRequired\":true,\"valueName\":\"search_term_string\"}}],\"inLanguage\":\"cs\"}]}<\/script>\n<!-- \/ Yoast SEO plugin. -->","yoast_head_json":{"title":"Kuchy\u0148sk\u00fd Maid Set 15002 - ENJO","description":"Praktick\u00fd pomocn\u00edk pro myt\u00ed n\u00e1dob\u00ed, kter\u00fd si porad\u00ed i s nejodoln\u011bj\u0161\u00edmi skvrnami. P\u0159edn\u00ed hranou nedrhn\u011bte ani ne\u0161kr\u00e1bejte tvrd\u00e9 p\u0159edm\u011bty.","robots":{"index":"index","follow":"follow","max-snippet":"max-snippet:-1","max-image-preview":"max-image-preview:large","max-video-preview":"max-video-preview:-1"},"canonical":"https:\/\/www.enjo.com\/cz\/kuchynsky-maid-set-15002\/","og_locale":"cs_CZ","og_type":"article","og_title":"Kuchy\u0148sk\u00fd Maid Set 15002 - ENJO","og_description":"Praktick\u00fd pomocn\u00edk pro myt\u00ed n\u00e1dob\u00ed, kter\u00fd si porad\u00ed i s nejodoln\u011bj\u0161\u00edmi skvrnami. P\u0159edn\u00ed hranou nedrhn\u011bte ani ne\u0161kr\u00e1bejte tvrd\u00e9 p\u0159edm\u011bty.","og_url":"https:\/\/www.enjo.com\/cz\/kuchynsky-maid-set-15002\/","og_site_name":"ENJO","og_image":[{"width":500,"height":500,"url":"https:\/\/www.enjo.com\/wp-content\/uploads\/2023\/10\/social_image.jpg","type":"image\/jpeg"}],"twitter_card":"summary_large_image","schema":{"@context":"https:\/\/schema.org","@graph":[{"@type":"WebPage","@id":"https:\/\/www.enjo.com\/cz\/kuchynsky-maid-set-15002\/","url":"https:\/\/www.enjo.com\/cz\/kuchynsky-maid-set-15002\/","name":"Kuchy\u0148sk\u00fd Maid Set 15002 - ENJO","isPartOf":{"@id":"https:\/\/www.enjo.com\/at-east\/#website"},"datePublished":"2025-10-03T07:55:49+00:00","dateModified":"2025-10-03T07:55:49+00:00","description":"Praktick\u00fd pomocn\u00edk pro myt\u00ed n\u00e1dob\u00ed, kter\u00fd si porad\u00ed i s nejodoln\u011bj\u0161\u00edmi skvrnami. P\u0159edn\u00ed hranou nedrhn\u011bte ani ne\u0161kr\u00e1bejte tvrd\u00e9 p\u0159edm\u011bty.","breadcrumb":{"@id":"https:\/\/www.enjo.com\/cz\/kuchynsky-maid-set-15002\/#breadcrumb"},"inLanguage":"cs","potentialAction":[{"@type":"ReadAction","target":["https:\/\/www.enjo.com\/cz\/kuchynsky-maid-set-15002\/"]}]},{"@type":"BreadcrumbList","@id":"https:\/\/www.enjo.com\/cz\/kuchynsky-maid-set-15002\/#breadcrumb","itemListElement":[{"@type":"ListItem","position":1,"name":"Home","item":"https:\/\/www.enjo.com\/cz\/"},{"@type":"ListItem","position":2,"name":"Kuchy\u0148sk\u00fd Maid Set 15002"}]},{"@type":"WebSite","@id":"https:\/\/www.enjo.com\/at-east\/#website","url":"https:\/\/www.enjo.com\/at-east\/","name":"ENJO","description":"Clean the World","potentialAction":[{"@type":"SearchAction","target":{"@type":"EntryPoint","urlTemplate":"https:\/\/www.enjo.com\/at-east\/?s={search_term_string}"},"query-input":{"@type":"PropertyValueSpecification","valueRequired":true,"valueName":"search_term_string"}}],"inLanguage":"cs"}]}},"_links":{"self":[{"href":"https:\/\/www.enjo.com\/cz\/wp-json\/wp\/v2\/pages\/118724","targetHints":{"allow":["GET"]}}],"collection":[{"href":"https:\/\/www.enjo.com\/cz\/wp-json\/wp\/v2\/pages"}],"about":[{"href":"https:\/\/www.enjo.com\/cz\/wp-json\/wp\/v2\/types\/page"}],"author":[{"embeddable":true,"href":"https:\/\/www.enjo.com\/cz\/wp-json\/wp\/v2\/users\/365"}],"replies":[{"embeddable":true,"href":"https:\/\/www.enjo.com\/cz\/wp-json\/wp\/v2\/comments?post=118724"}],"version-history":[{"count":2,"href":"https:\/\/www.enjo.com\/cz\/wp-json\/wp\/v2\/pages\/118724\/revisions"}],"predecessor-version":[{"id":118726,"href":"https:\/\/www.enjo.com\/cz\/wp-json\/wp\/v2\/pages\/118724\/revisions\/118726"}],"wp:attachment":[{"href":"https:\/\/www.enjo.com\/cz\/wp-json\/wp\/v2\/media?parent=118724"}],"curies":[{"name":"wp","href":"https:\/\/api.w.org\/{rel}","templated":true}]}}