{"id":118720,"date":"2025-10-03T07:35:12","date_gmt":"2025-10-03T07:35:12","guid":{"rendered":"https:\/\/www.enjo.com\/?page_id=118720"},"modified":"2025-10-03T07:57:57","modified_gmt":"2025-10-03T07:57:57","slug":"kuchynsky-flexi-set-15004","status":"publish","type":"page","link":"https:\/\/www.enjo.com\/cz\/kuchynsky-flexi-set-15004\/","title":{"rendered":"Kuchy\u0148sk\u00fd Flexi Set 15004"},"content":{"rendered":"","protected":false},"excerpt":{"rendered":"","protected":false},"author":365,"featured_media":0,"parent":0,"menu_order":0,"comment_status":"closed","ping_status":"closed","template":"enjo-page-builder.php","meta":{"_acf_changed":false,"footnotes":""},"class_list":["post-118720","page","type-page","status-publish","hentry","no-post-thumbnail"],"acf":[],"yoast_head":"<!-- This site is optimized with the Yoast SEO plugin v24.0 - https:\/\/yoast.com\/wordpress\/plugins\/seo\/ -->\n<title>Kuchy\u0148sk\u00fd Flexi Set 15004 - ENJO<\/title>\n<meta name=\"description\" content=\"Vhodn\u00fd pro \u010di\u0161t\u011bn\u00ed mal\u00fdch mezer, roh\u016f, otvor\u016f, nap\u0159. odtok\u016f, v\u00e1z, kojeneck\u00fdch lahv\u00ed, termosek, n\u00e1dob k\u00e1vovar\u016f, s\u00edtka v my\u010dce n\u00e1dob\u00ed.\" \/>\n<meta name=\"robots\" content=\"index, follow, max-snippet:-1, max-image-preview:large, max-video-preview:-1\" \/>\n<link rel=\"canonical\" href=\"https:\/\/www.enjo.com\/cz\/kuchynsky-flexi-set-15004\/\" \/>\n<meta property=\"og:locale\" content=\"cs_CZ\" \/>\n<meta property=\"og:type\" content=\"article\" \/>\n<meta property=\"og:title\" content=\"Kuchy\u0148sk\u00fd Flexi Set 15004 - ENJO\" \/>\n<meta property=\"og:description\" content=\"Vhodn\u00fd pro \u010di\u0161t\u011bn\u00ed mal\u00fdch mezer, roh\u016f, otvor\u016f, nap\u0159. odtok\u016f, v\u00e1z, kojeneck\u00fdch lahv\u00ed, termosek, n\u00e1dob k\u00e1vovar\u016f, s\u00edtka v my\u010dce n\u00e1dob\u00ed.\" \/>\n<meta property=\"og:url\" content=\"https:\/\/www.enjo.com\/cz\/kuchynsky-flexi-set-15004\/\" \/>\n<meta property=\"og:site_name\" content=\"ENJO\" \/>\n<meta property=\"article:modified_time\" content=\"2025-10-03T07:57:57+00:00\" \/>\n<meta property=\"og:image\" content=\"https:\/\/www.enjo.com\/wp-content\/uploads\/2023\/10\/social_image.jpg\" \/>\n\t<meta property=\"og:image:width\" content=\"500\" \/>\n\t<meta property=\"og:image:height\" content=\"500\" \/>\n\t<meta property=\"og:image:type\" content=\"image\/jpeg\" \/>\n<meta name=\"twitter:card\" content=\"summary_large_image\" \/>\n<script type=\"application\/ld+json\" class=\"yoast-schema-graph\">{\"@context\":\"https:\/\/schema.org\",\"@graph\":[{\"@type\":\"WebPage\",\"@id\":\"https:\/\/www.enjo.com\/cz\/kuchynsky-flexi-set-15004\/\",\"url\":\"https:\/\/www.enjo.com\/cz\/kuchynsky-flexi-set-15004\/\",\"name\":\"Kuchy\u0148sk\u00fd Flexi Set 15004 - ENJO\",\"isPartOf\":{\"@id\":\"https:\/\/www.enjo.com\/at-east\/#website\"},\"datePublished\":\"2025-10-03T07:35:12+00:00\",\"dateModified\":\"2025-10-03T07:57:57+00:00\",\"description\":\"Vhodn\u00fd pro \u010di\u0161t\u011bn\u00ed mal\u00fdch mezer, roh\u016f, otvor\u016f, nap\u0159. odtok\u016f, v\u00e1z, kojeneck\u00fdch lahv\u00ed, termosek, n\u00e1dob k\u00e1vovar\u016f, s\u00edtka v my\u010dce n\u00e1dob\u00ed.\",\"breadcrumb\":{\"@id\":\"https:\/\/www.enjo.com\/cz\/kuchynsky-flexi-set-15004\/#breadcrumb\"},\"inLanguage\":\"cs\",\"potentialAction\":[{\"@type\":\"ReadAction\",\"target\":[\"https:\/\/www.enjo.com\/cz\/kuchynsky-flexi-set-15004\/\"]}]},{\"@type\":\"BreadcrumbList\",\"@id\":\"https:\/\/www.enjo.com\/cz\/kuchynsky-flexi-set-15004\/#breadcrumb\",\"itemListElement\":[{\"@type\":\"ListItem\",\"position\":1,\"name\":\"Home\",\"item\":\"https:\/\/www.enjo.com\/cz\/\"},{\"@type\":\"ListItem\",\"position\":2,\"name\":\"Kuchy\u0148sk\u00fd Flexi Set 15004\"}]},{\"@type\":\"WebSite\",\"@id\":\"https:\/\/www.enjo.com\/at-east\/#website\",\"url\":\"https:\/\/www.enjo.com\/at-east\/\",\"name\":\"ENJO\",\"description\":\"Clean the World\",\"potentialAction\":[{\"@type\":\"SearchAction\",\"target\":{\"@type\":\"EntryPoint\",\"urlTemplate\":\"https:\/\/www.enjo.com\/at-east\/?s={search_term_string}\"},\"query-input\":{\"@type\":\"PropertyValueSpecification\",\"valueRequired\":true,\"valueName\":\"search_term_string\"}}],\"inLanguage\":\"cs\"}]}<\/script>\n<!-- \/ Yoast SEO plugin. -->","yoast_head_json":{"title":"Kuchy\u0148sk\u00fd Flexi Set 15004 - ENJO","description":"Vhodn\u00fd pro \u010di\u0161t\u011bn\u00ed mal\u00fdch mezer, roh\u016f, otvor\u016f, nap\u0159. odtok\u016f, v\u00e1z, kojeneck\u00fdch lahv\u00ed, termosek, n\u00e1dob k\u00e1vovar\u016f, s\u00edtka v my\u010dce n\u00e1dob\u00ed.","robots":{"index":"index","follow":"follow","max-snippet":"max-snippet:-1","max-image-preview":"max-image-preview:large","max-video-preview":"max-video-preview:-1"},"canonical":"https:\/\/www.enjo.com\/cz\/kuchynsky-flexi-set-15004\/","og_locale":"cs_CZ","og_type":"article","og_title":"Kuchy\u0148sk\u00fd Flexi Set 15004 - ENJO","og_description":"Vhodn\u00fd pro \u010di\u0161t\u011bn\u00ed mal\u00fdch mezer, roh\u016f, otvor\u016f, nap\u0159. odtok\u016f, v\u00e1z, kojeneck\u00fdch lahv\u00ed, termosek, n\u00e1dob k\u00e1vovar\u016f, s\u00edtka v my\u010dce n\u00e1dob\u00ed.","og_url":"https:\/\/www.enjo.com\/cz\/kuchynsky-flexi-set-15004\/","og_site_name":"ENJO","article_modified_time":"2025-10-03T07:57:57+00:00","og_image":[{"width":500,"height":500,"url":"https:\/\/www.enjo.com\/wp-content\/uploads\/2023\/10\/social_image.jpg","type":"image\/jpeg"}],"twitter_card":"summary_large_image","schema":{"@context":"https:\/\/schema.org","@graph":[{"@type":"WebPage","@id":"https:\/\/www.enjo.com\/cz\/kuchynsky-flexi-set-15004\/","url":"https:\/\/www.enjo.com\/cz\/kuchynsky-flexi-set-15004\/","name":"Kuchy\u0148sk\u00fd Flexi Set 15004 - ENJO","isPartOf":{"@id":"https:\/\/www.enjo.com\/at-east\/#website"},"datePublished":"2025-10-03T07:35:12+00:00","dateModified":"2025-10-03T07:57:57+00:00","description":"Vhodn\u00fd pro \u010di\u0161t\u011bn\u00ed mal\u00fdch mezer, roh\u016f, otvor\u016f, nap\u0159. odtok\u016f, v\u00e1z, kojeneck\u00fdch lahv\u00ed, termosek, n\u00e1dob k\u00e1vovar\u016f, s\u00edtka v my\u010dce n\u00e1dob\u00ed.","breadcrumb":{"@id":"https:\/\/www.enjo.com\/cz\/kuchynsky-flexi-set-15004\/#breadcrumb"},"inLanguage":"cs","potentialAction":[{"@type":"ReadAction","target":["https:\/\/www.enjo.com\/cz\/kuchynsky-flexi-set-15004\/"]}]},{"@type":"BreadcrumbList","@id":"https:\/\/www.enjo.com\/cz\/kuchynsky-flexi-set-15004\/#breadcrumb","itemListElement":[{"@type":"ListItem","position":1,"name":"Home","item":"https:\/\/www.enjo.com\/cz\/"},{"@type":"ListItem","position":2,"name":"Kuchy\u0148sk\u00fd Flexi Set 15004"}]},{"@type":"WebSite","@id":"https:\/\/www.enjo.com\/at-east\/#website","url":"https:\/\/www.enjo.com\/at-east\/","name":"ENJO","description":"Clean the World","potentialAction":[{"@type":"SearchAction","target":{"@type":"EntryPoint","urlTemplate":"https:\/\/www.enjo.com\/at-east\/?s={search_term_string}"},"query-input":{"@type":"PropertyValueSpecification","valueRequired":true,"valueName":"search_term_string"}}],"inLanguage":"cs"}]}},"_links":{"self":[{"href":"https:\/\/www.enjo.com\/cz\/wp-json\/wp\/v2\/pages\/118720","targetHints":{"allow":["GET"]}}],"collection":[{"href":"https:\/\/www.enjo.com\/cz\/wp-json\/wp\/v2\/pages"}],"about":[{"href":"https:\/\/www.enjo.com\/cz\/wp-json\/wp\/v2\/types\/page"}],"author":[{"embeddable":true,"href":"https:\/\/www.enjo.com\/cz\/wp-json\/wp\/v2\/users\/365"}],"replies":[{"embeddable":true,"href":"https:\/\/www.enjo.com\/cz\/wp-json\/wp\/v2\/comments?post=118720"}],"version-history":[{"count":3,"href":"https:\/\/www.enjo.com\/cz\/wp-json\/wp\/v2\/pages\/118720\/revisions"}],"predecessor-version":[{"id":118728,"href":"https:\/\/www.enjo.com\/cz\/wp-json\/wp\/v2\/pages\/118720\/revisions\/118728"}],"wp:attachment":[{"href":"https:\/\/www.enjo.com\/cz\/wp-json\/wp\/v2\/media?parent=118720"}],"curies":[{"name":"wp","href":"https:\/\/api.w.org\/{rel}","templated":true}]}}