{"id":115926,"date":"2024-08-31T18:27:38","date_gmt":"2024-08-31T18:27:38","guid":{"rendered":"https:\/\/www.enjo.com\/?page_id=115926"},"modified":"2025-10-06T12:20:18","modified_gmt":"2025-10-06T12:20:18","slug":"twister-51160","status":"publish","type":"page","link":"https:\/\/www.enjo.com\/cz\/twister-51160\/","title":{"rendered":"Twister &#8211; 51160"},"content":{"rendered":"","protected":false},"excerpt":{"rendered":"","protected":false},"author":365,"featured_media":0,"parent":0,"menu_order":0,"comment_status":"closed","ping_status":"closed","template":"enjo-page-builder.php","meta":{"_acf_changed":false,"footnotes":""},"class_list":["post-115926","page","type-page","status-publish","hentry","no-post-thumbnail"],"acf":[],"yoast_head":"<!-- This site is optimized with the Yoast SEO plugin v24.0 - https:\/\/yoast.com\/wordpress\/plugins\/seo\/ -->\n<title>Twister - 51160 - ENJO<\/title>\n<meta name=\"description\" content=\"Twister je oto\u010dn\u00fd kloub, kter\u00fd roz\u0161i\u0159uje vyu\u017eit\u00ed \u010distic\u00edho n\u00e1\u0159ad\u00ed a umo\u017e\u0148uje snadn\u00e9 \u010di\u0161t\u011bn\u00ed t\u011b\u017eko dostupn\u00fdch m\u00edst.\" \/>\n<meta name=\"robots\" content=\"index, follow, max-snippet:-1, max-image-preview:large, max-video-preview:-1\" \/>\n<link rel=\"canonical\" href=\"https:\/\/www.enjo.com\/cz\/twister-51160\/\" \/>\n<meta property=\"og:locale\" content=\"cs_CZ\" \/>\n<meta property=\"og:type\" content=\"article\" \/>\n<meta property=\"og:title\" content=\"Twister - 51160 - ENJO\" \/>\n<meta property=\"og:description\" content=\"Twister je oto\u010dn\u00fd kloub, kter\u00fd roz\u0161i\u0159uje vyu\u017eit\u00ed \u010distic\u00edho n\u00e1\u0159ad\u00ed a umo\u017e\u0148uje snadn\u00e9 \u010di\u0161t\u011bn\u00ed t\u011b\u017eko dostupn\u00fdch m\u00edst.\" \/>\n<meta property=\"og:url\" content=\"https:\/\/www.enjo.com\/cz\/twister-51160\/\" \/>\n<meta property=\"og:site_name\" content=\"ENJO\" \/>\n<meta property=\"article:modified_time\" content=\"2025-10-06T12:20:18+00:00\" \/>\n<meta property=\"og:image\" content=\"https:\/\/www.enjo.com\/wp-content\/uploads\/2023\/10\/social_image.jpg\" \/>\n\t<meta property=\"og:image:width\" content=\"500\" \/>\n\t<meta property=\"og:image:height\" content=\"500\" \/>\n\t<meta property=\"og:image:type\" content=\"image\/jpeg\" \/>\n<meta name=\"twitter:card\" content=\"summary_large_image\" \/>\n<script type=\"application\/ld+json\" class=\"yoast-schema-graph\">{\"@context\":\"https:\/\/schema.org\",\"@graph\":[{\"@type\":\"WebPage\",\"@id\":\"https:\/\/www.enjo.com\/cz\/twister-51160\/\",\"url\":\"https:\/\/www.enjo.com\/cz\/twister-51160\/\",\"name\":\"Twister - 51160 - ENJO\",\"isPartOf\":{\"@id\":\"https:\/\/www.enjo.com\/at-east\/#website\"},\"datePublished\":\"2024-08-31T18:27:38+00:00\",\"dateModified\":\"2025-10-06T12:20:18+00:00\",\"description\":\"Twister je oto\u010dn\u00fd kloub, kter\u00fd roz\u0161i\u0159uje vyu\u017eit\u00ed \u010distic\u00edho n\u00e1\u0159ad\u00ed a umo\u017e\u0148uje snadn\u00e9 \u010di\u0161t\u011bn\u00ed t\u011b\u017eko dostupn\u00fdch m\u00edst.\",\"breadcrumb\":{\"@id\":\"https:\/\/www.enjo.com\/cz\/twister-51160\/#breadcrumb\"},\"inLanguage\":\"cs\",\"potentialAction\":[{\"@type\":\"ReadAction\",\"target\":[\"https:\/\/www.enjo.com\/cz\/twister-51160\/\"]}]},{\"@type\":\"BreadcrumbList\",\"@id\":\"https:\/\/www.enjo.com\/cz\/twister-51160\/#breadcrumb\",\"itemListElement\":[{\"@type\":\"ListItem\",\"position\":1,\"name\":\"Home\",\"item\":\"https:\/\/www.enjo.com\/cz\/\"},{\"@type\":\"ListItem\",\"position\":2,\"name\":\"Twister &#8211; 51160\"}]},{\"@type\":\"WebSite\",\"@id\":\"https:\/\/www.enjo.com\/at-east\/#website\",\"url\":\"https:\/\/www.enjo.com\/at-east\/\",\"name\":\"ENJO\",\"description\":\"Clean the World\",\"potentialAction\":[{\"@type\":\"SearchAction\",\"target\":{\"@type\":\"EntryPoint\",\"urlTemplate\":\"https:\/\/www.enjo.com\/at-east\/?s={search_term_string}\"},\"query-input\":{\"@type\":\"PropertyValueSpecification\",\"valueRequired\":true,\"valueName\":\"search_term_string\"}}],\"inLanguage\":\"cs\"}]}<\/script>\n<!-- \/ Yoast SEO plugin. -->","yoast_head_json":{"title":"Twister - 51160 - ENJO","description":"Twister je oto\u010dn\u00fd kloub, kter\u00fd roz\u0161i\u0159uje vyu\u017eit\u00ed \u010distic\u00edho n\u00e1\u0159ad\u00ed a umo\u017e\u0148uje snadn\u00e9 \u010di\u0161t\u011bn\u00ed t\u011b\u017eko dostupn\u00fdch m\u00edst.","robots":{"index":"index","follow":"follow","max-snippet":"max-snippet:-1","max-image-preview":"max-image-preview:large","max-video-preview":"max-video-preview:-1"},"canonical":"https:\/\/www.enjo.com\/cz\/twister-51160\/","og_locale":"cs_CZ","og_type":"article","og_title":"Twister - 51160 - ENJO","og_description":"Twister je oto\u010dn\u00fd kloub, kter\u00fd roz\u0161i\u0159uje vyu\u017eit\u00ed \u010distic\u00edho n\u00e1\u0159ad\u00ed a umo\u017e\u0148uje snadn\u00e9 \u010di\u0161t\u011bn\u00ed t\u011b\u017eko dostupn\u00fdch m\u00edst.","og_url":"https:\/\/www.enjo.com\/cz\/twister-51160\/","og_site_name":"ENJO","article_modified_time":"2025-10-06T12:20:18+00:00","og_image":[{"width":500,"height":500,"url":"https:\/\/www.enjo.com\/wp-content\/uploads\/2023\/10\/social_image.jpg","type":"image\/jpeg"}],"twitter_card":"summary_large_image","schema":{"@context":"https:\/\/schema.org","@graph":[{"@type":"WebPage","@id":"https:\/\/www.enjo.com\/cz\/twister-51160\/","url":"https:\/\/www.enjo.com\/cz\/twister-51160\/","name":"Twister - 51160 - ENJO","isPartOf":{"@id":"https:\/\/www.enjo.com\/at-east\/#website"},"datePublished":"2024-08-31T18:27:38+00:00","dateModified":"2025-10-06T12:20:18+00:00","description":"Twister je oto\u010dn\u00fd kloub, kter\u00fd roz\u0161i\u0159uje vyu\u017eit\u00ed \u010distic\u00edho n\u00e1\u0159ad\u00ed a umo\u017e\u0148uje snadn\u00e9 \u010di\u0161t\u011bn\u00ed t\u011b\u017eko dostupn\u00fdch m\u00edst.","breadcrumb":{"@id":"https:\/\/www.enjo.com\/cz\/twister-51160\/#breadcrumb"},"inLanguage":"cs","potentialAction":[{"@type":"ReadAction","target":["https:\/\/www.enjo.com\/cz\/twister-51160\/"]}]},{"@type":"BreadcrumbList","@id":"https:\/\/www.enjo.com\/cz\/twister-51160\/#breadcrumb","itemListElement":[{"@type":"ListItem","position":1,"name":"Home","item":"https:\/\/www.enjo.com\/cz\/"},{"@type":"ListItem","position":2,"name":"Twister &#8211; 51160"}]},{"@type":"WebSite","@id":"https:\/\/www.enjo.com\/at-east\/#website","url":"https:\/\/www.enjo.com\/at-east\/","name":"ENJO","description":"Clean the World","potentialAction":[{"@type":"SearchAction","target":{"@type":"EntryPoint","urlTemplate":"https:\/\/www.enjo.com\/at-east\/?s={search_term_string}"},"query-input":{"@type":"PropertyValueSpecification","valueRequired":true,"valueName":"search_term_string"}}],"inLanguage":"cs"}]}},"_links":{"self":[{"href":"https:\/\/www.enjo.com\/cz\/wp-json\/wp\/v2\/pages\/115926","targetHints":{"allow":["GET"]}}],"collection":[{"href":"https:\/\/www.enjo.com\/cz\/wp-json\/wp\/v2\/pages"}],"about":[{"href":"https:\/\/www.enjo.com\/cz\/wp-json\/wp\/v2\/types\/page"}],"author":[{"embeddable":true,"href":"https:\/\/www.enjo.com\/cz\/wp-json\/wp\/v2\/users\/365"}],"replies":[{"embeddable":true,"href":"https:\/\/www.enjo.com\/cz\/wp-json\/wp\/v2\/comments?post=115926"}],"version-history":[{"count":10,"href":"https:\/\/www.enjo.com\/cz\/wp-json\/wp\/v2\/pages\/115926\/revisions"}],"predecessor-version":[{"id":118796,"href":"https:\/\/www.enjo.com\/cz\/wp-json\/wp\/v2\/pages\/115926\/revisions\/118796"}],"wp:attachment":[{"href":"https:\/\/www.enjo.com\/cz\/wp-json\/wp\/v2\/media?parent=115926"}],"curies":[{"name":"wp","href":"https:\/\/api.w.org\/{rel}","templated":true}]}}