{"id":115732,"date":"2024-08-31T10:34:06","date_gmt":"2024-08-31T10:34:06","guid":{"rendered":"https:\/\/www.enjo.com\/?page_id=115732"},"modified":"2026-01-27T08:58:11","modified_gmt":"2026-01-27T08:58:11","slug":"tkanina-medium-50232","status":"publish","type":"page","link":"https:\/\/www.enjo.com\/cz\/tkanina-medium-50232\/","title":{"rendered":"Tkanina Medium &#8211; 50232"},"content":{"rendered":"","protected":false},"excerpt":{"rendered":"","protected":false},"author":365,"featured_media":0,"parent":0,"menu_order":0,"comment_status":"closed","ping_status":"closed","template":"enjo-page-builder.php","meta":{"_acf_changed":false,"footnotes":""},"class_list":["post-115732","page","type-page","status-publish","hentry","no-post-thumbnail"],"acf":[],"yoast_head":"<!-- This site is optimized with the Yoast SEO plugin v24.0 - https:\/\/yoast.com\/wordpress\/plugins\/seo\/ -->\n<title>Tkanina Medium - 50232 - ENJO<\/title>\n<meta name=\"description\" content=\"Tkanina Medium: efektivn\u00ed \u010di\u0161t\u011bn\u00ed n\u00e1bytku, okenn\u00edch r\u00e1m\u016f, dve\u0159\u00ed, \u017ealuzi\u00ed a dal\u0161\u00edch povrch\u016f. Ide\u00e1ln\u00ed pro odstran\u011bn\u00ed odoln\u00fdch ne\u010distot, skvrn.\" \/>\n<meta name=\"robots\" content=\"index, follow, max-snippet:-1, max-image-preview:large, max-video-preview:-1\" \/>\n<link rel=\"canonical\" href=\"https:\/\/www.enjo.com\/cz\/tkanina-medium-50232\/\" \/>\n<meta property=\"og:locale\" content=\"cs_CZ\" \/>\n<meta property=\"og:type\" content=\"article\" \/>\n<meta property=\"og:title\" content=\"Tkanina Medium - 50232 - ENJO\" \/>\n<meta property=\"og:description\" content=\"Tkanina Medium: efektivn\u00ed \u010di\u0161t\u011bn\u00ed n\u00e1bytku, okenn\u00edch r\u00e1m\u016f, dve\u0159\u00ed, \u017ealuzi\u00ed a dal\u0161\u00edch povrch\u016f. Ide\u00e1ln\u00ed pro odstran\u011bn\u00ed odoln\u00fdch ne\u010distot, skvrn.\" \/>\n<meta property=\"og:url\" content=\"https:\/\/www.enjo.com\/cz\/tkanina-medium-50232\/\" \/>\n<meta property=\"og:site_name\" content=\"ENJO\" \/>\n<meta property=\"article:modified_time\" content=\"2026-01-27T08:58:11+00:00\" \/>\n<meta property=\"og:image\" content=\"https:\/\/www.enjo.com\/wp-content\/uploads\/2023\/10\/social_image.jpg\" \/>\n\t<meta property=\"og:image:width\" content=\"500\" \/>\n\t<meta property=\"og:image:height\" content=\"500\" \/>\n\t<meta property=\"og:image:type\" content=\"image\/jpeg\" \/>\n<meta name=\"twitter:card\" content=\"summary_large_image\" \/>\n<script type=\"application\/ld+json\" class=\"yoast-schema-graph\">{\"@context\":\"https:\/\/schema.org\",\"@graph\":[{\"@type\":\"WebPage\",\"@id\":\"https:\/\/www.enjo.com\/cz\/tkanina-medium-50232\/\",\"url\":\"https:\/\/www.enjo.com\/cz\/tkanina-medium-50232\/\",\"name\":\"Tkanina Medium - 50232 - ENJO\",\"isPartOf\":{\"@id\":\"https:\/\/www.enjo.com\/at-east\/#website\"},\"datePublished\":\"2024-08-31T10:34:06+00:00\",\"dateModified\":\"2026-01-27T08:58:11+00:00\",\"description\":\"Tkanina Medium: efektivn\u00ed \u010di\u0161t\u011bn\u00ed n\u00e1bytku, okenn\u00edch r\u00e1m\u016f, dve\u0159\u00ed, \u017ealuzi\u00ed a dal\u0161\u00edch povrch\u016f. Ide\u00e1ln\u00ed pro odstran\u011bn\u00ed odoln\u00fdch ne\u010distot, skvrn.\",\"breadcrumb\":{\"@id\":\"https:\/\/www.enjo.com\/cz\/tkanina-medium-50232\/#breadcrumb\"},\"inLanguage\":\"cs\",\"potentialAction\":[{\"@type\":\"ReadAction\",\"target\":[\"https:\/\/www.enjo.com\/cz\/tkanina-medium-50232\/\"]}]},{\"@type\":\"BreadcrumbList\",\"@id\":\"https:\/\/www.enjo.com\/cz\/tkanina-medium-50232\/#breadcrumb\",\"itemListElement\":[{\"@type\":\"ListItem\",\"position\":1,\"name\":\"Home\",\"item\":\"https:\/\/www.enjo.com\/cz\/\"},{\"@type\":\"ListItem\",\"position\":2,\"name\":\"Tkanina Medium &#8211; 50232\"}]},{\"@type\":\"WebSite\",\"@id\":\"https:\/\/www.enjo.com\/at-east\/#website\",\"url\":\"https:\/\/www.enjo.com\/at-east\/\",\"name\":\"ENJO\",\"description\":\"Clean the World\",\"potentialAction\":[{\"@type\":\"SearchAction\",\"target\":{\"@type\":\"EntryPoint\",\"urlTemplate\":\"https:\/\/www.enjo.com\/at-east\/?s={search_term_string}\"},\"query-input\":{\"@type\":\"PropertyValueSpecification\",\"valueRequired\":true,\"valueName\":\"search_term_string\"}}],\"inLanguage\":\"cs\"}]}<\/script>\n<!-- \/ Yoast SEO plugin. -->","yoast_head_json":{"title":"Tkanina Medium - 50232 - ENJO","description":"Tkanina Medium: efektivn\u00ed \u010di\u0161t\u011bn\u00ed n\u00e1bytku, okenn\u00edch r\u00e1m\u016f, dve\u0159\u00ed, \u017ealuzi\u00ed a dal\u0161\u00edch povrch\u016f. Ide\u00e1ln\u00ed pro odstran\u011bn\u00ed odoln\u00fdch ne\u010distot, skvrn.","robots":{"index":"index","follow":"follow","max-snippet":"max-snippet:-1","max-image-preview":"max-image-preview:large","max-video-preview":"max-video-preview:-1"},"canonical":"https:\/\/www.enjo.com\/cz\/tkanina-medium-50232\/","og_locale":"cs_CZ","og_type":"article","og_title":"Tkanina Medium - 50232 - ENJO","og_description":"Tkanina Medium: efektivn\u00ed \u010di\u0161t\u011bn\u00ed n\u00e1bytku, okenn\u00edch r\u00e1m\u016f, dve\u0159\u00ed, \u017ealuzi\u00ed a dal\u0161\u00edch povrch\u016f. Ide\u00e1ln\u00ed pro odstran\u011bn\u00ed odoln\u00fdch ne\u010distot, skvrn.","og_url":"https:\/\/www.enjo.com\/cz\/tkanina-medium-50232\/","og_site_name":"ENJO","article_modified_time":"2026-01-27T08:58:11+00:00","og_image":[{"width":500,"height":500,"url":"https:\/\/www.enjo.com\/wp-content\/uploads\/2023\/10\/social_image.jpg","type":"image\/jpeg"}],"twitter_card":"summary_large_image","schema":{"@context":"https:\/\/schema.org","@graph":[{"@type":"WebPage","@id":"https:\/\/www.enjo.com\/cz\/tkanina-medium-50232\/","url":"https:\/\/www.enjo.com\/cz\/tkanina-medium-50232\/","name":"Tkanina Medium - 50232 - ENJO","isPartOf":{"@id":"https:\/\/www.enjo.com\/at-east\/#website"},"datePublished":"2024-08-31T10:34:06+00:00","dateModified":"2026-01-27T08:58:11+00:00","description":"Tkanina Medium: efektivn\u00ed \u010di\u0161t\u011bn\u00ed n\u00e1bytku, okenn\u00edch r\u00e1m\u016f, dve\u0159\u00ed, \u017ealuzi\u00ed a dal\u0161\u00edch povrch\u016f. Ide\u00e1ln\u00ed pro odstran\u011bn\u00ed odoln\u00fdch ne\u010distot, skvrn.","breadcrumb":{"@id":"https:\/\/www.enjo.com\/cz\/tkanina-medium-50232\/#breadcrumb"},"inLanguage":"cs","potentialAction":[{"@type":"ReadAction","target":["https:\/\/www.enjo.com\/cz\/tkanina-medium-50232\/"]}]},{"@type":"BreadcrumbList","@id":"https:\/\/www.enjo.com\/cz\/tkanina-medium-50232\/#breadcrumb","itemListElement":[{"@type":"ListItem","position":1,"name":"Home","item":"https:\/\/www.enjo.com\/cz\/"},{"@type":"ListItem","position":2,"name":"Tkanina Medium &#8211; 50232"}]},{"@type":"WebSite","@id":"https:\/\/www.enjo.com\/at-east\/#website","url":"https:\/\/www.enjo.com\/at-east\/","name":"ENJO","description":"Clean the World","potentialAction":[{"@type":"SearchAction","target":{"@type":"EntryPoint","urlTemplate":"https:\/\/www.enjo.com\/at-east\/?s={search_term_string}"},"query-input":{"@type":"PropertyValueSpecification","valueRequired":true,"valueName":"search_term_string"}}],"inLanguage":"cs"}]}},"_links":{"self":[{"href":"https:\/\/www.enjo.com\/cz\/wp-json\/wp\/v2\/pages\/115732","targetHints":{"allow":["GET"]}}],"collection":[{"href":"https:\/\/www.enjo.com\/cz\/wp-json\/wp\/v2\/pages"}],"about":[{"href":"https:\/\/www.enjo.com\/cz\/wp-json\/wp\/v2\/types\/page"}],"author":[{"embeddable":true,"href":"https:\/\/www.enjo.com\/cz\/wp-json\/wp\/v2\/users\/365"}],"replies":[{"embeddable":true,"href":"https:\/\/www.enjo.com\/cz\/wp-json\/wp\/v2\/comments?post=115732"}],"version-history":[{"count":10,"href":"https:\/\/www.enjo.com\/cz\/wp-json\/wp\/v2\/pages\/115732\/revisions"}],"predecessor-version":[{"id":119233,"href":"https:\/\/www.enjo.com\/cz\/wp-json\/wp\/v2\/pages\/115732\/revisions\/119233"}],"wp:attachment":[{"href":"https:\/\/www.enjo.com\/cz\/wp-json\/wp\/v2\/media?parent=115732"}],"curies":[{"name":"wp","href":"https:\/\/api.w.org\/{rel}","templated":true}]}}