{"id":115652,"date":"2024-08-30T19:48:08","date_gmt":"2024-08-30T19:48:08","guid":{"rendered":"https:\/\/www.enjo.com\/?page_id=115652"},"modified":"2025-10-05T17:49:43","modified_gmt":"2025-10-05T17:49:43","slug":"podlahove-vlakno-soft-zlute-50405","status":"publish","type":"page","link":"https:\/\/www.enjo.com\/cz\/podlahove-vlakno-soft-zlute-50405\/","title":{"rendered":"PODLAHOV\u00c9 VL\u00c1KNO SOFT &#8211; \u017dLUT\u00c9 &#8211; 50405"},"content":{"rendered":"","protected":false},"excerpt":{"rendered":"","protected":false},"author":365,"featured_media":0,"parent":0,"menu_order":0,"comment_status":"closed","ping_status":"closed","template":"enjo-page-builder.php","meta":{"_acf_changed":false,"footnotes":""},"class_list":["post-115652","page","type-page","status-publish","hentry","no-post-thumbnail"],"acf":[],"yoast_head":"<!-- This site is optimized with the Yoast SEO plugin v24.0 - https:\/\/yoast.com\/wordpress\/plugins\/seo\/ -->\n<title>PODLAHOV\u00c9 VL\u00c1KNO SOFT - \u017dLUT\u00c9 - 50405 - ENJO<\/title>\n<meta name=\"description\" content=\"Podlahov\u00e9 Vl\u00e1kno Soft \u2013 \u017elut\u00e9: jemn\u011b \u010dist\u00ed citliv\u00e9 a matn\u00e9 podlahy, st\u011bny a stropy. Ide\u00e1ln\u00ed pro p\u0159\u00edrodn\u00ed povrchy.\" \/>\n<meta name=\"robots\" content=\"index, follow, max-snippet:-1, max-image-preview:large, max-video-preview:-1\" \/>\n<link rel=\"canonical\" href=\"https:\/\/www.enjo.com\/cz\/podlahove-vlakno-soft-zlute-50405\/\" \/>\n<meta property=\"og:locale\" content=\"cs_CZ\" \/>\n<meta property=\"og:type\" content=\"article\" \/>\n<meta property=\"og:title\" content=\"PODLAHOV\u00c9 VL\u00c1KNO SOFT - \u017dLUT\u00c9 - 50405 - ENJO\" \/>\n<meta property=\"og:description\" content=\"Podlahov\u00e9 Vl\u00e1kno Soft \u2013 \u017elut\u00e9: jemn\u011b \u010dist\u00ed citliv\u00e9 a matn\u00e9 podlahy, st\u011bny a stropy. Ide\u00e1ln\u00ed pro p\u0159\u00edrodn\u00ed povrchy.\" \/>\n<meta property=\"og:url\" content=\"https:\/\/www.enjo.com\/cz\/podlahove-vlakno-soft-zlute-50405\/\" \/>\n<meta property=\"og:site_name\" content=\"ENJO\" \/>\n<meta property=\"article:modified_time\" content=\"2025-10-05T17:49:43+00:00\" \/>\n<meta property=\"og:image\" content=\"https:\/\/www.enjo.com\/wp-content\/uploads\/2023\/10\/social_image.jpg\" \/>\n\t<meta property=\"og:image:width\" content=\"500\" \/>\n\t<meta property=\"og:image:height\" content=\"500\" \/>\n\t<meta property=\"og:image:type\" content=\"image\/jpeg\" \/>\n<meta name=\"twitter:card\" content=\"summary_large_image\" \/>\n<script type=\"application\/ld+json\" class=\"yoast-schema-graph\">{\"@context\":\"https:\/\/schema.org\",\"@graph\":[{\"@type\":\"WebPage\",\"@id\":\"https:\/\/www.enjo.com\/cz\/podlahove-vlakno-soft-zlute-50405\/\",\"url\":\"https:\/\/www.enjo.com\/cz\/podlahove-vlakno-soft-zlute-50405\/\",\"name\":\"PODLAHOV\u00c9 VL\u00c1KNO SOFT - \u017dLUT\u00c9 - 50405 - ENJO\",\"isPartOf\":{\"@id\":\"https:\/\/www.enjo.com\/at-east\/#website\"},\"datePublished\":\"2024-08-30T19:48:08+00:00\",\"dateModified\":\"2025-10-05T17:49:43+00:00\",\"description\":\"Podlahov\u00e9 Vl\u00e1kno Soft \u2013 \u017elut\u00e9: jemn\u011b \u010dist\u00ed citliv\u00e9 a matn\u00e9 podlahy, st\u011bny a stropy. Ide\u00e1ln\u00ed pro p\u0159\u00edrodn\u00ed povrchy.\",\"breadcrumb\":{\"@id\":\"https:\/\/www.enjo.com\/cz\/podlahove-vlakno-soft-zlute-50405\/#breadcrumb\"},\"inLanguage\":\"cs\",\"potentialAction\":[{\"@type\":\"ReadAction\",\"target\":[\"https:\/\/www.enjo.com\/cz\/podlahove-vlakno-soft-zlute-50405\/\"]}]},{\"@type\":\"BreadcrumbList\",\"@id\":\"https:\/\/www.enjo.com\/cz\/podlahove-vlakno-soft-zlute-50405\/#breadcrumb\",\"itemListElement\":[{\"@type\":\"ListItem\",\"position\":1,\"name\":\"Home\",\"item\":\"https:\/\/www.enjo.com\/cz\/\"},{\"@type\":\"ListItem\",\"position\":2,\"name\":\"PODLAHOV\u00c9 VL\u00c1KNO SOFT &#8211; \u017dLUT\u00c9 &#8211; 50405\"}]},{\"@type\":\"WebSite\",\"@id\":\"https:\/\/www.enjo.com\/at-east\/#website\",\"url\":\"https:\/\/www.enjo.com\/at-east\/\",\"name\":\"ENJO\",\"description\":\"Clean the World\",\"potentialAction\":[{\"@type\":\"SearchAction\",\"target\":{\"@type\":\"EntryPoint\",\"urlTemplate\":\"https:\/\/www.enjo.com\/at-east\/?s={search_term_string}\"},\"query-input\":{\"@type\":\"PropertyValueSpecification\",\"valueRequired\":true,\"valueName\":\"search_term_string\"}}],\"inLanguage\":\"cs\"}]}<\/script>\n<!-- \/ Yoast SEO plugin. -->","yoast_head_json":{"title":"PODLAHOV\u00c9 VL\u00c1KNO SOFT - \u017dLUT\u00c9 - 50405 - ENJO","description":"Podlahov\u00e9 Vl\u00e1kno Soft \u2013 \u017elut\u00e9: jemn\u011b \u010dist\u00ed citliv\u00e9 a matn\u00e9 podlahy, st\u011bny a stropy. Ide\u00e1ln\u00ed pro p\u0159\u00edrodn\u00ed povrchy.","robots":{"index":"index","follow":"follow","max-snippet":"max-snippet:-1","max-image-preview":"max-image-preview:large","max-video-preview":"max-video-preview:-1"},"canonical":"https:\/\/www.enjo.com\/cz\/podlahove-vlakno-soft-zlute-50405\/","og_locale":"cs_CZ","og_type":"article","og_title":"PODLAHOV\u00c9 VL\u00c1KNO SOFT - \u017dLUT\u00c9 - 50405 - ENJO","og_description":"Podlahov\u00e9 Vl\u00e1kno Soft \u2013 \u017elut\u00e9: jemn\u011b \u010dist\u00ed citliv\u00e9 a matn\u00e9 podlahy, st\u011bny a stropy. Ide\u00e1ln\u00ed pro p\u0159\u00edrodn\u00ed povrchy.","og_url":"https:\/\/www.enjo.com\/cz\/podlahove-vlakno-soft-zlute-50405\/","og_site_name":"ENJO","article_modified_time":"2025-10-05T17:49:43+00:00","og_image":[{"width":500,"height":500,"url":"https:\/\/www.enjo.com\/wp-content\/uploads\/2023\/10\/social_image.jpg","type":"image\/jpeg"}],"twitter_card":"summary_large_image","schema":{"@context":"https:\/\/schema.org","@graph":[{"@type":"WebPage","@id":"https:\/\/www.enjo.com\/cz\/podlahove-vlakno-soft-zlute-50405\/","url":"https:\/\/www.enjo.com\/cz\/podlahove-vlakno-soft-zlute-50405\/","name":"PODLAHOV\u00c9 VL\u00c1KNO SOFT - \u017dLUT\u00c9 - 50405 - ENJO","isPartOf":{"@id":"https:\/\/www.enjo.com\/at-east\/#website"},"datePublished":"2024-08-30T19:48:08+00:00","dateModified":"2025-10-05T17:49:43+00:00","description":"Podlahov\u00e9 Vl\u00e1kno Soft \u2013 \u017elut\u00e9: jemn\u011b \u010dist\u00ed citliv\u00e9 a matn\u00e9 podlahy, st\u011bny a stropy. Ide\u00e1ln\u00ed pro p\u0159\u00edrodn\u00ed povrchy.","breadcrumb":{"@id":"https:\/\/www.enjo.com\/cz\/podlahove-vlakno-soft-zlute-50405\/#breadcrumb"},"inLanguage":"cs","potentialAction":[{"@type":"ReadAction","target":["https:\/\/www.enjo.com\/cz\/podlahove-vlakno-soft-zlute-50405\/"]}]},{"@type":"BreadcrumbList","@id":"https:\/\/www.enjo.com\/cz\/podlahove-vlakno-soft-zlute-50405\/#breadcrumb","itemListElement":[{"@type":"ListItem","position":1,"name":"Home","item":"https:\/\/www.enjo.com\/cz\/"},{"@type":"ListItem","position":2,"name":"PODLAHOV\u00c9 VL\u00c1KNO SOFT &#8211; \u017dLUT\u00c9 &#8211; 50405"}]},{"@type":"WebSite","@id":"https:\/\/www.enjo.com\/at-east\/#website","url":"https:\/\/www.enjo.com\/at-east\/","name":"ENJO","description":"Clean the World","potentialAction":[{"@type":"SearchAction","target":{"@type":"EntryPoint","urlTemplate":"https:\/\/www.enjo.com\/at-east\/?s={search_term_string}"},"query-input":{"@type":"PropertyValueSpecification","valueRequired":true,"valueName":"search_term_string"}}],"inLanguage":"cs"}]}},"_links":{"self":[{"href":"https:\/\/www.enjo.com\/cz\/wp-json\/wp\/v2\/pages\/115652","targetHints":{"allow":["GET"]}}],"collection":[{"href":"https:\/\/www.enjo.com\/cz\/wp-json\/wp\/v2\/pages"}],"about":[{"href":"https:\/\/www.enjo.com\/cz\/wp-json\/wp\/v2\/types\/page"}],"author":[{"embeddable":true,"href":"https:\/\/www.enjo.com\/cz\/wp-json\/wp\/v2\/users\/365"}],"replies":[{"embeddable":true,"href":"https:\/\/www.enjo.com\/cz\/wp-json\/wp\/v2\/comments?post=115652"}],"version-history":[{"count":10,"href":"https:\/\/www.enjo.com\/cz\/wp-json\/wp\/v2\/pages\/115652\/revisions"}],"predecessor-version":[{"id":118781,"href":"https:\/\/www.enjo.com\/cz\/wp-json\/wp\/v2\/pages\/115652\/revisions\/118781"}],"wp:attachment":[{"href":"https:\/\/www.enjo.com\/cz\/wp-json\/wp\/v2\/media?parent=115652"}],"curies":[{"name":"wp","href":"https:\/\/api.w.org\/{rel}","templated":true}]}}