{"id":115633,"date":"2024-08-30T17:28:05","date_gmt":"2024-08-30T17:28:05","guid":{"rendered":"https:\/\/www.enjo.com\/?page_id=115633"},"modified":"2025-10-06T12:56:20","modified_gmt":"2025-10-06T12:56:20","slug":"mini-tkanina-pro-mazlicky-50720","status":"publish","type":"page","link":"https:\/\/www.enjo.com\/cz\/mini-tkanina-pro-mazlicky-50720\/","title":{"rendered":"MINI TKANINA PRO MAZL\u00cd\u010cKY 12 \u00d7 12 cm &#8211; 50720"},"content":{"rendered":"","protected":false},"excerpt":{"rendered":"","protected":false},"author":365,"featured_media":0,"parent":0,"menu_order":0,"comment_status":"closed","ping_status":"closed","template":"enjo-page-builder.php","meta":{"_acf_changed":false,"footnotes":""},"class_list":["post-115633","page","type-page","status-publish","hentry","no-post-thumbnail"],"acf":[],"yoast_head":"<!-- This site is optimized with the Yoast SEO plugin v24.0 - https:\/\/yoast.com\/wordpress\/plugins\/seo\/ -->\n<title>MINI TKANINA PRO MAZL\u00cd\u010cKY 12 \u00d7 12 cm - 50720 - ENJO<\/title>\n<meta name=\"description\" content=\"Mini tkanina pro mazl\u00ed\u010dky \u0161etrn\u011b \u010dist\u00ed o\u010di a u\u0161i va\u0161ich zv\u00ed\u0159\u00e1tek. Ide\u00e1ln\u00ed pro jemnou p\u00e9\u010di o citliv\u00e9 oblasti.\" \/>\n<meta name=\"robots\" content=\"index, follow, max-snippet:-1, max-image-preview:large, max-video-preview:-1\" \/>\n<link rel=\"canonical\" href=\"https:\/\/www.enjo.com\/cz\/mini-tkanina-pro-mazlicky-50720\/\" \/>\n<meta property=\"og:locale\" content=\"cs_CZ\" \/>\n<meta property=\"og:type\" content=\"article\" \/>\n<meta property=\"og:title\" content=\"MINI TKANINA PRO MAZL\u00cd\u010cKY 12 \u00d7 12 cm - 50720 - ENJO\" \/>\n<meta property=\"og:description\" content=\"Mini tkanina pro mazl\u00ed\u010dky \u0161etrn\u011b \u010dist\u00ed o\u010di a u\u0161i va\u0161ich zv\u00ed\u0159\u00e1tek. Ide\u00e1ln\u00ed pro jemnou p\u00e9\u010di o citliv\u00e9 oblasti.\" \/>\n<meta property=\"og:url\" content=\"https:\/\/www.enjo.com\/cz\/mini-tkanina-pro-mazlicky-50720\/\" \/>\n<meta property=\"og:site_name\" content=\"ENJO\" \/>\n<meta property=\"article:modified_time\" content=\"2025-10-06T12:56:20+00:00\" \/>\n<meta property=\"og:image\" content=\"https:\/\/www.enjo.com\/wp-content\/uploads\/2023\/10\/social_image.jpg\" \/>\n\t<meta property=\"og:image:width\" content=\"500\" \/>\n\t<meta property=\"og:image:height\" content=\"500\" \/>\n\t<meta property=\"og:image:type\" content=\"image\/jpeg\" \/>\n<meta name=\"twitter:card\" content=\"summary_large_image\" \/>\n<script type=\"application\/ld+json\" class=\"yoast-schema-graph\">{\"@context\":\"https:\/\/schema.org\",\"@graph\":[{\"@type\":\"WebPage\",\"@id\":\"https:\/\/www.enjo.com\/cz\/mini-tkanina-pro-mazlicky-50720\/\",\"url\":\"https:\/\/www.enjo.com\/cz\/mini-tkanina-pro-mazlicky-50720\/\",\"name\":\"MINI TKANINA PRO MAZL\u00cd\u010cKY 12 \u00d7 12 cm - 50720 - ENJO\",\"isPartOf\":{\"@id\":\"https:\/\/www.enjo.com\/at-east\/#website\"},\"datePublished\":\"2024-08-30T17:28:05+00:00\",\"dateModified\":\"2025-10-06T12:56:20+00:00\",\"description\":\"Mini tkanina pro mazl\u00ed\u010dky \u0161etrn\u011b \u010dist\u00ed o\u010di a u\u0161i va\u0161ich zv\u00ed\u0159\u00e1tek. Ide\u00e1ln\u00ed pro jemnou p\u00e9\u010di o citliv\u00e9 oblasti.\",\"breadcrumb\":{\"@id\":\"https:\/\/www.enjo.com\/cz\/mini-tkanina-pro-mazlicky-50720\/#breadcrumb\"},\"inLanguage\":\"cs\",\"potentialAction\":[{\"@type\":\"ReadAction\",\"target\":[\"https:\/\/www.enjo.com\/cz\/mini-tkanina-pro-mazlicky-50720\/\"]}]},{\"@type\":\"BreadcrumbList\",\"@id\":\"https:\/\/www.enjo.com\/cz\/mini-tkanina-pro-mazlicky-50720\/#breadcrumb\",\"itemListElement\":[{\"@type\":\"ListItem\",\"position\":1,\"name\":\"Home\",\"item\":\"https:\/\/www.enjo.com\/cz\/\"},{\"@type\":\"ListItem\",\"position\":2,\"name\":\"MINI TKANINA PRO MAZL\u00cd\u010cKY 12 \u00d7 12 cm &#8211; 50720\"}]},{\"@type\":\"WebSite\",\"@id\":\"https:\/\/www.enjo.com\/at-east\/#website\",\"url\":\"https:\/\/www.enjo.com\/at-east\/\",\"name\":\"ENJO\",\"description\":\"Clean the World\",\"potentialAction\":[{\"@type\":\"SearchAction\",\"target\":{\"@type\":\"EntryPoint\",\"urlTemplate\":\"https:\/\/www.enjo.com\/at-east\/?s={search_term_string}\"},\"query-input\":{\"@type\":\"PropertyValueSpecification\",\"valueRequired\":true,\"valueName\":\"search_term_string\"}}],\"inLanguage\":\"cs\"}]}<\/script>\n<!-- \/ Yoast SEO plugin. -->","yoast_head_json":{"title":"MINI TKANINA PRO MAZL\u00cd\u010cKY 12 \u00d7 12 cm - 50720 - ENJO","description":"Mini tkanina pro mazl\u00ed\u010dky \u0161etrn\u011b \u010dist\u00ed o\u010di a u\u0161i va\u0161ich zv\u00ed\u0159\u00e1tek. Ide\u00e1ln\u00ed pro jemnou p\u00e9\u010di o citliv\u00e9 oblasti.","robots":{"index":"index","follow":"follow","max-snippet":"max-snippet:-1","max-image-preview":"max-image-preview:large","max-video-preview":"max-video-preview:-1"},"canonical":"https:\/\/www.enjo.com\/cz\/mini-tkanina-pro-mazlicky-50720\/","og_locale":"cs_CZ","og_type":"article","og_title":"MINI TKANINA PRO MAZL\u00cd\u010cKY 12 \u00d7 12 cm - 50720 - ENJO","og_description":"Mini tkanina pro mazl\u00ed\u010dky \u0161etrn\u011b \u010dist\u00ed o\u010di a u\u0161i va\u0161ich zv\u00ed\u0159\u00e1tek. Ide\u00e1ln\u00ed pro jemnou p\u00e9\u010di o citliv\u00e9 oblasti.","og_url":"https:\/\/www.enjo.com\/cz\/mini-tkanina-pro-mazlicky-50720\/","og_site_name":"ENJO","article_modified_time":"2025-10-06T12:56:20+00:00","og_image":[{"width":500,"height":500,"url":"https:\/\/www.enjo.com\/wp-content\/uploads\/2023\/10\/social_image.jpg","type":"image\/jpeg"}],"twitter_card":"summary_large_image","schema":{"@context":"https:\/\/schema.org","@graph":[{"@type":"WebPage","@id":"https:\/\/www.enjo.com\/cz\/mini-tkanina-pro-mazlicky-50720\/","url":"https:\/\/www.enjo.com\/cz\/mini-tkanina-pro-mazlicky-50720\/","name":"MINI TKANINA PRO MAZL\u00cd\u010cKY 12 \u00d7 12 cm - 50720 - ENJO","isPartOf":{"@id":"https:\/\/www.enjo.com\/at-east\/#website"},"datePublished":"2024-08-30T17:28:05+00:00","dateModified":"2025-10-06T12:56:20+00:00","description":"Mini tkanina pro mazl\u00ed\u010dky \u0161etrn\u011b \u010dist\u00ed o\u010di a u\u0161i va\u0161ich zv\u00ed\u0159\u00e1tek. Ide\u00e1ln\u00ed pro jemnou p\u00e9\u010di o citliv\u00e9 oblasti.","breadcrumb":{"@id":"https:\/\/www.enjo.com\/cz\/mini-tkanina-pro-mazlicky-50720\/#breadcrumb"},"inLanguage":"cs","potentialAction":[{"@type":"ReadAction","target":["https:\/\/www.enjo.com\/cz\/mini-tkanina-pro-mazlicky-50720\/"]}]},{"@type":"BreadcrumbList","@id":"https:\/\/www.enjo.com\/cz\/mini-tkanina-pro-mazlicky-50720\/#breadcrumb","itemListElement":[{"@type":"ListItem","position":1,"name":"Home","item":"https:\/\/www.enjo.com\/cz\/"},{"@type":"ListItem","position":2,"name":"MINI TKANINA PRO MAZL\u00cd\u010cKY 12 \u00d7 12 cm &#8211; 50720"}]},{"@type":"WebSite","@id":"https:\/\/www.enjo.com\/at-east\/#website","url":"https:\/\/www.enjo.com\/at-east\/","name":"ENJO","description":"Clean the World","potentialAction":[{"@type":"SearchAction","target":{"@type":"EntryPoint","urlTemplate":"https:\/\/www.enjo.com\/at-east\/?s={search_term_string}"},"query-input":{"@type":"PropertyValueSpecification","valueRequired":true,"valueName":"search_term_string"}}],"inLanguage":"cs"}]}},"_links":{"self":[{"href":"https:\/\/www.enjo.com\/cz\/wp-json\/wp\/v2\/pages\/115633","targetHints":{"allow":["GET"]}}],"collection":[{"href":"https:\/\/www.enjo.com\/cz\/wp-json\/wp\/v2\/pages"}],"about":[{"href":"https:\/\/www.enjo.com\/cz\/wp-json\/wp\/v2\/types\/page"}],"author":[{"embeddable":true,"href":"https:\/\/www.enjo.com\/cz\/wp-json\/wp\/v2\/users\/365"}],"replies":[{"embeddable":true,"href":"https:\/\/www.enjo.com\/cz\/wp-json\/wp\/v2\/comments?post=115633"}],"version-history":[{"count":10,"href":"https:\/\/www.enjo.com\/cz\/wp-json\/wp\/v2\/pages\/115633\/revisions"}],"predecessor-version":[{"id":118811,"href":"https:\/\/www.enjo.com\/cz\/wp-json\/wp\/v2\/pages\/115633\/revisions\/118811"}],"wp:attachment":[{"href":"https:\/\/www.enjo.com\/cz\/wp-json\/wp\/v2\/media?parent=115633"}],"curies":[{"name":"wp","href":"https:\/\/api.w.org\/{rel}","templated":true}]}}