{"id":115575,"date":"2024-08-30T14:35:00","date_gmt":"2024-08-30T14:35:00","guid":{"rendered":"https:\/\/www.enjo.com\/?page_id=115575"},"modified":"2025-10-06T12:38:33","modified_gmt":"2025-10-06T12:38:33","slug":"oblicejove-tampony-balmy-breeze-set6ks-15621","status":"publish","type":"page","link":"https:\/\/www.enjo.com\/cz\/oblicejove-tampony-balmy-breeze-set6ks-15621\/","title":{"rendered":"OBLI\u010cEJOV\u00c9 TAMPONY BALMY BREEZE (Set 6 ks)"},"content":{"rendered":"","protected":false},"excerpt":{"rendered":"","protected":false},"author":365,"featured_media":0,"parent":0,"menu_order":0,"comment_status":"closed","ping_status":"closed","template":"enjo-page-builder.php","meta":{"_acf_changed":false,"footnotes":""},"class_list":["post-115575","page","type-page","status-publish","hentry","no-post-thumbnail"],"acf":[],"yoast_head":"<!-- This site is optimized with the Yoast SEO plugin v24.0 - https:\/\/yoast.com\/wordpress\/plugins\/seo\/ -->\n<title>OBLI\u010cEJOV\u00c9 TAMPONY BALMY BREEZE (Set 6 ks) - ENJO<\/title>\n<meta name=\"description\" content=\"ENJO obli\u010dejov\u00e9 tampony (set 6 ks) nahrazuj\u00ed tis\u00edce jednor\u00e1zov\u00fdch tampon\u016f. Jemn\u011b \u010dist\u00ed ple\u0165 a o\u010dn\u00ed okol\u00ed, ide\u00e1ln\u00ed pro citlivou poko\u017eku.\" \/>\n<meta name=\"robots\" content=\"index, follow, max-snippet:-1, max-image-preview:large, max-video-preview:-1\" \/>\n<link rel=\"canonical\" href=\"https:\/\/www.enjo.com\/cz\/oblicejove-tampony-balmy-breeze-set6ks-15621\/\" \/>\n<meta property=\"og:locale\" content=\"cs_CZ\" \/>\n<meta property=\"og:type\" content=\"article\" \/>\n<meta property=\"og:title\" content=\"OBLI\u010cEJOV\u00c9 TAMPONY BALMY BREEZE (Set 6 ks) - ENJO\" \/>\n<meta property=\"og:description\" content=\"ENJO obli\u010dejov\u00e9 tampony (set 6 ks) nahrazuj\u00ed tis\u00edce jednor\u00e1zov\u00fdch tampon\u016f. Jemn\u011b \u010dist\u00ed ple\u0165 a o\u010dn\u00ed okol\u00ed, ide\u00e1ln\u00ed pro citlivou poko\u017eku.\" \/>\n<meta property=\"og:url\" content=\"https:\/\/www.enjo.com\/cz\/oblicejove-tampony-balmy-breeze-set6ks-15621\/\" \/>\n<meta property=\"og:site_name\" content=\"ENJO\" \/>\n<meta property=\"article:modified_time\" content=\"2025-10-06T12:38:33+00:00\" \/>\n<meta property=\"og:image\" content=\"https:\/\/www.enjo.com\/wp-content\/uploads\/2023\/10\/social_image.jpg\" \/>\n\t<meta property=\"og:image:width\" content=\"500\" \/>\n\t<meta property=\"og:image:height\" content=\"500\" \/>\n\t<meta property=\"og:image:type\" content=\"image\/jpeg\" \/>\n<meta name=\"twitter:card\" content=\"summary_large_image\" \/>\n<script type=\"application\/ld+json\" class=\"yoast-schema-graph\">{\"@context\":\"https:\/\/schema.org\",\"@graph\":[{\"@type\":\"WebPage\",\"@id\":\"https:\/\/www.enjo.com\/cz\/oblicejove-tampony-balmy-breeze-set6ks-15621\/\",\"url\":\"https:\/\/www.enjo.com\/cz\/oblicejove-tampony-balmy-breeze-set6ks-15621\/\",\"name\":\"OBLI\u010cEJOV\u00c9 TAMPONY BALMY BREEZE (Set 6 ks) - ENJO\",\"isPartOf\":{\"@id\":\"https:\/\/www.enjo.com\/at-east\/#website\"},\"datePublished\":\"2024-08-30T14:35:00+00:00\",\"dateModified\":\"2025-10-06T12:38:33+00:00\",\"description\":\"ENJO obli\u010dejov\u00e9 tampony (set 6 ks) nahrazuj\u00ed tis\u00edce jednor\u00e1zov\u00fdch tampon\u016f. Jemn\u011b \u010dist\u00ed ple\u0165 a o\u010dn\u00ed okol\u00ed, ide\u00e1ln\u00ed pro citlivou poko\u017eku.\",\"breadcrumb\":{\"@id\":\"https:\/\/www.enjo.com\/cz\/oblicejove-tampony-balmy-breeze-set6ks-15621\/#breadcrumb\"},\"inLanguage\":\"cs\",\"potentialAction\":[{\"@type\":\"ReadAction\",\"target\":[\"https:\/\/www.enjo.com\/cz\/oblicejove-tampony-balmy-breeze-set6ks-15621\/\"]}]},{\"@type\":\"BreadcrumbList\",\"@id\":\"https:\/\/www.enjo.com\/cz\/oblicejove-tampony-balmy-breeze-set6ks-15621\/#breadcrumb\",\"itemListElement\":[{\"@type\":\"ListItem\",\"position\":1,\"name\":\"Home\",\"item\":\"https:\/\/www.enjo.com\/cz\/\"},{\"@type\":\"ListItem\",\"position\":2,\"name\":\"OBLI\u010cEJOV\u00c9 TAMPONY BALMY BREEZE (Set 6 ks)\"}]},{\"@type\":\"WebSite\",\"@id\":\"https:\/\/www.enjo.com\/at-east\/#website\",\"url\":\"https:\/\/www.enjo.com\/at-east\/\",\"name\":\"ENJO\",\"description\":\"Clean the World\",\"potentialAction\":[{\"@type\":\"SearchAction\",\"target\":{\"@type\":\"EntryPoint\",\"urlTemplate\":\"https:\/\/www.enjo.com\/at-east\/?s={search_term_string}\"},\"query-input\":{\"@type\":\"PropertyValueSpecification\",\"valueRequired\":true,\"valueName\":\"search_term_string\"}}],\"inLanguage\":\"cs\"}]}<\/script>\n<!-- \/ Yoast SEO plugin. -->","yoast_head_json":{"title":"OBLI\u010cEJOV\u00c9 TAMPONY BALMY BREEZE (Set 6 ks) - ENJO","description":"ENJO obli\u010dejov\u00e9 tampony (set 6 ks) nahrazuj\u00ed tis\u00edce jednor\u00e1zov\u00fdch tampon\u016f. Jemn\u011b \u010dist\u00ed ple\u0165 a o\u010dn\u00ed okol\u00ed, ide\u00e1ln\u00ed pro citlivou poko\u017eku.","robots":{"index":"index","follow":"follow","max-snippet":"max-snippet:-1","max-image-preview":"max-image-preview:large","max-video-preview":"max-video-preview:-1"},"canonical":"https:\/\/www.enjo.com\/cz\/oblicejove-tampony-balmy-breeze-set6ks-15621\/","og_locale":"cs_CZ","og_type":"article","og_title":"OBLI\u010cEJOV\u00c9 TAMPONY BALMY BREEZE (Set 6 ks) - ENJO","og_description":"ENJO obli\u010dejov\u00e9 tampony (set 6 ks) nahrazuj\u00ed tis\u00edce jednor\u00e1zov\u00fdch tampon\u016f. Jemn\u011b \u010dist\u00ed ple\u0165 a o\u010dn\u00ed okol\u00ed, ide\u00e1ln\u00ed pro citlivou poko\u017eku.","og_url":"https:\/\/www.enjo.com\/cz\/oblicejove-tampony-balmy-breeze-set6ks-15621\/","og_site_name":"ENJO","article_modified_time":"2025-10-06T12:38:33+00:00","og_image":[{"width":500,"height":500,"url":"https:\/\/www.enjo.com\/wp-content\/uploads\/2023\/10\/social_image.jpg","type":"image\/jpeg"}],"twitter_card":"summary_large_image","schema":{"@context":"https:\/\/schema.org","@graph":[{"@type":"WebPage","@id":"https:\/\/www.enjo.com\/cz\/oblicejove-tampony-balmy-breeze-set6ks-15621\/","url":"https:\/\/www.enjo.com\/cz\/oblicejove-tampony-balmy-breeze-set6ks-15621\/","name":"OBLI\u010cEJOV\u00c9 TAMPONY BALMY BREEZE (Set 6 ks) - ENJO","isPartOf":{"@id":"https:\/\/www.enjo.com\/at-east\/#website"},"datePublished":"2024-08-30T14:35:00+00:00","dateModified":"2025-10-06T12:38:33+00:00","description":"ENJO obli\u010dejov\u00e9 tampony (set 6 ks) nahrazuj\u00ed tis\u00edce jednor\u00e1zov\u00fdch tampon\u016f. Jemn\u011b \u010dist\u00ed ple\u0165 a o\u010dn\u00ed okol\u00ed, ide\u00e1ln\u00ed pro citlivou poko\u017eku.","breadcrumb":{"@id":"https:\/\/www.enjo.com\/cz\/oblicejove-tampony-balmy-breeze-set6ks-15621\/#breadcrumb"},"inLanguage":"cs","potentialAction":[{"@type":"ReadAction","target":["https:\/\/www.enjo.com\/cz\/oblicejove-tampony-balmy-breeze-set6ks-15621\/"]}]},{"@type":"BreadcrumbList","@id":"https:\/\/www.enjo.com\/cz\/oblicejove-tampony-balmy-breeze-set6ks-15621\/#breadcrumb","itemListElement":[{"@type":"ListItem","position":1,"name":"Home","item":"https:\/\/www.enjo.com\/cz\/"},{"@type":"ListItem","position":2,"name":"OBLI\u010cEJOV\u00c9 TAMPONY BALMY BREEZE (Set 6 ks)"}]},{"@type":"WebSite","@id":"https:\/\/www.enjo.com\/at-east\/#website","url":"https:\/\/www.enjo.com\/at-east\/","name":"ENJO","description":"Clean the World","potentialAction":[{"@type":"SearchAction","target":{"@type":"EntryPoint","urlTemplate":"https:\/\/www.enjo.com\/at-east\/?s={search_term_string}"},"query-input":{"@type":"PropertyValueSpecification","valueRequired":true,"valueName":"search_term_string"}}],"inLanguage":"cs"}]}},"_links":{"self":[{"href":"https:\/\/www.enjo.com\/cz\/wp-json\/wp\/v2\/pages\/115575","targetHints":{"allow":["GET"]}}],"collection":[{"href":"https:\/\/www.enjo.com\/cz\/wp-json\/wp\/v2\/pages"}],"about":[{"href":"https:\/\/www.enjo.com\/cz\/wp-json\/wp\/v2\/types\/page"}],"author":[{"embeddable":true,"href":"https:\/\/www.enjo.com\/cz\/wp-json\/wp\/v2\/users\/365"}],"replies":[{"embeddable":true,"href":"https:\/\/www.enjo.com\/cz\/wp-json\/wp\/v2\/comments?post=115575"}],"version-history":[{"count":10,"href":"https:\/\/www.enjo.com\/cz\/wp-json\/wp\/v2\/pages\/115575\/revisions"}],"predecessor-version":[{"id":118805,"href":"https:\/\/www.enjo.com\/cz\/wp-json\/wp\/v2\/pages\/115575\/revisions\/118805"}],"wp:attachment":[{"href":"https:\/\/www.enjo.com\/cz\/wp-json\/wp\/v2\/media?parent=115575"}],"curies":[{"name":"wp","href":"https:\/\/api.w.org\/{rel}","templated":true}]}}