{"id":115529,"date":"2024-08-30T09:28:03","date_gmt":"2024-08-30T09:28:03","guid":{"rendered":"https:\/\/www.enjo.com\/?page_id=115529"},"modified":"2025-10-02T17:11:36","modified_gmt":"2025-10-02T17:11:36","slug":"marble-power-cistici-pasta","status":"publish","type":"page","link":"https:\/\/www.enjo.com\/cz\/marble-power-cistici-pasta\/","title":{"rendered":"Marble Power. \u010cistic\u00ed Pasta"},"content":{"rendered":"","protected":false},"excerpt":{"rendered":"","protected":false},"author":365,"featured_media":0,"parent":0,"menu_order":0,"comment_status":"closed","ping_status":"closed","template":"enjo-page-builder.php","meta":{"_acf_changed":false,"footnotes":""},"class_list":["post-115529","page","type-page","status-publish","hentry","no-post-thumbnail"],"acf":[],"yoast_head":"<!-- This site is optimized with the Yoast SEO plugin v24.0 - https:\/\/yoast.com\/wordpress\/plugins\/seo\/ -->\n<title>Marble Power. \u010cistic\u00ed Pasta - ENJO<\/title>\n<meta name=\"description\" content=\"Marble Power. \u010cistic\u00ed pasta spojuje jemn\u011b mlet\u00fd mramor a k\u0159\u00eddu, efektivn\u011b \u010dist\u00ed keramiku, nerezovou ocel, trouby a dal\u0161\u00ed povrchy.\" \/>\n<meta name=\"robots\" content=\"index, follow, max-snippet:-1, max-image-preview:large, max-video-preview:-1\" \/>\n<link rel=\"canonical\" href=\"https:\/\/www.enjo.com\/cz\/marble-power-cistici-pasta\/\" \/>\n<meta property=\"og:locale\" content=\"cs_CZ\" \/>\n<meta property=\"og:type\" content=\"article\" \/>\n<meta property=\"og:title\" content=\"Marble Power. \u010cistic\u00ed Pasta - ENJO\" \/>\n<meta property=\"og:description\" content=\"Marble Power. \u010cistic\u00ed pasta spojuje jemn\u011b mlet\u00fd mramor a k\u0159\u00eddu, efektivn\u011b \u010dist\u00ed keramiku, nerezovou ocel, trouby a dal\u0161\u00ed povrchy.\" \/>\n<meta property=\"og:url\" content=\"https:\/\/www.enjo.com\/cz\/marble-power-cistici-pasta\/\" \/>\n<meta property=\"og:site_name\" content=\"ENJO\" \/>\n<meta property=\"article:modified_time\" content=\"2025-10-02T17:11:36+00:00\" \/>\n<meta property=\"og:image\" content=\"https:\/\/www.enjo.com\/wp-content\/uploads\/2023\/10\/social_image.jpg\" \/>\n\t<meta property=\"og:image:width\" content=\"500\" \/>\n\t<meta property=\"og:image:height\" content=\"500\" \/>\n\t<meta property=\"og:image:type\" content=\"image\/jpeg\" \/>\n<meta name=\"twitter:card\" content=\"summary_large_image\" \/>\n<script type=\"application\/ld+json\" class=\"yoast-schema-graph\">{\"@context\":\"https:\/\/schema.org\",\"@graph\":[{\"@type\":\"WebPage\",\"@id\":\"https:\/\/www.enjo.com\/cz\/marble-power-cistici-pasta\/\",\"url\":\"https:\/\/www.enjo.com\/cz\/marble-power-cistici-pasta\/\",\"name\":\"Marble Power. \u010cistic\u00ed Pasta - ENJO\",\"isPartOf\":{\"@id\":\"https:\/\/www.enjo.com\/at-east\/#website\"},\"datePublished\":\"2024-08-30T09:28:03+00:00\",\"dateModified\":\"2025-10-02T17:11:36+00:00\",\"description\":\"Marble Power. \u010cistic\u00ed pasta spojuje jemn\u011b mlet\u00fd mramor a k\u0159\u00eddu, efektivn\u011b \u010dist\u00ed keramiku, nerezovou ocel, trouby a dal\u0161\u00ed povrchy.\",\"breadcrumb\":{\"@id\":\"https:\/\/www.enjo.com\/cz\/marble-power-cistici-pasta\/#breadcrumb\"},\"inLanguage\":\"cs\",\"potentialAction\":[{\"@type\":\"ReadAction\",\"target\":[\"https:\/\/www.enjo.com\/cz\/marble-power-cistici-pasta\/\"]}]},{\"@type\":\"BreadcrumbList\",\"@id\":\"https:\/\/www.enjo.com\/cz\/marble-power-cistici-pasta\/#breadcrumb\",\"itemListElement\":[{\"@type\":\"ListItem\",\"position\":1,\"name\":\"Home\",\"item\":\"https:\/\/www.enjo.com\/cz\/\"},{\"@type\":\"ListItem\",\"position\":2,\"name\":\"Marble Power. \u010cistic\u00ed Pasta\"}]},{\"@type\":\"WebSite\",\"@id\":\"https:\/\/www.enjo.com\/at-east\/#website\",\"url\":\"https:\/\/www.enjo.com\/at-east\/\",\"name\":\"ENJO\",\"description\":\"Clean the World\",\"potentialAction\":[{\"@type\":\"SearchAction\",\"target\":{\"@type\":\"EntryPoint\",\"urlTemplate\":\"https:\/\/www.enjo.com\/at-east\/?s={search_term_string}\"},\"query-input\":{\"@type\":\"PropertyValueSpecification\",\"valueRequired\":true,\"valueName\":\"search_term_string\"}}],\"inLanguage\":\"cs\"}]}<\/script>\n<!-- \/ Yoast SEO plugin. -->","yoast_head_json":{"title":"Marble Power. \u010cistic\u00ed Pasta - ENJO","description":"Marble Power. \u010cistic\u00ed pasta spojuje jemn\u011b mlet\u00fd mramor a k\u0159\u00eddu, efektivn\u011b \u010dist\u00ed keramiku, nerezovou ocel, trouby a dal\u0161\u00ed povrchy.","robots":{"index":"index","follow":"follow","max-snippet":"max-snippet:-1","max-image-preview":"max-image-preview:large","max-video-preview":"max-video-preview:-1"},"canonical":"https:\/\/www.enjo.com\/cz\/marble-power-cistici-pasta\/","og_locale":"cs_CZ","og_type":"article","og_title":"Marble Power. \u010cistic\u00ed Pasta - ENJO","og_description":"Marble Power. \u010cistic\u00ed pasta spojuje jemn\u011b mlet\u00fd mramor a k\u0159\u00eddu, efektivn\u011b \u010dist\u00ed keramiku, nerezovou ocel, trouby a dal\u0161\u00ed povrchy.","og_url":"https:\/\/www.enjo.com\/cz\/marble-power-cistici-pasta\/","og_site_name":"ENJO","article_modified_time":"2025-10-02T17:11:36+00:00","og_image":[{"width":500,"height":500,"url":"https:\/\/www.enjo.com\/wp-content\/uploads\/2023\/10\/social_image.jpg","type":"image\/jpeg"}],"twitter_card":"summary_large_image","schema":{"@context":"https:\/\/schema.org","@graph":[{"@type":"WebPage","@id":"https:\/\/www.enjo.com\/cz\/marble-power-cistici-pasta\/","url":"https:\/\/www.enjo.com\/cz\/marble-power-cistici-pasta\/","name":"Marble Power. \u010cistic\u00ed Pasta - ENJO","isPartOf":{"@id":"https:\/\/www.enjo.com\/at-east\/#website"},"datePublished":"2024-08-30T09:28:03+00:00","dateModified":"2025-10-02T17:11:36+00:00","description":"Marble Power. \u010cistic\u00ed pasta spojuje jemn\u011b mlet\u00fd mramor a k\u0159\u00eddu, efektivn\u011b \u010dist\u00ed keramiku, nerezovou ocel, trouby a dal\u0161\u00ed povrchy.","breadcrumb":{"@id":"https:\/\/www.enjo.com\/cz\/marble-power-cistici-pasta\/#breadcrumb"},"inLanguage":"cs","potentialAction":[{"@type":"ReadAction","target":["https:\/\/www.enjo.com\/cz\/marble-power-cistici-pasta\/"]}]},{"@type":"BreadcrumbList","@id":"https:\/\/www.enjo.com\/cz\/marble-power-cistici-pasta\/#breadcrumb","itemListElement":[{"@type":"ListItem","position":1,"name":"Home","item":"https:\/\/www.enjo.com\/cz\/"},{"@type":"ListItem","position":2,"name":"Marble Power. \u010cistic\u00ed Pasta"}]},{"@type":"WebSite","@id":"https:\/\/www.enjo.com\/at-east\/#website","url":"https:\/\/www.enjo.com\/at-east\/","name":"ENJO","description":"Clean the World","potentialAction":[{"@type":"SearchAction","target":{"@type":"EntryPoint","urlTemplate":"https:\/\/www.enjo.com\/at-east\/?s={search_term_string}"},"query-input":{"@type":"PropertyValueSpecification","valueRequired":true,"valueName":"search_term_string"}}],"inLanguage":"cs"}]}},"_links":{"self":[{"href":"https:\/\/www.enjo.com\/cz\/wp-json\/wp\/v2\/pages\/115529","targetHints":{"allow":["GET"]}}],"collection":[{"href":"https:\/\/www.enjo.com\/cz\/wp-json\/wp\/v2\/pages"}],"about":[{"href":"https:\/\/www.enjo.com\/cz\/wp-json\/wp\/v2\/types\/page"}],"author":[{"embeddable":true,"href":"https:\/\/www.enjo.com\/cz\/wp-json\/wp\/v2\/users\/365"}],"replies":[{"embeddable":true,"href":"https:\/\/www.enjo.com\/cz\/wp-json\/wp\/v2\/comments?post=115529"}],"version-history":[{"count":10,"href":"https:\/\/www.enjo.com\/cz\/wp-json\/wp\/v2\/pages\/115529\/revisions"}],"predecessor-version":[{"id":118697,"href":"https:\/\/www.enjo.com\/cz\/wp-json\/wp\/v2\/pages\/115529\/revisions\/118697"}],"wp:attachment":[{"href":"https:\/\/www.enjo.com\/cz\/wp-json\/wp\/v2\/media?parent=115529"}],"curies":[{"name":"wp","href":"https:\/\/api.w.org\/{rel}","templated":true}]}}