{"id":115238,"date":"2024-08-25T21:44:38","date_gmt":"2024-08-25T21:44:38","guid":{"rendered":"https:\/\/www.enjo.com\/?page_id=115238"},"modified":"2025-10-03T07:01:38","modified_gmt":"2025-10-03T07:01:38","slug":"produktove-sety-koupelna","status":"publish","type":"page","link":"https:\/\/www.enjo.com\/cz\/produktove-sety-koupelna\/","title":{"rendered":"ENJO produktov\u00e9 sety &#8211; koupelna"},"content":{"rendered":"","protected":false},"excerpt":{"rendered":"","protected":false},"author":365,"featured_media":0,"parent":0,"menu_order":0,"comment_status":"closed","ping_status":"closed","template":"enjo-page-builder.php","meta":{"_acf_changed":false,"footnotes":""},"class_list":["post-115238","page","type-page","status-publish","hentry","no-post-thumbnail"],"acf":[],"yoast_head":"<!-- This site is optimized with the Yoast SEO plugin v24.0 - https:\/\/yoast.com\/wordpress\/plugins\/seo\/ -->\n<title>ENJO produktov\u00e9 sety - koupelna - ENJO<\/title>\n<meta name=\"description\" content=\"Hansgrohe doporu\u010duje pro \u00faklid koupelen a sanit\u00e1rn\u00edch za\u0159\u00edzen\u00ed. \u0160etrn\u00e9 k povrch\u016fm a armatur\u00e1m s dlouhou \u017eivotnost\u00ed a bez po\u0161kozen\u00ed.\" \/>\n<meta name=\"robots\" content=\"index, follow, max-snippet:-1, max-image-preview:large, max-video-preview:-1\" \/>\n<link rel=\"canonical\" href=\"https:\/\/www.enjo.com\/cz\/produktove-sety-koupelna\/\" \/>\n<meta property=\"og:locale\" content=\"cs_CZ\" \/>\n<meta property=\"og:type\" content=\"article\" \/>\n<meta property=\"og:title\" content=\"ENJO produktov\u00e9 sety - koupelna - ENJO\" \/>\n<meta property=\"og:description\" content=\"Hansgrohe doporu\u010duje pro \u00faklid koupelen a sanit\u00e1rn\u00edch za\u0159\u00edzen\u00ed. \u0160etrn\u00e9 k povrch\u016fm a armatur\u00e1m s dlouhou \u017eivotnost\u00ed a bez po\u0161kozen\u00ed.\" \/>\n<meta property=\"og:url\" content=\"https:\/\/www.enjo.com\/cz\/produktove-sety-koupelna\/\" \/>\n<meta property=\"og:site_name\" content=\"ENJO\" \/>\n<meta property=\"article:modified_time\" content=\"2025-10-03T07:01:38+00:00\" \/>\n<meta property=\"og:image\" content=\"https:\/\/www.enjo.com\/wp-content\/uploads\/2023\/10\/social_image.jpg\" \/>\n\t<meta property=\"og:image:width\" content=\"500\" \/>\n\t<meta property=\"og:image:height\" content=\"500\" \/>\n\t<meta property=\"og:image:type\" content=\"image\/jpeg\" \/>\n<meta name=\"twitter:card\" content=\"summary_large_image\" \/>\n<script type=\"application\/ld+json\" class=\"yoast-schema-graph\">{\"@context\":\"https:\/\/schema.org\",\"@graph\":[{\"@type\":\"WebPage\",\"@id\":\"https:\/\/www.enjo.com\/cz\/produktove-sety-koupelna\/\",\"url\":\"https:\/\/www.enjo.com\/cz\/produktove-sety-koupelna\/\",\"name\":\"ENJO produktov\u00e9 sety - koupelna - ENJO\",\"isPartOf\":{\"@id\":\"https:\/\/www.enjo.com\/at-east\/#website\"},\"datePublished\":\"2024-08-25T21:44:38+00:00\",\"dateModified\":\"2025-10-03T07:01:38+00:00\",\"description\":\"Hansgrohe doporu\u010duje pro \u00faklid koupelen a sanit\u00e1rn\u00edch za\u0159\u00edzen\u00ed. \u0160etrn\u00e9 k povrch\u016fm a armatur\u00e1m s dlouhou \u017eivotnost\u00ed a bez po\u0161kozen\u00ed.\",\"breadcrumb\":{\"@id\":\"https:\/\/www.enjo.com\/cz\/produktove-sety-koupelna\/#breadcrumb\"},\"inLanguage\":\"cs\",\"potentialAction\":[{\"@type\":\"ReadAction\",\"target\":[\"https:\/\/www.enjo.com\/cz\/produktove-sety-koupelna\/\"]}]},{\"@type\":\"BreadcrumbList\",\"@id\":\"https:\/\/www.enjo.com\/cz\/produktove-sety-koupelna\/#breadcrumb\",\"itemListElement\":[{\"@type\":\"ListItem\",\"position\":1,\"name\":\"Home\",\"item\":\"https:\/\/www.enjo.com\/cz\/\"},{\"@type\":\"ListItem\",\"position\":2,\"name\":\"ENJO produktov\u00e9 sety &#8211; koupelna\"}]},{\"@type\":\"WebSite\",\"@id\":\"https:\/\/www.enjo.com\/at-east\/#website\",\"url\":\"https:\/\/www.enjo.com\/at-east\/\",\"name\":\"ENJO\",\"description\":\"Clean the World\",\"potentialAction\":[{\"@type\":\"SearchAction\",\"target\":{\"@type\":\"EntryPoint\",\"urlTemplate\":\"https:\/\/www.enjo.com\/at-east\/?s={search_term_string}\"},\"query-input\":{\"@type\":\"PropertyValueSpecification\",\"valueRequired\":true,\"valueName\":\"search_term_string\"}}],\"inLanguage\":\"cs\"}]}<\/script>\n<!-- \/ Yoast SEO plugin. -->","yoast_head_json":{"title":"ENJO produktov\u00e9 sety - koupelna - ENJO","description":"Hansgrohe doporu\u010duje pro \u00faklid koupelen a sanit\u00e1rn\u00edch za\u0159\u00edzen\u00ed. \u0160etrn\u00e9 k povrch\u016fm a armatur\u00e1m s dlouhou \u017eivotnost\u00ed a bez po\u0161kozen\u00ed.","robots":{"index":"index","follow":"follow","max-snippet":"max-snippet:-1","max-image-preview":"max-image-preview:large","max-video-preview":"max-video-preview:-1"},"canonical":"https:\/\/www.enjo.com\/cz\/produktove-sety-koupelna\/","og_locale":"cs_CZ","og_type":"article","og_title":"ENJO produktov\u00e9 sety - koupelna - ENJO","og_description":"Hansgrohe doporu\u010duje pro \u00faklid koupelen a sanit\u00e1rn\u00edch za\u0159\u00edzen\u00ed. \u0160etrn\u00e9 k povrch\u016fm a armatur\u00e1m s dlouhou \u017eivotnost\u00ed a bez po\u0161kozen\u00ed.","og_url":"https:\/\/www.enjo.com\/cz\/produktove-sety-koupelna\/","og_site_name":"ENJO","article_modified_time":"2025-10-03T07:01:38+00:00","og_image":[{"width":500,"height":500,"url":"https:\/\/www.enjo.com\/wp-content\/uploads\/2023\/10\/social_image.jpg","type":"image\/jpeg"}],"twitter_card":"summary_large_image","schema":{"@context":"https:\/\/schema.org","@graph":[{"@type":"WebPage","@id":"https:\/\/www.enjo.com\/cz\/produktove-sety-koupelna\/","url":"https:\/\/www.enjo.com\/cz\/produktove-sety-koupelna\/","name":"ENJO produktov\u00e9 sety - koupelna - ENJO","isPartOf":{"@id":"https:\/\/www.enjo.com\/at-east\/#website"},"datePublished":"2024-08-25T21:44:38+00:00","dateModified":"2025-10-03T07:01:38+00:00","description":"Hansgrohe doporu\u010duje pro \u00faklid koupelen a sanit\u00e1rn\u00edch za\u0159\u00edzen\u00ed. \u0160etrn\u00e9 k povrch\u016fm a armatur\u00e1m s dlouhou \u017eivotnost\u00ed a bez po\u0161kozen\u00ed.","breadcrumb":{"@id":"https:\/\/www.enjo.com\/cz\/produktove-sety-koupelna\/#breadcrumb"},"inLanguage":"cs","potentialAction":[{"@type":"ReadAction","target":["https:\/\/www.enjo.com\/cz\/produktove-sety-koupelna\/"]}]},{"@type":"BreadcrumbList","@id":"https:\/\/www.enjo.com\/cz\/produktove-sety-koupelna\/#breadcrumb","itemListElement":[{"@type":"ListItem","position":1,"name":"Home","item":"https:\/\/www.enjo.com\/cz\/"},{"@type":"ListItem","position":2,"name":"ENJO produktov\u00e9 sety &#8211; koupelna"}]},{"@type":"WebSite","@id":"https:\/\/www.enjo.com\/at-east\/#website","url":"https:\/\/www.enjo.com\/at-east\/","name":"ENJO","description":"Clean the World","potentialAction":[{"@type":"SearchAction","target":{"@type":"EntryPoint","urlTemplate":"https:\/\/www.enjo.com\/at-east\/?s={search_term_string}"},"query-input":{"@type":"PropertyValueSpecification","valueRequired":true,"valueName":"search_term_string"}}],"inLanguage":"cs"}]}},"_links":{"self":[{"href":"https:\/\/www.enjo.com\/cz\/wp-json\/wp\/v2\/pages\/115238","targetHints":{"allow":["GET"]}}],"collection":[{"href":"https:\/\/www.enjo.com\/cz\/wp-json\/wp\/v2\/pages"}],"about":[{"href":"https:\/\/www.enjo.com\/cz\/wp-json\/wp\/v2\/types\/page"}],"author":[{"embeddable":true,"href":"https:\/\/www.enjo.com\/cz\/wp-json\/wp\/v2\/users\/365"}],"replies":[{"embeddable":true,"href":"https:\/\/www.enjo.com\/cz\/wp-json\/wp\/v2\/comments?post=115238"}],"version-history":[{"count":10,"href":"https:\/\/www.enjo.com\/cz\/wp-json\/wp\/v2\/pages\/115238\/revisions"}],"predecessor-version":[{"id":118717,"href":"https:\/\/www.enjo.com\/cz\/wp-json\/wp\/v2\/pages\/115238\/revisions\/118717"}],"wp:attachment":[{"href":"https:\/\/www.enjo.com\/cz\/wp-json\/wp\/v2\/media?parent=115238"}],"curies":[{"name":"wp","href":"https:\/\/api.w.org\/{rel}","templated":true}]}}