{"id":109076,"date":"2021-01-08T09:14:51","date_gmt":"2021-01-08T09:14:51","guid":{"rendered":"https:\/\/www.enjo.com\/finnish-asthma-and-allergy-association\/"},"modified":"2025-01-10T11:46:22","modified_gmt":"2025-01-10T11:46:22","slug":"finska-asociace-pro-astma-a-alergii","status":"publish","type":"page","link":"https:\/\/www.enjo.com\/cz\/finska-asociace-pro-astma-a-alergii\/","title":{"rendered":"ENJO spolupracuje s Finskou asociac\u00ed pro astma a alergii"},"content":{"rendered":"","protected":false},"excerpt":{"rendered":"","protected":false},"author":322,"featured_media":0,"parent":0,"menu_order":0,"comment_status":"closed","ping_status":"closed","template":"enjo-page-builder.php","meta":{"_acf_changed":false,"footnotes":""},"class_list":["post-109076","page","type-page","status-publish","hentry","no-post-thumbnail"],"acf":[],"yoast_head":"<!-- This site is optimized with the Yoast SEO plugin v24.0 - https:\/\/yoast.com\/wordpress\/plugins\/seo\/ -->\n<title>ENJO spolupracuje s Finskou asociac\u00ed pro astma a alergii - ENJO<\/title>\n<meta name=\"description\" content=\"Krit\u00e9ria pro alergick\u00fd \u0161t\u00edtek jsou pravideln\u011b aktualizov\u00e1na na z\u00e1klad\u011b nejnov\u011bj\u0161\u00edch l\u00e9ka\u0159sk\u00fdch informac\u00ed a testov\u00e1n\u00ed odborn\u00edky.\" \/>\n<meta name=\"robots\" content=\"index, follow, max-snippet:-1, max-image-preview:large, max-video-preview:-1\" \/>\n<link rel=\"canonical\" href=\"https:\/\/www.enjo.com\/cz\/finska-asociace-pro-astma-a-alergii\/\" \/>\n<meta property=\"og:locale\" content=\"cs_CZ\" \/>\n<meta property=\"og:type\" content=\"article\" \/>\n<meta property=\"og:title\" content=\"ENJO spolupracuje s Finskou asociac\u00ed pro astma a alergii - ENJO\" \/>\n<meta property=\"og:description\" content=\"Krit\u00e9ria pro alergick\u00fd \u0161t\u00edtek jsou pravideln\u011b aktualizov\u00e1na na z\u00e1klad\u011b nejnov\u011bj\u0161\u00edch l\u00e9ka\u0159sk\u00fdch informac\u00ed a testov\u00e1n\u00ed odborn\u00edky.\" \/>\n<meta property=\"og:url\" content=\"https:\/\/www.enjo.com\/cz\/finska-asociace-pro-astma-a-alergii\/\" \/>\n<meta property=\"og:site_name\" content=\"ENJO\" \/>\n<meta property=\"article:modified_time\" content=\"2025-01-10T11:46:22+00:00\" \/>\n<meta property=\"og:image\" content=\"https:\/\/www.enjo.com\/wp-content\/uploads\/2023\/10\/social_image.jpg\" \/>\n\t<meta property=\"og:image:width\" content=\"500\" \/>\n\t<meta property=\"og:image:height\" content=\"500\" \/>\n\t<meta property=\"og:image:type\" content=\"image\/jpeg\" \/>\n<meta name=\"twitter:card\" content=\"summary_large_image\" \/>\n<script type=\"application\/ld+json\" class=\"yoast-schema-graph\">{\"@context\":\"https:\/\/schema.org\",\"@graph\":[{\"@type\":\"WebPage\",\"@id\":\"https:\/\/www.enjo.com\/cz\/finska-asociace-pro-astma-a-alergii\/\",\"url\":\"https:\/\/www.enjo.com\/cz\/finska-asociace-pro-astma-a-alergii\/\",\"name\":\"ENJO spolupracuje s Finskou asociac\u00ed pro astma a alergii - ENJO\",\"isPartOf\":{\"@id\":\"https:\/\/www.enjo.com\/at-east\/#website\"},\"datePublished\":\"2021-01-08T09:14:51+00:00\",\"dateModified\":\"2025-01-10T11:46:22+00:00\",\"description\":\"Krit\u00e9ria pro alergick\u00fd \u0161t\u00edtek jsou pravideln\u011b aktualizov\u00e1na na z\u00e1klad\u011b nejnov\u011bj\u0161\u00edch l\u00e9ka\u0159sk\u00fdch informac\u00ed a testov\u00e1n\u00ed odborn\u00edky.\",\"breadcrumb\":{\"@id\":\"https:\/\/www.enjo.com\/cz\/finska-asociace-pro-astma-a-alergii\/#breadcrumb\"},\"inLanguage\":\"cs\",\"potentialAction\":[{\"@type\":\"ReadAction\",\"target\":[\"https:\/\/www.enjo.com\/cz\/finska-asociace-pro-astma-a-alergii\/\"]}]},{\"@type\":\"BreadcrumbList\",\"@id\":\"https:\/\/www.enjo.com\/cz\/finska-asociace-pro-astma-a-alergii\/#breadcrumb\",\"itemListElement\":[{\"@type\":\"ListItem\",\"position\":1,\"name\":\"Home\",\"item\":\"https:\/\/www.enjo.com\/cz\/\"},{\"@type\":\"ListItem\",\"position\":2,\"name\":\"ENJO spolupracuje s Finskou asociac\u00ed pro astma a alergii\"}]},{\"@type\":\"WebSite\",\"@id\":\"https:\/\/www.enjo.com\/at-east\/#website\",\"url\":\"https:\/\/www.enjo.com\/at-east\/\",\"name\":\"ENJO\",\"description\":\"Clean the World\",\"potentialAction\":[{\"@type\":\"SearchAction\",\"target\":{\"@type\":\"EntryPoint\",\"urlTemplate\":\"https:\/\/www.enjo.com\/at-east\/?s={search_term_string}\"},\"query-input\":{\"@type\":\"PropertyValueSpecification\",\"valueRequired\":true,\"valueName\":\"search_term_string\"}}],\"inLanguage\":\"cs\"}]}<\/script>\n<!-- \/ Yoast SEO plugin. -->","yoast_head_json":{"title":"ENJO spolupracuje s Finskou asociac\u00ed pro astma a alergii - ENJO","description":"Krit\u00e9ria pro alergick\u00fd \u0161t\u00edtek jsou pravideln\u011b aktualizov\u00e1na na z\u00e1klad\u011b nejnov\u011bj\u0161\u00edch l\u00e9ka\u0159sk\u00fdch informac\u00ed a testov\u00e1n\u00ed odborn\u00edky.","robots":{"index":"index","follow":"follow","max-snippet":"max-snippet:-1","max-image-preview":"max-image-preview:large","max-video-preview":"max-video-preview:-1"},"canonical":"https:\/\/www.enjo.com\/cz\/finska-asociace-pro-astma-a-alergii\/","og_locale":"cs_CZ","og_type":"article","og_title":"ENJO spolupracuje s Finskou asociac\u00ed pro astma a alergii - ENJO","og_description":"Krit\u00e9ria pro alergick\u00fd \u0161t\u00edtek jsou pravideln\u011b aktualizov\u00e1na na z\u00e1klad\u011b nejnov\u011bj\u0161\u00edch l\u00e9ka\u0159sk\u00fdch informac\u00ed a testov\u00e1n\u00ed odborn\u00edky.","og_url":"https:\/\/www.enjo.com\/cz\/finska-asociace-pro-astma-a-alergii\/","og_site_name":"ENJO","article_modified_time":"2025-01-10T11:46:22+00:00","og_image":[{"width":500,"height":500,"url":"https:\/\/www.enjo.com\/wp-content\/uploads\/2023\/10\/social_image.jpg","type":"image\/jpeg"}],"twitter_card":"summary_large_image","schema":{"@context":"https:\/\/schema.org","@graph":[{"@type":"WebPage","@id":"https:\/\/www.enjo.com\/cz\/finska-asociace-pro-astma-a-alergii\/","url":"https:\/\/www.enjo.com\/cz\/finska-asociace-pro-astma-a-alergii\/","name":"ENJO spolupracuje s Finskou asociac\u00ed pro astma a alergii - ENJO","isPartOf":{"@id":"https:\/\/www.enjo.com\/at-east\/#website"},"datePublished":"2021-01-08T09:14:51+00:00","dateModified":"2025-01-10T11:46:22+00:00","description":"Krit\u00e9ria pro alergick\u00fd \u0161t\u00edtek jsou pravideln\u011b aktualizov\u00e1na na z\u00e1klad\u011b nejnov\u011bj\u0161\u00edch l\u00e9ka\u0159sk\u00fdch informac\u00ed a testov\u00e1n\u00ed odborn\u00edky.","breadcrumb":{"@id":"https:\/\/www.enjo.com\/cz\/finska-asociace-pro-astma-a-alergii\/#breadcrumb"},"inLanguage":"cs","potentialAction":[{"@type":"ReadAction","target":["https:\/\/www.enjo.com\/cz\/finska-asociace-pro-astma-a-alergii\/"]}]},{"@type":"BreadcrumbList","@id":"https:\/\/www.enjo.com\/cz\/finska-asociace-pro-astma-a-alergii\/#breadcrumb","itemListElement":[{"@type":"ListItem","position":1,"name":"Home","item":"https:\/\/www.enjo.com\/cz\/"},{"@type":"ListItem","position":2,"name":"ENJO spolupracuje s Finskou asociac\u00ed pro astma a alergii"}]},{"@type":"WebSite","@id":"https:\/\/www.enjo.com\/at-east\/#website","url":"https:\/\/www.enjo.com\/at-east\/","name":"ENJO","description":"Clean the World","potentialAction":[{"@type":"SearchAction","target":{"@type":"EntryPoint","urlTemplate":"https:\/\/www.enjo.com\/at-east\/?s={search_term_string}"},"query-input":{"@type":"PropertyValueSpecification","valueRequired":true,"valueName":"search_term_string"}}],"inLanguage":"cs"}]}},"_links":{"self":[{"href":"https:\/\/www.enjo.com\/cz\/wp-json\/wp\/v2\/pages\/109076","targetHints":{"allow":["GET"]}}],"collection":[{"href":"https:\/\/www.enjo.com\/cz\/wp-json\/wp\/v2\/pages"}],"about":[{"href":"https:\/\/www.enjo.com\/cz\/wp-json\/wp\/v2\/types\/page"}],"author":[{"embeddable":true,"href":"https:\/\/www.enjo.com\/cz\/wp-json\/wp\/v2\/users\/322"}],"replies":[{"embeddable":true,"href":"https:\/\/www.enjo.com\/cz\/wp-json\/wp\/v2\/comments?post=109076"}],"version-history":[{"count":6,"href":"https:\/\/www.enjo.com\/cz\/wp-json\/wp\/v2\/pages\/109076\/revisions"}],"predecessor-version":[{"id":117078,"href":"https:\/\/www.enjo.com\/cz\/wp-json\/wp\/v2\/pages\/109076\/revisions\/117078"}],"wp:attachment":[{"href":"https:\/\/www.enjo.com\/cz\/wp-json\/wp\/v2\/media?parent=109076"}],"curies":[{"name":"wp","href":"https:\/\/api.w.org\/{rel}","templated":true}]}}