{"id":108990,"date":"2023-09-19T10:51:13","date_gmt":"2023-09-19T10:51:13","guid":{"rendered":"https:\/\/www.enjo.com\/?page_id=108990"},"modified":"2025-01-10T09:12:01","modified_gmt":"2025-01-10T09:12:01","slug":"vedecka-studie-o-hygiene-ovzdusi","status":"publish","type":"page","link":"https:\/\/www.enjo.com\/cz\/vedecka-studie-o-hygiene-ovzdusi\/","title":{"rendered":"V\u011bdeck\u00e1 studie o hygien\u011b ovzdu\u0161\u00ed"},"content":{"rendered":"","protected":false},"excerpt":{"rendered":"","protected":false},"author":288,"featured_media":0,"parent":0,"menu_order":0,"comment_status":"closed","ping_status":"closed","template":"enjo-page-builder.php","meta":{"_acf_changed":false,"footnotes":""},"class_list":["post-108990","page","type-page","status-publish","hentry","no-post-thumbnail"],"acf":[],"yoast_head":"<!-- This site is optimized with the Yoast SEO plugin v24.0 - https:\/\/yoast.com\/wordpress\/plugins\/seo\/ -->\n<title>V\u011bdeck\u00e1 studie o hygien\u011b ovzdu\u0161\u00ed - ENJO<\/title>\n<meta name=\"description\" content=\"ENJO udr\u017euje vzduch \u010dist\u00fd a zdrav\u00fd, co\u017e bylo ned\u00e1vno potvrzeno v\u011bdeck\u00fdmi v\u00fdzkumy, kter\u00e9 prok\u00e1zaly jeho pozitivn\u00ed vliv na kvalitu vzduchu.\" \/>\n<meta name=\"robots\" content=\"index, follow, max-snippet:-1, max-image-preview:large, max-video-preview:-1\" \/>\n<link rel=\"canonical\" href=\"https:\/\/www.enjo.com\/cz\/vedecka-studie-o-hygiene-ovzdusi\/\" \/>\n<meta property=\"og:locale\" content=\"cs_CZ\" \/>\n<meta property=\"og:type\" content=\"article\" \/>\n<meta property=\"og:title\" content=\"V\u011bdeck\u00e1 studie o hygien\u011b ovzdu\u0161\u00ed - ENJO\" \/>\n<meta property=\"og:description\" content=\"ENJO udr\u017euje vzduch \u010dist\u00fd a zdrav\u00fd, co\u017e bylo ned\u00e1vno potvrzeno v\u011bdeck\u00fdmi v\u00fdzkumy, kter\u00e9 prok\u00e1zaly jeho pozitivn\u00ed vliv na kvalitu vzduchu.\" \/>\n<meta property=\"og:url\" content=\"https:\/\/www.enjo.com\/cz\/vedecka-studie-o-hygiene-ovzdusi\/\" \/>\n<meta property=\"og:site_name\" content=\"ENJO\" \/>\n<meta property=\"article:modified_time\" content=\"2025-01-10T09:12:01+00:00\" \/>\n<meta property=\"og:image\" content=\"https:\/\/www.enjo.com\/wp-content\/uploads\/2023\/10\/social_image.jpg\" \/>\n\t<meta property=\"og:image:width\" content=\"500\" \/>\n\t<meta property=\"og:image:height\" content=\"500\" \/>\n\t<meta property=\"og:image:type\" content=\"image\/jpeg\" \/>\n<meta name=\"twitter:card\" content=\"summary_large_image\" \/>\n<script type=\"application\/ld+json\" class=\"yoast-schema-graph\">{\"@context\":\"https:\/\/schema.org\",\"@graph\":[{\"@type\":\"WebPage\",\"@id\":\"https:\/\/www.enjo.com\/cz\/vedecka-studie-o-hygiene-ovzdusi\/\",\"url\":\"https:\/\/www.enjo.com\/cz\/vedecka-studie-o-hygiene-ovzdusi\/\",\"name\":\"V\u011bdeck\u00e1 studie o hygien\u011b ovzdu\u0161\u00ed - ENJO\",\"isPartOf\":{\"@id\":\"https:\/\/www.enjo.com\/at-east\/#website\"},\"datePublished\":\"2023-09-19T10:51:13+00:00\",\"dateModified\":\"2025-01-10T09:12:01+00:00\",\"description\":\"ENJO udr\u017euje vzduch \u010dist\u00fd a zdrav\u00fd, co\u017e bylo ned\u00e1vno potvrzeno v\u011bdeck\u00fdmi v\u00fdzkumy, kter\u00e9 prok\u00e1zaly jeho pozitivn\u00ed vliv na kvalitu vzduchu.\",\"breadcrumb\":{\"@id\":\"https:\/\/www.enjo.com\/cz\/vedecka-studie-o-hygiene-ovzdusi\/#breadcrumb\"},\"inLanguage\":\"cs\",\"potentialAction\":[{\"@type\":\"ReadAction\",\"target\":[\"https:\/\/www.enjo.com\/cz\/vedecka-studie-o-hygiene-ovzdusi\/\"]}]},{\"@type\":\"BreadcrumbList\",\"@id\":\"https:\/\/www.enjo.com\/cz\/vedecka-studie-o-hygiene-ovzdusi\/#breadcrumb\",\"itemListElement\":[{\"@type\":\"ListItem\",\"position\":1,\"name\":\"Home\",\"item\":\"https:\/\/www.enjo.com\/cz\/\"},{\"@type\":\"ListItem\",\"position\":2,\"name\":\"V\u011bdeck\u00e1 studie o hygien\u011b ovzdu\u0161\u00ed\"}]},{\"@type\":\"WebSite\",\"@id\":\"https:\/\/www.enjo.com\/at-east\/#website\",\"url\":\"https:\/\/www.enjo.com\/at-east\/\",\"name\":\"ENJO\",\"description\":\"Clean the World\",\"potentialAction\":[{\"@type\":\"SearchAction\",\"target\":{\"@type\":\"EntryPoint\",\"urlTemplate\":\"https:\/\/www.enjo.com\/at-east\/?s={search_term_string}\"},\"query-input\":{\"@type\":\"PropertyValueSpecification\",\"valueRequired\":true,\"valueName\":\"search_term_string\"}}],\"inLanguage\":\"cs\"}]}<\/script>\n<!-- \/ Yoast SEO plugin. -->","yoast_head_json":{"title":"V\u011bdeck\u00e1 studie o hygien\u011b ovzdu\u0161\u00ed - ENJO","description":"ENJO udr\u017euje vzduch \u010dist\u00fd a zdrav\u00fd, co\u017e bylo ned\u00e1vno potvrzeno v\u011bdeck\u00fdmi v\u00fdzkumy, kter\u00e9 prok\u00e1zaly jeho pozitivn\u00ed vliv na kvalitu vzduchu.","robots":{"index":"index","follow":"follow","max-snippet":"max-snippet:-1","max-image-preview":"max-image-preview:large","max-video-preview":"max-video-preview:-1"},"canonical":"https:\/\/www.enjo.com\/cz\/vedecka-studie-o-hygiene-ovzdusi\/","og_locale":"cs_CZ","og_type":"article","og_title":"V\u011bdeck\u00e1 studie o hygien\u011b ovzdu\u0161\u00ed - ENJO","og_description":"ENJO udr\u017euje vzduch \u010dist\u00fd a zdrav\u00fd, co\u017e bylo ned\u00e1vno potvrzeno v\u011bdeck\u00fdmi v\u00fdzkumy, kter\u00e9 prok\u00e1zaly jeho pozitivn\u00ed vliv na kvalitu vzduchu.","og_url":"https:\/\/www.enjo.com\/cz\/vedecka-studie-o-hygiene-ovzdusi\/","og_site_name":"ENJO","article_modified_time":"2025-01-10T09:12:01+00:00","og_image":[{"width":500,"height":500,"url":"https:\/\/www.enjo.com\/wp-content\/uploads\/2023\/10\/social_image.jpg","type":"image\/jpeg"}],"twitter_card":"summary_large_image","schema":{"@context":"https:\/\/schema.org","@graph":[{"@type":"WebPage","@id":"https:\/\/www.enjo.com\/cz\/vedecka-studie-o-hygiene-ovzdusi\/","url":"https:\/\/www.enjo.com\/cz\/vedecka-studie-o-hygiene-ovzdusi\/","name":"V\u011bdeck\u00e1 studie o hygien\u011b ovzdu\u0161\u00ed - ENJO","isPartOf":{"@id":"https:\/\/www.enjo.com\/at-east\/#website"},"datePublished":"2023-09-19T10:51:13+00:00","dateModified":"2025-01-10T09:12:01+00:00","description":"ENJO udr\u017euje vzduch \u010dist\u00fd a zdrav\u00fd, co\u017e bylo ned\u00e1vno potvrzeno v\u011bdeck\u00fdmi v\u00fdzkumy, kter\u00e9 prok\u00e1zaly jeho pozitivn\u00ed vliv na kvalitu vzduchu.","breadcrumb":{"@id":"https:\/\/www.enjo.com\/cz\/vedecka-studie-o-hygiene-ovzdusi\/#breadcrumb"},"inLanguage":"cs","potentialAction":[{"@type":"ReadAction","target":["https:\/\/www.enjo.com\/cz\/vedecka-studie-o-hygiene-ovzdusi\/"]}]},{"@type":"BreadcrumbList","@id":"https:\/\/www.enjo.com\/cz\/vedecka-studie-o-hygiene-ovzdusi\/#breadcrumb","itemListElement":[{"@type":"ListItem","position":1,"name":"Home","item":"https:\/\/www.enjo.com\/cz\/"},{"@type":"ListItem","position":2,"name":"V\u011bdeck\u00e1 studie o hygien\u011b ovzdu\u0161\u00ed"}]},{"@type":"WebSite","@id":"https:\/\/www.enjo.com\/at-east\/#website","url":"https:\/\/www.enjo.com\/at-east\/","name":"ENJO","description":"Clean the World","potentialAction":[{"@type":"SearchAction","target":{"@type":"EntryPoint","urlTemplate":"https:\/\/www.enjo.com\/at-east\/?s={search_term_string}"},"query-input":{"@type":"PropertyValueSpecification","valueRequired":true,"valueName":"search_term_string"}}],"inLanguage":"cs"}]}},"_links":{"self":[{"href":"https:\/\/www.enjo.com\/cz\/wp-json\/wp\/v2\/pages\/108990","targetHints":{"allow":["GET"]}}],"collection":[{"href":"https:\/\/www.enjo.com\/cz\/wp-json\/wp\/v2\/pages"}],"about":[{"href":"https:\/\/www.enjo.com\/cz\/wp-json\/wp\/v2\/types\/page"}],"author":[{"embeddable":true,"href":"https:\/\/www.enjo.com\/cz\/wp-json\/wp\/v2\/users\/288"}],"replies":[{"embeddable":true,"href":"https:\/\/www.enjo.com\/cz\/wp-json\/wp\/v2\/comments?post=108990"}],"version-history":[{"count":6,"href":"https:\/\/www.enjo.com\/cz\/wp-json\/wp\/v2\/pages\/108990\/revisions"}],"predecessor-version":[{"id":117055,"href":"https:\/\/www.enjo.com\/cz\/wp-json\/wp\/v2\/pages\/108990\/revisions\/117055"}],"wp:attachment":[{"href":"https:\/\/www.enjo.com\/cz\/wp-json\/wp\/v2\/media?parent=108990"}],"curies":[{"name":"wp","href":"https:\/\/api.w.org\/{rel}","templated":true}]}}