{"id":4324,"date":"2016-10-12T13:47:58","date_gmt":"2016-10-12T13:47:58","guid":{"rendered":"https:\/\/www.enjo.com\/impressum\/"},"modified":"2023-12-04T12:42:21","modified_gmt":"2023-12-04T12:42:21","slug":"impressum","status":"publish","type":"page","link":"https:\/\/www.enjo.com\/at-east\/impressum\/","title":{"rendered":"Impressum"},"content":{"rendered":"<p>Inhalte<br \/>\nDer Inhalt dieser Seiten wurde sorgf\u00e4ltig bearbeitet und \u00fcberpr\u00fcft. ENJO \u00d6sterreich Ost \u00fcbernimmt jedoch keine Gew\u00e4hr f\u00fcr die Aktualit\u00e4t, Richtigkeit, Vollst\u00e4ndigkeit oder Qualit\u00e4t der bereit gestellten Informationen. Haftungsanspr\u00fcche gegen ENJO \u00d6sterreich Ost, die sich auf Sch\u00e4den materieller oder ideeller Art beziehen, welche durch die Nutzung oder Nichtnutzung der dargebotenen Informationen oder durch fehlerhafte und unvollst\u00e4ndige Informationen verursacht wurden, sind grunds\u00e4tzlich ausgeschlossen, sofern seitens ENJO \u00d6sterreich Ost kein nachweislich vors\u00e4tzliches oder grob fahrl\u00e4ssiges Verschulden vorliegt. ENJO \u00d6sterreich Ost beh\u00e4lt sich ausdr\u00fccklich das Recht vor, Teile der Seite oder das gesamte Angebot ohne vorherige Ank\u00fcndigung zu ver\u00e4ndern, zu erg\u00e4nzen, zu l\u00f6schen oder die Ver\u00f6ffentlichung einzustellen.<\/p>\n<p>Links<br \/>\nSofern ENJO \u00d6sterreich Ost direkt oder indirekt auf fremde Internetseiten verweist (\u201eLinks\u201c), haftet ENJO \u00d6sterreich Ost nur, wenn sie von den Inhalten genaue Kenntnis hat und es ihr technisch m\u00f6glich und zumutbar ist, die Nutzung im Falle rechtswidriger Inhalte zu verhindern. ENJO \u00d6sterreich Ost erkl\u00e4rt hiermit ausdr\u00fccklich, dass zum Zeitpunkt der Linksetzung die verlinkten Seiten keine illegalen Inhalte enthalten haben. ENJO \u00d6sterreich Ost hat keinerlei Einfluss auf die aktuelle und zuk\u00fcnftige Gestaltung der verlinkten Seiten. ENJO \u00d6sterreich Ost distanziert sich daher hiermit ausdr\u00fccklich von allen inhaltlichen \u00c4nderungen, die nach der Linkssetzung auf den verlinkten Seiten vorgenommen werden. Dies gilt auch f\u00fcr Fremdeintr\u00e4ge in von ENJO \u00d6sterreich Ost eingerichteten G\u00e4steb\u00fcchern, Diskussionsforen und Mailinglisten. ENJO \u00d6sterreich Ost ist nicht verantwortlich f\u00fcr den Inhalt, die Verf\u00fcgbarkeit, die Richtigkeit und die Genauigkeit der verlinkten Seiten, deren Angebote, Links oder Werbeanzeigen. ENJO \u00d6sterreich Ost haftet nicht f\u00fcr illegale, fehlerhafte oder unvollst\u00e4ndige Inhalte und insbesondere f\u00fcr Sch\u00e4den, die durch Nutzung oder Nichtnutzung der auf den verlinkten Seiten angebotenen Informationen entstehen.<\/p>\n<p>Notiz<br \/>\nDiese Website benutzt Google Analytics, einen Webanalysedienst der Google Inc. (&#8220;Google&#8221;). Google Analytics verwendet sog. &#8220;Cookies&#8221;, Textdateien, die auf Ihrem Computer gespeichert werden und die eine Analyse der Benutzung der Website durch Sie erm\u00f6glicht. Die durch den Cookie erzeugten Informationen \u00fcber Ihre Benutzung dieser Website (einschliesslich Ihrer IP-Adresse) wird an einen Server von Google in den USA \u00fcbertragen und dort gespeichert. Google wird diese Informationen benutzen, um Ihre Nutzung der Website auszuwerten, um Reports \u00fcber die Websiteaktivit\u00e4ten f\u00fcr die Websitebetreiber zusammenzustellen und um weitere mit der Websitenutzung und der Internetnutzung verbundene Dienstleistungen zu erbringen. Auch wird Google diese Informationen gegebenenfalls an Dritte \u00fcbertragen, sofern dies gesetzlich vorgeschrieben oder soweit Dritte diese Daten im Auftrag von Google verarbeiten. Google wird in keinem Fall Ihre IP-Adresse mit anderen Daten der Google in Verbindung bringen. Sie k\u00f6nnen die Installation der Cookies durch eine entsprechende Einstellung Ihrer Browser Software verhindern; wir weisen Sie jedoch darauf hin, dass Sie in diesem Fall gegebenenfalls nicht s\u00e4mtliche Funktionen dieser Website voll umf\u00e4nglich nutzen k\u00f6nnen. Durch die Nutzung dieser Website erkl\u00e4ren Sie sich mit der Bearbeitung der \u00fcber Sie erhobenen Daten durch Google in der zuvor beschriebenen Art und Weise und zu dem zuvor benannten Zweck einverstanden.<br \/>\nSie als User dieser Website anerkennen hiermit, dass der Betreiber dieser Website, seine Erf\u00fcllungsgehilfen, seine Vertreter, verbundene Unternehmen, seine Gesch\u00e4ftsf\u00fchrer, seine leitenden Angestellten, seine Angestellten und seine Gesellschafter keine Haftung in Zusammenhang mit der Erhebung, \u00dcbermittlung, Bearbeitung und Auswertung der o.g. Daten \u00fcbernehmen und damit keinerlei diesbez\u00fcgliche Schadensersatzanspr\u00fcche gegen diese nat\u00fcrlichen und juristischen Personen geltend gemacht werden k\u00f6nnen.<\/p>\n<p>Urheberrecht<br \/>\nENJO \u00d6sterreich Ost ist bestrebt, in allen Publikationen geltende Urheberrechte zu beachten. Sollte es trotzdem zu einer Urheberrechtsverletzung kommen, wird ENJO \u00d6sterreich Ost das entsprechende Objekt nach Benachrichtigung aus seiner Publikation entfernen bzw. mit dem entsprechenden Urheberrecht kenntlich machen. Alle innerhalb des Internetangebots genannten und gegebenenfalls durch Dritte gesch\u00fctzten Marken- und Warenzeichen unterliegen uneingeschr\u00e4nkt den Bestimmungen des jeweils g\u00fcltigen Kennzeichenrechts und den Besitzrechten der jeweiligen eingetragenen Eigent\u00fcmer. Allein aufgrund der blo\u00dfen Nennung ist nicht der Schluss zu ziehen, dass Markenzeichen nicht durch Rechte Dritter gesch\u00fctzt sind. Das Urheberecht f\u00fcr die eigenen Inhalte der ENJO \u00d6sterreich Ost auf der Domain www.enjo.net steht allein ENJO \u00d6sterreich Ost zu. Eine Vervielf\u00e4ltigung solcher Grafiken, Sounds oder Texte in anderen elektronischen oder gedruckten Publikationen ist ohne ausdr\u00fcckliche Zustimmung ENJO \u00d6sterreich Ost nicht gestattet. Rechtswirksamkeit: Dieser Haftungsausschluss ist als Teil des Internetangebotes zu betrachten, von dem aus auf diese Seite verwiesen wurde. Sofern Teile oder einzelne Formulierungen dieses Textes der geltenden Rechtslage nicht, nicht mehr oder nicht vollst\u00e4ndig entsprechen sollten, bleiben die \u00fcbrigen Teile des Dokumentes in ihrem Inhalt und ihrer G\u00fcltigkeit hiervon unber\u00fchrt.<\/p>\n<p>ENJO Vertriebs GmbH<br \/>\nRichard &#8211; Strauss &#8211; Stra\u00dfe 43<br \/>\n1230 Wien<br \/>\nAustria<\/p>\n<p>Phone: + 43 (1) 6094536<br \/>\nEmail: office@enjo-wien.at<\/p>\n<p>FB-NR: 40536m<br \/>\nFBG: HG Wien<\/p>\n<p><script src=\"https:\/\/www.schalk-and-friends.de\/snippets\/impressum\/schalk-and-friends-impressum.php\" type=\"text\/javascript\" charset=\"utf-8\" id=\"schalk-and-friends-script\"><\/script><\/p>\n","protected":false},"excerpt":{"rendered":"<p>Inhalte Der Inhalt dieser Seiten wurde sorgf\u00e4ltig bearbeitet und \u00fcberpr\u00fcft. ENJO \u00d6sterreich Ost \u00fcbernimmt jedoch keine Gew\u00e4hr f\u00fcr die Aktualit\u00e4t, Richtigkeit, Vollst\u00e4ndigkeit oder Qualit\u00e4t der bereit gestellten Informationen. Haftungsanspr\u00fcche gegen ENJO \u00d6sterreich Ost, die sich auf Sch\u00e4den materieller oder ideeller Art beziehen, welche durch die Nutzung oder Nichtnutzung der dargebotenen Informationen oder durch fehlerhafte und unvollst\u00e4ndige Informationen verursacht wurden, sind &#8230; <\/p>\n<div><a href=\"https:\/\/www.enjo.com\/at-east\/impressum\/\" class=\"more-link\">Read More<\/a><\/div>\n","protected":false},"author":14,"featured_media":0,"parent":0,"menu_order":0,"comment_status":"closed","ping_status":"closed","template":"","meta":{"_acf_changed":false,"footnotes":""},"class_list":["post-4324","page","type-page","status-publish","hentry","no-post-thumbnail"],"acf":[],"yoast_head":"<!-- This site is optimized with the Yoast SEO plugin v24.0 - https:\/\/yoast.com\/wordpress\/plugins\/seo\/ -->\n<title>Impressum - ENJO<\/title>\n<meta name=\"robots\" content=\"index, follow, max-snippet:-1, max-image-preview:large, max-video-preview:-1\" \/>\n<link rel=\"canonical\" href=\"https:\/\/www.enjo.com\/at-east\/impressum\/\" \/>\n<meta property=\"og:locale\" content=\"en_US\" \/>\n<meta property=\"og:type\" content=\"article\" \/>\n<meta property=\"og:title\" content=\"Impressum - ENJO\" \/>\n<meta property=\"og:description\" content=\"Inhalte Der Inhalt dieser Seiten wurde sorgf\u00e4ltig bearbeitet und \u00fcberpr\u00fcft. ENJO \u00d6sterreich Ost \u00fcbernimmt jedoch keine Gew\u00e4hr f\u00fcr die Aktualit\u00e4t, Richtigkeit, Vollst\u00e4ndigkeit oder Qualit\u00e4t der bereit gestellten Informationen. Haftungsanspr\u00fcche gegen ENJO \u00d6sterreich Ost, die sich auf Sch\u00e4den materieller oder ideeller Art beziehen, welche durch die Nutzung oder Nichtnutzung der dargebotenen Informationen oder durch fehlerhafte und unvollst\u00e4ndige Informationen verursacht wurden, sind ... Read More\" \/>\n<meta property=\"og:url\" content=\"https:\/\/www.enjo.com\/at-east\/impressum\/\" \/>\n<meta property=\"og:site_name\" content=\"ENJO\" \/>\n<meta property=\"article:modified_time\" content=\"2023-12-04T12:42:21+00:00\" \/>\n<meta property=\"og:image\" content=\"https:\/\/www.enjo.com\/wp-content\/uploads\/2023\/10\/social_image.jpg\" \/>\n\t<meta property=\"og:image:width\" content=\"500\" \/>\n\t<meta property=\"og:image:height\" content=\"500\" \/>\n\t<meta property=\"og:image:type\" content=\"image\/jpeg\" \/>\n<meta name=\"twitter:card\" content=\"summary_large_image\" \/>\n<meta name=\"twitter:label1\" content=\"Est. reading time\" \/>\n\t<meta name=\"twitter:data1\" content=\"5 minutes\" \/>\n<script type=\"application\/ld+json\" class=\"yoast-schema-graph\">{\"@context\":\"https:\/\/schema.org\",\"@graph\":[{\"@type\":\"WebPage\",\"@id\":\"https:\/\/www.enjo.com\/at-east\/impressum\/\",\"url\":\"https:\/\/www.enjo.com\/at-east\/impressum\/\",\"name\":\"Impressum - ENJO\",\"isPartOf\":{\"@id\":\"https:\/\/www.enjo.com\/at-east\/#website\"},\"datePublished\":\"2016-10-12T13:47:58+00:00\",\"dateModified\":\"2023-12-04T12:42:21+00:00\",\"breadcrumb\":{\"@id\":\"https:\/\/www.enjo.com\/at-east\/impressum\/#breadcrumb\"},\"inLanguage\":\"at-east\",\"potentialAction\":[{\"@type\":\"ReadAction\",\"target\":[\"https:\/\/www.enjo.com\/at-east\/impressum\/\"]}]},{\"@type\":\"BreadcrumbList\",\"@id\":\"https:\/\/www.enjo.com\/at-east\/impressum\/#breadcrumb\",\"itemListElement\":[{\"@type\":\"ListItem\",\"position\":1,\"name\":\"Home\",\"item\":\"https:\/\/www.enjo.com\/at-east\/\"},{\"@type\":\"ListItem\",\"position\":2,\"name\":\"Impressum\"}]},{\"@type\":\"WebSite\",\"@id\":\"https:\/\/www.enjo.com\/at-east\/#website\",\"url\":\"https:\/\/www.enjo.com\/at-east\/\",\"name\":\"ENJO\",\"description\":\"Clean the World\",\"potentialAction\":[{\"@type\":\"SearchAction\",\"target\":{\"@type\":\"EntryPoint\",\"urlTemplate\":\"https:\/\/www.enjo.com\/at-east\/?s={search_term_string}\"},\"query-input\":{\"@type\":\"PropertyValueSpecification\",\"valueRequired\":true,\"valueName\":\"search_term_string\"}}],\"inLanguage\":\"at-east\"}]}<\/script>\n<!-- \/ Yoast SEO plugin. -->","yoast_head_json":{"title":"Impressum - ENJO","robots":{"index":"index","follow":"follow","max-snippet":"max-snippet:-1","max-image-preview":"max-image-preview:large","max-video-preview":"max-video-preview:-1"},"canonical":"https:\/\/www.enjo.com\/at-east\/impressum\/","og_locale":"en_US","og_type":"article","og_title":"Impressum - ENJO","og_description":"Inhalte Der Inhalt dieser Seiten wurde sorgf\u00e4ltig bearbeitet und \u00fcberpr\u00fcft. ENJO \u00d6sterreich Ost \u00fcbernimmt jedoch keine Gew\u00e4hr f\u00fcr die Aktualit\u00e4t, Richtigkeit, Vollst\u00e4ndigkeit oder Qualit\u00e4t der bereit gestellten Informationen. Haftungsanspr\u00fcche gegen ENJO \u00d6sterreich Ost, die sich auf Sch\u00e4den materieller oder ideeller Art beziehen, welche durch die Nutzung oder Nichtnutzung der dargebotenen Informationen oder durch fehlerhafte und unvollst\u00e4ndige Informationen verursacht wurden, sind ... Read More","og_url":"https:\/\/www.enjo.com\/at-east\/impressum\/","og_site_name":"ENJO","article_modified_time":"2023-12-04T12:42:21+00:00","og_image":[{"width":500,"height":500,"url":"https:\/\/www.enjo.com\/wp-content\/uploads\/2023\/10\/social_image.jpg","type":"image\/jpeg"}],"twitter_card":"summary_large_image","twitter_misc":{"Est. reading time":"5 minutes"},"schema":{"@context":"https:\/\/schema.org","@graph":[{"@type":"WebPage","@id":"https:\/\/www.enjo.com\/at-east\/impressum\/","url":"https:\/\/www.enjo.com\/at-east\/impressum\/","name":"Impressum - ENJO","isPartOf":{"@id":"https:\/\/www.enjo.com\/at-east\/#website"},"datePublished":"2016-10-12T13:47:58+00:00","dateModified":"2023-12-04T12:42:21+00:00","breadcrumb":{"@id":"https:\/\/www.enjo.com\/at-east\/impressum\/#breadcrumb"},"inLanguage":"at-east","potentialAction":[{"@type":"ReadAction","target":["https:\/\/www.enjo.com\/at-east\/impressum\/"]}]},{"@type":"BreadcrumbList","@id":"https:\/\/www.enjo.com\/at-east\/impressum\/#breadcrumb","itemListElement":[{"@type":"ListItem","position":1,"name":"Home","item":"https:\/\/www.enjo.com\/at-east\/"},{"@type":"ListItem","position":2,"name":"Impressum"}]},{"@type":"WebSite","@id":"https:\/\/www.enjo.com\/at-east\/#website","url":"https:\/\/www.enjo.com\/at-east\/","name":"ENJO","description":"Clean the World","potentialAction":[{"@type":"SearchAction","target":{"@type":"EntryPoint","urlTemplate":"https:\/\/www.enjo.com\/at-east\/?s={search_term_string}"},"query-input":{"@type":"PropertyValueSpecification","valueRequired":true,"valueName":"search_term_string"}}],"inLanguage":"at-east"}]}},"_links":{"self":[{"href":"https:\/\/www.enjo.com\/at-east\/wp-json\/wp\/v2\/pages\/4324","targetHints":{"allow":["GET"]}}],"collection":[{"href":"https:\/\/www.enjo.com\/at-east\/wp-json\/wp\/v2\/pages"}],"about":[{"href":"https:\/\/www.enjo.com\/at-east\/wp-json\/wp\/v2\/types\/page"}],"author":[{"embeddable":true,"href":"https:\/\/www.enjo.com\/at-east\/wp-json\/wp\/v2\/users\/14"}],"replies":[{"embeddable":true,"href":"https:\/\/www.enjo.com\/at-east\/wp-json\/wp\/v2\/comments?post=4324"}],"version-history":[{"count":6,"href":"https:\/\/www.enjo.com\/at-east\/wp-json\/wp\/v2\/pages\/4324\/revisions"}],"predecessor-version":[{"id":112659,"href":"https:\/\/www.enjo.com\/at-east\/wp-json\/wp\/v2\/pages\/4324\/revisions\/112659"}],"wp:attachment":[{"href":"https:\/\/www.enjo.com\/at-east\/wp-json\/wp\/v2\/media?parent=4324"}],"curies":[{"name":"wp","href":"https:\/\/api.w.org\/{rel}","templated":true}]}}