{"id":4318,"date":"2017-03-16T18:34:40","date_gmt":"2017-03-16T18:34:40","guid":{"rendered":"https:\/\/www.enjo.com\/cookies\/"},"modified":"2023-12-04T14:46:33","modified_gmt":"2023-12-04T14:46:33","slug":"cookies","status":"publish","type":"page","link":"https:\/\/www.enjo.com\/at-east\/cookies\/","title":{"rendered":"Cookies"},"content":{"rendered":"<p><strong>Information \u00fcber Cookies<\/strong><br \/>\nF\u00fcr die bestm\u00f6gliche Funktion unserer Webseite und f\u00fcr interne Statistiken verwenden wir Cookies. Ein Cookie ist eine kleine Textdatei, die beim Besuch einer Internetseite auf deinem Ger\u00e4t abgelegt wird und dabei hilft dein Ger\u00e4t zu identifizieren. Cookies werden genutzt, um Informationen zu speichern, wenn du verschiedene Seiten einer Website besuchst oder zu einer Website zur\u00fcckkehrst. Sie enthalten keine pers\u00f6nlichen Informationen und k\u00f6nnen keine Programme ausf\u00fchren, die einen Virus ausl\u00f6sen k\u00f6nnten.<\/p>\n<p><strong>Cookies auf unserer Website<\/strong><br \/>\nAuf unserer Website nutzen wir Cookies f\u00fcr die Funktionalit\u00e4t der Seite sowie zu Statistik- und Marketing-Zwecken.<\/p>\n<p><strong>Cookies ausschalten<\/strong><br \/>\nHier erf\u00e4hrst du, wie du Cookies verwenden, kontrollieren oder entfernen\/blockieren kannst:<\/p>\n<p><a href=\"https:\/\/help.apple.com\/safari\/mac\/8.0\/index.html?localePath=de.lproj#sfri11471\" target=\"_blank\" rel=\"noopener noreferrer\">Safari<\/a><\/p>\n<p><a href=\"https:\/\/support.microsoft.com\/de-de\/help\/17442\/windows-internet-explorer-delete-manage-cookies#ie=ie-11\" target=\"_blank\" rel=\"noopener noreferrer\">Microsoft Internet Explorer<\/a><\/p>\n<p><a href=\"http:\/\/help.opera.com\/Linux\/9.01\/de\/cookies.html\" target=\"_blank\" rel=\"noopener noreferrer\">Opera<\/a><\/p>\n<p><a href=\"https:\/\/support.google.com\/chrome\/answer\/95647?hl=de\" target=\"_blank\" rel=\"noopener noreferrer\">Google Chrome<\/a><\/p>\n<p><a href=\"https:\/\/support.google.com\/analytics\/answer\/2700409?hl=de\" target=\"_blank\" rel=\"noopener noreferrer\">Google Analytics Richtlinien<\/a><\/p>\n<p><a href=\"https:\/\/support.mozilla.org\/de\/kb\/cookies-loeschen-daten-von-websites-entfernen\" target=\"_blank\" rel=\"noopener noreferrer\">Mozilla Firefox<\/a><\/p>\n<p>Weitere Informationen<br \/>\nFalls du weitere Fragen zu diesem Thema hast, melde dich gerne bei uns.<\/p>\n<p>ENJO Vertriebs GmbH<br \/>\nRichard-Strauss-Stra\u00dfe 43<br \/>\n1230 Wien, \u00d6sterreich<\/p>\n<p>Tel: +43 (1) 60 94 53 6<br \/>\nEmail: <a class=\"footer-mail-link\" href=\"mailto:office@enjo-wien.at\"><span style=\"color: #878787;\">office@enjo-wien.at<\/span><\/a><\/p>\n","protected":false},"excerpt":{"rendered":"<p>Information \u00fcber Cookies F\u00fcr die bestm\u00f6gliche Funktion unserer Webseite und f\u00fcr interne Statistiken verwenden wir Cookies. Ein Cookie ist eine kleine Textdatei, die beim Besuch einer Internetseite auf deinem Ger\u00e4t abgelegt wird und dabei hilft dein Ger\u00e4t zu identifizieren. Cookies werden genutzt, um Informationen zu speichern, wenn du verschiedene Seiten einer Website besuchst oder zu einer Website zur\u00fcckkehrst. Sie enthalten &#8230; <\/p>\n<div><a href=\"https:\/\/www.enjo.com\/at-east\/cookies\/\" class=\"more-link\">Read More<\/a><\/div>\n","protected":false},"author":1,"featured_media":0,"parent":0,"menu_order":0,"comment_status":"closed","ping_status":"closed","template":"","meta":{"_acf_changed":false,"footnotes":""},"class_list":["post-4318","page","type-page","status-publish","hentry","no-post-thumbnail"],"acf":[],"yoast_head":"<!-- This site is optimized with the Yoast SEO plugin v24.0 - https:\/\/yoast.com\/wordpress\/plugins\/seo\/ -->\n<title>Cookies - ENJO<\/title>\n<meta name=\"robots\" content=\"index, follow, max-snippet:-1, max-image-preview:large, max-video-preview:-1\" \/>\n<link rel=\"canonical\" href=\"https:\/\/www.enjo.com\/at-east\/cookies\/\" \/>\n<meta property=\"og:locale\" content=\"en_US\" \/>\n<meta property=\"og:type\" content=\"article\" \/>\n<meta property=\"og:title\" content=\"Cookies - ENJO\" \/>\n<meta property=\"og:description\" content=\"Information \u00fcber Cookies F\u00fcr die bestm\u00f6gliche Funktion unserer Webseite und f\u00fcr interne Statistiken verwenden wir Cookies. Ein Cookie ist eine kleine Textdatei, die beim Besuch einer Internetseite auf deinem Ger\u00e4t abgelegt wird und dabei hilft dein Ger\u00e4t zu identifizieren. Cookies werden genutzt, um Informationen zu speichern, wenn du verschiedene Seiten einer Website besuchst oder zu einer Website zur\u00fcckkehrst. Sie enthalten ... Read More\" \/>\n<meta property=\"og:url\" content=\"https:\/\/www.enjo.com\/at-east\/cookies\/\" \/>\n<meta property=\"og:site_name\" content=\"ENJO\" \/>\n<meta property=\"article:modified_time\" content=\"2023-12-04T14:46:33+00:00\" \/>\n<meta property=\"og:image\" content=\"https:\/\/www.enjo.com\/wp-content\/uploads\/2023\/10\/social_image.jpg\" \/>\n\t<meta property=\"og:image:width\" content=\"500\" \/>\n\t<meta property=\"og:image:height\" content=\"500\" \/>\n\t<meta property=\"og:image:type\" content=\"image\/jpeg\" \/>\n<meta name=\"twitter:card\" content=\"summary_large_image\" \/>\n<meta name=\"twitter:label1\" content=\"Est. reading time\" \/>\n\t<meta name=\"twitter:data1\" content=\"1 minute\" \/>\n<script type=\"application\/ld+json\" class=\"yoast-schema-graph\">{\"@context\":\"https:\/\/schema.org\",\"@graph\":[{\"@type\":\"WebPage\",\"@id\":\"https:\/\/www.enjo.com\/at-east\/cookies\/\",\"url\":\"https:\/\/www.enjo.com\/at-east\/cookies\/\",\"name\":\"Cookies - ENJO\",\"isPartOf\":{\"@id\":\"https:\/\/www.enjo.com\/at-east\/#website\"},\"datePublished\":\"2017-03-16T18:34:40+00:00\",\"dateModified\":\"2023-12-04T14:46:33+00:00\",\"breadcrumb\":{\"@id\":\"https:\/\/www.enjo.com\/at-east\/cookies\/#breadcrumb\"},\"inLanguage\":\"at-east\",\"potentialAction\":[{\"@type\":\"ReadAction\",\"target\":[\"https:\/\/www.enjo.com\/at-east\/cookies\/\"]}]},{\"@type\":\"BreadcrumbList\",\"@id\":\"https:\/\/www.enjo.com\/at-east\/cookies\/#breadcrumb\",\"itemListElement\":[{\"@type\":\"ListItem\",\"position\":1,\"name\":\"Home\",\"item\":\"https:\/\/www.enjo.com\/at-east\/\"},{\"@type\":\"ListItem\",\"position\":2,\"name\":\"Cookies\"}]},{\"@type\":\"WebSite\",\"@id\":\"https:\/\/www.enjo.com\/at-east\/#website\",\"url\":\"https:\/\/www.enjo.com\/at-east\/\",\"name\":\"ENJO\",\"description\":\"Clean the World\",\"potentialAction\":[{\"@type\":\"SearchAction\",\"target\":{\"@type\":\"EntryPoint\",\"urlTemplate\":\"https:\/\/www.enjo.com\/at-east\/?s={search_term_string}\"},\"query-input\":{\"@type\":\"PropertyValueSpecification\",\"valueRequired\":true,\"valueName\":\"search_term_string\"}}],\"inLanguage\":\"at-east\"}]}<\/script>\n<!-- \/ Yoast SEO plugin. -->","yoast_head_json":{"title":"Cookies - ENJO","robots":{"index":"index","follow":"follow","max-snippet":"max-snippet:-1","max-image-preview":"max-image-preview:large","max-video-preview":"max-video-preview:-1"},"canonical":"https:\/\/www.enjo.com\/at-east\/cookies\/","og_locale":"en_US","og_type":"article","og_title":"Cookies - ENJO","og_description":"Information \u00fcber Cookies F\u00fcr die bestm\u00f6gliche Funktion unserer Webseite und f\u00fcr interne Statistiken verwenden wir Cookies. Ein Cookie ist eine kleine Textdatei, die beim Besuch einer Internetseite auf deinem Ger\u00e4t abgelegt wird und dabei hilft dein Ger\u00e4t zu identifizieren. Cookies werden genutzt, um Informationen zu speichern, wenn du verschiedene Seiten einer Website besuchst oder zu einer Website zur\u00fcckkehrst. Sie enthalten ... Read More","og_url":"https:\/\/www.enjo.com\/at-east\/cookies\/","og_site_name":"ENJO","article_modified_time":"2023-12-04T14:46:33+00:00","og_image":[{"width":500,"height":500,"url":"https:\/\/www.enjo.com\/wp-content\/uploads\/2023\/10\/social_image.jpg","type":"image\/jpeg"}],"twitter_card":"summary_large_image","twitter_misc":{"Est. reading time":"1 minute"},"schema":{"@context":"https:\/\/schema.org","@graph":[{"@type":"WebPage","@id":"https:\/\/www.enjo.com\/at-east\/cookies\/","url":"https:\/\/www.enjo.com\/at-east\/cookies\/","name":"Cookies - ENJO","isPartOf":{"@id":"https:\/\/www.enjo.com\/at-east\/#website"},"datePublished":"2017-03-16T18:34:40+00:00","dateModified":"2023-12-04T14:46:33+00:00","breadcrumb":{"@id":"https:\/\/www.enjo.com\/at-east\/cookies\/#breadcrumb"},"inLanguage":"at-east","potentialAction":[{"@type":"ReadAction","target":["https:\/\/www.enjo.com\/at-east\/cookies\/"]}]},{"@type":"BreadcrumbList","@id":"https:\/\/www.enjo.com\/at-east\/cookies\/#breadcrumb","itemListElement":[{"@type":"ListItem","position":1,"name":"Home","item":"https:\/\/www.enjo.com\/at-east\/"},{"@type":"ListItem","position":2,"name":"Cookies"}]},{"@type":"WebSite","@id":"https:\/\/www.enjo.com\/at-east\/#website","url":"https:\/\/www.enjo.com\/at-east\/","name":"ENJO","description":"Clean the World","potentialAction":[{"@type":"SearchAction","target":{"@type":"EntryPoint","urlTemplate":"https:\/\/www.enjo.com\/at-east\/?s={search_term_string}"},"query-input":{"@type":"PropertyValueSpecification","valueRequired":true,"valueName":"search_term_string"}}],"inLanguage":"at-east"}]}},"_links":{"self":[{"href":"https:\/\/www.enjo.com\/at-east\/wp-json\/wp\/v2\/pages\/4318","targetHints":{"allow":["GET"]}}],"collection":[{"href":"https:\/\/www.enjo.com\/at-east\/wp-json\/wp\/v2\/pages"}],"about":[{"href":"https:\/\/www.enjo.com\/at-east\/wp-json\/wp\/v2\/types\/page"}],"author":[{"embeddable":true,"href":"https:\/\/www.enjo.com\/at-east\/wp-json\/wp\/v2\/users\/1"}],"replies":[{"embeddable":true,"href":"https:\/\/www.enjo.com\/at-east\/wp-json\/wp\/v2\/comments?post=4318"}],"version-history":[{"count":5,"href":"https:\/\/www.enjo.com\/at-east\/wp-json\/wp\/v2\/pages\/4318\/revisions"}],"predecessor-version":[{"id":112677,"href":"https:\/\/www.enjo.com\/at-east\/wp-json\/wp\/v2\/pages\/4318\/revisions\/112677"}],"wp:attachment":[{"href":"https:\/\/www.enjo.com\/at-east\/wp-json\/wp\/v2\/media?parent=4318"}],"curies":[{"name":"wp","href":"https:\/\/api.w.org\/{rel}","templated":true}]}}