{"id":16767,"date":"2018-05-30T12:33:58","date_gmt":"2018-05-30T12:33:58","guid":{"rendered":"https:\/\/www.enjo.com\/?page_id=16767"},"modified":"2023-12-04T14:50:27","modified_gmt":"2023-12-04T14:50:27","slug":"datenschutzerklarung-der-enjo-vertriebs-gmbh","status":"publish","type":"page","link":"https:\/\/www.enjo.com\/at-east\/datenschutzerklarung-der-enjo-vertriebs-gmbh\/","title":{"rendered":"Datenschutzerkl\u00e4rung der Enjo Vertriebs GmbH"},"content":{"rendered":"<h2>1. Zwecke der Datenverarbeitung<\/h2>\n<p>Die ENJO Vertriebs GmbH (kurz: ENJO) verarbeitet Ihre personenbezogene Daten. Unsere Erkl\u00e4rung richtet sich daher an bestehende und ehemalige KundInnen und InteressentInnen der ENJO Vertriebs GmbH.<\/p>\n<p>Wir verarbeiten Ihre personenbezogenen Daten zu folgenden Zwecken:<\/p>\n<ul>\n<li>Zur Begr\u00fcndung, Verwaltung und Abwicklung der Gesch\u00e4ftsbeziehung beim Vertrieb unserer Produkte.<\/li>\n<li>Zur St\u00e4rkung der bestehenden KundInnenbeziehung, speziell um die Umstellung von Haushalten auf chemiefreie Reinigung mit ENJO zu erreichen und sicherzustellen. Zu diesem Zweck speichern wir die von Ihnen get\u00e4tigten Eink\u00e4ufe und Kontakte mit uns und stellen Sie Ihrer betreuenden FachberaterIn zur Verf\u00fcgung.<\/li>\n<li>Zur Information \u00fcber Produktentwicklungen, neue Serviceleistungen und den Beruf der ENJO-FachberaterIn, durch uns und unsere selbst\u00e4ndigen ENJO FachberaterInnen.<\/li>\n<li>Zur Information \u00fcber Produkte, Reinigungsmethode und unser Unternehmen durch unseren Newsletter-Service, wenn Sie uns dazu die Erm\u00e4chtigung erteilt haben. Diese Genehmigung ist jederzeit widerrufbar.<\/li>\n<li>Nach Aufbau der Gesch\u00e4ftsbeziehung, zur internen Organisation von Vertriebsabl\u00e4ufen.<\/li>\n<\/ul>\n<h2>2. Rechtsgrundlagen der Verarbeitung<\/h2>\n<p>ENJO\u00a0 verarbeitet Ihre Daten ausschlie\u00dflich mit Ihrer Zustimmung auf der Basis der gesetzlichen Datenschutzbestimmungen und den Allgemeinen Verkaufs- und Lieferbedingungen der ENJO Vertriebs GmbH.<\/p>\n<ul>\n<li>Wenn Sie eine InteressentIn sind, speichern wir Ihre Daten, wenn Sie uns diese selbst zur Verf\u00fcgung stellen. Wir werden Ihre Kontaktdaten zum Zweck der Direktwerbung \u00fcber den Weg der Zusendung elektronischer Post oder der telefonischen Kontaktaufnahme nur mit Ihrer Einwilligung gem\u00e4\u00df Art.\u00a06 Abs.\u00a01 lit.\u00a0a der Datenschutzgrundverordnung (\u201eDSGVO\u201c) verarbeiten.<\/li>\n<li>Wenn Sie eine KundIn sind, verarbeiten wir Ihre personenbezogenen Daten, weil dies erforderlich ist, um den mit Ihnen geschlossenen Vertrag zu erf\u00fcllen (Art.\u00a06 Abs.\u00a01 lit.\u00a0b DSGVO).<\/li>\n<li>Im \u00dcbrigen verarbeiten wir Ihre personenbezogenen Daten auf der Grundlage unseres \u00fcberwiegenden berechtigten Interesses, die unter Punkt\u00a01. genannten Zwecke zu erreichen (Art.\u00a06 Abs.\u00a01 lit.\u00a0f DSGVO).<\/li>\n<\/ul>\n<h2>3. Verwaltung und Weitergabe von personenbezogenen Daten<\/h2>\n<p>Unser Server ist gesichert durch Firewall, Virenschutz und Alarmanlage. Die Datenkommunikation und der Email-Verkehr mit unseren BeraterInnen erfolgt SSL-verschl\u00fcsselt. Die Abl\u00e4ufe werden laufend durch unseren EDV-Betreuer \u00fcberwacht, mit dem wir eine DSGVO konforme Vereinbarung geschlossen haben.<\/p>\n<p>Soweit dies zu den unter Punkt\u00a01 genannten Zwecken zwingend erforderlich ist, werden wir Ihre personenbezogenen Daten an folgende Empf\u00e4nger \u00fcbermitteln:<\/p>\n<ul>\n<li>von uns eingesetzte IT-Dienstleister sowie sonstige Dienstleister f\u00fcr Marketing-Aktivit\u00e4ten (z.B. Newsletter-Service, Kundenzeitung\u2026)<\/li>\n<li>Verwaltungsbeh\u00f6rden, Gerichte und K\u00f6rperschaften des \u00f6ffentlichen Rechtes<\/li>\n<li>Versicherungen aus Anlass des Eintritts des Versicherungsfalles (z.B. Haftpflichtversicherung)<\/li>\n<li>Kooperationspartner und f\u00fcr uns t\u00e4tige Rechtsvertreter<\/li>\n<li>Inkassounternehmen zur Schuldeneintreibung<\/li>\n<li>Banken zur Abwicklung von SEPA-Lastschriftvereinbarungen<\/li>\n<\/ul>\n<p>Manche der oben genannten Empf\u00e4nger k\u00f6nnen sich au\u00dferhalb \u00d6sterreichs befinden oder Ihre personenbezogenen Daten au\u00dferhalb \u00d6sterreichs verarbeiten. Das Datenschutzniveau in anderen L\u00e4ndern entspricht unter Umst\u00e4nden nicht jenem \u00d6sterreichs. Wir setzen daher Ma\u00dfnahmen, um zu gew\u00e4hrleisten, dass alle Empf\u00e4nger ein angemessenes Datenschutzniveau bieten, in Form von DSGVO-konformen Vereinbarungen.<\/p>\n<h2>4. Speicherdauer<\/h2>\n<p>Um unseren Unternehmensgegenstand der Unterst\u00fctzung bei der chemielosen Reinigung wahrzunehmen, l\u00f6schen wir Ihre Kundendaten, wenn Sie 10 Jahre lang keinen Kontakt mit ENJO oder einer FachberaterIn hatten, oder wenn ein Sie Ihr Recht auf L\u00f6schung und \u201eVergessenwerden\u201c einfordern.<\/p>\n<h2>5. Rechte im Zusammenhang mit personenbezogenen Daten<\/h2>\n<p>Die DSGVO bezieht sich ausschlie\u00dflich auf personenbezogene Daten. Wir sch\u00fctzen aber auch Daten von Kunden, die juristische Personen sind.<\/p>\n<p>Sie sind unter anderem berechtigt (a) zu \u00fcberpr\u00fcfen, ob und welche personenbezogenen Daten ENJO \u00fcber Sie verarbeitet hat und Kopien dieser Daten zu erhalten, (b) die Berichtigung, Erg\u00e4nzung, oder L\u00f6schung ihrer personenbezogenen Daten zu verlangen, soweit diese falsch sind oder nicht rechtskonform verarbeitet werden, (c) von uns zu verlangen, die Verarbeitung ihrer personenbezogenen Daten einzuschr\u00e4nken, (d) unter bestimmten Umst\u00e4nden \u00a0der Verarbeitung ihrer personenbezogenen Daten zu widersprechen oder die f\u00fcr die Verarbeitung zuvor gegebene Einwilligung zu widerrufen, wobei ein Widerruf die Rechtsm\u00e4\u00dfigkeit der vor dem Widerruf erfolgten Verarbeitung nicht ber\u00fchrt, (e) die Identit\u00e4t von Dritten, an welche ihre personenbezogenen Daten \u00fcbermittelt werden, zu kennen und (f) bei der Datenschutzbeh\u00f6rde Beschwerde zu erheben..<\/p>\n<h2>6. Unsere Kontaktdaten<\/h2>\n<p>Wir sind gesetzlich nicht verpflichtet, einen Datenschutzbeauftragten gem. DSGVO zu bestellen.<br \/>\nF\u00fcr Fragen zu dieser Erkl\u00e4rung oder wenn Sie Antr\u00e4ge stellen wollen, wenden Sie sich bitte an<\/p>\n<p><a href=\"mailto:Siegfried.Zack@enjo-wien.at\">Siegfried.Zack@enjo-wien.at<\/a><br \/>\nGesch\u00e4ftsf\u00fchrer der ENJO Vertriebs GmbH<br \/>\nPerfektastra\u00dfe 11<br \/>\n1230 Wien<\/p>\n<p>&nbsp;<\/p>\n","protected":false},"excerpt":{"rendered":"<p>1. Zwecke der Datenverarbeitung Die ENJO Vertriebs GmbH (kurz: ENJO) verarbeitet Ihre personenbezogene Daten. Unsere Erkl\u00e4rung richtet sich daher an bestehende und ehemalige KundInnen und InteressentInnen der ENJO Vertriebs GmbH. Wir verarbeiten Ihre personenbezogenen Daten zu folgenden Zwecken: Zur Begr\u00fcndung, Verwaltung und Abwicklung der Gesch\u00e4ftsbeziehung beim Vertrieb unserer Produkte. Zur St\u00e4rkung der bestehenden KundInnenbeziehung, speziell um die Umstellung von Haushalten &#8230; <\/p>\n<div><a href=\"https:\/\/www.enjo.com\/at-east\/datenschutzerklarung-der-enjo-vertriebs-gmbh\/\" class=\"more-link\">Read More<\/a><\/div>\n","protected":false},"author":26,"featured_media":0,"parent":0,"menu_order":0,"comment_status":"closed","ping_status":"closed","template":"enjo-page-builder.php","meta":{"_acf_changed":false,"footnotes":""},"class_list":["post-16767","page","type-page","status-publish","hentry","no-post-thumbnail"],"acf":[],"yoast_head":"<!-- This site is optimized with the Yoast SEO plugin v24.0 - https:\/\/yoast.com\/wordpress\/plugins\/seo\/ -->\n<title>Datenschutzerkl\u00e4rung der Enjo Vertriebs GmbH - ENJO<\/title>\n<meta name=\"robots\" content=\"index, follow, max-snippet:-1, max-image-preview:large, max-video-preview:-1\" \/>\n<link rel=\"canonical\" href=\"https:\/\/www.enjo.com\/at-east\/datenschutzerklarung-der-enjo-vertriebs-gmbh\/\" \/>\n<meta property=\"og:locale\" content=\"en_US\" \/>\n<meta property=\"og:type\" content=\"article\" \/>\n<meta property=\"og:title\" content=\"Datenschutzerkl\u00e4rung der Enjo Vertriebs GmbH - ENJO\" \/>\n<meta property=\"og:description\" content=\"1. Zwecke der Datenverarbeitung Die ENJO Vertriebs GmbH (kurz: ENJO) verarbeitet Ihre personenbezogene Daten. Unsere Erkl\u00e4rung richtet sich daher an bestehende und ehemalige KundInnen und InteressentInnen der ENJO Vertriebs GmbH. Wir verarbeiten Ihre personenbezogenen Daten zu folgenden Zwecken: Zur Begr\u00fcndung, Verwaltung und Abwicklung der Gesch\u00e4ftsbeziehung beim Vertrieb unserer Produkte. Zur St\u00e4rkung der bestehenden KundInnenbeziehung, speziell um die Umstellung von Haushalten ... Read More\" \/>\n<meta property=\"og:url\" content=\"https:\/\/www.enjo.com\/at-east\/datenschutzerklarung-der-enjo-vertriebs-gmbh\/\" \/>\n<meta property=\"og:site_name\" content=\"ENJO\" \/>\n<meta property=\"article:modified_time\" content=\"2023-12-04T14:50:27+00:00\" \/>\n<meta property=\"og:image\" content=\"https:\/\/www.enjo.com\/wp-content\/uploads\/2023\/10\/social_image.jpg\" \/>\n\t<meta property=\"og:image:width\" content=\"500\" \/>\n\t<meta property=\"og:image:height\" content=\"500\" \/>\n\t<meta property=\"og:image:type\" content=\"image\/jpeg\" \/>\n<meta name=\"twitter:card\" content=\"summary_large_image\" \/>\n<meta name=\"twitter:label1\" content=\"Est. reading time\" \/>\n\t<meta name=\"twitter:data1\" content=\"4 minutes\" \/>\n<script type=\"application\/ld+json\" class=\"yoast-schema-graph\">{\"@context\":\"https:\/\/schema.org\",\"@graph\":[{\"@type\":\"WebPage\",\"@id\":\"https:\/\/www.enjo.com\/at-east\/datenschutzerklarung-der-enjo-vertriebs-gmbh\/\",\"url\":\"https:\/\/www.enjo.com\/at-east\/datenschutzerklarung-der-enjo-vertriebs-gmbh\/\",\"name\":\"Datenschutzerkl\u00e4rung der Enjo Vertriebs GmbH - ENJO\",\"isPartOf\":{\"@id\":\"https:\/\/www.enjo.com\/at-east\/#website\"},\"datePublished\":\"2018-05-30T12:33:58+00:00\",\"dateModified\":\"2023-12-04T14:50:27+00:00\",\"breadcrumb\":{\"@id\":\"https:\/\/www.enjo.com\/at-east\/datenschutzerklarung-der-enjo-vertriebs-gmbh\/#breadcrumb\"},\"inLanguage\":\"at-east\",\"potentialAction\":[{\"@type\":\"ReadAction\",\"target\":[\"https:\/\/www.enjo.com\/at-east\/datenschutzerklarung-der-enjo-vertriebs-gmbh\/\"]}]},{\"@type\":\"BreadcrumbList\",\"@id\":\"https:\/\/www.enjo.com\/at-east\/datenschutzerklarung-der-enjo-vertriebs-gmbh\/#breadcrumb\",\"itemListElement\":[{\"@type\":\"ListItem\",\"position\":1,\"name\":\"Home\",\"item\":\"https:\/\/www.enjo.com\/at-east\/\"},{\"@type\":\"ListItem\",\"position\":2,\"name\":\"Datenschutzerkl\u00e4rung der Enjo Vertriebs GmbH\"}]},{\"@type\":\"WebSite\",\"@id\":\"https:\/\/www.enjo.com\/at-east\/#website\",\"url\":\"https:\/\/www.enjo.com\/at-east\/\",\"name\":\"ENJO\",\"description\":\"Clean the World\",\"potentialAction\":[{\"@type\":\"SearchAction\",\"target\":{\"@type\":\"EntryPoint\",\"urlTemplate\":\"https:\/\/www.enjo.com\/at-east\/?s={search_term_string}\"},\"query-input\":{\"@type\":\"PropertyValueSpecification\",\"valueRequired\":true,\"valueName\":\"search_term_string\"}}],\"inLanguage\":\"at-east\"}]}<\/script>\n<!-- \/ Yoast SEO plugin. -->","yoast_head_json":{"title":"Datenschutzerkl\u00e4rung der Enjo Vertriebs GmbH - ENJO","robots":{"index":"index","follow":"follow","max-snippet":"max-snippet:-1","max-image-preview":"max-image-preview:large","max-video-preview":"max-video-preview:-1"},"canonical":"https:\/\/www.enjo.com\/at-east\/datenschutzerklarung-der-enjo-vertriebs-gmbh\/","og_locale":"en_US","og_type":"article","og_title":"Datenschutzerkl\u00e4rung der Enjo Vertriebs GmbH - ENJO","og_description":"1. Zwecke der Datenverarbeitung Die ENJO Vertriebs GmbH (kurz: ENJO) verarbeitet Ihre personenbezogene Daten. Unsere Erkl\u00e4rung richtet sich daher an bestehende und ehemalige KundInnen und InteressentInnen der ENJO Vertriebs GmbH. Wir verarbeiten Ihre personenbezogenen Daten zu folgenden Zwecken: Zur Begr\u00fcndung, Verwaltung und Abwicklung der Gesch\u00e4ftsbeziehung beim Vertrieb unserer Produkte. Zur St\u00e4rkung der bestehenden KundInnenbeziehung, speziell um die Umstellung von Haushalten ... Read More","og_url":"https:\/\/www.enjo.com\/at-east\/datenschutzerklarung-der-enjo-vertriebs-gmbh\/","og_site_name":"ENJO","article_modified_time":"2023-12-04T14:50:27+00:00","og_image":[{"width":500,"height":500,"url":"https:\/\/www.enjo.com\/wp-content\/uploads\/2023\/10\/social_image.jpg","type":"image\/jpeg"}],"twitter_card":"summary_large_image","twitter_misc":{"Est. reading time":"4 minutes"},"schema":{"@context":"https:\/\/schema.org","@graph":[{"@type":"WebPage","@id":"https:\/\/www.enjo.com\/at-east\/datenschutzerklarung-der-enjo-vertriebs-gmbh\/","url":"https:\/\/www.enjo.com\/at-east\/datenschutzerklarung-der-enjo-vertriebs-gmbh\/","name":"Datenschutzerkl\u00e4rung der Enjo Vertriebs GmbH - ENJO","isPartOf":{"@id":"https:\/\/www.enjo.com\/at-east\/#website"},"datePublished":"2018-05-30T12:33:58+00:00","dateModified":"2023-12-04T14:50:27+00:00","breadcrumb":{"@id":"https:\/\/www.enjo.com\/at-east\/datenschutzerklarung-der-enjo-vertriebs-gmbh\/#breadcrumb"},"inLanguage":"at-east","potentialAction":[{"@type":"ReadAction","target":["https:\/\/www.enjo.com\/at-east\/datenschutzerklarung-der-enjo-vertriebs-gmbh\/"]}]},{"@type":"BreadcrumbList","@id":"https:\/\/www.enjo.com\/at-east\/datenschutzerklarung-der-enjo-vertriebs-gmbh\/#breadcrumb","itemListElement":[{"@type":"ListItem","position":1,"name":"Home","item":"https:\/\/www.enjo.com\/at-east\/"},{"@type":"ListItem","position":2,"name":"Datenschutzerkl\u00e4rung der Enjo Vertriebs GmbH"}]},{"@type":"WebSite","@id":"https:\/\/www.enjo.com\/at-east\/#website","url":"https:\/\/www.enjo.com\/at-east\/","name":"ENJO","description":"Clean the World","potentialAction":[{"@type":"SearchAction","target":{"@type":"EntryPoint","urlTemplate":"https:\/\/www.enjo.com\/at-east\/?s={search_term_string}"},"query-input":{"@type":"PropertyValueSpecification","valueRequired":true,"valueName":"search_term_string"}}],"inLanguage":"at-east"}]}},"_links":{"self":[{"href":"https:\/\/www.enjo.com\/at-east\/wp-json\/wp\/v2\/pages\/16767","targetHints":{"allow":["GET"]}}],"collection":[{"href":"https:\/\/www.enjo.com\/at-east\/wp-json\/wp\/v2\/pages"}],"about":[{"href":"https:\/\/www.enjo.com\/at-east\/wp-json\/wp\/v2\/types\/page"}],"author":[{"embeddable":true,"href":"https:\/\/www.enjo.com\/at-east\/wp-json\/wp\/v2\/users\/26"}],"replies":[{"embeddable":true,"href":"https:\/\/www.enjo.com\/at-east\/wp-json\/wp\/v2\/comments?post=16767"}],"version-history":[{"count":10,"href":"https:\/\/www.enjo.com\/at-east\/wp-json\/wp\/v2\/pages\/16767\/revisions"}],"predecessor-version":[{"id":112678,"href":"https:\/\/www.enjo.com\/at-east\/wp-json\/wp\/v2\/pages\/16767\/revisions\/112678"}],"wp:attachment":[{"href":"https:\/\/www.enjo.com\/at-east\/wp-json\/wp\/v2\/media?parent=16767"}],"curies":[{"name":"wp","href":"https:\/\/api.w.org\/{rel}","templated":true}]}}